{"id":53,"date":"2016-12-12T13:29:16","date_gmt":"2016-12-12T11:29:16","guid":{"rendered":"https:\/\/blog.edu.turku.fi\/cygnaeus\/?page_id=53"},"modified":"2020-08-04T12:32:34","modified_gmt":"2020-08-04T09:32:34","slug":"verksamhetside","status":"publish","type":"page","link":"https:\/\/blog.edu.turku.fi\/cygnaeus\/","title":{"rendered":"Verksamhetsid\u00e9"},"content":{"rendered":"<p>Cygnaeus skola \u00e4r en grundskola (\u00e5rskurserna 1-6) i en spr\u00e5klig glesbygd f\u00f6r svensk- och tv\u00e5spr\u00e5kiga elever i \u00c5bo med omnejd. L\u00e4rarna ser som sin uppgift att fostra eleverna till goda studievanor och att medvetet satsa p\u00e5 spr\u00e5k och skapande verksamhet.<\/p>\n<h2><strong>Allm\u00e4nt om Cygn\u00e6us skola<\/strong><\/h2>\n<p>Cygnaeus skola grundades den 15 januari 1872 och verkade f\u00f6rst\u00a0 vid Salutorget (d\u00e5tida Alexanderstorget). Efter det l\u00e5g skolan i gamla flickskolans fastighet p\u00e5 Eriksgatan 18 (fastigheten som numera \u00e4r k\u00e4nd som Restaurang Skolan). Vi har verkat i Turun Lyseo-huset p\u00e5 Mariegatan 7 sedan 1997.<\/p>\n<p>I Cygnaeus skola arbetar cirka 480 elever, rektor Nicke Wulff, \u00f6ver 30 l\u00e4rare\u00a0 (klassl\u00e4rare, spr\u00e5kl\u00e4rare, l\u00e4rare i textil och teknisk sl\u00f6jd, speciall\u00e4rare och resursl\u00e4rare) och 12 skolg\u00e5ngsbitr\u00e4den, en skolsekreterare, en vaktm\u00e4stare. Skolan har en fantastisk skolrestaurang d\u00e4r Eeva, Dani och Marjo ser till att vi kan fylla v\u00e5ra magar. Skolan har ocks\u00e5 tillg\u00e5ng till en egen skolh\u00e4lsov\u00e5rdare, Monica \u00e4r antr\u00e4ffbar fr\u00e5n m\u00e5ndag till fredag. L\u00e4kare, psykolog och kurator delar skolan med de svenskspr\u00e5kiga skolorna i staden.<\/p>\n<p>Eleverna har ett elevr\u00e5d som v\u00e4ljs bland eleverna i skolan. I byggnaden verkar dessutom Folkh\u00e4lsans \u201deftis\u201d och f\u00f6rsamlingens eftermiddagsv\u00e5rd finns tv\u00e4rs \u00f6ver gatan. Cygnaeus morgonklubb r.f. ordnar morgonklubb f\u00f6r skolans elever samt eftermiddagsv\u00e5rd f\u00f6r elever p\u00e5 \u00e5k 3-4. I huset h\u00e5lls klubbverksamhet, arbetarinstitutets kurser och kv\u00e4llsverksamhet i stadens regi. Fastigheten uthyrs \u00e4ven f\u00f6r kurser, fester med mera.<\/p>\n<p>&nbsp;<\/p>\n<p>&nbsp;<\/p>\n","protected":false},"excerpt":{"rendered":"<p>Cygnaeus skola \u00e4r en grundskola (\u00e5rskurserna 1-6) i en spr\u00e5klig glesbygd f\u00f6r svensk- och tv\u00e5spr\u00e5kiga elever i \u00c5bo med omnejd. L\u00e4rarna ser som sin uppgift att fostra eleverna till goda studievanor och att medvetet satsa p\u00e5 spr\u00e5k och skapande verksamhet. Allm\u00e4nt om Cygn\u00e6us skola Cygnaeus skola grundades den 15 januari 1872 och verkade f\u00f6rst\u00a0 vid &hellip; <a href=\"https:\/\/blog.edu.turku.fi\/cygnaeus\/\" class=\"more-link\">Forts\u00e4tt l\u00e4sa<span class=\"screen-reader-text\"> \u201dVerksamhetsid\u00e9\u201d<\/span><\/a><\/p>\n","protected":false},"author":2119,"featured_media":0,"parent":0,"menu_order":0,"comment_status":"closed","ping_status":"closed","template":"","meta":{"footnotes":""},"class_list":["post-53","page","type-page","status-publish","hentry"],"_links":{"self":[{"href":"https:\/\/blog.edu.turku.fi\/cygnaeus\/wp-json\/wp\/v2\/pages\/53","targetHints":{"allow":["GET"]}}],"collection":[{"href":"https:\/\/blog.edu.turku.fi\/cygnaeus\/wp-json\/wp\/v2\/pages"}],"about":[{"href":"https:\/\/blog.edu.turku.fi\/cygnaeus\/wp-json\/wp\/v2\/types\/page"}],"author":[{"embeddable":true,"href":"https:\/\/blog.edu.turku.fi\/cygnaeus\/wp-json\/wp\/v2\/users\/2119"}],"replies":[{"embeddable":true,"href":"https:\/\/blog.edu.turku.fi\/cygnaeus\/wp-json\/wp\/v2\/comments?post=53"}],"version-history":[{"count":9,"href":"https:\/\/blog.edu.turku.fi\/cygnaeus\/wp-json\/wp\/v2\/pages\/53\/revisions"}],"predecessor-version":[{"id":273,"href":"https:\/\/blog.edu.turku.fi\/cygnaeus\/wp-json\/wp\/v2\/pages\/53\/revisions\/273"}],"wp:attachment":[{"href":"https:\/\/blog.edu.turku.fi\/cygnaeus\/wp-json\/wp\/v2\/media?parent=53"}],"curies":[{"name":"wp","href":"https:\/\/api.w.org\/{rel}","templated":true}]}}