{"id":5,"date":"2016-11-16T13:08:25","date_gmt":"2016-11-16T11:08:25","guid":{"rendered":"https:\/\/blog.edu.turku.fi\/cygnaeus\/?page_id=5"},"modified":"2025-08-28T12:50:49","modified_gmt":"2025-08-28T09:50:49","slug":"handelsekalender","status":"publish","type":"page","link":"https:\/\/blog.edu.turku.fi\/cygnaeus\/handelsekalender\/","title":{"rendered":"H\u00e4ndelsekalender"},"content":{"rendered":"<p><a href=\"https:\/\/www.turku.fi\/sv\/dagvard-och-utbildning\/grundskolan-1-9\/skolor-och-service\/lasaret-och-lovdagar\">\u00c5bo stad grundskolan arbetstider och lovdagar<\/a><\/p>\n<h5><strong>L\u00e4s\u00e5ret 2025-2026<\/strong><\/h5>\n<p><strong>Augusti<\/strong><\/p>\n<p>7.8\u00a0 \u00a0Skolan b\u00f6rjar torsdagen 7.8 klockan 9.00 till 12.00. Alla elever i \u00e5k 1 g\u00e5r direkt in till sin klass, \u00e5k 2-6 v\u00e4lkomnas p\u00e5 g\u00e5rden av sin l\u00e4rare.<\/p>\n<p>vecka 35\u00a0 \u00c5k 5\u00a0 \u00a0l\u00e4gerskola<\/p>\n<p><strong>September<\/strong><\/p>\n<p><strong>Oktober<\/strong><\/p>\n<p>m\u00e5 13.10- s\u00f6\u00a0 19.10\u00a0 \u00a0h\u00f6stlov<\/p>\n<p><strong>November<\/strong><\/p>\n<p><strong>December<\/strong><\/p>\n<p>l\u00f6 6.12\u00a0 \u00a0Sj\u00e4lvst\u00e4ndighetsdagen<\/p>\n<p>s\u00f6 21.12-ti 6.1\u00a0 \u00a0jullov &#8211; God Jul!<\/p>\n<p><strong>Januari<\/strong><\/p>\n<p>ons 7.1 -l\u00f6 30.5\u00a0 \u00a0v\u00e5rtermin<\/p>\n<p><strong>Februari<\/strong><\/p>\n<p>m\u00e5 16.2- s\u00f6 22.2\u00a0 \u00a0vinterlov<\/p>\n<p><strong>Mars<\/strong><\/p>\n<p>l\u00f6 7.3\u00a0 \u00a0\u00d6ppet hus kl. 9.15-12.25<\/p>\n<p><strong>April<\/strong><\/p>\n<p>fre 3.4 -m\u00e5 6.4\u00a0 \u00a0p\u00e5sklov<\/p>\n<p><strong>Maj<\/strong><\/p>\n<p>fre 1.5 F\u00f6rsta maj<\/p>\n<p>fre 22.5 &#8211; l\u00f6 23.5\u00a0 \u00a0Staffetkarnevalen i Helsingfors<\/p>\n<p>to 14.5\u00a0 \u00a0Kristi himmelsf\u00e4rdsdag<\/p>\n<p>fre 15.5\u00a0 Ledigt\u00a0 (ers\u00e4ttande dag f\u00f6r \u00d6ppet hus)<\/p>\n<p>l\u00f6 30.5\u00a0 \u00a0v\u00e5ravslutning\u00a0 -Glad sommar!<\/p>\n<p>&nbsp;<\/p>\n<p>F\u00f6lj v\u00e5r vardag p\u00e5 instagram \ud83d\ude42<\/p>\n<p><a href=\"https:\/\/instagram.com\/cygnaeusskola\/\">https:\/\/instagram.com\/cygnaeusskola\/<\/a><\/p>\n<p><img loading=\"lazy\" decoding=\"async\" class=\" wp-image-638 aligncenter\" src=\"https:\/\/blog.edu.turku.fi\/cygnaeus\/files\/2025\/06\/instajuni-300x273.jpeg\" alt=\"\" width=\"537\" height=\"489\" srcset=\"https:\/\/blog.edu.turku.fi\/cygnaeus\/files\/2025\/06\/instajuni-300x273.jpeg 300w, https:\/\/blog.edu.turku.fi\/cygnaeus\/files\/2025\/06\/instajuni.jpeg 910w\" sizes=\"auto, (max-width: 537px) 85vw, 537px\" \/><\/p>\n<p>&nbsp;<\/p>\n","protected":false},"excerpt":{"rendered":"<p>\u00c5bo stad grundskolan arbetstider och lovdagar L\u00e4s\u00e5ret 2025-2026 Augusti 7.8\u00a0 \u00a0Skolan b\u00f6rjar torsdagen 7.8 klockan 9.00 till 12.00. Alla elever i \u00e5k 1 g\u00e5r direkt in till sin klass, \u00e5k 2-6 v\u00e4lkomnas p\u00e5 g\u00e5rden av sin l\u00e4rare. vecka 35\u00a0 \u00c5k 5\u00a0 \u00a0l\u00e4gerskola September Oktober m\u00e5 13.10- s\u00f6\u00a0 19.10\u00a0 \u00a0h\u00f6stlov November December l\u00f6 6.12\u00a0 \u00a0Sj\u00e4lvst\u00e4ndighetsdagen s\u00f6 &hellip; <a href=\"https:\/\/blog.edu.turku.fi\/cygnaeus\/handelsekalender\/\" class=\"more-link\">Forts\u00e4tt l\u00e4sa<span class=\"screen-reader-text\"> \u201dH\u00e4ndelsekalender\u201d<\/span><\/a><\/p>\n","protected":false},"author":2142,"featured_media":0,"parent":0,"menu_order":0,"comment_status":"closed","ping_status":"closed","template":"","meta":{"footnotes":""},"class_list":["post-5","page","type-page","status-publish","hentry"],"_links":{"self":[{"href":"https:\/\/blog.edu.turku.fi\/cygnaeus\/wp-json\/wp\/v2\/pages\/5","targetHints":{"allow":["GET"]}}],"collection":[{"href":"https:\/\/blog.edu.turku.fi\/cygnaeus\/wp-json\/wp\/v2\/pages"}],"about":[{"href":"https:\/\/blog.edu.turku.fi\/cygnaeus\/wp-json\/wp\/v2\/types\/page"}],"author":[{"embeddable":true,"href":"https:\/\/blog.edu.turku.fi\/cygnaeus\/wp-json\/wp\/v2\/users\/2142"}],"replies":[{"embeddable":true,"href":"https:\/\/blog.edu.turku.fi\/cygnaeus\/wp-json\/wp\/v2\/comments?post=5"}],"version-history":[{"count":56,"href":"https:\/\/blog.edu.turku.fi\/cygnaeus\/wp-json\/wp\/v2\/pages\/5\/revisions"}],"predecessor-version":[{"id":698,"href":"https:\/\/blog.edu.turku.fi\/cygnaeus\/wp-json\/wp\/v2\/pages\/5\/revisions\/698"}],"wp:attachment":[{"href":"https:\/\/blog.edu.turku.fi\/cygnaeus\/wp-json\/wp\/v2\/media?parent=5"}],"curies":[{"name":"wp","href":"https:\/\/api.w.org\/{rel}","templated":true}]}}