{"id":465,"date":"2022-11-24T14:24:00","date_gmt":"2022-11-24T12:24:00","guid":{"rendered":"https:\/\/blog.edu.turku.fi\/cygnaeus\/?page_id=465"},"modified":"2023-10-10T13:10:02","modified_gmt":"2023-10-10T10:10:02","slug":"nepsy","status":"publish","type":"page","link":"https:\/\/blog.edu.turku.fi\/cygnaeus\/nepsy\/","title":{"rendered":"Nepsy"},"content":{"rendered":"<p>Vad \u00e4r nepsy?<\/p>\n<p>Nepsy inneb\u00e4r neuropsykiatrisk funktionsvariation. I dagligt prat anv\u00e4nds ordet nepsy, vilket \u00e4r ett samlingsnamn f\u00f6r diagnoser inom det neuropsykiatriska spektrumet. De mest k\u00e4nda \u00e4r ADHD, ADD, autismspektrumst\u00f6rning och Tourette.<\/p>\n<p>Cygnaeus skolas nepsy- handledarens fr\u00e4msta uppgift \u00e4r att st\u00f6da personalen i nepsy-relaterade fr\u00e5gor. Fokus \u00e4r att tillsammans med ett positivt syns\u00e4tt utveckla en mer optimal milj\u00f6 och varierande tillv\u00e4gag\u00e5ngss\u00e4tt med olika m\u00e5l f\u00f6r elever med nepsy utmaningar. D\u00e4rtill fundera kring struktur i skolvardagen samt hur bem\u00f6ta eleverna, s\u00e5 att de kan n\u00e5 sin fulla potential.<\/p>\n<p>\u00c5bo skolornas nepsy-handledare har regelbundna tr\u00e4ffar och samarbetar kring aktuella fr\u00e5gor.<\/p>\n<p>Cygnaeus skolas nepsy- handledare: Ami Missi-Kristiansson<\/p>\n","protected":false},"excerpt":{"rendered":"<p>Vad \u00e4r nepsy? Nepsy inneb\u00e4r neuropsykiatrisk funktionsvariation. I dagligt prat anv\u00e4nds ordet nepsy, vilket \u00e4r ett samlingsnamn f\u00f6r diagnoser inom det neuropsykiatriska spektrumet. De mest k\u00e4nda \u00e4r ADHD, ADD, autismspektrumst\u00f6rning och Tourette. Cygnaeus skolas nepsy- handledarens fr\u00e4msta uppgift \u00e4r att st\u00f6da personalen i nepsy-relaterade fr\u00e5gor. Fokus \u00e4r att tillsammans med ett positivt syns\u00e4tt utveckla en &hellip; <a href=\"https:\/\/blog.edu.turku.fi\/cygnaeus\/nepsy\/\" class=\"more-link\">Forts\u00e4tt l\u00e4sa<span class=\"screen-reader-text\"> \u201dNepsy\u201d<\/span><\/a><\/p>\n","protected":false},"author":2119,"featured_media":0,"parent":0,"menu_order":0,"comment_status":"closed","ping_status":"closed","template":"","meta":{"footnotes":""},"class_list":["post-465","page","type-page","status-publish","hentry"],"_links":{"self":[{"href":"https:\/\/blog.edu.turku.fi\/cygnaeus\/wp-json\/wp\/v2\/pages\/465","targetHints":{"allow":["GET"]}}],"collection":[{"href":"https:\/\/blog.edu.turku.fi\/cygnaeus\/wp-json\/wp\/v2\/pages"}],"about":[{"href":"https:\/\/blog.edu.turku.fi\/cygnaeus\/wp-json\/wp\/v2\/types\/page"}],"author":[{"embeddable":true,"href":"https:\/\/blog.edu.turku.fi\/cygnaeus\/wp-json\/wp\/v2\/users\/2119"}],"replies":[{"embeddable":true,"href":"https:\/\/blog.edu.turku.fi\/cygnaeus\/wp-json\/wp\/v2\/comments?post=465"}],"version-history":[{"count":4,"href":"https:\/\/blog.edu.turku.fi\/cygnaeus\/wp-json\/wp\/v2\/pages\/465\/revisions"}],"predecessor-version":[{"id":544,"href":"https:\/\/blog.edu.turku.fi\/cygnaeus\/wp-json\/wp\/v2\/pages\/465\/revisions\/544"}],"wp:attachment":[{"href":"https:\/\/blog.edu.turku.fi\/cygnaeus\/wp-json\/wp\/v2\/media?parent=465"}],"curies":[{"name":"wp","href":"https:\/\/api.w.org\/{rel}","templated":true}]}}