{"id":424,"date":"2022-11-10T15:47:19","date_gmt":"2022-11-10T13:47:19","guid":{"rendered":"https:\/\/blog.edu.turku.fi\/cygnaeus\/?page_id=424"},"modified":"2025-06-06T09:33:02","modified_gmt":"2025-06-06T06:33:02","slug":"elevhalsa","status":"publish","type":"page","link":"https:\/\/blog.edu.turku.fi\/cygnaeus\/elevhalsa\/","title":{"rendered":"Elevh\u00e4lsa"},"content":{"rendered":"<div class=\"entry-content\">\n<p>&nbsp;<\/p>\n<p><a href=\"https:\/\/blog.edu.turku.fi\/cygnaeus\/files\/2022\/11\/paraply-elevhalsa-november-2022.png\"><img loading=\"lazy\" decoding=\"async\" class=\"size-medium wp-image-474 alignleft\" src=\"https:\/\/blog.edu.turku.fi\/cygnaeus\/files\/2022\/11\/paraply-elevhalsa-november-2022-300x300.png\" alt=\"\" width=\"300\" height=\"300\" srcset=\"https:\/\/blog.edu.turku.fi\/cygnaeus\/files\/2022\/11\/paraply-elevhalsa-november-2022-300x300.png 300w, https:\/\/blog.edu.turku.fi\/cygnaeus\/files\/2022\/11\/paraply-elevhalsa-november-2022-150x150.png 150w, https:\/\/blog.edu.turku.fi\/cygnaeus\/files\/2022\/11\/paraply-elevhalsa-november-2022-1024x1024.png 1024w, https:\/\/blog.edu.turku.fi\/cygnaeus\/files\/2022\/11\/paraply-elevhalsa-november-2022.png 1280w\" sizes=\"auto, (max-width: 300px) 85vw, 300px\" \/><\/a><\/p>\n<p>&nbsp;<\/p>\n<p>&nbsp;<\/p>\n<p>&nbsp;<\/p>\n<p>&nbsp;<\/p>\n<p>Syftet med elevh\u00e4lsan i Cygnaeus skola \u00e4r att arbeta i f\u00f6rebyggande syfte f\u00f6r att fr\u00e4mja elevernas v\u00e4lm\u00e5ende, h\u00e4lsa och l\u00e4rande. Vi erbjuder med l\u00e5g tr\u00f6skel st\u00f6d f\u00f6r v\u00e4lm\u00e5ende. Elevers och f\u00f6r\u00e4ldrars delaktighet \u00e4r viktig.<\/p>\n<p>&nbsp;<\/p>\n<p>&nbsp;<\/p>\n<p>&nbsp;<\/p>\n<p><strong>Skolans elevh\u00e4lsa fungerar p\u00e5 tv\u00e5 niv\u00e5er:<\/strong><\/p>\n<p>1) Den gemensamma elevh\u00e4lsan:<\/p>\n<p>Elevh\u00e4lsan i Cygnaeus skola \u00e4r en m\u00e5ngprofessionell expertgrupp best\u00e5ende av skolkuratorn, skolpsykologen, skoll\u00e4karen, h\u00e4lsov\u00e5rdaren, speciall\u00e4raren och l\u00e4raren samt elevr\u00e5dsrepresentant, KiVa teamets representant och representant f\u00f6r likabehandling. Skolans elevh\u00e4lsa arbetar p\u00e5 ett f\u00f6rebyggande s\u00e4tt f\u00f6r v\u00e4lbefinnandet och s\u00e4kerheten i skolan.<\/p>\n<p>2) Den individuella elevh\u00e4lsan:<\/p>\n<p>Den individuella elevh\u00e4lsan finns till f\u00f6r att st\u00f6da enskilda elever n\u00e4r behov finns. En m\u00e5ngprofessionell expertgrupp best\u00e5ende av skolkuratorn, skolpsykologen, skoll\u00e4karen, h\u00e4lsov\u00e5rdaren, speciall\u00e4raren och l\u00e4raren sammantr\u00e4der med f\u00f6r\u00e4ldrarnas tillst\u00e5nd. Tillsammans med f\u00f6r\u00e4ldrarna diskuteras olika l\u00f6sningar p\u00e5 eventuella utmaningar eller sv\u00e5righeter som eleven kan ha. Ut\u00f6ver detta erbjuder Cygnaeus skola \u00e4ven pedagogiskt st\u00f6d.<\/p>\n<p><a href=\"https:\/\/blog.edu.turku.fi\/cygnaeus\/files\/2018\/03\/Elevvarden-i-Abo.pdf\">Elevv\u00e5rden i Abo<\/a>\u00a0(PDF 2MB)<\/p>\n<p><strong>H\u00e4lsov\u00e5rdaren Anna Ring <\/strong><strong>040- 861 8055<br \/>\n<\/strong>anna.ring@varha.fi<br \/>\nAntr\u00e4ffbar: m\u00e5ndag \u2013 fredag.<\/p>\n<p><strong>Skolkurator (b\u00f6rjar i augusti 2025)<\/strong><strong><br \/>\n<\/strong>@varha.fi<br \/>\nAntr\u00e4ffbar:<\/p>\n<p><strong>Skolpsykolog\u00a0<\/strong><\/p>\n<p><strong>Psykiatriska sjuksk\u00f6terska Margareta Herrg\u00e5rd 044-4937940<\/strong><br \/>\nAntr\u00e4ffbar: m\u00e5ndag-tisdag<\/p>\n<p><strong>SkKivateamets koordinator Pia Sidb\u00e4ck 040-6301387<\/strong><strong><br \/>\n<\/strong>pia.sidback@edu.turku.fi eller via Wilma<br \/>\nAntr\u00e4ffbar: m\u00e5ndag-tisdag, torsdag-fredag<\/p>\n<\/div>\n<footer class=\"entry-footer\"><span class=\"edit-link\"><a class=\"post-edit-link\" href=\"https:\/\/blog.edu.turku.fi\/cygnaeus\/wp-admin\/post.php?post=80&amp;action=edit\">Redigera<\/a><\/span><\/footer>\n","protected":false},"excerpt":{"rendered":"<p>&nbsp; &nbsp; &nbsp; &nbsp; &nbsp; Syftet med elevh\u00e4lsan i Cygnaeus skola \u00e4r att arbeta i f\u00f6rebyggande syfte f\u00f6r att fr\u00e4mja elevernas v\u00e4lm\u00e5ende, h\u00e4lsa och l\u00e4rande. Vi erbjuder med l\u00e5g tr\u00f6skel st\u00f6d f\u00f6r v\u00e4lm\u00e5ende. Elevers och f\u00f6r\u00e4ldrars delaktighet \u00e4r viktig. &nbsp; &nbsp; &nbsp; Skolans elevh\u00e4lsa fungerar p\u00e5 tv\u00e5 niv\u00e5er: 1) Den gemensamma elevh\u00e4lsan: Elevh\u00e4lsan i Cygnaeus &hellip; <a href=\"https:\/\/blog.edu.turku.fi\/cygnaeus\/elevhalsa\/\" class=\"more-link\">Forts\u00e4tt l\u00e4sa<span class=\"screen-reader-text\"> \u201dElevh\u00e4lsa\u201d<\/span><\/a><\/p>\n","protected":false},"author":2142,"featured_media":0,"parent":0,"menu_order":0,"comment_status":"closed","ping_status":"closed","template":"","meta":{"footnotes":""},"class_list":["post-424","page","type-page","status-publish","hentry"],"_links":{"self":[{"href":"https:\/\/blog.edu.turku.fi\/cygnaeus\/wp-json\/wp\/v2\/pages\/424","targetHints":{"allow":["GET"]}}],"collection":[{"href":"https:\/\/blog.edu.turku.fi\/cygnaeus\/wp-json\/wp\/v2\/pages"}],"about":[{"href":"https:\/\/blog.edu.turku.fi\/cygnaeus\/wp-json\/wp\/v2\/types\/page"}],"author":[{"embeddable":true,"href":"https:\/\/blog.edu.turku.fi\/cygnaeus\/wp-json\/wp\/v2\/users\/2142"}],"replies":[{"embeddable":true,"href":"https:\/\/blog.edu.turku.fi\/cygnaeus\/wp-json\/wp\/v2\/comments?post=424"}],"version-history":[{"count":19,"href":"https:\/\/blog.edu.turku.fi\/cygnaeus\/wp-json\/wp\/v2\/pages\/424\/revisions"}],"predecessor-version":[{"id":626,"href":"https:\/\/blog.edu.turku.fi\/cygnaeus\/wp-json\/wp\/v2\/pages\/424\/revisions\/626"}],"wp:attachment":[{"href":"https:\/\/blog.edu.turku.fi\/cygnaeus\/wp-json\/wp\/v2\/media?parent=424"}],"curies":[{"name":"wp","href":"https:\/\/api.w.org\/{rel}","templated":true}]}}