{"id":332,"date":"2021-04-08T21:29:02","date_gmt":"2021-04-08T18:29:02","guid":{"rendered":"https:\/\/blog.edu.turku.fi\/cygnaeus\/?page_id=332"},"modified":"2024-02-27T13:06:02","modified_gmt":"2024-02-27T11:06:02","slug":"timfordelning","status":"publish","type":"page","link":"https:\/\/blog.edu.turku.fi\/cygnaeus\/timfordelning\/","title":{"rendered":"Timf\u00f6rdelning"},"content":{"rendered":"<p>I \u00c5bo organiseras den grundl\u00e4ggande utbildningen enligt en lokalt best\u00e4md timf\u00f6rdelning.<\/p>\n<p><a href=\"https:\/\/blog.edu.turku.fi\/cygnaeus\/files\/2022\/06\/lokalt-timfordelning.pdf\">Timf\u00f6rdelning \u00e5bo stad pdf<\/a><\/p>\n","protected":false},"excerpt":{"rendered":"<p>I \u00c5bo organiseras den grundl\u00e4ggande utbildningen enligt en lokalt best\u00e4md timf\u00f6rdelning. Timf\u00f6rdelning \u00e5bo stad pdf<\/p>\n","protected":false},"author":2119,"featured_media":0,"parent":0,"menu_order":0,"comment_status":"closed","ping_status":"closed","template":"","meta":{"footnotes":""},"class_list":["post-332","page","type-page","status-publish","hentry"],"_links":{"self":[{"href":"https:\/\/blog.edu.turku.fi\/cygnaeus\/wp-json\/wp\/v2\/pages\/332","targetHints":{"allow":["GET"]}}],"collection":[{"href":"https:\/\/blog.edu.turku.fi\/cygnaeus\/wp-json\/wp\/v2\/pages"}],"about":[{"href":"https:\/\/blog.edu.turku.fi\/cygnaeus\/wp-json\/wp\/v2\/types\/page"}],"author":[{"embeddable":true,"href":"https:\/\/blog.edu.turku.fi\/cygnaeus\/wp-json\/wp\/v2\/users\/2119"}],"replies":[{"embeddable":true,"href":"https:\/\/blog.edu.turku.fi\/cygnaeus\/wp-json\/wp\/v2\/comments?post=332"}],"version-history":[{"count":8,"href":"https:\/\/blog.edu.turku.fi\/cygnaeus\/wp-json\/wp\/v2\/pages\/332\/revisions"}],"predecessor-version":[{"id":557,"href":"https:\/\/blog.edu.turku.fi\/cygnaeus\/wp-json\/wp\/v2\/pages\/332\/revisions\/557"}],"wp:attachment":[{"href":"https:\/\/blog.edu.turku.fi\/cygnaeus\/wp-json\/wp\/v2\/media?parent=332"}],"curies":[{"name":"wp","href":"https:\/\/api.w.org\/{rel}","templated":true}]}}