{"id":229,"date":"2020-01-12T18:21:39","date_gmt":"2020-01-12T16:21:39","guid":{"rendered":"https:\/\/blog.edu.turku.fi\/cygnaeus\/?page_id=229"},"modified":"2025-06-06T10:15:46","modified_gmt":"2025-06-06T07:15:46","slug":"skolans-ordningsregeler","status":"publish","type":"page","link":"https:\/\/blog.edu.turku.fi\/cygnaeus\/skolans-ordningsregeler\/","title":{"rendered":"Skolans ordningsregler"},"content":{"rendered":"<p>Skolans ordningsregler<\/p>\n<ul>\n<li>Alla har r\u00e4tt till en trygg studiemilj\u00f6<\/li>\n<li>Alla har r\u00e4tt att f\u00e5 studera ost\u00f6rt<\/li>\n<li>Vi accepterar inte v\u00e5ld i n\u00e5gon form<\/li>\n<li>Vi accepterar inte n\u00e5gon form av mobbning<\/li>\n<li>Vi accepterar inte skadeg\u00f6relse av skolans eller n\u00e5gon annans egendom<\/li>\n<li>Vi tar inte med oss f\u00f6rbjudna eller farliga f\u00f6rem\u00e5l till skolan<\/li>\n<li>Vi upptr\u00e4der korrekt och utf\u00f6r v\u00e5ra uppgifter samvetsgrant<\/li>\n<\/ul>\n<p><a href=\"https:\/\/blog.edu.turku.fi\/cygnaeus\/files\/2025\/06\/Cygnaeus-ordningsregler.pdf\">Cygnaeus ordningsregler<\/a><\/p>\n<p><img loading=\"lazy\" decoding=\"async\" class=\"alignnone size-medium wp-image-637\" src=\"https:\/\/blog.edu.turku.fi\/cygnaeus\/files\/2025\/06\/tryggskola-235x300.jpeg\" alt=\"\" width=\"235\" height=\"300\" srcset=\"https:\/\/blog.edu.turku.fi\/cygnaeus\/files\/2025\/06\/tryggskola-235x300.jpeg 235w, https:\/\/blog.edu.turku.fi\/cygnaeus\/files\/2025\/06\/tryggskola.jpeg 597w\" sizes=\"auto, (max-width: 235px) 85vw, 235px\" \/> \u00a0<img loading=\"lazy\" decoding=\"async\" class=\"alignnone size-medium wp-image-639\" src=\"https:\/\/blog.edu.turku.fi\/cygnaeus\/files\/2025\/06\/tryggskola3-237x300.jpeg\" alt=\"\" width=\"237\" height=\"300\" srcset=\"https:\/\/blog.edu.turku.fi\/cygnaeus\/files\/2025\/06\/tryggskola3-237x300.jpeg 237w, https:\/\/blog.edu.turku.fi\/cygnaeus\/files\/2025\/06\/tryggskola3.jpeg 596w\" sizes=\"auto, (max-width: 237px) 85vw, 237px\" \/> <img loading=\"lazy\" decoding=\"async\" class=\"alignnone size-medium wp-image-640\" src=\"https:\/\/blog.edu.turku.fi\/cygnaeus\/files\/2025\/06\/tryggskola2-236x300.jpeg\" alt=\"\" width=\"236\" height=\"300\" srcset=\"https:\/\/blog.edu.turku.fi\/cygnaeus\/files\/2025\/06\/tryggskola2-236x300.jpeg 236w, https:\/\/blog.edu.turku.fi\/cygnaeus\/files\/2025\/06\/tryggskola2.jpeg 580w\" sizes=\"auto, (max-width: 236px) 85vw, 236px\" \/><\/p>\n","protected":false},"excerpt":{"rendered":"<p>Skolans ordningsregler Alla har r\u00e4tt till en trygg studiemilj\u00f6 Alla har r\u00e4tt att f\u00e5 studera ost\u00f6rt Vi accepterar inte v\u00e5ld i n\u00e5gon form Vi accepterar inte n\u00e5gon form av mobbning Vi accepterar inte skadeg\u00f6relse av skolans eller n\u00e5gon annans egendom Vi tar inte med oss f\u00f6rbjudna eller farliga f\u00f6rem\u00e5l till skolan Vi upptr\u00e4der korrekt och &hellip; <a href=\"https:\/\/blog.edu.turku.fi\/cygnaeus\/skolans-ordningsregeler\/\" class=\"more-link\">Forts\u00e4tt l\u00e4sa<span class=\"screen-reader-text\"> \u201dSkolans ordningsregler\u201d<\/span><\/a><\/p>\n","protected":false},"author":2142,"featured_media":0,"parent":0,"menu_order":0,"comment_status":"closed","ping_status":"closed","template":"","meta":{"footnotes":""},"class_list":["post-229","page","type-page","status-publish","hentry"],"_links":{"self":[{"href":"https:\/\/blog.edu.turku.fi\/cygnaeus\/wp-json\/wp\/v2\/pages\/229","targetHints":{"allow":["GET"]}}],"collection":[{"href":"https:\/\/blog.edu.turku.fi\/cygnaeus\/wp-json\/wp\/v2\/pages"}],"about":[{"href":"https:\/\/blog.edu.turku.fi\/cygnaeus\/wp-json\/wp\/v2\/types\/page"}],"author":[{"embeddable":true,"href":"https:\/\/blog.edu.turku.fi\/cygnaeus\/wp-json\/wp\/v2\/users\/2142"}],"replies":[{"embeddable":true,"href":"https:\/\/blog.edu.turku.fi\/cygnaeus\/wp-json\/wp\/v2\/comments?post=229"}],"version-history":[{"count":5,"href":"https:\/\/blog.edu.turku.fi\/cygnaeus\/wp-json\/wp\/v2\/pages\/229\/revisions"}],"predecessor-version":[{"id":641,"href":"https:\/\/blog.edu.turku.fi\/cygnaeus\/wp-json\/wp\/v2\/pages\/229\/revisions\/641"}],"wp:attachment":[{"href":"https:\/\/blog.edu.turku.fi\/cygnaeus\/wp-json\/wp\/v2\/media?parent=229"}],"curies":[{"name":"wp","href":"https:\/\/api.w.org\/{rel}","templated":true}]}}