{"id":217,"date":"2019-12-09T15:52:23","date_gmt":"2019-12-09T13:52:23","guid":{"rendered":"https:\/\/blog.edu.turku.fi\/cygnaeus\/?page_id=217"},"modified":"2025-08-28T12:55:28","modified_gmt":"2025-08-28T09:55:28","slug":"likabehandling","status":"publish","type":"page","link":"https:\/\/blog.edu.turku.fi\/cygnaeus\/undervisning\/likabehandling\/","title":{"rendered":"Likabehandling"},"content":{"rendered":"<p><span data-ccp-props=\"{&quot;201341983&quot;:0,&quot;335551550&quot;:6,&quot;335551620&quot;:6,&quot;335559739&quot;:160,&quot;335559740&quot;:276}\">\u00a0<\/span><i><span data-contrast=\"auto\">En l\u00e4rande organisation ska fr\u00e4mja likabehandling och j\u00e4mlikhet.<\/span><\/i><span data-ccp-props=\"{&quot;201341983&quot;:0,&quot;335551550&quot;:2,&quot;335551620&quot;:2,&quot;335559739&quot;:160,&quot;335559740&quot;:276}\"><br \/>\n<\/span><span data-contrast=\"auto\">\u00a0 \u00a0 \u00a0 \u00a0 \u00a0 \u00a0 \u00a0 \u00a0 \u00a0 \u00a0 \u00a0 \u00a0 \u00a0 \u00a0 \u00a0 \u00a0 \u00a0 \u00a0 \u00a0 \u00a0 \u00a0 \u00a0 \u00a0 \u00a0 Lag om likabehandling <\/span><span data-ccp-props=\"{&quot;201341983&quot;:0,&quot;335551550&quot;:6,&quot;335551620&quot;:6,&quot;335559685&quot;:6520,&quot;335559739&quot;:160,&quot;335559740&quot;:276}\">\u00a0<\/span><\/p>\n<p><span data-ccp-props=\"{&quot;201341983&quot;:0,&quot;335551550&quot;:6,&quot;335551620&quot;:6,&quot;335559739&quot;:160,&quot;335559740&quot;:276}\">\u00a0<\/span><\/p>\n<p><span data-contrast=\"none\">F\u00f6r att fr\u00e4mja elevernas likabehandling har likabehandlingsteamet planerat fem likabehandlingslektioner. Lektionerna h\u00e5lls av skolans personal, och de h\u00e5lls varannan m\u00e5nad. Temat p\u00e5 lektionerna \u00e4r samma f\u00f6r alla \u00e5rskurser, men inneh\u00e5llet varierar beroende p\u00e5 \u00e5rskursen.\u00a0<\/span><span data-ccp-props=\"{&quot;201341983&quot;:0,&quot;335551550&quot;:6,&quot;335551620&quot;:6,&quot;335559739&quot;:160,&quot;335559740&quot;:276}\">\u00a0<\/span><\/p>\n<p><span data-contrast=\"none\">Tema 1 &#8211; K\u00f6n<\/span><span data-ccp-props=\"{&quot;201341983&quot;:0,&quot;335551550&quot;:6,&quot;335551620&quot;:6,&quot;335559739&quot;:160,&quot;335559740&quot;:276}\">\u00a0<\/span><\/p>\n<p><span data-contrast=\"none\">Tema 2 &#8211; Sexualitet (\u00e5k 1-2 familjef\u00f6rh\u00e5llanden) <\/span><span data-ccp-props=\"{&quot;201341983&quot;:0,&quot;335551550&quot;:6,&quot;335551620&quot;:6,&quot;335559739&quot;:160,&quot;335559740&quot;:276}\">\u00a0<\/span><\/p>\n<p><span data-contrast=\"none\">Tema 3 &#8211; Etnicitet<\/span><span data-ccp-props=\"{&quot;201341983&quot;:0,&quot;335551550&quot;:6,&quot;335551620&quot;:6,&quot;335559739&quot;:160,&quot;335559740&quot;:276}\">\u00a0<\/span><\/p>\n<p><span data-contrast=\"none\">Tema 4 &#8211; Kroppsform<\/span><span data-ccp-props=\"{&quot;201341983&quot;:0,&quot;335551550&quot;:6,&quot;335551620&quot;:6,&quot;335559739&quot;:160,&quot;335559740&quot;:276}\">\u00a0<\/span><\/p>\n<p><span data-contrast=\"none\">Tema 5 &#8211; Funktionsvariation <\/span><span data-ccp-props=\"{&quot;201341983&quot;:0,&quot;335551550&quot;:6,&quot;335551620&quot;:6,&quot;335559739&quot;:160,&quot;335559740&quot;:276}\">\u00a0<\/span><\/p>\n<p><span data-contrast=\"none\">Skolans likabehandlingsteam tr\u00e4ffas f\u00f6r att utv\u00e4rdera och planera skolans likabehandlingsverksamhet. Likabehandlingsteamet \u00e4r representerat i skolans elevh\u00e4lsa och g\u00f6r d\u00e4rmed samarbete med elevh\u00e4lsan f\u00f6r att fr\u00e4mja elevernas v\u00e4lm\u00e5ende och trygghet i skolan. <\/span><span data-ccp-props=\"{&quot;201341983&quot;:0,&quot;335551550&quot;:6,&quot;335551620&quot;:6,&quot;335559739&quot;:160,&quot;335559740&quot;:276}\">\u00a0<\/span><\/p>\n<p><span data-contrast=\"auto\">Har du fr\u00e5gor om arbetet kring likabehandling, eller vill du diskutera med n\u00e5gon fr\u00e5n likabehandlingsteamet, s\u00e5 \u00e4r du v\u00e4lkommen att kontakta klassl\u00e4raren.<\/span><\/p>\n<p><span data-ccp-props=\"{&quot;134233117&quot;:false,&quot;134233118&quot;:false,&quot;201341983&quot;:0,&quot;335551550&quot;:1,&quot;335551620&quot;:1,&quot;335559738&quot;:0,&quot;335559739&quot;:0,&quot;335559740&quot;:360}\"> <img loading=\"lazy\" decoding=\"async\" class=\"size-medium wp-image-323 aligncenter\" src=\"https:\/\/blog.edu.turku.fi\/cygnaeus\/files\/2021\/01\/Likabehandlingstrad-2-255x300.png\" alt=\"\" width=\"255\" height=\"300\" srcset=\"https:\/\/blog.edu.turku.fi\/cygnaeus\/files\/2021\/01\/Likabehandlingstrad-2-255x300.png 255w, https:\/\/blog.edu.turku.fi\/cygnaeus\/files\/2021\/01\/Likabehandlingstrad-2.png 625w\" sizes=\"auto, (max-width: 255px) 85vw, 255px\" \/><\/span><\/p>\n","protected":false},"excerpt":{"rendered":"<p>\u00a0En l\u00e4rande organisation ska fr\u00e4mja likabehandling och j\u00e4mlikhet. \u00a0 \u00a0 \u00a0 \u00a0 \u00a0 \u00a0 \u00a0 \u00a0 \u00a0 \u00a0 \u00a0 \u00a0 \u00a0 \u00a0 \u00a0 \u00a0 \u00a0 \u00a0 \u00a0 \u00a0 \u00a0 \u00a0 \u00a0 \u00a0 Lag om likabehandling \u00a0 \u00a0 F\u00f6r att fr\u00e4mja elevernas likabehandling har likabehandlingsteamet planerat fem likabehandlingslektioner. Lektionerna h\u00e5lls av skolans personal, och de h\u00e5lls &hellip; <a href=\"https:\/\/blog.edu.turku.fi\/cygnaeus\/undervisning\/likabehandling\/\" class=\"more-link\">Forts\u00e4tt l\u00e4sa<span class=\"screen-reader-text\"> \u201dLikabehandling\u201d<\/span><\/a><\/p>\n","protected":false},"author":2142,"featured_media":0,"parent":7,"menu_order":0,"comment_status":"closed","ping_status":"closed","template":"","meta":{"footnotes":""},"class_list":["post-217","page","type-page","status-publish","hentry"],"_links":{"self":[{"href":"https:\/\/blog.edu.turku.fi\/cygnaeus\/wp-json\/wp\/v2\/pages\/217","targetHints":{"allow":["GET"]}}],"collection":[{"href":"https:\/\/blog.edu.turku.fi\/cygnaeus\/wp-json\/wp\/v2\/pages"}],"about":[{"href":"https:\/\/blog.edu.turku.fi\/cygnaeus\/wp-json\/wp\/v2\/types\/page"}],"author":[{"embeddable":true,"href":"https:\/\/blog.edu.turku.fi\/cygnaeus\/wp-json\/wp\/v2\/users\/2142"}],"replies":[{"embeddable":true,"href":"https:\/\/blog.edu.turku.fi\/cygnaeus\/wp-json\/wp\/v2\/comments?post=217"}],"version-history":[{"count":22,"href":"https:\/\/blog.edu.turku.fi\/cygnaeus\/wp-json\/wp\/v2\/pages\/217\/revisions"}],"predecessor-version":[{"id":701,"href":"https:\/\/blog.edu.turku.fi\/cygnaeus\/wp-json\/wp\/v2\/pages\/217\/revisions\/701"}],"up":[{"embeddable":true,"href":"https:\/\/blog.edu.turku.fi\/cygnaeus\/wp-json\/wp\/v2\/pages\/7"}],"wp:attachment":[{"href":"https:\/\/blog.edu.turku.fi\/cygnaeus\/wp-json\/wp\/v2\/media?parent=217"}],"curies":[{"name":"wp","href":"https:\/\/api.w.org\/{rel}","templated":true}]}}