{"id":114,"date":"2018-03-31T19:17:20","date_gmt":"2018-03-31T16:17:20","guid":{"rendered":"https:\/\/blog.edu.turku.fi\/cygnaeus\/?page_id=114"},"modified":"2026-02-27T15:51:04","modified_gmt":"2026-02-27T13:51:04","slug":"personal-2","status":"publish","type":"page","link":"https:\/\/blog.edu.turku.fi\/cygnaeus\/personal-2\/","title":{"rendered":"Personal"},"content":{"rendered":"<h1 class=\"entry-title\"><!-- .entry-header --><strong>Cygn\u00e6us skola<\/strong><br \/>\n<strong> L\u00e4rare och personal 2025-2026<\/strong><\/h1>\n<div class=\"entry-content\">\n<table width=\"0\">\n<tbody>\n<tr>\n<td>rektor<\/td>\n<td>Nicke Wulff<\/td>\n<\/tr>\n<tr>\n<td>skolsekreterare<\/td>\n<td>Helena Lindroos<\/td>\n<\/tr>\n<tr>\n<td>1A Braheskolan<\/td>\n<td>Charlotta H\u00e4ggblom<\/td>\n<\/tr>\n<tr>\n<td>1B Braheskolan<\/td>\n<td>Anton Sdund\u00e9n<\/td>\n<\/tr>\n<tr>\n<td>1C<\/td>\n<td>Monika Sandberg<\/td>\n<\/tr>\n<tr>\n<td>1D<\/td>\n<td>Miia Pawli<\/td>\n<\/tr>\n<tr>\n<td>2A Braheskolan<\/td>\n<td>Elisabeth Mets\u00e4ranta<\/td>\n<\/tr>\n<tr>\n<td>2B Braheskolan<\/td>\n<td>Sanna Poikola<\/td>\n<\/tr>\n<tr>\n<td>2C<\/td>\n<td>Ronja Karlsson<\/td>\n<\/tr>\n<tr>\n<td>2D<\/td>\n<td>Karelia Palola<\/td>\n<\/tr>\n<tr>\n<td>3A<\/td>\n<td>Ami Missi-Kristiansson<\/td>\n<\/tr>\n<tr>\n<td>3B<\/td>\n<td>Johanna Lundstr\u00f6m<\/td>\n<\/tr>\n<tr>\n<td>3C<\/td>\n<td>Caroline Gr\u00f6nqvist<\/td>\n<\/tr>\n<tr>\n<td>3D<\/td>\n<td>Jonas Sonntag<\/td>\n<\/tr>\n<tr>\n<td>4A<\/td>\n<td>Jenny Rancken<\/td>\n<\/tr>\n<tr>\n<td>4B<\/td>\n<td>Charlotta Wennerstrand<\/td>\n<\/tr>\n<tr>\n<td>4C<\/td>\n<td>Rebecca Lujan<\/td>\n<\/tr>\n<tr>\n<td>4D<\/td>\n<td>Jan-Erik Gustafsson<\/td>\n<\/tr>\n<tr>\n<td>5A<\/td>\n<td>Olivia Wikstr\u00f6m<\/td>\n<\/tr>\n<tr>\n<td>5B \/vicerektor<\/td>\n<td>Nina Hyv\u00f6nen<\/td>\n<\/tr>\n<tr>\n<td>5C<\/td>\n<td>Jutta Maunula<\/td>\n<\/tr>\n<tr>\n<td>5D<\/td>\n<td>Johan Pelo<\/td>\n<\/tr>\n<tr>\n<td>6A<\/td>\n<td>Kenneth Zweigberg<\/td>\n<\/tr>\n<tr>\n<td>6B<\/td>\n<td>Ida Svarstr\u00f6m<\/td>\n<\/tr>\n<tr>\n<td>6C<\/td>\n<td>Minna Muallim<\/td>\n<\/tr>\n<tr>\n<td>6D<\/td>\n<td>Nicholas Honkanen<\/td>\n<\/tr>\n<tr>\n<td>6E<\/td>\n<td>Anton Salo<\/td>\n<\/tr>\n<tr>\n<td>specialklassl\u00e4rare<\/td>\n<td>Pia Sidb\u00e4ck<\/td>\n<\/tr>\n<tr>\n<td>specialundervisning<\/td>\n<td>Eivor Hellstr\u00f6m<\/td>\n<\/tr>\n<tr>\n<td>specialundervisning<\/td>\n<td>Camilla S\u00e4rs-Lundin<\/td>\n<\/tr>\n<tr>\n<td>specialundervisning<\/td>\n<td>Oliwia B\u00e4cklund<\/td>\n<\/tr>\n<tr>\n<td>specialundervisning<\/td>\n<td>Nina Snell<\/td>\n<\/tr>\n<tr>\n<td><\/td>\n<td><\/td>\n<\/tr>\n<tr>\n<td>musik<\/td>\n<td>Clara Reinikainen<\/td>\n<\/tr>\n<tr>\n<td>textilsl\u00f6jd<\/td>\n<td>Riina Tarvis-Gr\u00e4sbeck \/ Auri Norrman<\/td>\n<\/tr>\n<tr>\n<td>sl\u00f6jd\/s\u00e4kerhetsansvarig<\/td>\n<td>Henrik Malmstr\u00f6m<\/td>\n<\/tr>\n<tr>\n<td>tyska<\/td>\n<td>Ronja Karlsson \/ Karelia Palola<\/td>\n<\/tr>\n<tr>\n<td>franska\/finska<\/td>\n<td>\u00a0Meri J\u00e4rnstr\u00f6m<\/td>\n<\/tr>\n<tr>\n<td>spanska<\/td>\n<td>\u00a0Eva Bj\u00f6rkfeldt \/ Maj-Len Vig\u00e5rd-Stocks<\/td>\n<\/tr>\n<tr>\n<td><\/td>\n<td><\/td>\n<\/tr>\n<tr>\n<td>Schoolcoach<\/td>\n<td>Martina Gustafson<\/td>\n<\/tr>\n<tr>\n<td>handledare<\/td>\n<td>Hans Snabb<\/td>\n<\/tr>\n<tr>\n<td>handledare<\/td>\n<td>Pia Gr\u00f6nholm<\/td>\n<\/tr>\n<tr>\n<td>handledare<\/td>\n<td>Auri Norrman<\/td>\n<\/tr>\n<tr>\n<td>handledare<\/td>\n<td>Frida Nyberg<\/td>\n<\/tr>\n<tr>\n<td>handledare<\/td>\n<td>Markus Stenlund<\/td>\n<\/tr>\n<tr>\n<td>handledare<\/td>\n<td>Bj\u00f6rn \u00c5hsberg Hoffman<\/td>\n<\/tr>\n<tr>\n<td>handledare<\/td>\n<td>Aino Hesselgren<\/td>\n<\/tr>\n<tr>\n<td>handledare<\/td>\n<td>Cecilia Bj\u00f6rkman<\/td>\n<\/tr>\n<tr>\n<td>handledare<\/td>\n<td>Abu Abu-Tahin<\/td>\n<\/tr>\n<tr>\n<td>handledare<\/td>\n<td><\/td>\n<\/tr>\n<tr>\n<td>handledare<\/td>\n<td><\/td>\n<\/tr>\n<tr>\n<td>handledare<\/td>\n<td><\/td>\n<\/tr>\n<tr>\n<td>handledare Brahe<\/td>\n<td>Senni Hernej\u00e4rvi<\/td>\n<\/tr>\n<tr>\n<td>handledare Brahe<\/td>\n<td>Maria Lindqvist<\/td>\n<\/tr>\n<tr>\n<td>handledare Brahe<\/td>\n<td>Alva Riissanen<\/td>\n<\/tr>\n<tr>\n<td><\/td>\n<td><\/td>\n<\/tr>\n<tr>\n<td>h\u00e4lsov\u00e5rdare<\/td>\n<td>Anna Ring<\/td>\n<\/tr>\n<tr>\n<td>kurator<\/td>\n<td>Karoliina Py\u00f6li<\/td>\n<\/tr>\n<tr>\n<td>skolpsykolog<\/td>\n<td>Jennifer Bucci<\/td>\n<\/tr>\n<tr>\n<td>psykiatriska sjuksk\u00f6terska<\/td>\n<td>Margareta &#8221;Maggan&#8221; Herrg\u00e5rd<\/td>\n<\/tr>\n<tr>\n<td><\/td>\n<td><\/td>\n<\/tr>\n<tr>\n<td>medfostrarna<\/td>\n<td>Roger, Jasse &amp; Harry<\/td>\n<\/tr>\n<tr>\n<td>k\u00f6kspersonal<\/td>\n<td>Jaana Suomi &amp; Dani Popova<\/td>\n<\/tr>\n<tr>\n<td>fastighetssk\u00f6tare<\/td>\n<td>Ari L\u00e5gas<\/td>\n<\/tr>\n<tr>\n<td>k\u00f6kspersonal <strong>Braheskolan<\/strong><\/td>\n<td>Birgitta Karlsson<\/td>\n<\/tr>\n<tr>\n<td>st\u00e4dpersonal<\/td>\n<td>Mervi H\u00e4llstr\u00f6m<\/td>\n<\/tr>\n<\/tbody>\n<\/table>\n<\/div>\n<p><!--more--><\/p>\n","protected":false},"excerpt":{"rendered":"<p>Cygn\u00e6us skola L\u00e4rare och personal 2025-2026 rektor Nicke Wulff skolsekreterare Helena Lindroos 1A Braheskolan Charlotta H\u00e4ggblom 1B Braheskolan Anton Sdund\u00e9n 1C Monika Sandberg 1D Miia Pawli 2A Braheskolan Elisabeth Mets\u00e4ranta 2B Braheskolan Sanna Poikola 2C Ronja Karlsson 2D Karelia Palola 3A Ami Missi-Kristiansson 3B Johanna Lundstr\u00f6m 3C Caroline Gr\u00f6nqvist 3D Jonas Sonntag 4A Jenny Rancken &hellip; <a href=\"https:\/\/blog.edu.turku.fi\/cygnaeus\/personal-2\/\" class=\"more-link\">Forts\u00e4tt l\u00e4sa<span class=\"screen-reader-text\"> \u201dPersonal\u201d<\/span><\/a><\/p>\n","protected":false},"author":2142,"featured_media":0,"parent":0,"menu_order":0,"comment_status":"closed","ping_status":"closed","template":"","meta":{"footnotes":""},"class_list":["post-114","page","type-page","status-publish","hentry"],"_links":{"self":[{"href":"https:\/\/blog.edu.turku.fi\/cygnaeus\/wp-json\/wp\/v2\/pages\/114","targetHints":{"allow":["GET"]}}],"collection":[{"href":"https:\/\/blog.edu.turku.fi\/cygnaeus\/wp-json\/wp\/v2\/pages"}],"about":[{"href":"https:\/\/blog.edu.turku.fi\/cygnaeus\/wp-json\/wp\/v2\/types\/page"}],"author":[{"embeddable":true,"href":"https:\/\/blog.edu.turku.fi\/cygnaeus\/wp-json\/wp\/v2\/users\/2142"}],"replies":[{"embeddable":true,"href":"https:\/\/blog.edu.turku.fi\/cygnaeus\/wp-json\/wp\/v2\/comments?post=114"}],"version-history":[{"count":67,"href":"https:\/\/blog.edu.turku.fi\/cygnaeus\/wp-json\/wp\/v2\/pages\/114\/revisions"}],"predecessor-version":[{"id":715,"href":"https:\/\/blog.edu.turku.fi\/cygnaeus\/wp-json\/wp\/v2\/pages\/114\/revisions\/715"}],"wp:attachment":[{"href":"https:\/\/blog.edu.turku.fi\/cygnaeus\/wp-json\/wp\/v2\/media?parent=114"}],"curies":[{"name":"wp","href":"https:\/\/api.w.org\/{rel}","templated":true}]}}