{"id":11,"date":"2016-11-16T13:09:43","date_gmt":"2016-11-16T11:09:43","guid":{"rendered":"https:\/\/blog.edu.turku.fi\/cygnaeus\/?page_id=11"},"modified":"2026-02-27T15:51:50","modified_gmt":"2026-02-27T13:51:50","slug":"kontaktuppgifter","status":"publish","type":"page","link":"https:\/\/blog.edu.turku.fi\/cygnaeus\/kontaktuppgifter\/","title":{"rendered":"Kontaktuppgifter"},"content":{"rendered":"<h4>Kontaktuppgifter l\u00e4s\u00e5r 25-26<\/h4>\n<table width=\"300\">\n<tbody>\n<tr>\n<td colspan=\"2\"><strong>Adress: Mariegatan 7\u00a0 \u00a0 \u00a0FIN-20100 \u00c5bo<br \/>\ne-postadresser l\u00e4rare: fornamn.efternamn@edu.turku.fi<br \/>\n<\/strong><\/td>\n<\/tr>\n<tr>\n<td width=\"182\">Rektor: Nicke Wulff<\/p>\n<p>Vicerektor: Nina Hyv\u00f6nen<\/td>\n<td width=\"176\">040 670 4248<\/p>\n<p>044 907 5229<\/td>\n<\/tr>\n<tr>\n<td>Kansliet: Helena Lindroos<\/td>\n<td>040 620 5413<\/td>\n<\/tr>\n<tr>\n<td>H\u00e4lsov\u00e5rdare Anna Ring<\/p>\n<p>Brahe -tisdagar\u00a0 \u00a0 Cygnaeus\u00a0 -m\u00e5, ons-fre<\/td>\n<td>040 861 8055<\/p>\n<p>@varha.fi \/ via Wilma<\/td>\n<\/tr>\n<tr>\n<td>S\u00e4kerhetsansvarig Henrik Malmstr\u00f6m<\/td>\n<td>040 708 7089<\/td>\n<\/tr>\n<tr>\n<td>Diabetes (\u00e5k 5) Hans Snabb<\/td>\n<td>040 646 9399<\/td>\n<\/tr>\n<tr>\n<td>Kurator Karolina Py\u00f6li<\/p>\n<p>Brahe -m\u00e5ndagar,\u00a0 \u00a0 Cygnaeus\u00a0 -ti-fre<\/td>\n<td>\u00a0040 544 5316<\/p>\n<p>@varha.fi \/ via Wilma<\/td>\n<\/tr>\n<tr>\n<td>Skolpsykolog\u00a0 \u00a0 Jennifer Bucci<\/td>\n<td>044 902 2543\u00a0 telefontid: fre kl 9-11<\/p>\n<p>@varha.fi \/ via Wilma<\/td>\n<\/tr>\n<tr>\n<td>Psykiatriska sjuksk\u00f6terska\u00a0 Margareta Herrg\u00e5rd\u00a0 \u00a0 \u00a0 \u00a0 \u00a0 \u00a0 \u00a0 \u00a0 \u00a0 \u00a0 \u00a0 Cygnaeus -m\u00e5-ti<\/td>\n<td>044 493 7940<\/td>\n<\/tr>\n<tr>\n<td>K\u00f6ket<\/td>\n<td>Jaana S. 040 750 65 42<\/td>\n<\/tr>\n<tr>\n<td>Fastighetsk\u00f6tare<\/td>\n<td>\u00a0040 544 0661<\/td>\n<\/tr>\n<tr>\n<td><strong>rum &amp; klass\/\u00e4mne<\/strong><\/td>\n<td><strong>telefonnummer<\/strong><\/td>\n<\/tr>\n<tr>\n<td>\u00a0101\u00a0 \u00a0 franska\/finska<\/td>\n<td>Meri J\u00e4rnstr\u00f6m\u00a0 \u00a0040 650 3247<\/td>\n<\/tr>\n<tr>\n<td>\u00a0105\u00a0 \u00a0 Textil<\/td>\n<td>\u00a0Riina Tarvis-Gr\u00e4sbeck \/ Auri Norrman 040 632 4587<\/td>\n<\/tr>\n<tr>\n<td>\u00a0107\u00a0 \u00a0 4A<\/td>\n<td>Jenny Rancken\u00a0 040 617 5267<\/td>\n<\/tr>\n<tr>\n<td>\u00a0108\u00a0 \u00a0 4B<\/td>\n<td>Charlotta Wennerstrand 040 664 5417<\/td>\n<\/tr>\n<tr>\n<td>109\u00a0 \u00a0 \u00a0grupprum<\/td>\n<td><\/td>\n<\/tr>\n<tr>\n<td>\u00a0119\u00a0 \u00a0 4C<\/td>\n<td>Rebecca Lujan\u00a0 040 631 4353<\/td>\n<\/tr>\n<tr>\n<td>\u00a0215\u00a0 \u00a0 1D<\/td>\n<td>Miia Pawli\u00a0 \u00a0040 646 9979<\/td>\n<\/tr>\n<tr>\n<td>\u00a0216\u00a0 \u00a0 speciall\u00e4rare<\/td>\n<td>Oliwia B\u00e4cklund 040 640 2913<\/td>\n<\/tr>\n<tr>\n<td>\u00a0220\u00a0 \u00a0 1C<\/td>\n<td>Monika Sandberg 044 907 4873<\/td>\n<\/tr>\n<tr>\n<td>\u00a0221\u00a0 \u00a0 2C<\/td>\n<td><span class=\"TextRun SCXW170279274 BCX8\" lang=\"FI-FI\" xml:lang=\"FI-FI\" data-contrast=\"none\"><span class=\"NormalTextRun SCXW170279274 BCX8\">Ronja Karlsson\u00a0 040 186 0994<\/span><\/span><\/td>\n<\/tr>\n<tr>\n<td>\u00a0224\u00a0 \u00a0 2D<\/td>\n<td>Karelia Palola 040 672 0261<\/td>\n<\/tr>\n<tr>\n<td>\u00a0225\u00a0 \u00a0 4D<\/td>\n<td>Jan-Erik Gustafsson\u00a0 040 628 2357<\/td>\n<\/tr>\n<tr>\n<td>\u00a0226\u00a0 \u00a0 MatteLab\/speciall\u00e4rare<\/td>\n<td>Eivor Hellstr\u00f6m 040 632 5900<\/td>\n<\/tr>\n<tr>\n<td>\u00a0301\u00a0 \u00a0 5C<\/td>\n<td>\u00a0Jutta Maunula\u00a0 \u00a0040 195 3871<\/td>\n<\/tr>\n<tr>\n<td>\u00a0302\u00a0 specialklassl\u00e4rare \/ Kiva<\/td>\n<td>Pia Sidb\u00e4ck\u00a0 040 630 1387<\/td>\n<\/tr>\n<tr>\n<td>\u00a0305\u00a0 \u00a0 5B<\/td>\n<td>Nina Hyv\u00f6nen <span class=\"TextRun Highlight SCXW56933611 BCX8\" lang=\"FI-FI\" xml:lang=\"FI-FI\" data-contrast=\"auto\"><span class=\"NormalTextRun SCXW56933611 BCX8\">044 907 5229<\/span><\/span><span class=\"EOP SCXW56933611 BCX8\" data-ccp-props=\"{&quot;134233117&quot;:false,&quot;134233118&quot;:false,&quot;201341983&quot;:0,&quot;335551550&quot;:1,&quot;335551620&quot;:1,&quot;335559738&quot;:0,&quot;335559739&quot;:0,&quot;335559740&quot;:279}\">\u00a0<\/span><\/td>\n<\/tr>\n<tr>\n<td>\u00a0309\u00a0 \u00a0 3C<\/td>\n<td>Caroline Gr\u00f6nqvist 040 647 1884<\/td>\n<\/tr>\n<tr>\n<td>\u00a0310\u00a0 \u00a0 speciall\u00e4rare<\/td>\n<td>Camilla S\u00e4rs-Lundin <span class=\"TextRun SCXW87130558 BCX8\" lang=\"FI-FI\" xml:lang=\"FI-FI\" data-contrast=\"none\"><span class=\"NormalTextRun SCXW87130558 BCX8\">040 617 5573<\/span><\/span><\/td>\n<\/tr>\n<tr>\n<td>\u00a0311\u00a0 \u00a0 3B<\/td>\n<td>Johanna Lundst\u00f6m 040 651 4942<\/td>\n<\/tr>\n<tr>\n<td>\u00a0312\u00a0 \u00a0 5A<\/td>\n<td>Olivia Wikstr\u00f6m<\/td>\n<\/tr>\n<tr>\n<td>\u00a0316\u00a0 \u00a0 speciall\u00e4rare<\/td>\n<td>Nina Snell 040\u00a0 626 3853<\/td>\n<\/tr>\n<tr>\n<td>\u00a0318\u00a0 \u00a0 5D<\/td>\n<td>Johan Pelo\u00a0 040 646 8949<\/td>\n<\/tr>\n<tr>\n<td>\u00a0319\u00a0 \u00a0 6C<\/td>\n<td>Minna Muallim <span class=\"TextRun SCXW170279274 BCX8\" lang=\"FI-FI\" xml:lang=\"FI-FI\" data-contrast=\"none\"><span class=\"NormalTextRun SCXW170279274 BCX8\">040 523 7641<\/span><\/span><\/td>\n<\/tr>\n<tr>\n<td>\u00a0320\u00a0 \u00a0 6A<\/td>\n<td><span class=\"EOP SCXW19302209 BCX8\" data-ccp-props=\"{&quot;134233117&quot;:false,&quot;134233118&quot;:false,&quot;201341983&quot;:0,&quot;335551550&quot;:1,&quot;335551620&quot;:1,&quot;335559738&quot;:0,&quot;335559739&quot;:0,&quot;335559740&quot;:279}\">Kenneth Zweigberg\u00a0 \u00a0040 646 9426<\/span><\/td>\n<\/tr>\n<tr>\n<td>\u00a0401\u00a0 \u00a0 3D<\/td>\n<td>Jonas Sonntag 040 358 4352<\/td>\n<\/tr>\n<tr>\n<td>\u00a0402\u00a0 \u00a0 3A<\/td>\n<td>Ami Missi-Kristiansson 040 183 6279<\/td>\n<\/tr>\n<tr>\n<td>\u00a0403\u00a0 \u00a0 musik<\/td>\n<td>Clara Reinikainen\u00a0 \u00a0040 632 8863<\/td>\n<\/tr>\n<tr>\n<td>\u00a0417\u00a0 \u00a0 6E<\/td>\n<td>Anton Salo 040 651 5601<\/td>\n<\/tr>\n<tr>\n<td>\u00a0418\u00a0 \u00a0 6B<\/td>\n<td>Ida Svartstr\u00f6m\u00a0 \u00a0040 646 9316<\/td>\n<\/tr>\n<tr>\n<td>\u00a0419\u00a0 \u00a0 6D<\/td>\n<td>Nicholas Honkanen\u00a0 040 637 3972<\/td>\n<\/tr>\n<tr>\n<td><\/td>\n<td><\/td>\n<\/tr>\n<\/tbody>\n<\/table>\n<p>&nbsp;<\/p>\n","protected":false},"excerpt":{"rendered":"<p>Kontaktuppgifter l\u00e4s\u00e5r 25-26 Adress: Mariegatan 7\u00a0 \u00a0 \u00a0FIN-20100 \u00c5bo e-postadresser l\u00e4rare: fornamn.efternamn@edu.turku.fi Rektor: Nicke Wulff Vicerektor: Nina Hyv\u00f6nen 040 670 4248 044 907 5229 Kansliet: Helena Lindroos 040 620 5413 H\u00e4lsov\u00e5rdare Anna Ring Brahe -tisdagar\u00a0 \u00a0 Cygnaeus\u00a0 -m\u00e5, ons-fre 040 861 8055 @varha.fi \/ via Wilma S\u00e4kerhetsansvarig Henrik Malmstr\u00f6m 040 708 7089 Diabetes (\u00e5k 5) &hellip; <a href=\"https:\/\/blog.edu.turku.fi\/cygnaeus\/kontaktuppgifter\/\" class=\"more-link\">Forts\u00e4tt l\u00e4sa<span class=\"screen-reader-text\"> \u201dKontaktuppgifter\u201d<\/span><\/a><\/p>\n","protected":false},"author":2142,"featured_media":0,"parent":0,"menu_order":0,"comment_status":"closed","ping_status":"closed","template":"","meta":{"footnotes":""},"class_list":["post-11","page","type-page","status-publish","hentry"],"_links":{"self":[{"href":"https:\/\/blog.edu.turku.fi\/cygnaeus\/wp-json\/wp\/v2\/pages\/11","targetHints":{"allow":["GET"]}}],"collection":[{"href":"https:\/\/blog.edu.turku.fi\/cygnaeus\/wp-json\/wp\/v2\/pages"}],"about":[{"href":"https:\/\/blog.edu.turku.fi\/cygnaeus\/wp-json\/wp\/v2\/types\/page"}],"author":[{"embeddable":true,"href":"https:\/\/blog.edu.turku.fi\/cygnaeus\/wp-json\/wp\/v2\/users\/2142"}],"replies":[{"embeddable":true,"href":"https:\/\/blog.edu.turku.fi\/cygnaeus\/wp-json\/wp\/v2\/comments?post=11"}],"version-history":[{"count":106,"href":"https:\/\/blog.edu.turku.fi\/cygnaeus\/wp-json\/wp\/v2\/pages\/11\/revisions"}],"predecessor-version":[{"id":716,"href":"https:\/\/blog.edu.turku.fi\/cygnaeus\/wp-json\/wp\/v2\/pages\/11\/revisions\/716"}],"wp:attachment":[{"href":"https:\/\/blog.edu.turku.fi\/cygnaeus\/wp-json\/wp\/v2\/media?parent=11"}],"curies":[{"name":"wp","href":"https:\/\/api.w.org\/{rel}","templated":true}]}}