{"id":219,"date":"2021-09-15T09:25:17","date_gmt":"2021-09-15T06:25:17","guid":{"rendered":"https:\/\/blog.edu.turku.fi\/cnc-koneistus\/?page_id=219"},"modified":"2022-03-14T15:10:17","modified_gmt":"2022-03-14T13:10:17","slug":"taitaja2022-semifinaalit","status":"publish","type":"page","link":"https:\/\/blog.edu.turku.fi\/cnc-koneistus\/taitaja2022-semifinaalit\/","title":{"rendered":"Taitaja2022 semifinaalit"},"content":{"rendered":"<h6>Semifinaalissa kilpailija valitsee ennakolta,\u00a0suorittaako kilpailusuorituksen\u00a0CNC-sorvilla\u00a0tai vaihtoehtoisesti\u00a0CNC-koneistuskeskuksella.<\/h6>\n<h2>Semifinaalin osaamisvaatimukset<\/h2>\n<p>Semifinaaliteht\u00e4v\u00e4t perustuvat oheisiin Kone- ja tuotantotekniikan perustutkinnon\u00a0 tutkinnonosien ammattitaitovaatimuksiin. CAD\/CAM ohjelmoinnin osalta osaamisvaatimus ei ole ehdoton, koska semifinaaliteht\u00e4v\u00e4n pystyy tekem\u00e4\u00e4n my\u00f6s ilman CAM-ohjelmointia.<\/p>\n<p><strong>CAD\/CAM-ohjelmointi<\/strong><br \/>\nOpiskelija osaa tehd\u00e4 CAM-ohjelmoinnin, valita sek\u00e4 rajata muodot, valita ty\u00f6kalut, asettaa oikeat<br \/>\nvalmistuksessa tarvittavat arvot ja parametrit sek\u00e4 tehd\u00e4 toimivat ty\u00f6radat valmistukseen<br \/>\nOpiskelija osaa tehd\u00e4 CNC-ohjelman siirron tietokoneelta siirrett\u00e4vill\u00e4 massamuisteilla<br \/>\ntai tiedonsiirto-ohjelmiston avulla valmistuksessa k\u00e4ytett\u00e4v\u00e4lle koneelle.<\/p>\n<p><strong>CNC-jyrsint\u00e4<\/strong><br \/>\nOpiskelija osaa laatia CNC-ohjauksella k\u00e4sin jyrsinn\u00e4n NC-ohjelman tai CAM-ohjelmiston avulla ja simuloi ohjelman joko NC-ohjauksella tai CAM-ohjelmistolla. Opiskelija osaa k\u00e4ytt\u00e4\u00e4 NC-jyrsinkonetta ja valmistaa ty\u00f6piirustuksien mukaisia k\u00e4\u00e4nn\u00f6n sis\u00e4lt\u00e4vi\u00e4 monimuotoisia kappaleita CNC-ty\u00f6st\u00f6keskuksella. Opiskelija tekee laadunhallinnan mittaukset ja dokumentoinnin.<\/p>\n<p><strong>CNC-sorvaus<\/strong><br \/>\nOpiskelija osaa laatia CNC-ohjauksella k\u00e4sin sorvauksen NC-ohjelman tai CAM-ohjelmiston avulla ja simuloi ohjelman NC-ohjauksella tai CAM-ohjelmistolla. Opiskelija osaa k\u00e4ytt\u00e4\u00e4 CNC-sorvia ja valmistaa ty\u00f6piirustuksien mukaisia k\u00e4\u00e4nn\u00f6n sis\u00e4lt\u00e4vi\u00e4 monimuotoisia kappaleita CNC-sorvilla. Opiskelija tekee laadunhallinnan mittaukset ja dokumentoinnin.<\/p>\n<p>&nbsp;<\/p>\n<h2>Semifinaalin toteutus<\/h2>\n<p>Kilpailija suorittaa semifinaalin oman koulunsa ty\u00f6st\u00f6koneilla.\u00a0<strong>Tuomarit valvoo kameran avulla ty\u00f6skentely\u00e4.<\/strong> \u00a0Kilpailupaikkakunnalla semifinaalivastaava on varannut koneisiin teht\u00e4v\u00e4ss\u00e4 k\u00e4ytetyt ty\u00f6kalut esiasetettuina ja kiinnitysv\u00e4lineet sek\u00e4 mittav\u00e4lineet. Muiden ty\u00f6kalujen ja mittav\u00e4lineiden k\u00e4ytt\u00f6 on kielletty. Kilpailija vastaa kiinnittimien suoruudesta ja kappaleiden turvallisesta kiinnitt\u00e4misest\u00e4 kilpailun aikana.<\/p>\n<p>&nbsp;<\/p>\n<p>KILPAILIJAM\u00c4\u00c4R\u00c4<br \/>\nEi\u00a0 ole rajoitettu, mutta kilpailusuoritus pit\u00e4\u00e4 tapahtua samana p\u00e4iv\u00e4n\u00e4 klo 8-16 v\u00e4lill\u00e4, joten suorituspaikkoja koululla pit\u00e4\u00e4 olla saman verran k\u00e4ytett\u00e4viss\u00e4 kuin kilpailijoita.<\/p>\n<h2>Materiaalit<\/h2>\n<p><em>Kilpailija koneistaa itselleen kilpailuaihion (S355) oman koulunsa materiaaleista etuk\u00e4teen julkaistun piirustuksen mukaisesti.<\/em><\/p>\n<p><a href=\"https:\/\/blog.edu.turku.fi\/cnc-koneistus\/files\/2021\/10\/Sorvaus-aihio2022-1.pdf\">Sorvaus-aihio2022<\/a><\/p>\n<p><a href=\"https:\/\/blog.edu.turku.fi\/cnc-koneistus\/files\/2021\/10\/Jyrsinta-aihio2022-1.pdf\">Jyrsint\u00e4-aihio2022<\/a><\/p>\n<p>Kilpailup\u00e4iv\u00e4n aamuna semifinaalivastaava leimaa kilpailukappaleen\u00a0 tuomarien valvonnassa kilpailijan ID-numerolla. Aihiossa on koneistettu lovi johon leimaus suoritetaan. Jonka j\u00e4lkeen kilpailukappaleen vaihtaminen on kielletty\u00e4.<\/p>\n<h2><strong><u>CNC-Sorvaus<\/u><\/strong><\/h2>\n<p>Teht\u00e4v\u00e4\u00e4n k\u00e4ytett\u00e4v\u00e4 kilpailuaika 6h<\/p>\n<p><strong>CNC-sorvauksessa<\/strong>\u00a0kilpailija tekee NC-ohjelman, tarvittavat koneasetukset ja kappaleen sorvauksen valmistamaansa ja tuomarin leimaamaan aihioon. Kappaleessa on ulkomuodon sorvausta, pist\u00e4mist\u00e4, ulkokierteen ja sis\u00e4kierteen sorvausta ja sis\u00e4sorvausta. Kilpailija t\u00e4ytt\u00e4\u00e4 piirustuksessa olevaa mittausp\u00f6yt\u00e4kirjaa kilpailun aikana.\u00a0 Ohjelmoinnissa saa k\u00e4ytt\u00e4\u00e4 oppilaitoksen k\u00e4yt\u00f6ss\u00e4 olevia CAD- ja CAM-ohjelmistoja sek\u00e4 keskustelevia ohjauksia.\u00a0 Kilpailija saa A3-piirustuksen sek\u00e4 perusmitoilla olevan 3D-mallin -tiedostomuotona k\u00e4ytt\u00f6\u00f6ns\u00e4.<\/p>\n<p><a href=\"https:\/\/blog.edu.turku.fi\/cnc-koneistus\/files\/2022\/03\/CNC-Sorvaus-semi2022.pdf\">CNC-Sorvaus-semi2022<\/a><\/p>\n<h2><strong><u>CNC-Jyrsint\u00e4<\/u><\/strong><\/h2>\n<p>Teht\u00e4v\u00e4\u00e4n k\u00e4ytett\u00e4v\u00e4 kilpailuaika 6h<\/p>\n<p><strong>CNC-jyrsinn\u00e4ss\u00e4<\/strong>\u00a0kilpailija tekee NC-ohjelman, tarvittavat koneasetukset ja kappaleen jyrsinn\u00e4t valmistamaansa ja tuomarin leimaamaan aihioon. Kappaleessa on muodon jyrsint\u00e4\u00e4, porausta, tapilla kierteytyst\u00e4, viistejyrsint\u00e4\u00e4 ja taskunjyrsint\u00e4\u00e4. Kilpailija t\u00e4ytt\u00e4\u00e4 piirustuksessa olevaa mittausp\u00f6yt\u00e4kirjaa kilpailun aikana. Ohjelmoinnissa saa k\u00e4ytt\u00e4\u00e4 oppilaitoksen k\u00e4yt\u00f6ss\u00e4 olevia CAD- ja CAM-ohjelmistoja sek\u00e4 keskustelevia ohjauksia.\u00a0 Kilpailija saa A3-piirustuksen sek\u00e4 perusmitoilla olevan 3D-mallin\u00a0 -tiedostomuotona k\u00e4ytt\u00f6\u00f6ns\u00e4.<\/p>\n<p><a href=\"https:\/\/blog.edu.turku.fi\/cnc-koneistus\/files\/2022\/03\/CNC-Jyrsinta-semi2022.pdf\">CNC-Jyrsint\u00e4-semi2022<\/a><\/p>\n<h2>Kilpailup\u00e4iv\u00e4n aikataulu<\/h2>\n<p><strong>Kilpailu suoritetaan tiistaina 1.2.2022<\/strong><\/p>\n<p>Aika laitetaan k\u00e4yntiin siin\u00e4 vaiheessa, kun ty\u00f6piirustus annetaan kilpailijalle. Piirustukseen kirjoitetaan kilpailijan ID-numero.<\/p>\n<p><a href=\"https:\/\/blog.edu.turku.fi\/cnc-koneistus\/files\/2021\/10\/CNC-koneistus-aikataulu-1.2.2022.pdf\">CNC-koneistus aikataulu 1.2.2022<\/a><\/p>\n<h2>Kilpailussa k\u00e4ytett\u00e4v\u00e4t ty\u00f6kalut<\/h2>\n<p><strong>CNC-SORVAUS<\/strong>\u00a0ty\u00f6kalut:<\/p>\n<p>ULKOROUHINTATER\u00c4 esim. DDJNR2525M11<\/p>\n<p>ULKOVIIMEISTELYTER\u00c4 OIKEA esim. SVJBR2525M11<\/p>\n<p>ULKOVIIMEISTELYTER\u00c4 VASEN esim. SVJBL2525M11<\/p>\n<p>ULKOKIERRETER\u00c4 esim. NTS-SER2525-16<\/p>\n<p>ULKOPISTOTER\u00c4 3mm esim. G1011.2525R-3T21GX24<\/p>\n<p>SIS\u00c4ROUHINTATER\u00c4 \u00d825mm VARSI esim. A25T-SCLCR12<\/p>\n<p>SIS\u00c4VIIMEISTELYTER\u00c4 \u00d825mm VARSI esim. A25T-SVUBR11<\/p>\n<p>SIS\u00c4KIERRETER\u00c4 \u00d825mm VARSI esim. S25R-NTS-IR16-29<\/p>\n<p>&nbsp;<\/p>\n<p><strong>CNC-JYRSINT\u00c4<\/strong>\u00a0ty\u00f6kalut:<\/p>\n<p>KULMAJYRSIN \u00d850mm esim. M4132-050-B22-04-09<\/p>\n<p>VARSIJYRSIN \u00d86mm esim. MC232-06.0W4B-WJ30ED<\/p>\n<p>VARSIJYRSIN \u00d812mm esim. MC232-12.0W4B-WJ30ED<\/p>\n<p>VARSIJYRSIN \u00d820mm esim. MC232-20.0W4B-WJ30ED<\/p>\n<p>VIISTEJYRSIN \u00d812mm esim. MC501-12.0A4L-WJ30TF<\/p>\n<p>Esireik\u00e4pora M8 kierteelle esim. DC150-05-06.500A0-WJ30<\/p>\n<p>Pohjakierretappi M8 esim. TC115-M8-C0-WY80AA<\/p>\n<p>&nbsp;<\/p>\n<p>Oheisen listan lis\u00e4ksi on ty\u00f6kalut ty\u00f6kalupitimen\/ter\u00e4n vaihtoa varten.\u00a0 Sek\u00e4 ty\u00f6kalut kappaleen viimeistely\u00e4 varten. Esimerkiksi Viila, Hiomapaperia, k\u00e4sikaavari, (Karahiomakone varusteineen ym).<\/p>\n<h2><strong>K\u00e4ytett\u00e4viss\u00e4 olevat mittav\u00e4lineet<\/strong><\/h2>\n<p><strong>CNC-sorvaus<\/strong><\/p>\n<p>Ty\u00f6nt\u00f6mitta 0-145 mm<\/p>\n<p>Ulkopuolinen mikrometri 0-145 mm<\/p>\n<p>Ulkopuolinen kierremikrometri M60x2 kierteelle<\/p>\n<p>Lautasmikrometri 0-20 mm<\/p>\n<p>Syvyysty\u00f6nt\u00f6mitta 0-100 mm<\/p>\n<p>Sis\u00e4puolinen kolmipistemikrometri halkaisijoille 40-50 mm<\/p>\n<p>R1, R2, R15 s\u00e4detulkki<\/p>\n<p>Pinnankarheuden vertailusarja tai mittalaite<\/p>\n<p>Mittapalasarja<\/p>\n<p>Kierretappitulkki M40x2 Meno\/Hylky<\/p>\n<p><strong>CNC-jyrsint\u00e4<\/strong><\/p>\n<p>Ty\u00f6nt\u00f6mitta 0-130 mm<\/p>\n<p>Ulkopuolinen mikrometri 0-130 mm<\/p>\n<p>Syvyysty\u00f6nt\u00f6mitta 0-50 mm<\/p>\n<p>Syvyysmikrometri 0-50 mm<\/p>\n<p>Sis\u00e4puolinen kolmipistemikrometri halkaisijalle 30-50mm<\/p>\n<p>Sis\u00e4puolinen kaksipistemikrometri\u00a0 5-10mm tai mittapalasarja<\/p>\n<p>Suorakulmain<\/p>\n<p>R2 ja R160 s\u00e4detulkki<\/p>\n<p>Pinnankarheuden vertailusarja tai mittalaite<\/p>\n<p>Paikoituslaite (3D tai vastaava)<\/p>\n<p>Mittakello magneettijalalla<\/p>\n<p>Suuntaispalasarja<\/p>\n<p>Kierretappitulkki M8x1,25 Meno\/Hylky<\/p>\n<h2><strong>Kuvaus arvioinnin toteuttamisesta<\/strong><\/h2>\n<h6><em><strong>Lajissa 603 tarjolla olevien finaalipaikkojen m\u00e4\u00e4r\u00e4 jaetaan CNC-sorvaus ja CNC-jyrsint\u00e4 lajeihin ilmoittautuneiden m\u00e4\u00e4r\u00e4n suhteessa.<\/strong><\/em><\/h6>\n<p>Tuomarit valvoo kameran avulla kilpailijoiden suoritusta. Kilpailup\u00e4iv\u00e4n aamuna semifinaalivastaava leimaa kilpailukappaleen tuomarien seuratessa toimitusta kameran avulla. Jonka j\u00e4lkeen kilpailukappaleen vaihtaminen on kielletty\u00e4. Kilpailija suorittaa kappaleen koneistukset valitsemallaan ty\u00f6st\u00f6koneella. Semifinaalivastaava on varannut koneisiin teht\u00e4v\u00e4ss\u00e4 k\u00e4ytetyt ty\u00f6kalut esiasetettuina ja kiinnitysv\u00e4lineet sek\u00e4 mittav\u00e4lineet. Muiden ty\u00f6kalujen ja mittav\u00e4lineidenk\u00e4ytt\u00f6 on kielletty. Kilpailija vastaa kiinnittimien suoruudesta ja kappaleiden turvallisesta kiinnitt\u00e4misest\u00e4 kilpailun aikana.<\/p>\n<p>&nbsp;<\/p>\n<p>Kilpailuajan j\u00e4lkeen kilpailukappaleet valokuvataan semifinaalivastaavan toimesta kilpailualueella. Semifinaalivastaava pakkaa kilpailukappaleet ja piirustuksen sek\u00e4 valokuvaa mittausp\u00f6yt\u00e4kirjan. Semifinaalivastaava l\u00e4hett\u00e4\u00e4 kappaleet ja p\u00f6yt\u00e4kirjat rahtina Turkuun. Mittauksen suorittaa\u00a0<a href=\"http:\/\/www.koneteknologiakeskus.fi\/content\/fi\/1\/1046\/Mittaus-%20ja%20kalibrointipalvelut.html\">Koneteknologiakeskus Turku Oy<\/a>, jossa ne mitataan CNC-koordinaattimittakoneella ja arvioidaan kaikki yhdell\u00e4 kertaa. Jokaisessa mitan arviointikohteessa on huomioitu kilpailijan mittav\u00e4lineen mittausep\u00e4varmuus laajentamalla toleranssialuetta 0,005 mm suuntaansa.<\/p>\n<p>Saadut mittaustulokset, pinnankarheusmittauksen tulokset ja muut arviointikohteet\u00a0 talletetaan CIS-pistelaskuohjelmaan, jonka antamien pisteiden perusteella kilpailijat asetetaan paremmuusj\u00e4rjestykseen. Tasatuloksen sattuessa CIS-p\u00f6yt\u00e4kirjan ensimm\u00e4inen parempi pistem\u00e4\u00e4r\u00e4 ratkaisee sijoituksen. Tulosten valmistuttua jokaiselle kilpailijalle ja huoltajalle toimitetaan oman kilpailijansa CIS-p\u00f6yt\u00e4kirja Skills-s\u00e4\u00e4nt\u00f6jen mukaisesti.<\/p>\n<p>&nbsp;<\/p>\n<h2>P\u00e4\u00e4asialliset arviointikriteerit<\/h2>\n<p>Tarkempi arviointi tehd\u00e4\u00e4n CIS import -lomakkeelle. Kilpailuteht\u00e4v\u00e4 arvioidaan asteikolla 0-100 p.<\/p>\n<p><a href=\"https:\/\/blog.edu.turku.fi\/cnc-koneistus\/files\/2022\/03\/marking_form_CNC-sorvaus2022.pdf\">marking_form_CNC-sorvaus2022<\/a><\/p>\n<p><a href=\"https:\/\/blog.edu.turku.fi\/cnc-koneistus\/files\/2022\/03\/marking_form_CNC-jyrsinta2022.pdf\">marking_form_CNC-jyrsint\u00e42022<\/a><\/p>\n<p>&nbsp;<\/p>\n<ol>\n<li>Kilpailijan tekem\u00e4 mittausp\u00f6yt\u00e4kirjan merkint\u00e4 vastaa kappaleen todellista mittaa\u00a0<strong>5 p<\/strong>\u00a0(Mittausp\u00f6yt\u00e4kirjaan merkitt\u00e4v\u00e4t mitat on merkattu piirustukseen numeroinnilla!)<\/li>\n<li>Pinnanlaatu\u00a0<strong>5 p<\/strong><\/li>\n<li>P\u00e4\u00e4mitat\u00a0<strong>50 p<\/strong><\/li>\n<li>Apumitat\u00a0<strong>25 p<\/strong><\/li>\n<li>Ty\u00f6turvallisuus, t\u00f6rm\u00e4ykset kappaleeseen ym. ja ty\u00f6kalun rikkoutuminen\u00a0<strong>5 p<\/strong><\/li>\n<li>Tuote on piirustuksen osoittamalla tavalla muodoltaan valmiina\u00a0<strong>10 p<\/strong><\/li>\n<\/ol>\n<p>Pisteet yhteens\u00e4\u00a0<strong>100 p<\/strong><\/p>\n<p>&nbsp;<\/p>\n<h2>K\u00c4YT\u00c4NN\u00d6N OHJEITA<\/h2>\n<p>&nbsp;<\/p>\n<p>Kilpailijan pit\u00e4\u00e4 todistaa henkil\u00f6llisyytens\u00e4 (my\u00f6s KELA-kortti k\u00e4y) ennen kilpailun alkua.<\/p>\n<p>Henkil\u00f6kohtaiset suojav\u00e4lineet ja ty\u00f6vaatteet tuo jokainen kilpailija mukanaan. Suojalasien k\u00e4ytt\u00e4minen ohjelmoinnin aikana ei ole pakollista, mutta kun ty\u00f6st\u00f6tila avataan, niin silloin lasit pit\u00e4\u00e4 olla silmill\u00e4. N\u00e4iden k\u00e4ytt\u00f6\u00e4 valvotaan\/arvioidaan ja t\u00e4m\u00e4 pit\u00e4\u00e4 ilmoittaa kilpailijoille ennen kilpailun alkua.\u00a0<strong><em>Suojav\u00e4lineiden k\u00e4ytt\u00e4m\u00e4tt\u00e4 j\u00e4tt\u00e4minen<\/em><\/strong>\u00a0huomautetaan kilpailijalle ja tuomari kirjoittaa raportin huomautuksesta. My\u00f6s tapahtuneista\u00a0<strong><em>t\u00f6rm\u00e4yksist\u00e4 ja ty\u00f6kalurikoista<\/em><\/strong>\u00a0on kirjoitetaan raportti tuomarin toimesta. Piirustus toimitetaan kilpailukappaleen mukana semifinaalikoordinaattorille. Tieto huomautuksesta ja t\u00f6rm\u00e4yksest\u00e4 ym. tulee arvioitsijoiden tietoon tuomarin raportissa.<\/p>\n<p>Henkil\u00f6kohtaisia opiskeluv\u00e4lineit\u00e4, muistiinpanoja, oppikirjoja, taulukkokirjoja ja laskimia kilpailija saa k\u00e4ytt\u00e4\u00e4 vapaasti.<\/p>\n<p><strong><em>Huomio! K\u00e4nnyk\u00e4n k\u00e4ytt\u00f6 kilpailun aikana on kielletty<\/em><\/strong><strong>!<\/strong>\u00a0(tuomarin valvonnassa voi kilpailija k\u00e4ytt\u00e4\u00e4 esimerkiksi ty\u00f6st\u00f6arvojen laskennassa k\u00e4ytett\u00e4vi\u00e4 App-ohjelmistoja tai nettisivustoja).<\/p>\n<p>Kilpailijan on t\u00e4ytett\u00e4v\u00e4 piirustuksessa olevaa mittausp\u00f6yt\u00e4kirjaa kilpailuajan puitteissa, koska se on yksi arvioitava kohde<strong><em>.<\/em><\/strong>\u00a0Kukin p\u00f6yt\u00e4kirjaan merkitt\u00e4v\u00e4 mittatulos on numeroitu piirustukseen. Kierretulkin mittaus merkit\u00e4\u00e4n ok\/ei-sanoilla<\/p>\n<p>Noin 15 minuuttia ennen kilpailuajan p\u00e4\u00e4ttymist\u00e4 kilpailijoille kerrotaan j\u00e4ljell\u00e4 oleva aika. Kun suoritusaika (6h) on t\u00e4ynn\u00e4 k\u00e4sket\u00e4\u00e4n lopettamaan ty\u00f6skentely v\u00e4litt\u00f6m\u00e4sti. Jos ty\u00f6st\u00f6koneella on ty\u00f6kierto kesken, pys\u00e4ytet\u00e4\u00e4n kone siihen pisteeseen, kun ter\u00e4 irtoaa kappaleesta. Kappale irrotetaan kiinnittimest\u00e4 ja puhdistetaan. Kappaleelle ei saa tehd\u00e4 viimeistely\u00e4 (viilaus ym. toimenpiteit\u00e4) kilpailuajan j\u00e4lkeen. Kilpailija palauttaa tekem\u00e4ns\u00e4 tuotteen ja piirustuksen saatuaan tuotteen valmiiksi tai ajan loppues<em>sa<\/em>. Kilpailijoita kehotetaan kysym\u00e4\u00e4n aina, kun heill\u00e4 on ongelmia, ennen kuin k\u00e4y vahinkoja. Jos jollakin\u00a0 kilpailijalla on ongelma, h\u00e4n ottaa yhteytt\u00e4 tuomariin. Tuomari tekee p\u00e4\u00e4t\u00f6ksen voiko vastata vai ei.<\/p>\n<p><strong><em>Jos kilpailijalla on ongelma kilpailun aikana, h\u00e4n pyyt\u00e4\u00e4 tuomarin keskusteluyhteyteen<\/em><\/strong>. T\u00e4ll\u00f6in ensimm\u00e4inen teht\u00e4v\u00e4 on katsoa kelloa ja sitten vasta aloittaa selvitt\u00e4m\u00e4\u00e4n ongelmaa. Kun ongelma on ratkaistu, katsotaan taas kelloa. T\u00e4m\u00e4n j\u00e4lkeen tuomari p\u00e4\u00e4tt\u00e4\u00e4 oliko ongelma kilpailijan omasta toiminnasta johtuvaa vaiko v\u00e4lineist\u00e4 johtuvaa. Jos ongelma johtui v\u00e4lineist\u00e4, saa kilpailija lis\u00e4aikaa. Tarvittaessa tuomari tekee tarvittaessa p\u00e4\u00e4tuomarin kanssa p\u00e4\u00e4t\u00f6ksen lis\u00e4ajasta.<\/p>\n<p>Kilpailusuorituksen j\u00e4lkeen\u00a0<strong><em>semifinaalivastaava\u00a0valokuvaa kilpailukappaleen, piirustuksen mittausp\u00f6yt\u00e4kirjan ja piirustuksen taustapuolen<\/em><\/strong>, mik\u00e4li siell\u00e4 on merkint\u00f6j\u00e4. H\u00e4n pakkaa kilpailukappaleet huolellisesti semifinaalivastaavan varaamaan pahvilaatikkoon, lis\u00e4\u00e4 sinne kilpailijoiden piirustukset ja sinet\u00f6i laatikon teipill\u00e4 kuljetusvalmiiksi.<\/p>\n<h3><strong>Semifinaalivastaavan vastuulla on<\/strong>,<\/h3>\n<p>ett\u00e4 ty\u00f6st\u00f6koneet ovat kunnossa ja ty\u00f6kalut sek\u00e4 kappaleen kiinnittimet ovat esiasetettuina ja valmiina koneessa ennen kilpailun alkamista. Lis\u00e4ksi j\u00e4rjest\u00e4j\u00e4 vastaa CAM-ohjelmiston toimivuudesta ja tiedonsiirrosta ty\u00f6st\u00f6koneelle. H\u00e4nen teht\u00e4v\u00e4ns\u00e4 on kouluttaa kilpailija k\u00e4ytt\u00e4m\u00e4\u00e4n oheisia v\u00e4lineit\u00e4. Vastaava vastaa my\u00f6s kilpailijoiden k\u00e4yt\u00f6ss\u00e4 olevista mittav\u00e4lineist\u00e4 ja niiden kunnosta. Kilpailijat voivat k\u00e4ytt\u00e4\u00e4 yhdess\u00e4 ja samanaikaisesti samoja mittav\u00e4lineit\u00e4 tarvittaessa. Kilpailijoiden ja tuomarin pit\u00e4\u00e4 olla tietoisia kyseisest\u00e4 k\u00e4yt\u00e4nn\u00f6st\u00e4, sill\u00e4 lis\u00e4aikaa EI anneta mittav\u00e4lineen odotusajasta.<\/p>\n<p>Kilpailualueelta j\u00e4rjestet\u00e4\u00e4n LIVE-kamera kuvaa tuomarille TEAMS-sovelluksen kautta, kuvassa pit\u00e4\u00e4 n\u00e4ky\u00e4 kilpailijan\/kilpailijoiden toiminta. Semifinaalikoordinaattori l\u00e4hett\u00e4\u00e4 kokouslinkin jokaiselle paikkakunnalle.<\/p>\n<p>Piirustukset tulevat semifinaalivastaavalle kilpailup\u00e4iv\u00e4n aamuna s\u00e4hk\u00f6postin liitteen\u00e4\u00a0<strong><em>PDF-tiedostona<\/em><\/strong>. Vastaavan teht\u00e4v\u00e4 on tulostaa jokaiselle kilpailijalle yksi piirustus\u00a0 <strong><em>A3\u00a0<\/em><\/strong>kokoisena. Lis\u00e4ksi piirustuksen liitteen\u00e4 tulevat 3D-mallit, vastaava siirt\u00e4\u00e4 kilpailijoiden koneelle.<\/p>\n<p><a href=\"https:\/\/blog.edu.turku.fi\/cnc-koneistus\/files\/2022\/03\/Taitaja2022-603-Ohjeet-semifinaalivastaavalle.pdf\">Taitaja2022-603 Ohjeet semifinaalivastaavalle<\/a><\/p>\n","protected":false},"excerpt":{"rendered":"<p>Semifinaalissa kilpailija valitsee ennakolta,\u00a0suorittaako kilpailusuorituksen\u00a0CNC-sorvilla\u00a0tai vaihtoehtoisesti\u00a0CNC-koneistuskeskuksella. Semifinaalin osaamisvaatimukset Semifinaaliteht\u00e4v\u00e4t perustuvat oheisiin Kone- ja tuotantotekniikan perustutkinnon\u00a0 tutkinnonosien ammattitaitovaatimuksiin. CAD\/CAM ohjelmoinnin osalta<\/p>\n","protected":false},"author":2361,"featured_media":0,"parent":0,"menu_order":0,"comment_status":"closed","ping_status":"closed","template":"","meta":{"colormag_page_container_layout":"default_layout","colormag_page_sidebar_layout":"default_layout","footnotes":""},"class_list":["post-219","page","type-page","status-publish","hentry"],"_links":{"self":[{"href":"https:\/\/blog.edu.turku.fi\/cnc-koneistus\/wp-json\/wp\/v2\/pages\/219","targetHints":{"allow":["GET"]}}],"collection":[{"href":"https:\/\/blog.edu.turku.fi\/cnc-koneistus\/wp-json\/wp\/v2\/pages"}],"about":[{"href":"https:\/\/blog.edu.turku.fi\/cnc-koneistus\/wp-json\/wp\/v2\/types\/page"}],"author":[{"embeddable":true,"href":"https:\/\/blog.edu.turku.fi\/cnc-koneistus\/wp-json\/wp\/v2\/users\/2361"}],"replies":[{"embeddable":true,"href":"https:\/\/blog.edu.turku.fi\/cnc-koneistus\/wp-json\/wp\/v2\/comments?post=219"}],"version-history":[{"count":13,"href":"https:\/\/blog.edu.turku.fi\/cnc-koneistus\/wp-json\/wp\/v2\/pages\/219\/revisions"}],"predecessor-version":[{"id":248,"href":"https:\/\/blog.edu.turku.fi\/cnc-koneistus\/wp-json\/wp\/v2\/pages\/219\/revisions\/248"}],"wp:attachment":[{"href":"https:\/\/blog.edu.turku.fi\/cnc-koneistus\/wp-json\/wp\/v2\/media?parent=219"}],"curies":[{"name":"wp","href":"https:\/\/api.w.org\/{rel}","templated":true}]}}