{"id":2,"date":"2018-09-19T14:29:41","date_gmt":"2018-09-19T11:29:41","guid":{"rendered":"https:\/\/blog.edu.turku.fi\/cnc-koneistus\/?page_id=2"},"modified":"2024-09-13T15:50:02","modified_gmt":"2024-09-13T12:50:02","slug":"taitaja2019-semifinaalit","status":"publish","type":"page","link":"https:\/\/blog.edu.turku.fi\/cnc-koneistus\/taitaja2019-semifinaalit\/","title":{"rendered":"Taitaja2019 semifinaalit"},"content":{"rendered":"<h3><strong>Semifinaalin aikataulu ja paikka<\/strong><\/h3>\n<p>Kilpailijan oman oppilaitoksen ty\u00f6sali,\u00a0<strong>tiistaina 29.1.2019<\/strong><\/p>\n<p><a href=\"https:\/\/blog.edu.turku.fi\/cnc-koneistus\/files\/2020\/03\/Kutsu-ja-ohje-kilpailjoille.pdf\">Kutsu ja ohje kilpailjoille<\/a><\/p>\n<p>&nbsp;<\/p>\n<h3><strong>Kilpailuteht\u00e4vien rakenne ja teht\u00e4v\u00e4moduulien keskeiset sis\u00e4ll\u00f6t<\/strong><\/h3>\n<p>Semifinaali suoritetaan CNC-sorvilla ja CNC-jyrsimell\u00e4. Kilpailija saa vain yhden leimatun aihion\/kone. Ohjelmoinnissa saa k\u00e4ytt\u00e4\u00e4 oppilaitoksen k\u00e4yt\u00f6ss\u00e4 olevia CAD- ja CAM-ohjelmistoja sek\u00e4 keskustelevia ohjauksia.<\/p>\n<p><em>Kilpailija koneistaa itselleen kilpailuaihion oman koulunsa materiaaleista etuk\u00e4teen julkaistun piirustuksen mukaisesti.<\/em><\/p>\n<p><a href=\"https:\/\/blog.edu.turku.fi\/cnc-koneistus\/files\/2018\/09\/Sorvaus-aihio.pdf\">Sorvaus-aihio<\/a><strong><u><br \/>\n<\/u><\/strong><\/p>\n<p><a href=\"https:\/\/blog.edu.turku.fi\/cnc-koneistus\/files\/2018\/09\/Jyrsint\u00e4-aihio.pdf\">Jyrsint\u00e4-aihio<\/a><\/p>\n<p>&nbsp;<\/p>\n<h3><strong>Moduuli 1. Sorvaus<\/strong><\/h3>\n<p><a href=\"https:\/\/blog.edu.turku.fi\/cnc-koneistus\/files\/2020\/03\/CNC-Sorvaus-semifinaali.pdf\">CNC-Sorvaus-semifinaali<\/a><br \/>\nTeht\u00e4v\u00e4\u00e4n k\u00e4ytett\u00e4v\u00e4 kilpailuaika 3h<\/p>\n<p><strong>CNC-sorvauksessa<\/strong>\u00a0kilpailija tekee NC-ohjelman, tarvittavat koneasetukset ja kappaleen sorvauksen valmista-maansa ja tuomarin leimaamaan aihioon. Kappaleessa on muodon ulkosorvausta, otsasorvausta, uranpistoa, ulkokierteensorvausta, sis\u00e4rei\u00e4n avartamista ja sis\u00e4kierteensorvausta.\u00a0Kappaleessa on ulkomuodon sorvausta, pist\u00e4mist\u00e4, ulkokierteen sorvausta ja sis\u00e4sorvausta. Kilpailija t\u00e4ytt\u00e4\u00e4 piirustuksessa olevaa mittausp\u00f6yt\u00e4kirjaa kilpailun aikana.<\/p>\n<p>&nbsp;<\/p>\n<h3><strong>Moduuli 2. Jyrsint\u00e4<\/strong><\/h3>\n<p><a href=\"https:\/\/blog.edu.turku.fi\/cnc-koneistus\/files\/2020\/03\/CNC-Jyrsint\u00e4-semifinaali.pdf\">CNC-Jyrsint\u00e4-semifinaali<\/a><br \/>\nTeht\u00e4v\u00e4\u00e4n k\u00e4ytett\u00e4v\u00e4 kilpailuaika 3h<\/p>\n<p><strong>CNC-jyrsinn\u00e4ss\u00e4<\/strong>\u00a0kilpailija tekee NC-ohjelman, tarvittavat koneasetukset ja kappaleen jyrsinn\u00e4t valmistamaansa ja tuomarin leimaamaan aihioon. Kappaleessa on muodon jyrsint\u00e4\u00e4, porausta, tapilla kierteytyst\u00e4, viistejyrsint\u00e4\u00e4, avartamista ja taskunjyrsint\u00e4\u00e4. Kilpailija t\u00e4ytt\u00e4\u00e4 piirustuksessa olevaa mittausp\u00f6yt\u00e4kirjaa kilpailun aikana.<\/p>\n<p>&nbsp;<\/p>\n<h3>Teht\u00e4vien laajuus ja k\u00e4ytett\u00e4viss\u00e4 oleva aika<\/h3>\n<p>Aikaa teht\u00e4v\u00e4n suorittamiseen on varattu 2\u00d73 tuntia. Aika laitetaan k\u00e4yntiin siin\u00e4 vaiheessa, kun ty\u00f6piirustus annetaan kilpailijalle. Ruokailun j\u00e4lkeen vaihdetaan konetta.<\/p>\n<p><a href=\"https:\/\/blog.edu.turku.fi\/cnc-koneistus\/files\/2020\/03\/Kilpailun-aikataulu.pdf\">Kilpailun aikataulu<\/a><\/p>\n<p>&nbsp;<\/p>\n<h3>P\u00e4\u00e4asialliset arviointikriteerit<\/h3>\n<p>Mittausp\u00f6yt\u00e4kirjaan merkitt\u00e4v\u00e4t mitat on merkattu piirustukseen numeroinnilla!<\/p>\n<ol>\n<li>Kilpailijan tekem\u00e4 mittausp\u00f6yt\u00e4kirjan merkint\u00e4 vastaa kappaleen todellista mittaa\u00a0<strong>10 p<\/strong><\/li>\n<li>Pinnanlaatu\u00a0<strong>5 p<\/strong><\/li>\n<li>P\u00e4\u00e4mitat\u00a0<strong>50 p<\/strong><\/li>\n<li>Apumitat\u00a0<strong>25 p<\/strong><\/li>\n<li>Ty\u00f6turvallisuus, t\u00f6rm\u00e4ykset kappaleeseen ym. ja ty\u00f6kalun rikkoutuminen\u00a0<strong>5 p<\/strong><\/li>\n<li>Tuote on piirustuksen osoittamalla tavalla muodoltaan valmiina\u00a0<strong>5 p<\/strong><\/li>\n<\/ol>\n<p>Pisteet yhteens\u00e4\u00a0<strong>100 p<\/strong><\/p>\n<p><a href=\"https:\/\/blog.edu.turku.fi\/cnc-koneistus\/files\/2020\/03\/marking_form_CNC-koneistus.pdf\">marking_form_CNC-koneistus<\/a><\/p>\n<p>&nbsp;<\/p>\n<h3>Kuvaus arvioinnin toteuttamisesta<\/h3>\n<p>Jokaisesta osallistuvasta toimipisteest\u00e4 matkustaa tuomari toiselle paikkakunnalle valvomaan ja arvioimaan kilpailijoiden suoritusta. Kilpailup\u00e4iv\u00e4n aamuna tuomari leimaa kilpailukappaleen. Jonka j\u00e4lkeen kilpailukappaleen vaihtaminen on kielletty\u00e4. Kilpailija suorittaa kappaleiden koneistukset kahdella ty\u00f6st\u00f6koneella. H\u00e4n voi valita ty\u00f6skentelyj\u00e4rjestyksen. Mik\u00e4li kilpailijoita on useampia samassa ty\u00f6salissa, niin tuomari arpoo kullekin kilpailijalle ty\u00f6j\u00e4rjestyksen. Kilpailuiden j\u00e4rjest\u00e4j\u00e4 on varannut koneisiin teht\u00e4v\u00e4ss\u00e4 k\u00e4ytetyt ty\u00f6kalut esiasetettuina ja kiinnitysv\u00e4lineet sek\u00e4 mittav\u00e4lineet. Muiden ty\u00f6kalujen ja mittav\u00e4lineidenk\u00e4ytt\u00f6 on kielletty. Kilpailija vastaa kiinnittimien suoruudesta ja kappaleiden turvallisesta kiinnitt\u00e4misest\u00e4 kilpailun aikana.<\/p>\n<p><a href=\"https:\/\/blog.edu.turku.fi\/cnc-koneistus\/files\/2020\/03\/Tuomarit-J\u00e4rjest\u00e4j\u00e4t.pdf\">Tuomarit-J\u00e4rjest\u00e4j\u00e4t<\/a><\/p>\n<p>Kilpailuajan j\u00e4lkeen kilpailukappaleet valokuvataan ja mittausp\u00f6yt\u00e4kirja t\u00e4ydennet\u00e4\u00e4n (kontrollimittaus) tuomarin toimesta kilpailualueella. Tuomari pakkaa kilpailukappaleet, valokuvaa mittausp\u00f6yt\u00e4kirjan ja l\u00e4hett\u00e4\u00e4 kappaleet ja p\u00f6yt\u00e4kirjat rahtina Turkuun. Mittauksen suorittaa <a href=\"http:\/\/www.koneteknologiakeskus.fi\/\">Koneteknologiakeskus Turku Oy<\/a>, jossa ne mitataan CNC-koordinaattimittakoneella ja arvioidaan kaikki yhdell\u00e4 kertaa.<\/p>\n<p>&nbsp;<\/p>\n<h3>Kilpailussa k\u00e4ytett\u00e4v\u00e4t materiaalit, laitteet ja ty\u00f6v\u00e4lineet<\/h3>\n<p><a href=\"https:\/\/blog.edu.turku.fi\/cnc-koneistus\/files\/2020\/03\/K\u00e4ytett\u00e4viss\u00e4-olevat-ty\u00f6kalut.pdf\">K\u00e4ytett\u00e4viss\u00e4 olevat ty\u00f6kalut<\/a><\/p>\n<p>Lis\u00e4ksi on ty\u00f6kalut ty\u00f6kalupitimen\/ter\u00e4n vaihtoa varten.\u00a0 Sek\u00e4 ty\u00f6kalut kappaleen viimeistely\u00e4 varten. Esimerkiksi Viila, Hiomapaperia, k\u00e4sikaavari, (Karahiomakone varusteineen ym).<\/p>\n<p><strong>K\u00e4ytett\u00e4viss\u00e4 olevat mittav\u00e4lineet<\/strong><\/p>\n<ul>\n<li>Ty\u00f6nt\u00f6mitta 0-150 mm<\/li>\n<li>Ulkopuolinen mikrometri 0-150 mm<\/li>\n<li>Ulkopuolinen kierremikrometri M90x2 kierteelle<\/li>\n<li>Lautasmikrometri 0-25 mm<\/li>\n<li>Syvyysty\u00f6nt\u00f6mitta 0-50 mm<\/li>\n<li>Syvyysmikrometri 0-50 mm<\/li>\n<li>Sis\u00e4puolinen kolmipistemikrometri halkaisijoille 25, 36, 38, 40, 55 ja 60 mm<\/li>\n<li>Suorakulmain<\/li>\n<li>R2, R5, R8 ja R10 s\u00e4detulkki<\/li>\n<li>Pinnankarheuden vertailusarja tai mittalaite<\/li>\n<li>Mittapalasarja<\/li>\n<li>Paikoituslaite (3D tai vastaava)<\/li>\n<li>Mittakello magneettijalalla<\/li>\n<li>Suuntaispalasarja<\/li>\n<li>Kierretappitulkki M40x2 Meno\/Hylky<\/li>\n<li>Kierretappitulkki M10x1,5 Meno\/Hylky<\/li>\n<\/ul>\n<p>&nbsp;<\/p>\n<h3>Kilpailija tuo tullessaan<\/h3>\n<ul>\n<li>Kilpailijan pit\u00e4\u00e4 todistaa henkil\u00f6llisyytens\u00e4 (my\u00f6s KELA-kortti k\u00e4y).<\/li>\n<li>Henkil\u00f6kohtaiset suojav\u00e4lineet ja ty\u00f6vaatteet<\/li>\n<li>Henkil\u00f6kohtaiset opiskeluv\u00e4lineet, muistiinpanot, oppikirjat, taulukkokirjat ja laskimen<\/li>\n<li>Huomio! K\u00e4nnyk\u00e4n k\u00e4ytt\u00f6 kilpailun aikana on kielletty! (tuomarin valvonnassa voi kilpailija k\u00e4ytt\u00e4\u00e4 esi-merkiksi ty\u00f6st\u00f6arvojen laskennassa k\u00e4ytett\u00e4vi\u00e4 App-ohjelmistoja tai nettisivustoja)<\/li>\n<li><\/li>\n<\/ul>\n<h3>Ohje J\u00e4rjest\u00e4jille ja Tuomareille<\/h3>\n<p><a href=\"https:\/\/blog.edu.turku.fi\/cnc-koneistus\/files\/2020\/03\/OHJE-J\u00e4rjest\u00e4jille-ja-tuomarille-TAITAJA2019.pdf\">OHJE J\u00e4rjest\u00e4jille ja tuomarille TAITAJA2019<\/a><\/p>\n","protected":false},"excerpt":{"rendered":"<p>Semifinaalin aikataulu ja paikka Kilpailijan oman oppilaitoksen ty\u00f6sali,\u00a0tiistaina 29.1.2019 Kutsu ja ohje kilpailjoille &nbsp; Kilpailuteht\u00e4vien rakenne ja teht\u00e4v\u00e4moduulien keskeiset sis\u00e4ll\u00f6t<\/p>\n","protected":false},"author":2361,"featured_media":0,"parent":0,"menu_order":0,"comment_status":"closed","ping_status":"open","template":"","meta":{"colormag_page_container_layout":"default_layout","colormag_page_sidebar_layout":"default_layout","footnotes":""},"class_list":["post-2","page","type-page","status-publish","hentry"],"_links":{"self":[{"href":"https:\/\/blog.edu.turku.fi\/cnc-koneistus\/wp-json\/wp\/v2\/pages\/2","targetHints":{"allow":["GET"]}}],"collection":[{"href":"https:\/\/blog.edu.turku.fi\/cnc-koneistus\/wp-json\/wp\/v2\/pages"}],"about":[{"href":"https:\/\/blog.edu.turku.fi\/cnc-koneistus\/wp-json\/wp\/v2\/types\/page"}],"author":[{"embeddable":true,"href":"https:\/\/blog.edu.turku.fi\/cnc-koneistus\/wp-json\/wp\/v2\/users\/2361"}],"replies":[{"embeddable":true,"href":"https:\/\/blog.edu.turku.fi\/cnc-koneistus\/wp-json\/wp\/v2\/comments?post=2"}],"version-history":[{"count":4,"href":"https:\/\/blog.edu.turku.fi\/cnc-koneistus\/wp-json\/wp\/v2\/pages\/2\/revisions"}],"predecessor-version":[{"id":153,"href":"https:\/\/blog.edu.turku.fi\/cnc-koneistus\/wp-json\/wp\/v2\/pages\/2\/revisions\/153"}],"wp:attachment":[{"href":"https:\/\/blog.edu.turku.fi\/cnc-koneistus\/wp-json\/wp\/v2\/media?parent=2"}],"curies":[{"name":"wp","href":"https:\/\/api.w.org\/{rel}","templated":true}]}}