{"id":118,"date":"2020-03-16T13:07:54","date_gmt":"2020-03-16T11:07:54","guid":{"rendered":"https:\/\/blog.edu.turku.fi\/cnc-koneistus\/?page_id=118"},"modified":"2020-03-18T13:32:10","modified_gmt":"2020-03-18T11:32:10","slug":"taitaja2020-semifinaalit","status":"publish","type":"page","link":"https:\/\/blog.edu.turku.fi\/cnc-koneistus\/taitaja2020-semifinaalit\/","title":{"rendered":"Taitaja2020 Semifinaalit"},"content":{"rendered":"<h3><span style=\"color: #ff0000\">Semifinaali suoritetaan CNC-sorvilla tai vaihtoehtoisesti CNC-koneistuskeskuksella.<\/span><\/h3>\n<p><a href=\"https:\/\/blog.edu.turku.fi\/cnc-koneistus\/files\/2020\/03\/taitaja-2020-CNC-koneistus-semifinaalikutsu.pdf\">taitaja-2020-CNC-koneistus-semifinaalikutsu<\/a><\/p>\n<p>Materiaalit:\u00a0<em>Kilpailija koneistaa itselleen kilpailuaihion (S355) oman koulunsa materiaaleista etuk\u00e4teen julkaistun piirustuksen mukaisesti.<\/em><\/p>\n<p><a href=\"https:\/\/blog.edu.turku.fi\/cnc-koneistus\/files\/2019\/10\/Sorvaus-aihio2020.pdf\">Sorvaus-aihio2020<\/a><\/p>\n<p><a href=\"https:\/\/blog.edu.turku.fi\/cnc-koneistus\/files\/2019\/10\/Jyrsint\u00e4-aihio2020-1.pdf\">Jyrsint\u00e4-aihio2020<\/a><\/p>\n<p>Kilpailup\u00e4iv\u00e4n aamuna tuomari leimaa kilpailukappaleen kilpailijan ID-numerolla. Aihiossa on koneistettu lovi johon leimaus suoritetaan. Jonka j\u00e4lkeen kilpailukappaleen vaihtaminen on kielletty\u00e4.<\/p>\n<p>Kilpailuiden j\u00e4rjest\u00e4j\u00e4 on varannut koneisiin teht\u00e4v\u00e4ss\u00e4 k\u00e4ytetyt ty\u00f6kalut esiasetettuina ja kiinnitysv\u00e4lineet sek\u00e4 mittav\u00e4lineet. Muiden ty\u00f6kalujen ja mittav\u00e4lineiden k\u00e4ytt\u00f6 on kielletty. Kilpailija vastaa kiinnittimien suoruudesta ja kappaleiden turvallisesta kiinnitt\u00e4misest\u00e4 kilpailun aikana.<\/p>\n<h2><strong><u>CNC-Sorvaus<\/u><\/strong><\/h2>\n<p>Teht\u00e4v\u00e4\u00e4n k\u00e4ytett\u00e4v\u00e4 kilpailuaika 6h<\/p>\n<p><strong>CNC-sorvauksessa<\/strong>\u00a0kilpailija tekee NC-ohjelman, tarvittavat koneasetukset ja kappaleen sorvauksen valmistamaansa ja tuomarin leimaamaan aihioon.\u00a0Kappaleessa on ulkomuodon sorvausta, pist\u00e4mist\u00e4, ulkokierteen ja sis\u00e4kierteen sorvausta ja sis\u00e4sorvausta. Kilpailija t\u00e4ytt\u00e4\u00e4 piirustuksessa olevaa mittausp\u00f6yt\u00e4kirjaa kilpailun aikana. Kilpailija saa A3-piirustuksen sek\u00e4 perusmitoilla olevan 3D-mallin IGES- ja STEP-tiedostomuotona k\u00e4ytt\u00f6\u00f6ns\u00e4.<\/p>\n<p><a href=\"https:\/\/blog.edu.turku.fi\/cnc-koneistus\/files\/2020\/03\/CNC-Sorvaus-semi2020-1.pdf\">CNC-Sorvaus-semi2020<\/a><\/p>\n<p>&nbsp;<\/p>\n<h2><strong><u>CNC-Jyrsint\u00e4<\/u><\/strong><\/h2>\n<p>Teht\u00e4v\u00e4\u00e4n k\u00e4ytett\u00e4v\u00e4 kilpailuaika 6h<\/p>\n<p><strong>CNC-jyrsinn\u00e4ss\u00e4<\/strong>\u00a0kilpailija tekee NC-ohjelman, tarvittavat koneasetukset ja kappaleen jyrsinn\u00e4t valmistamaansa ja tuomarin leimaamaan aihioon. Kappaleessa on muodon jyrsint\u00e4\u00e4, porausta, tapilla kierteytyst\u00e4, viistejyrsint\u00e4\u00e4 ja taskunjyrsint\u00e4\u00e4. Kilpailija t\u00e4ytt\u00e4\u00e4 piirustuksessa olevaa mittausp\u00f6yt\u00e4kirjaa kilpailun aikana. Kilpailija saa A3-piirustuksen sek\u00e4 perusmitoilla olevan 3D-mallin IGES- ja STEP-tiedostomuotona k\u00e4ytt\u00f6\u00f6ns\u00e4.<\/p>\n<p><a href=\"https:\/\/blog.edu.turku.fi\/cnc-koneistus\/files\/2020\/03\/CNC-Jyrsint\u00e4-semi2020-1.pdf\">CNC-Jyrsint\u00e4-semi2020<\/a><\/p>\n<h2>Kilpailup\u00e4iv\u00e4n aikataulu<\/h2>\n<p>Aika laitetaan k\u00e4yntiin siin\u00e4 vaiheessa, kun ty\u00f6piirustus annetaan kilpailijalle. Piirustukseen kirjoitetaan kilpailijan ID-numero.<\/p>\n<p><a href=\"https:\/\/blog.edu.turku.fi\/cnc-koneistus\/files\/2019\/10\/CNC-koneistus-aikataulu-28.1.2020.pdf\">CNC-koneistus aikataulu 28.1.2020<\/a><\/p>\n<h2>Kilpailussa k\u00e4ytett\u00e4v\u00e4t ty\u00f6kalut<\/h2>\n<p><a href=\"https:\/\/blog.edu.turku.fi\/cnc-koneistus\/files\/2019\/10\/603-Taitaja2020-ty%C3%B6kalut.-1.pdf\"><strong>Kilpailussa k\u00e4ytett\u00e4v\u00e4t ty\u00f6kalut.pdf<\/strong><\/a><\/p>\n<p>Oheisen listan lis\u00e4ksi on ty\u00f6kalut ty\u00f6kalupitimen\/ter\u00e4n vaihtoa varten.\u00a0 Sek\u00e4 ty\u00f6kalut kappaleen viimeistely\u00e4 varten. Esimerkiksi Viila, Hiomapaperia, k\u00e4sikaavari, (Karahiomakone varusteineen ym).<\/p>\n<h2><strong>K\u00e4ytett\u00e4viss\u00e4 olevat mittav\u00e4lineet<\/strong><\/h2>\n<p><strong>CNC-sorvaus<\/strong><\/p>\n<ul>\n<li>Ty\u00f6nt\u00f6mitta 0-150 mm<\/li>\n<li>Ulkopuolinen mikrometri 0-150 mm<\/li>\n<li>Ulkopuolinen kierremikrometri M70x2 kierteelle<\/li>\n<li>Lautasmikrometri 0-25 mm<\/li>\n<li>Syvyysty\u00f6nt\u00f6mitta 0-30 mm<\/li>\n<li>Syvyysmikrometri 0-30 mm<\/li>\n<li>Sis\u00e4puolinen kolmipistemikrometri halkaisijoille 40 ja 50 mm<\/li>\n<li>R2 s\u00e4detulkki<\/li>\n<li>Pinnankarheuden vertailusarja tai mittalaite<\/li>\n<li>Mittapalasarja<\/li>\n<li>Kierretappitulkki M40x2 Meno\/Hylky<\/li>\n<\/ul>\n<p><strong>CNC-jyrsint\u00e4<\/strong><\/p>\n<ul>\n<li>\u00a0Ty\u00f6nt\u00f6mitta 0-150 mm<\/li>\n<li>Ulkopuolinen mikrometri 0-100 mm<\/li>\n<li>Syvyysty\u00f6nt\u00f6mitta 0-20 mm<\/li>\n<li>Syvyysmikrometri 0-20 mm<\/li>\n<li>Sis\u00e4puolinen kolmipistemikrometri halkaisijalle 25mm<\/li>\n<li>Suorakulmain<\/li>\n<li>R4, R5, R10 ja R15 s\u00e4detulkki<\/li>\n<li>Pinnankarheuden vertailusarja tai mittalaite<\/li>\n<li>Paikoituslaite (3D tai vastaava)<\/li>\n<li>Mittakello magneettijalalla<\/li>\n<li>Suuntaispalasarja<\/li>\n<li>Kierretappitulkki M10x1,5 Meno\/Hylky<\/li>\n<\/ul>\n<h2><strong>Kuvaus arvioinnin toteuttamisesta<\/strong><\/h2>\n<h3><span style=\"color: #ff0000\"><em><strong>Lajissa 603 tarjolla olevien finaalipaikkojen m\u00e4\u00e4r\u00e4 jaetaan CNC-sorvaus ja CNC-jyrsint\u00e4 lajeihin ilmoittautuneiden m\u00e4\u00e4r\u00e4n suhteessa.<\/strong><\/em><\/span><\/h3>\n<p>Jokaisesta osallistuvasta toimipisteest\u00e4 matkustaa tuomari toiselle paikkakunnalle valvomaan ja arvioimaan kilpailijoiden suoritusta. Kilpailup\u00e4iv\u00e4n aamuna tuomari leimaa kilpailukappaleen. Jonka j\u00e4lkeen kilpailukappaleen vaihtaminen on kielletty\u00e4. Kilpailija suorittaa kappaleen koneistukset valitsemallaan ty\u00f6st\u00f6koneella. Kilpailuiden j\u00e4rjest\u00e4j\u00e4 on varannut koneisiin teht\u00e4v\u00e4ss\u00e4 k\u00e4ytetyt ty\u00f6kalut esiasetettuina ja kiinnitysv\u00e4lineet sek\u00e4 mittav\u00e4lineet. Muiden ty\u00f6kalujen ja mittav\u00e4lineidenk\u00e4ytt\u00f6 on kielletty. Kilpailija vastaa kiinnittimien suoruudesta ja kappaleiden turvallisesta kiinnitt\u00e4misest\u00e4 kilpailun aikana.<\/p>\n<p><a href=\"https:\/\/blog.edu.turku.fi\/cnc-koneistus\/files\/2020\/03\/Paikkakunnat-ja-tuomarien-liikkuminen2020.pdf\">Paikkakunnat ja tuomarien liikkuminen2020<\/a><\/p>\n<p>Kilpailuajan j\u00e4lkeen kilpailukappaleet valokuvataan tuomarin toimesta kilpailualueella. Tuomari pakkaa kilpailukappaleet, valokuvaa mittausp\u00f6yt\u00e4kirjan ja l\u00e4hett\u00e4\u00e4 kappaleet ja p\u00f6yt\u00e4kirjat rahtina Turkuun. Mittauksen suorittaa <a href=\"http:\/\/www.koneteknologiakeskus.fi\/content\/fi\/1\/1046\/Mittaus-%20ja%20kalibrointipalvelut.html\">Koneteknologiakeskus Turku Oy<\/a>, jossa ne mitataan CNC-koordinaattimittakoneella ja arvioidaan kaikki yhdell\u00e4 kertaa.<\/p>\n<p>&nbsp;<\/p>\n<p>Saadut mittaustulokset, pinnankarheusmittauksen tulokset ja muut arviointikohteet\u00a0 talletetaan CIS-pistelaskuohjelmaan, jonka antamien pisteiden perusteella kilpailijat asetetaan paremmuusj\u00e4rjestykseen. Tasatuloksen sattuessa CIS-p\u00f6yt\u00e4kirjan ensimm\u00e4inen parempi pistem\u00e4\u00e4r\u00e4 ratkaisee sijoituksen. Tulosten valmistuttua jokaiselle kilpailijalle ja huoltajalle toimitetaan oman kilpailijansa CIS-p\u00f6yt\u00e4kirja Skills-s\u00e4\u00e4nt\u00f6jen mukaisesti.<\/p>\n<p>&nbsp;<\/p>\n<h2>P\u00e4\u00e4asialliset arviointikriteerit<\/h2>\n<p>Tarkempi arviointi tehd\u00e4\u00e4n CIS import -lomakkeelle. Kilpailuteht\u00e4v\u00e4 arvioidaan asteikolla 0-100 p.<\/p>\n<ol>\n<li>Kilpailijan tekem\u00e4 mittausp\u00f6yt\u00e4kirjan merkint\u00e4 vastaa kappaleen todellista mittaa <strong>5 p<\/strong> (Mittausp\u00f6yt\u00e4kirjaan merkitt\u00e4v\u00e4t mitat on merkattu piirustukseen numeroinnilla!)<\/li>\n<li>Pinnanlaatu\u00a0<strong>5 p<\/strong><\/li>\n<li>P\u00e4\u00e4mitat\u00a0<strong>50 p<\/strong><\/li>\n<li>Apumitat\u00a0<strong>25 p<\/strong><\/li>\n<li>Ty\u00f6turvallisuus, t\u00f6rm\u00e4ykset kappaleeseen ym. ja ty\u00f6kalun rikkoutuminen\u00a0<strong>5 p<\/strong><\/li>\n<li>Tuote on piirustuksen osoittamalla tavalla muodoltaan valmiina\u00a0<strong>10 p<\/strong><\/li>\n<\/ol>\n<p>Pisteet yhteens\u00e4\u00a0<strong>100 p<\/strong><\/p>\n<p><a href=\"https:\/\/blog.edu.turku.fi\/cnc-koneistus\/files\/2020\/03\/marking_form_Sorvaus2020.pdf\">marking_form_Sorvaus2020<\/a><\/p>\n<p><a href=\"https:\/\/blog.edu.turku.fi\/cnc-koneistus\/files\/2020\/03\/marking_form_Jyrsint\u00e42020.pdf\">marking_form_Jyrsint\u00e42020<\/a><\/p>\n<h2>K\u00c4YT\u00c4NN\u00d6N OHJEITA<\/h2>\n<p>Henkil\u00f6kohtaiset suojav\u00e4lineet ja ty\u00f6vaatteet tuo jokainen kilpailija mukanaan. Suojalasien k\u00e4ytt\u00e4minen ohjelmoinnin aikana ei ole pakollista, mutta kun ty\u00f6st\u00f6tila avataan, niin silloin lasit pit\u00e4\u00e4 olla silmill\u00e4. N\u00e4iden k\u00e4ytt\u00f6\u00e4 valvotaan\/arvioidaan ja t\u00e4m\u00e4 pit\u00e4\u00e4 ilmoittaa kilpailijoille ennen kilpailun alkua. <strong><em>Suojav\u00e4lineiden k\u00e4ytt\u00e4m\u00e4tt\u00e4 j\u00e4tt\u00e4minen<\/em><\/strong> huomautetaan kilpailijalle ja tuomari kirjoittaa raportin huomautuksesta piirustuksen taustapuolelle. My\u00f6s tapahtuneista <strong><em>t\u00f6rm\u00e4yksist\u00e4 ja ty\u00f6kalurikoista<\/em><\/strong> on kirjoitetaan raportti tuomarin toimesta piirustuksen taustapuolelle. Piirustus toimitetaan kilpailukappaleen mukana semifinaalikoordinaattorille, jolloin tieto huomautuksesta ja t\u00f6rm\u00e4yksest\u00e4 ym. tulee arvioitsijoiden tietoon sek\u00e4 kilpailija\u00a0 saa samalla tiedon, ett\u00e4 kyseinen raportti on tehty ja se vaikuttaa arviointiin.<\/p>\n<p>Henkil\u00f6kohtaisia opiskeluv\u00e4lineit\u00e4, muistiinpanoja, oppikirjoja, taulukkokirjoja ja laskimia kilpailija saa k\u00e4ytt\u00e4\u00e4 vapaasti.<\/p>\n<p><strong><em>Huomio! K\u00e4nnyk\u00e4n k\u00e4ytt\u00f6 kilpailun aikana on kielletty<\/em><\/strong><strong>!<\/strong> (tuomarin valvonnassa voi kilpailija k\u00e4ytt\u00e4\u00e4 esimerkiksi ty\u00f6st\u00f6arvojen laskennassa k\u00e4ytett\u00e4vi\u00e4 App-ohjelmistoja tai nettisivustoja).<\/p>\n<p>Kilpailijan on t\u00e4ytett\u00e4v\u00e4 piirustuksessa olevaa mittausp\u00f6yt\u00e4kirjaa kilpailuajan puitteissa, koska se on yksi arvioitava kohde<strong><em>.<\/em><\/strong> Kukin p\u00f6yt\u00e4kirjaan merkitt\u00e4v\u00e4 mittatulos on numeroitu piirustukseen. Kierretulkin mittaus merkit\u00e4\u00e4n ok\/ei-sanoilla<\/p>\n<p>Noin 15 minuuttia ennen kilpailuajan p\u00e4\u00e4ttymist\u00e4 kilpailijoille kerrotaan j\u00e4ljell\u00e4 oleva aika. Kun suoritusaika (6h) on t\u00e4ynn\u00e4 k\u00e4sket\u00e4\u00e4n lopettamaan ty\u00f6skentely v\u00e4litt\u00f6m\u00e4sti. Jos ty\u00f6st\u00f6koneella on ty\u00f6kierto kesken, pys\u00e4ytet\u00e4\u00e4n kone siihen pisteeseen, kun ter\u00e4 irtoaa kappaleesta. Kappale irroitetaan kiinnittimest\u00e4 ja puhdistetaan. Kappaleelle ei saa tehd\u00e4 viimeistely\u00e4 (viilaus ym. toimenpiteit\u00e4) kilpailuajan j\u00e4lkeen. Kilpailija palauttaa tekem\u00e4ns\u00e4 tuotteen ja piirustuksen aina tuomarille saatuaa tuotteen valmiiksi tai ajan loppues<em>sa<\/em>. Kilpailijoita kehotetaan kysym\u00e4\u00e4n aina, kun heill\u00e4 on ongelmia, ennen kuin k\u00e4y vahinkoja. Jos jollakin\u00a0 kilpailijalla on ongelma, h\u00e4n pyyt\u00e4\u00e4 tuomarin luokseen.Tuomari tekee p\u00e4\u00e4t\u00f6ksen voiko vastata vai ei.<\/p>\n<h3><strong>J\u00e4rjest\u00e4j\u00e4n vastuulla on<\/strong>,<\/h3>\n<p>ett\u00e4 ty\u00f6st\u00f6koneet ovat kunnossa ja ty\u00f6kalut sek\u00e4 kappaleen kiinnittimet ovat esiasetettuina ja valmiina koneessa ennen kilpailun alkamista. Lis\u00e4ksi j\u00e4rjest\u00e4j\u00e4 vastaa CAM-ohjelmiston toimivuudesta ja tiedonsiirrosta ty\u00f6st\u00f6koneelle. H\u00e4nen teht\u00e4v\u00e4ns\u00e4 on kouluttaa kilpailija k\u00e4ytt\u00e4m\u00e4\u00e4n oheisia v\u00e4lineit\u00e4. J\u00e4rjest\u00e4j\u00e4 vastaa my\u00f6s kilpailijoiden k\u00e4yt\u00f6ss\u00e4 olevista mittav\u00e4lineist\u00e4 ja niiden kunnosta. Kilpailijat voivat k\u00e4ytt\u00e4\u00e4 yhdess\u00e4 ja samanaikaisesti samoja mittav\u00e4lineit\u00e4 tarvittaessa. Kilpailijoiden ja tuomarin pit\u00e4\u00e4 olla tietoisia kyseisest\u00e4 k\u00e4yt\u00e4nn\u00f6st\u00e4, sill\u00e4 lis\u00e4aikaa EI anneta mittav\u00e4lineen odotusajasta.<\/p>\n<p>Kahvi- ja v\u00e4lipalat j\u00e4rjestet\u00e4\u00e4n tuomarille kilpailualueen taukotilaan ty\u00f6salin l\u00e4heisyyteen. Tuomarille tarjotaan lounas henkil\u00f6st\u00f6ravintolan puolella.<\/p>\n<p><a href=\"https:\/\/blog.edu.turku.fi\/cnc-koneistus\/files\/2020\/03\/OHJE-J\u00e4rjest\u00e4j\u00e4lle-ja-Tuomarille-CNC-koneistusSEMI-TAITAJA2020.pdf\">OHJE J\u00e4rjest\u00e4j\u00e4lle ja Tuomarille -CNC-koneistusSEMI-TAITAJA2020<\/a><\/p>\n","protected":false},"excerpt":{"rendered":"<p>Semifinaali suoritetaan CNC-sorvilla tai vaihtoehtoisesti CNC-koneistuskeskuksella. taitaja-2020-CNC-koneistus-semifinaalikutsu Materiaalit:\u00a0Kilpailija koneistaa itselleen kilpailuaihion (S355) oman koulunsa materiaaleista etuk\u00e4teen julkaistun piirustuksen mukaisesti. Sorvaus-aihio2020<\/p>\n","protected":false},"author":2361,"featured_media":0,"parent":0,"menu_order":0,"comment_status":"closed","ping_status":"closed","template":"","meta":{"colormag_page_container_layout":"default_layout","colormag_page_sidebar_layout":"default_layout","footnotes":""},"class_list":["post-118","page","type-page","status-publish","hentry"],"_links":{"self":[{"href":"https:\/\/blog.edu.turku.fi\/cnc-koneistus\/wp-json\/wp\/v2\/pages\/118","targetHints":{"allow":["GET"]}}],"collection":[{"href":"https:\/\/blog.edu.turku.fi\/cnc-koneistus\/wp-json\/wp\/v2\/pages"}],"about":[{"href":"https:\/\/blog.edu.turku.fi\/cnc-koneistus\/wp-json\/wp\/v2\/types\/page"}],"author":[{"embeddable":true,"href":"https:\/\/blog.edu.turku.fi\/cnc-koneistus\/wp-json\/wp\/v2\/users\/2361"}],"replies":[{"embeddable":true,"href":"https:\/\/blog.edu.turku.fi\/cnc-koneistus\/wp-json\/wp\/v2\/comments?post=118"}],"version-history":[{"count":5,"href":"https:\/\/blog.edu.turku.fi\/cnc-koneistus\/wp-json\/wp\/v2\/pages\/118\/revisions"}],"predecessor-version":[{"id":140,"href":"https:\/\/blog.edu.turku.fi\/cnc-koneistus\/wp-json\/wp\/v2\/pages\/118\/revisions\/140"}],"wp:attachment":[{"href":"https:\/\/blog.edu.turku.fi\/cnc-koneistus\/wp-json\/wp\/v2\/media?parent=118"}],"curies":[{"name":"wp","href":"https:\/\/api.w.org\/{rel}","templated":true}]}}