{"id":5,"date":"2016-11-16T13:19:12","date_gmt":"2016-11-16T11:19:12","guid":{"rendered":"https:\/\/blog.edu.turku.fi\/brahe\/?page_id=5"},"modified":"2025-10-21T16:58:18","modified_gmt":"2025-10-21T13:58:18","slug":"handelsekalender","status":"publish","type":"page","link":"https:\/\/blog.edu.turku.fi\/brahe\/handelsekalender\/","title":{"rendered":"H\u00e4ndelsekalender"},"content":{"rendered":"<h5><strong>L\u00e4s\u00e5ret 2025-2026<\/strong><\/h5>\n<p>&nbsp;<\/p>\n<p><strong>H\u00f6stterminen<\/strong>: 7.8. \u2013 20.12.2025<\/p>\n<p><strong><em>Augusti<\/em><\/strong><\/p>\n<p>F\u00f6r\u00e4ldram\u00f6ten \u00e5k 1-2<\/p>\n<p>\u00c5k 1 utomhusmatematik<\/p>\n<p>Bibbabussen: 13.8 &amp; 27.8<\/p>\n<p>&nbsp;<\/p>\n<p>&nbsp;<\/p>\n<p><strong><em>September<\/em><\/strong><\/p>\n<p>\u00c5k 2 bes\u00f6ker Klosterbacken<\/p>\n<p>\u00c5k 1 utomhusmatematik<\/p>\n<p>\u00c5k 1 skogutflykt i n\u00e4rskogen med \u00c5bolands naturskola<\/p>\n<p>\u00c5k 1 skogsdag i Hirvensalo<\/p>\n<p>Bibbabussen: 10.9 &amp; 24.9<\/p>\n<p>&nbsp;<\/p>\n<p>&nbsp;<\/p>\n<p><strong><em>Oktober<\/em><\/strong><\/p>\n<p>\u00c5k 2 bes\u00f6ker Naturskolan i Runsala<\/p>\n<p>H\u00f6stlov: 13.-19.10.2025<\/p>\n<p>Utvecklingssamtal \u00e5k 1-2<\/p>\n<p>Bibbabussen: 8.10 &amp; 22.10<\/p>\n<p>&nbsp;<\/p>\n<p>&nbsp;<\/p>\n<p><strong><em>November<\/em><\/strong><\/p>\n<p>Utvecklingssamtal<\/p>\n<p>\u00c5k 1 simundervisning<\/p>\n<p>Julpysseldag med f\u00f6rskolan: 28.11.2025<\/p>\n<p>Bibbabussen: 5.11 &amp; 19.11<\/p>\n<p>&nbsp;<\/p>\n<p>&nbsp;<\/p>\n<p><strong><em>December<\/em><\/strong><\/p>\n<p>Sj\u00e4lvst\u00e4ndighetsdagen fredag 6.12.2025 \u00e4r en l\u00f6rdag och den \u00e4r ledig<\/p>\n<p>\u00c5k 1 simundervisning<\/p>\n<p>Luciamorgonsamling: fredag 12.12.2025<\/p>\n<p>Julfest \u00e5k 12: 17.12.2025 kl. 18.00<\/p>\n<p>Julgudstj\u00e4nst i Martinskyrkan: 18.12.2025<\/p>\n<p>Julstund i festsalen tillsammans med daghem och f\u00f6rskola: 19.12.2025<\/p>\n<p>Bibbabussen: 3.12 &amp; 17.12<\/p>\n<p>Jullov: 21.12.2025 \u2013 6.1.2026<\/p>\n<p>&nbsp;<\/p>\n<p>&nbsp;<\/p>\n<p><strong>V\u00e5rterminen:<\/strong> 7.1. \u2013 30.5.2026<\/p>\n<p>&nbsp;<\/p>\n<p><strong><em>Januari<\/em><\/strong><\/p>\n<p>Bibbabussen: 14.1 &amp;28.1<\/p>\n<p>&nbsp;<\/p>\n<p><strong><em>Februari<\/em><\/strong><\/p>\n<p>V\u00e4ndagsmorgonsamling: fredag 13.2.2026, \u00e5k 1<\/p>\n<p>Mellanbetyg: 13.2.2026<\/p>\n<p>Vinterlov: 16.2. \u2013 26.2.2026<\/p>\n<p>Braheskolans sportdag:<\/p>\n<p>Bibbabussen: 11.2 &amp; 25.2<\/p>\n<p>&nbsp;<\/p>\n<p><strong><em>Mars<\/em><\/strong><\/p>\n<p>\u00d6ppet hus:\u00a0 l\u00f6rdag\u00a0 7.3.2026<\/p>\n<p>Samarbete mellan f\u00f6rskolan &amp; \u00e5k 1<\/p>\n<p>Bibbabussen: 11.3 &amp; 25.3<\/p>\n<p>&nbsp;<\/p>\n<p><strong><em>April<\/em><\/strong><\/p>\n<p>P\u00e5sklov: 3-6.4.2026<\/p>\n<p>\u00c5k 2 bekantar sig med Cygnaeus skola<\/p>\n<p>Samarbete mellan f\u00f6rskolan &amp; \u00e5k 1<\/p>\n<p>Bibbabussen: 8.4 &amp; 22.4<\/p>\n<p>&nbsp;<\/p>\n<p><strong><em>Maj<\/em><\/strong><\/p>\n<p>Bibbabussen: 6.5 &amp; 20.5<\/p>\n<p>Ers\u00e4ttande dag f\u00f6r \u00d6ppet hus, ledig dag:\u00a0 \u00a0fredag 15.5.2026<\/p>\n<p>Utedag tillsammans med f\u00f6rskolan: 8.5.2026<\/p>\n<p>Bes\u00f6ksdag f\u00f6r nya ettor: 12.5.2025 kl. 14-15<\/p>\n<p>Kuppisdagen tillsammans med Cygnaeus skola: x.5.2026<\/p>\n<p>V\u00e5rgudstj\u00e4nst i Martinskyrkan: x.5.2026<\/p>\n<p>\u00c5bostafetterna vid Paavo Nurmistadion, \u00e5k 1-2, x.5.2026<\/p>\n<p>Kristi Himmelsf\u00e4rd: to 29.5.2025<\/p>\n<p>Kuppisdagen med Cygnaeus skola: x.5.2026<\/p>\n<p>V\u00e5rstund i festsalen med f\u00f6rskola och daghem: 29.5.2026<\/p>\n<p>V\u00e5rfest: x.5.2028<\/p>\n<p>Sista skoldagen och l\u00e4s\u00e5rbetyg: l\u00f6rdag 30.5.2026<\/p>\n<p>&nbsp;<\/p>\n<p>Glad sommar!<\/p>\n<p>&nbsp;<\/p>\n<h3><\/h3>\n<p>&nbsp;<\/p>\n<p><b>\u00a0<\/b><\/p>\n<p><strong>F\u00f6lj oss p\u00e5 twitter<\/strong><\/p>\n<p><a class=\"twitter-timeline\" data-width=\"840\" data-height=\"1000\" data-dnt=\"true\" href=\"https:\/\/twitter.com\/Braheskolan?ref_src=twsrc%5Etfw\">Tweets by Braheskolan<\/a><script async src=\"https:\/\/platform.twitter.com\/widgets.js\" charset=\"utf-8\"><\/script><\/p>\n<p>&nbsp;<\/p>\n<p>&nbsp;<\/p>\n","protected":false},"excerpt":{"rendered":"<p>L\u00e4s\u00e5ret 2025-2026 &nbsp; H\u00f6stterminen: 7.8. \u2013 20.12.2025 Augusti F\u00f6r\u00e4ldram\u00f6ten \u00e5k 1-2 \u00c5k 1 utomhusmatematik Bibbabussen: 13.8 &amp; 27.8 &nbsp; &nbsp; September \u00c5k 2 bes\u00f6ker Klosterbacken \u00c5k 1 utomhusmatematik \u00c5k 1 skogutflykt i n\u00e4rskogen med \u00c5bolands naturskola \u00c5k 1 skogsdag i Hirvensalo Bibbabussen: 10.9 &amp; 24.9 &nbsp; &nbsp; Oktober \u00c5k 2 bes\u00f6ker Naturskolan i Runsala H\u00f6stlov: &hellip; <a href=\"https:\/\/blog.edu.turku.fi\/brahe\/handelsekalender\/\" class=\"more-link\">Forts\u00e4tt l\u00e4sa<span class=\"screen-reader-text\"> \u201dH\u00e4ndelsekalender\u201d<\/span><\/a><\/p>\n","protected":false},"author":2142,"featured_media":0,"parent":0,"menu_order":0,"comment_status":"closed","ping_status":"closed","template":"","meta":{"footnotes":""},"class_list":["post-5","page","type-page","status-publish","hentry"],"_links":{"self":[{"href":"https:\/\/blog.edu.turku.fi\/brahe\/wp-json\/wp\/v2\/pages\/5","targetHints":{"allow":["GET"]}}],"collection":[{"href":"https:\/\/blog.edu.turku.fi\/brahe\/wp-json\/wp\/v2\/pages"}],"about":[{"href":"https:\/\/blog.edu.turku.fi\/brahe\/wp-json\/wp\/v2\/types\/page"}],"author":[{"embeddable":true,"href":"https:\/\/blog.edu.turku.fi\/brahe\/wp-json\/wp\/v2\/users\/2142"}],"replies":[{"embeddable":true,"href":"https:\/\/blog.edu.turku.fi\/brahe\/wp-json\/wp\/v2\/comments?post=5"}],"version-history":[{"count":28,"href":"https:\/\/blog.edu.turku.fi\/brahe\/wp-json\/wp\/v2\/pages\/5\/revisions"}],"predecessor-version":[{"id":235,"href":"https:\/\/blog.edu.turku.fi\/brahe\/wp-json\/wp\/v2\/pages\/5\/revisions\/235"}],"wp:attachment":[{"href":"https:\/\/blog.edu.turku.fi\/brahe\/wp-json\/wp\/v2\/media?parent=5"}],"curies":[{"name":"wp","href":"https:\/\/api.w.org\/{rel}","templated":true}]}}