{"id":41,"date":"2016-12-12T13:33:19","date_gmt":"2016-12-12T11:33:19","guid":{"rendered":"https:\/\/blog.edu.turku.fi\/brahe\/?page_id=41"},"modified":"2024-09-12T18:34:05","modified_gmt":"2024-09-12T15:34:05","slug":"verksamhetside","status":"publish","type":"page","link":"https:\/\/blog.edu.turku.fi\/brahe\/","title":{"rendered":"Verksamhetsid\u00e9"},"content":{"rendered":"<div class=\"entry-content\">\n<p class=\"rubrik_blue\">Braheskolan \u00e4r en grundskola f\u00f6r svensk-och tv\u00e5spr\u00e5kiga elever i \u00e5k 1-2 i \u00c5bo med omnejd. N\u00e4r eleverna b\u00f6rjar i \u00e5k 3 g\u00e5r de vidare till Cygnaeus skola.<br \/>\nBraheskolans l\u00e4rare satsar medvetet p\u00e5 elevernas trygghet, v\u00e4lm\u00e5ende och trivsel samt p\u00e5 att st\u00e4rka elevernas svenska spr\u00e5k och deras intresse och f\u00e4rdigheter i l\u00e4sning och skrivning. F\u00f6r att eleverna ska f\u00e5 tillg\u00e5ng till b\u00f6cker bes\u00f6ker \u00c5bo stads biblioteksbuss\u00a0 Braheskolan en g\u00e5ng varannan vecka.<\/p>\n<p>I Braheskolan satsar man ocks\u00e5 p\u00e5 skapande verksamhet, motion, r\u00f6relse och musik. B\u00e5de skolg\u00e5rden och n\u00e4romgivningen stimulerar till motion och r\u00f6relse. Skolans geografiska l\u00e4ge inbjuder ocks\u00e5 till utomhuspedagogik och skogs-utflykter.<br \/>\nAnv\u00e4ndning av teknisk utrustning, bl.a. smartboards, dokumentkamera, l\u00e4rplattor och datorer, sker p\u00e5 ett pedagogiskt s\u00e4tt och som en naturlig del i undervisningen.<\/p>\n<p>Braheskolans verksamhet \u00e4r samarbetsbetonad. Skolklasserna samarbetar med \u00e5k 1-2 i Cygnaeus skola. Bl.a. i stadie\u00f6verg\u00e5ngsskedet f\u00e5r Braheskolans elever bes\u00f6ka Cygnaeus f\u00f6r att bekanta sig med eleverna, l\u00e4rarna och byggnaden. \u00d6verg\u00e5ngen till \u00e5k 3 i Cygnaeus skola g\u00f6rs trygg f\u00f6r Braheskolans elever bl.a. genom att eleverna f\u00e5r fadderelever ur de \u00e4ldre \u00e5rskurserna.<br \/>\n\u00c5k 1-2 i Braheskolan samarbetar ocks\u00e5 med Braheskolans f\u00f6rskolegrupper.<\/p>\n<\/div>\n","protected":false},"excerpt":{"rendered":"<p>Braheskolan \u00e4r en grundskola f\u00f6r svensk-och tv\u00e5spr\u00e5kiga elever i \u00e5k 1-2 i \u00c5bo med omnejd. N\u00e4r eleverna b\u00f6rjar i \u00e5k 3 g\u00e5r de vidare till Cygnaeus skola. Braheskolans l\u00e4rare satsar medvetet p\u00e5 elevernas trygghet, v\u00e4lm\u00e5ende och trivsel samt p\u00e5 att st\u00e4rka elevernas svenska spr\u00e5k och deras intresse och f\u00e4rdigheter i l\u00e4sning och skrivning. F\u00f6r att &hellip; <a href=\"https:\/\/blog.edu.turku.fi\/brahe\/\" class=\"more-link\">Forts\u00e4tt l\u00e4sa<span class=\"screen-reader-text\"> \u201dVerksamhetsid\u00e9\u201d<\/span><\/a><\/p>\n","protected":false},"author":2119,"featured_media":0,"parent":0,"menu_order":0,"comment_status":"closed","ping_status":"closed","template":"","meta":{"footnotes":""},"class_list":["post-41","page","type-page","status-publish","hentry"],"_links":{"self":[{"href":"https:\/\/blog.edu.turku.fi\/brahe\/wp-json\/wp\/v2\/pages\/41","targetHints":{"allow":["GET"]}}],"collection":[{"href":"https:\/\/blog.edu.turku.fi\/brahe\/wp-json\/wp\/v2\/pages"}],"about":[{"href":"https:\/\/blog.edu.turku.fi\/brahe\/wp-json\/wp\/v2\/types\/page"}],"author":[{"embeddable":true,"href":"https:\/\/blog.edu.turku.fi\/brahe\/wp-json\/wp\/v2\/users\/2119"}],"replies":[{"embeddable":true,"href":"https:\/\/blog.edu.turku.fi\/brahe\/wp-json\/wp\/v2\/comments?post=41"}],"version-history":[{"count":3,"href":"https:\/\/blog.edu.turku.fi\/brahe\/wp-json\/wp\/v2\/pages\/41\/revisions"}],"predecessor-version":[{"id":195,"href":"https:\/\/blog.edu.turku.fi\/brahe\/wp-json\/wp\/v2\/pages\/41\/revisions\/195"}],"wp:attachment":[{"href":"https:\/\/blog.edu.turku.fi\/brahe\/wp-json\/wp\/v2\/media?parent=41"}],"curies":[{"name":"wp","href":"https:\/\/api.w.org\/{rel}","templated":true}]}}