{"id":148,"date":"2020-01-12T18:50:56","date_gmt":"2020-01-12T16:50:56","guid":{"rendered":"https:\/\/blog.edu.turku.fi\/brahe\/?page_id=148"},"modified":"2020-01-12T18:50:56","modified_gmt":"2020-01-12T16:50:56","slug":"skolans-ordningsregler","status":"publish","type":"page","link":"https:\/\/blog.edu.turku.fi\/brahe\/skolans-ordningsregler\/","title":{"rendered":"Skolans ordningsregler"},"content":{"rendered":"<p>Skolans ordningsregler (Godk\u00e4nda av personal och f\u00f6r\u00e4ldrar augusti 2014)<\/p>\n<ul>\n<li>Alla har r\u00e4tt till en trygg studiemilj\u00f6<\/li>\n<li>Alla har r\u00e4tt att f\u00e5 studera ost\u00f6rt<\/li>\n<li>Vi accepterar inte v\u00e5ld i n\u00e5gon form<\/li>\n<li>Vi accepterar inte n\u00e5gon form av mobbning<\/li>\n<li>Vi accepterar inte skadeg\u00f6relse av skolans eller n\u00e5gon annans egendom<\/li>\n<li>Vi tar inte med oss f\u00f6rbjudna eller farliga f\u00f6rem\u00e5l till skolan<\/li>\n<li>Vi upptr\u00e4der korrekt och utf\u00f6r v\u00e5ra uppgifter samvetsgrant<\/li>\n<\/ul>\n","protected":false},"excerpt":{"rendered":"<p>Skolans ordningsregler (Godk\u00e4nda av personal och f\u00f6r\u00e4ldrar augusti 2014) Alla har r\u00e4tt till en trygg studiemilj\u00f6 Alla har r\u00e4tt att f\u00e5 studera ost\u00f6rt Vi accepterar inte v\u00e5ld i n\u00e5gon form Vi accepterar inte n\u00e5gon form av mobbning Vi accepterar inte skadeg\u00f6relse av skolans eller n\u00e5gon annans egendom Vi tar inte med oss f\u00f6rbjudna eller farliga &hellip; <a href=\"https:\/\/blog.edu.turku.fi\/brahe\/skolans-ordningsregler\/\" class=\"more-link\">Forts\u00e4tt l\u00e4sa<span class=\"screen-reader-text\"> \u201dSkolans ordningsregler\u201d<\/span><\/a><\/p>\n","protected":false},"author":2119,"featured_media":0,"parent":0,"menu_order":0,"comment_status":"closed","ping_status":"closed","template":"","meta":{"footnotes":""},"class_list":["post-148","page","type-page","status-publish","hentry"],"_links":{"self":[{"href":"https:\/\/blog.edu.turku.fi\/brahe\/wp-json\/wp\/v2\/pages\/148","targetHints":{"allow":["GET"]}}],"collection":[{"href":"https:\/\/blog.edu.turku.fi\/brahe\/wp-json\/wp\/v2\/pages"}],"about":[{"href":"https:\/\/blog.edu.turku.fi\/brahe\/wp-json\/wp\/v2\/types\/page"}],"author":[{"embeddable":true,"href":"https:\/\/blog.edu.turku.fi\/brahe\/wp-json\/wp\/v2\/users\/2119"}],"replies":[{"embeddable":true,"href":"https:\/\/blog.edu.turku.fi\/brahe\/wp-json\/wp\/v2\/comments?post=148"}],"version-history":[{"count":1,"href":"https:\/\/blog.edu.turku.fi\/brahe\/wp-json\/wp\/v2\/pages\/148\/revisions"}],"predecessor-version":[{"id":149,"href":"https:\/\/blog.edu.turku.fi\/brahe\/wp-json\/wp\/v2\/pages\/148\/revisions\/149"}],"wp:attachment":[{"href":"https:\/\/blog.edu.turku.fi\/brahe\/wp-json\/wp\/v2\/media?parent=148"}],"curies":[{"name":"wp","href":"https:\/\/api.w.org\/{rel}","templated":true}]}}