{"id":11,"date":"2016-11-16T13:20:31","date_gmt":"2016-11-16T11:20:31","guid":{"rendered":"https:\/\/blog.edu.turku.fi\/brahe\/?page_id=11"},"modified":"2024-08-13T20:22:16","modified_gmt":"2024-08-13T17:22:16","slug":"kontaktuppgifter","status":"publish","type":"page","link":"https:\/\/blog.edu.turku.fi\/brahe\/kontaktuppgifter\/","title":{"rendered":"Kontaktuppgifter och trafikarrangemang"},"content":{"rendered":"<h2>Adress: Djupdikesv\u00e4gen 27<br \/>\nFIN-20810 \u00c5bo<\/h2>\n<p>Rektor Nicke Wulff 040 670 4248<br \/>\nKansliet Helena Lindroos 040 6205413<\/p>\n<h2 class=\"rubrik_blue\"><strong>Trafikarrangemang p\u00e5 skolans omr\u00e5de<\/strong><\/h2>\n<p>V\u00e4h\u00e4heikkil\u00e4 skolas- och Braheskolans trafikarrangemang \u00e4r delvis gemensamma.<\/p>\n<p>Avl\u00e4mning<\/p>\n<figure id=\"attachment_98\" aria-describedby=\"caption-attachment-98\" style=\"width: 300px\" class=\"wp-caption alignnone\"><a href=\"https:\/\/blog.edu.turku.fi\/brahe\/files\/2018\/12\/wpe47588.jpg\"><img loading=\"lazy\" decoding=\"async\" class=\"wp-image-98 size-medium\" src=\"https:\/\/blog.edu.turku.fi\/brahe\/files\/2018\/12\/wpe47588-300x225.jpg\" alt=\"Braheskolan huvuding\u00e5ng se text under\" width=\"300\" height=\"225\" srcset=\"https:\/\/blog.edu.turku.fi\/brahe\/files\/2018\/12\/wpe47588-300x225.jpg 300w, https:\/\/blog.edu.turku.fi\/brahe\/files\/2018\/12\/wpe47588.jpg 759w\" sizes=\"auto, (max-width: 300px) 85vw, 300px\" \/><\/a><figcaption id=\"caption-attachment-98\" class=\"wp-caption-text\">Braheskolan huvuding\u00e5ng avl\u00e4mning 1<\/figcaption><\/figure>\n<p>Avl\u00e4mningsfilen framf\u00f6r Brahekolans huvuding\u00e5ng fungerar som skolornas gemensamma fil f\u00f6r avl\u00e4mning av de skolelever som kommer fr\u00e5n Djupdikesv\u00e4gens h\u00e5ll. Se bild 1 nedan<\/p>\n<p>Avl\u00e4mningsfil 1 framf\u00f6r Braheskolans huvuding\u00e5ng<\/p>\n<p>Avl\u00e4mningsfilen p\u00e5 skolans parkeringsomr\u00e5de fungerar som avl\u00e4mningsplats f\u00f6r de elever i b\u00e5da skolorna som kommer fr\u00e5n V\u00e4h\u00e4heikkil\u00e4 v\u00e4gens h\u00e5ll. Se bild 2 nedan<\/p>\n<figure id=\"attachment_99\" aria-describedby=\"caption-attachment-99\" style=\"width: 300px\" class=\"wp-caption alignnone\"><a href=\"https:\/\/blog.edu.turku.fi\/brahe\/files\/2018\/12\/2wpe47605.jpg\"><img loading=\"lazy\" decoding=\"async\" class=\"wp-image-99 size-medium\" src=\"https:\/\/blog.edu.turku.fi\/brahe\/files\/2018\/12\/2wpe47605-300x225.jpg\" alt=\"Avl\u00e4mningsfil 2 V\u00e4h\u00e4-Heikkil\u00e4\" width=\"300\" height=\"225\" srcset=\"https:\/\/blog.edu.turku.fi\/brahe\/files\/2018\/12\/2wpe47605-300x225.jpg 300w, https:\/\/blog.edu.turku.fi\/brahe\/files\/2018\/12\/2wpe47605.jpg 723w\" sizes=\"auto, (max-width: 300px) 85vw, 300px\" \/><\/a><figcaption id=\"caption-attachment-99\" class=\"wp-caption-text\">Avl\u00e4mningsfil 2 f\u00f6r V\u00e4h\u00e4-Heikkil\u00e4<\/figcaption><\/figure>\n<p>Avl\u00e4mningsfil 2 p\u00e5 Braheskolans parkeringsomr\u00e5de<\/p>\n<p>Utfart<\/p>\n<figure id=\"attachment_100\" aria-describedby=\"caption-attachment-100\" style=\"width: 300px\" class=\"wp-caption alignnone\"><a href=\"https:\/\/blog.edu.turku.fi\/brahe\/files\/2018\/12\/3wpe47606.jpg\"><img loading=\"lazy\" decoding=\"async\" class=\"wp-image-100 size-medium\" src=\"https:\/\/blog.edu.turku.fi\/brahe\/files\/2018\/12\/3wpe47606-300x225.jpg\" alt=\"Sv\u00e4ng till v\u00e4nster och k\u00f6r runt parkeringsplatsen f\u00f6r att komma ut till Djupdikesv\u00e4gen\" width=\"300\" height=\"225\" srcset=\"https:\/\/blog.edu.turku.fi\/brahe\/files\/2018\/12\/3wpe47606-300x225.jpg 300w, https:\/\/blog.edu.turku.fi\/brahe\/files\/2018\/12\/3wpe47606.jpg 912w\" sizes=\"auto, (max-width: 300px) 85vw, 300px\" \/><\/a><figcaption id=\"caption-attachment-100\" class=\"wp-caption-text\">Avfart<\/figcaption><\/figure>\n<p>N\u00e4r barnet har avl\u00e4mnats vid avl\u00e4mningsfil 2 till h\u00f6ger beh\u00f6ver f\u00f6r\u00e4ldern sv\u00e4nga till v\u00e4nster och k\u00f6ra runt parkeringsplatsen f\u00f6r att komma tillbaka ut till Djupdikesv\u00e4gen. Det \u00e4r inte till\u00e5tet att k\u00f6ra rakt fram. Se bild 3<\/p>\n<p>Sv\u00e4ng till v\u00e4nster och k\u00f6r runt parkeringsplatsen f\u00f6r att komma ut till Djupdikesv\u00e4gen<\/p>\n<p>&nbsp;<\/p>\n<p>&nbsp;<\/p>\n","protected":false},"excerpt":{"rendered":"<p>Adress: Djupdikesv\u00e4gen 27 FIN-20810 \u00c5bo Rektor Nicke Wulff 040 670 4248 Kansliet Helena Lindroos 040 6205413 Trafikarrangemang p\u00e5 skolans omr\u00e5de V\u00e4h\u00e4heikkil\u00e4 skolas- och Braheskolans trafikarrangemang \u00e4r delvis gemensamma. Avl\u00e4mning Avl\u00e4mningsfilen framf\u00f6r Brahekolans huvuding\u00e5ng fungerar som skolornas gemensamma fil f\u00f6r avl\u00e4mning av de skolelever som kommer fr\u00e5n Djupdikesv\u00e4gens h\u00e5ll. Se bild 1 nedan Avl\u00e4mningsfil 1 framf\u00f6r &hellip; <a href=\"https:\/\/blog.edu.turku.fi\/brahe\/kontaktuppgifter\/\" class=\"more-link\">Forts\u00e4tt l\u00e4sa<span class=\"screen-reader-text\"> \u201dKontaktuppgifter och trafikarrangemang\u201d<\/span><\/a><\/p>\n","protected":false},"author":2119,"featured_media":0,"parent":0,"menu_order":0,"comment_status":"closed","ping_status":"closed","template":"","meta":{"footnotes":""},"class_list":["post-11","page","type-page","status-publish","hentry"],"_links":{"self":[{"href":"https:\/\/blog.edu.turku.fi\/brahe\/wp-json\/wp\/v2\/pages\/11","targetHints":{"allow":["GET"]}}],"collection":[{"href":"https:\/\/blog.edu.turku.fi\/brahe\/wp-json\/wp\/v2\/pages"}],"about":[{"href":"https:\/\/blog.edu.turku.fi\/brahe\/wp-json\/wp\/v2\/types\/page"}],"author":[{"embeddable":true,"href":"https:\/\/blog.edu.turku.fi\/brahe\/wp-json\/wp\/v2\/users\/2119"}],"replies":[{"embeddable":true,"href":"https:\/\/blog.edu.turku.fi\/brahe\/wp-json\/wp\/v2\/comments?post=11"}],"version-history":[{"count":22,"href":"https:\/\/blog.edu.turku.fi\/brahe\/wp-json\/wp\/v2\/pages\/11\/revisions"}],"predecessor-version":[{"id":181,"href":"https:\/\/blog.edu.turku.fi\/brahe\/wp-json\/wp\/v2\/pages\/11\/revisions\/181"}],"wp:attachment":[{"href":"https:\/\/blog.edu.turku.fi\/brahe\/wp-json\/wp\/v2\/media?parent=11"}],"curies":[{"name":"wp","href":"https:\/\/api.w.org\/{rel}","templated":true}]}}