{"id":805,"date":"2026-04-24T09:41:02","date_gmt":"2026-04-24T06:41:02","guid":{"rendered":"https:\/\/blog.edu.turku.fi\/aunela\/?page_id=805"},"modified":"2026-04-24T11:20:30","modified_gmt":"2026-04-24T08:20:30","slug":"valinnaisaineet","status":"publish","type":"page","link":"https:\/\/blog.edu.turku.fi\/aunela\/valinnaisaineet\/","title":{"rendered":"Valinnaisaineet"},"content":{"rendered":"<h3><u><strong>VALINNAISAINEET 4.-6. LUOKILLA\u00a0<\/strong><\/u><\/h3>\n<p>Lukuvuoden 2026-2027 valinnaisaineisiin p\u00e4\u00e4see tutustumaan alla olevan linkin kautta.<\/p>\n<p><a href=\"https:\/\/drive.google.com\/file\/d\/1qez9DEBJUEAHvp8q_26KCFa1nHNzunQL\/view\">Valinnaisaineet lukuvuonna 2026-2027<\/a><\/p>\n<p>Valinnaisainekorin valinta tehd\u00e4\u00e4n koulussa t\u00e4ytt\u00e4m\u00e4ll\u00e4 valintakysely opettajan johdolla.<\/p>\n","protected":false},"excerpt":{"rendered":"<p>VALINNAISAINEET 4.-6. LUOKILLA\u00a0 Lukuvuoden 2026-2027 valinnaisaineisiin p\u00e4\u00e4see tutustumaan alla olevan linkin kautta. Valinnaisaineet lukuvuonna 2026-2027 Valinnaisainekorin valinta tehd\u00e4\u00e4n koulussa t\u00e4ytt\u00e4m\u00e4ll\u00e4 valintakysely opettajan johdolla.<\/p>\n","protected":false},"author":9,"featured_media":0,"parent":0,"menu_order":0,"comment_status":"closed","ping_status":"closed","template":"","meta":{"footnotes":""},"class_list":["post-805","page","type-page","status-publish","hentry"],"_links":{"self":[{"href":"https:\/\/blog.edu.turku.fi\/aunela\/wp-json\/wp\/v2\/pages\/805","targetHints":{"allow":["GET"]}}],"collection":[{"href":"https:\/\/blog.edu.turku.fi\/aunela\/wp-json\/wp\/v2\/pages"}],"about":[{"href":"https:\/\/blog.edu.turku.fi\/aunela\/wp-json\/wp\/v2\/types\/page"}],"author":[{"embeddable":true,"href":"https:\/\/blog.edu.turku.fi\/aunela\/wp-json\/wp\/v2\/users\/9"}],"replies":[{"embeddable":true,"href":"https:\/\/blog.edu.turku.fi\/aunela\/wp-json\/wp\/v2\/comments?post=805"}],"version-history":[{"count":4,"href":"https:\/\/blog.edu.turku.fi\/aunela\/wp-json\/wp\/v2\/pages\/805\/revisions"}],"predecessor-version":[{"id":811,"href":"https:\/\/blog.edu.turku.fi\/aunela\/wp-json\/wp\/v2\/pages\/805\/revisions\/811"}],"wp:attachment":[{"href":"https:\/\/blog.edu.turku.fi\/aunela\/wp-json\/wp\/v2\/media?parent=805"}],"curies":[{"name":"wp","href":"https:\/\/api.w.org\/{rel}","templated":true}]}}