{"id":747,"date":"2024-09-26T12:30:24","date_gmt":"2024-09-26T09:30:24","guid":{"rendered":"https:\/\/blog.edu.turku.fi\/aunela\/?page_id=747"},"modified":"2024-09-26T14:58:46","modified_gmt":"2024-09-26T11:58:46","slug":"opetussuunnitelma","status":"publish","type":"page","link":"https:\/\/blog.edu.turku.fi\/aunela\/opetus-ja-kasvatus\/opetussuunnitelma\/","title":{"rendered":"Opetussuunnitelma"},"content":{"rendered":"<p>T\u00e4\u00e4lt\u00e4 l\u00f6ytyy:<\/p>\n<p><a href=\"https:\/\/blog.edu.turku.fi\/ops2016\/files\/2015\/04\/AUNELA-OPS-2016.pdf\">Opetussuunnitelma (PDF 2 Mt)<\/a><\/p>\n<p><a href=\"https:\/\/blog.edu.turku.fi\/aunela\/files\/2019\/09\/OH_OPS_14_Aun-Hyva\u0308ksytty-jaostossa-15062014.pdf\">Oppilashuolto (PDF 868 Kt)<\/a><\/p>\n<p><a href=\"https:\/\/blog.edu.turku.fi\/ops2016\/files\/2022\/08\/Kasvatuskeskustelu-kurinpidolliset-keinot-ja-turvaamistoimet-Turun-perusopetuksessa-1.8.2022-alkaen.pdfhttps:\/blog.edu.turku.fi\/ops2016\/files\/2022\/08\/Kasvatuskeskustelu-kurinpidolliset-keinot-ja-turvaamistoimet-Turun-perusopetuksessa-1.8.2022-alkaen.pdf\">Kasvatuskeskustelu-kurinpidolliset-keinot-ja-turvaamistoimet-Turun-perusopetuksessa-1.8.2022-alkaen.pdf (turku.fi)<\/a><\/p>\n","protected":false},"excerpt":{"rendered":"<p>T\u00e4\u00e4lt\u00e4 l\u00f6ytyy: Opetussuunnitelma (PDF 2 Mt) Oppilashuolto (PDF 868 Kt) Kasvatuskeskustelu-kurinpidolliset-keinot-ja-turvaamistoimet-Turun-perusopetuksessa-1.8.2022-alkaen.pdf (turku.fi)<\/p>\n","protected":false},"author":56,"featured_media":0,"parent":322,"menu_order":0,"comment_status":"closed","ping_status":"closed","template":"","meta":{"footnotes":""},"class_list":["post-747","page","type-page","status-publish","hentry"],"_links":{"self":[{"href":"https:\/\/blog.edu.turku.fi\/aunela\/wp-json\/wp\/v2\/pages\/747","targetHints":{"allow":["GET"]}}],"collection":[{"href":"https:\/\/blog.edu.turku.fi\/aunela\/wp-json\/wp\/v2\/pages"}],"about":[{"href":"https:\/\/blog.edu.turku.fi\/aunela\/wp-json\/wp\/v2\/types\/page"}],"author":[{"embeddable":true,"href":"https:\/\/blog.edu.turku.fi\/aunela\/wp-json\/wp\/v2\/users\/56"}],"replies":[{"embeddable":true,"href":"https:\/\/blog.edu.turku.fi\/aunela\/wp-json\/wp\/v2\/comments?post=747"}],"version-history":[{"count":2,"href":"https:\/\/blog.edu.turku.fi\/aunela\/wp-json\/wp\/v2\/pages\/747\/revisions"}],"predecessor-version":[{"id":762,"href":"https:\/\/blog.edu.turku.fi\/aunela\/wp-json\/wp\/v2\/pages\/747\/revisions\/762"}],"up":[{"embeddable":true,"href":"https:\/\/blog.edu.turku.fi\/aunela\/wp-json\/wp\/v2\/pages\/322"}],"wp:attachment":[{"href":"https:\/\/blog.edu.turku.fi\/aunela\/wp-json\/wp\/v2\/media?parent=747"}],"curies":[{"name":"wp","href":"https:\/\/api.w.org\/{rel}","templated":true}]}}