{"id":49,"date":"2013-09-05T14:13:47","date_gmt":"2013-09-05T11:13:47","guid":{"rendered":"https:\/\/blog.edu.turku.fi\/aunela\/?page_id=49"},"modified":"2026-04-08T14:47:59","modified_gmt":"2026-04-08T11:47:59","slug":"ajankohtaista","status":"publish","type":"page","link":"https:\/\/blog.edu.turku.fi\/aunela\/ajankohtaista\/","title":{"rendered":"Ajankohtaista"},"content":{"rendered":"<div>\n<p>&nbsp;<\/p>\n<p>Tulevien ekaluokkalaisten kouluun tutustuminen j\u00e4rjestet\u00e4\u00e4n torstaina 7.5.2026 klo 8.00-10.00.<\/p>\n<p>Huoltajien infotilaisuus on samaan aikaan Aunelan koulussa.<\/p>\n<p>Tervetuloa!<\/p>\n<\/div>\n<div><\/div>\n<div>\n<p class=\"x_MsoNormal\">\n<\/div>\n<h1><span style=\"font-family: 'Arial',sans-serif\">Kouluun saapuminen<br \/>\n<\/span><\/h1>\n<p>Kannustamme kaikki koulumme oppilaita tulemaan kouluun itsen\u00e4isesti liikkuen k\u00e4vellen tai py\u00f6r\u00e4ll\u00e4.<\/p>\n<p>Mik\u00e4li kuljetat lastasi autolla kouluun, k\u00e4yt\u00e4 koulun ilmoittamaa saattoliikennepaikkaa eli palloiluhallin p\u00e4\u00e4dyss\u00e4 olevaa pys\u00e4k\u00f6intialuetta.<\/p>\n<p>Koulun ja kirjaston piha-alueelle autolla ajaminen on kielletty.<\/p>\n<p>Liikennemerkit kouluymp\u00e4rist\u00f6ss\u00e4 ovat turvaamassa lapsia.<\/p>\n<p>Autolla ajo on sallittu vain palloiluhallin p\u00e4\u00e4dyss\u00e4 olevalle pys\u00e4k\u00f6intialueelle \u2013 muualle koulun alueelle eli pihalle ja kent\u00e4lle ajo on kielletty.<\/p>\n<p>&nbsp;<\/p>\n","protected":false},"excerpt":{"rendered":"<p>&nbsp; Tulevien ekaluokkalaisten kouluun tutustuminen j\u00e4rjestet\u00e4\u00e4n torstaina 7.5.2026 klo 8.00-10.00. Huoltajien infotilaisuus on samaan aikaan Aunelan koulussa. Tervetuloa! Kouluun saapuminen Kannustamme kaikki koulumme oppilaita tulemaan kouluun itsen\u00e4isesti liikkuen k\u00e4vellen tai py\u00f6r\u00e4ll\u00e4. Mik\u00e4li kuljetat lastasi autolla kouluun, k\u00e4yt\u00e4 koulun ilmoittamaa saattoliikennepaikkaa eli palloiluhallin p\u00e4\u00e4dyss\u00e4 olevaa pys\u00e4k\u00f6intialuetta. Koulun ja kirjaston piha-alueelle autolla ajaminen on kielletty. Liikennemerkit kouluymp\u00e4rist\u00f6ss\u00e4 &hellip; <a href=\"https:\/\/blog.edu.turku.fi\/aunela\/ajankohtaista\/\" class=\"more-link\">Jatka lukemista<span class=\"screen-reader-text\"> &#8221;Ajankohtaista&#8221;<\/span><\/a><\/p>\n","protected":false},"author":1375,"featured_media":0,"parent":0,"menu_order":4,"comment_status":"closed","ping_status":"closed","template":"","meta":{"footnotes":""},"class_list":["post-49","page","type-page","status-publish","hentry"],"_links":{"self":[{"href":"https:\/\/blog.edu.turku.fi\/aunela\/wp-json\/wp\/v2\/pages\/49","targetHints":{"allow":["GET"]}}],"collection":[{"href":"https:\/\/blog.edu.turku.fi\/aunela\/wp-json\/wp\/v2\/pages"}],"about":[{"href":"https:\/\/blog.edu.turku.fi\/aunela\/wp-json\/wp\/v2\/types\/page"}],"author":[{"embeddable":true,"href":"https:\/\/blog.edu.turku.fi\/aunela\/wp-json\/wp\/v2\/users\/1375"}],"replies":[{"embeddable":true,"href":"https:\/\/blog.edu.turku.fi\/aunela\/wp-json\/wp\/v2\/comments?post=49"}],"version-history":[{"count":194,"href":"https:\/\/blog.edu.turku.fi\/aunela\/wp-json\/wp\/v2\/pages\/49\/revisions"}],"predecessor-version":[{"id":803,"href":"https:\/\/blog.edu.turku.fi\/aunela\/wp-json\/wp\/v2\/pages\/49\/revisions\/803"}],"wp:attachment":[{"href":"https:\/\/blog.edu.turku.fi\/aunela\/wp-json\/wp\/v2\/media?parent=49"}],"curies":[{"name":"wp","href":"https:\/\/api.w.org\/{rel}","templated":true}]}}