{"id":43,"date":"2013-09-05T14:09:47","date_gmt":"2013-09-05T11:09:47","guid":{"rendered":"https:\/\/blog.edu.turku.fi\/aunela\/?page_id=43"},"modified":"2025-09-26T10:12:04","modified_gmt":"2025-09-26T07:12:04","slug":"vanhempainyhdistys","status":"publish","type":"page","link":"https:\/\/blog.edu.turku.fi\/aunela\/vanhempainyhdistys\/","title":{"rendered":"Vanhempainyhdistys"},"content":{"rendered":"<p>Aunelan koulun vanhempainyhdistys ry:n tavoitteena on edist\u00e4\u00e4 oppilaiden huoltajien ja koulun v\u00e4list\u00e4 vuorovaikutusta ja yhteistoimintaa. Yhdistys haluaa tuoda esille huoltajien n\u00e4kemyksi\u00e4 koulua, opetusta ja kasvatusta koskevissa kysymyksiss\u00e4 sek\u00e4 toimia niin esiopetuksen kuin koulun oppilaiden huoltajille yhteisty\u00f6n ja vertaistuen kanavana. Haluamme tiivist\u00e4\u00e4 yhteisty\u00f6t\u00e4 esiopetuksen ja koulun kanssa.<\/p>\n<p>Lukuvuoden aikana on tavoitteena j\u00e4rjest\u00e4\u00e4<br \/>\n&#8211; kodin ja koulun p\u00e4iv\u00e4 yhdess\u00e4 koulun kanssa<br \/>\n&#8211; oppilasdisco niin syksyll\u00e4 kuin kev\u00e4\u00e4ll\u00e4kin<br \/>\n&#8211; erilaisia varainhankintatapahtumia<br \/>\n&#8211; muita mahdollisia tapahtumia, luentoja ja esityksi\u00e4 esiopetuksessa oleville ja\/tai koulun oppilaille sek\u00e4 heid\u00e4n huoltajilleen<\/p>\n<p>Yhdistyksen toiminta perustuu vapaaehtoisuuteen, jossa jokainen j\u00e4sen osallistuu toimintaan juuri sen verran kuin h\u00e4nelle itselleen sopii. Yhdistyksell\u00e4 on vapaaehtoinen j\u00e4senmaksu 10e, jonka vuosikokous vahvistaa vuodeksi kerrallaan.<\/p>\n<p>Yhdistys kokoontuu noin kerran kuukaudessa, tai tarvittaessa, keskustelemaan ajankohtaisista asioista. Kokoukset ovat kaikille avoimia.<\/p>\n<p>Toiminnasta ilmoitetaan esisijaisesti Wilman ja yhdistyksen Facebook-sivujen v\u00e4lityksell\u00e4. Yhdistyksen sivut l\u00f6ytyv\u00e4t:\u00a0www.facebook.com, Aunelan koulun vanhempainyhdistys.<\/p>\n<p>Yhteystiedot:<\/p>\n<p>puheenjohtaja Laura Aalto<\/p>\n<p>aunelan.vanhempainyhdistys@gmail.com<\/p>\n<p>&nbsp;<\/p>\n<p>&nbsp;<\/p>\n","protected":false},"excerpt":{"rendered":"<p>Aunelan koulun vanhempainyhdistys ry:n tavoitteena on edist\u00e4\u00e4 oppilaiden huoltajien ja koulun v\u00e4list\u00e4 vuorovaikutusta ja yhteistoimintaa. Yhdistys haluaa tuoda esille huoltajien n\u00e4kemyksi\u00e4 koulua, opetusta ja kasvatusta koskevissa kysymyksiss\u00e4 sek\u00e4 toimia niin esiopetuksen kuin koulun oppilaiden huoltajille yhteisty\u00f6n ja vertaistuen kanavana. Haluamme tiivist\u00e4\u00e4 yhteisty\u00f6t\u00e4 esiopetuksen ja koulun kanssa. Lukuvuoden aikana on tavoitteena j\u00e4rjest\u00e4\u00e4 &#8211; kodin ja koulun &hellip; <a href=\"https:\/\/blog.edu.turku.fi\/aunela\/vanhempainyhdistys\/\" class=\"more-link\">Jatka lukemista<span class=\"screen-reader-text\"> &#8221;Vanhempainyhdistys&#8221;<\/span><\/a><\/p>\n","protected":false},"author":1375,"featured_media":0,"parent":0,"menu_order":7,"comment_status":"closed","ping_status":"closed","template":"","meta":{"footnotes":""},"class_list":["post-43","page","type-page","status-publish","hentry"],"_links":{"self":[{"href":"https:\/\/blog.edu.turku.fi\/aunela\/wp-json\/wp\/v2\/pages\/43","targetHints":{"allow":["GET"]}}],"collection":[{"href":"https:\/\/blog.edu.turku.fi\/aunela\/wp-json\/wp\/v2\/pages"}],"about":[{"href":"https:\/\/blog.edu.turku.fi\/aunela\/wp-json\/wp\/v2\/types\/page"}],"author":[{"embeddable":true,"href":"https:\/\/blog.edu.turku.fi\/aunela\/wp-json\/wp\/v2\/users\/1375"}],"replies":[{"embeddable":true,"href":"https:\/\/blog.edu.turku.fi\/aunela\/wp-json\/wp\/v2\/comments?post=43"}],"version-history":[{"count":29,"href":"https:\/\/blog.edu.turku.fi\/aunela\/wp-json\/wp\/v2\/pages\/43\/revisions"}],"predecessor-version":[{"id":799,"href":"https:\/\/blog.edu.turku.fi\/aunela\/wp-json\/wp\/v2\/pages\/43\/revisions\/799"}],"wp:attachment":[{"href":"https:\/\/blog.edu.turku.fi\/aunela\/wp-json\/wp\/v2\/media?parent=43"}],"curies":[{"name":"wp","href":"https:\/\/api.w.org\/{rel}","templated":true}]}}