{"id":31,"date":"2013-09-05T13:48:28","date_gmt":"2013-09-05T10:48:28","guid":{"rendered":"https:\/\/blog.edu.turku.fi\/aunela\/?page_id=31"},"modified":"2025-08-18T08:22:40","modified_gmt":"2025-08-18T05:22:40","slug":"opettajat-ja-henkilokunta","status":"publish","type":"page","link":"https:\/\/blog.edu.turku.fi\/aunela\/opettajat-ja-henkilokunta\/","title":{"rendered":"Opettajat ja henkil\u00f6kunta"},"content":{"rendered":"<address>\u00a0Koulun johtaja Markku Laakso 050 432 3593<\/address>\n<address>Opettajat<\/address>\n<address>\n<address>\n<address>\n<address style=\"padding-left: 80px\">1a luokanopettaja Jutta P\u00f6nni 040 169 5826<\/address>\n<address style=\"padding-left: 80px\">2a luokanopettaja Hanna Honkanen 040 169 5823<\/address>\n<address style=\"padding-left: 80px\">2b luokanopettaja Jasmina Pusa 044 907 4245<\/address>\n<\/address>\n<address style=\"padding-left: 80px\">3a luokanopettaja Outi M\u00e4kinen 050 432 3704<\/address>\n<address style=\"padding-left: 80px\">3b luokanopettaja Tuija Niemi 044 907 4071<\/address>\n<address style=\"padding-left: 80px\">4a luokanopettaja Anna-Maria Kursi 040 169 5832<\/address>\n<address style=\"padding-left: 80px\">4b luokanopettaja Heini Etel\u00e4lahti 044 595 2559<\/address>\n<address>\n<address style=\"padding-left: 80px\">5a luokanopettaja Henna Jagt 040 169 5830<\/address>\n<address style=\"padding-left: 80px\">5b luokanopettaja Pekka Laatu 040 591 8089<\/address>\n<address style=\"padding-left: 80px\">6a luokanopettaja Minna Toivonen 040 153 0476<\/address>\n<address style=\"padding-left: 80px\">1-2 erityisluokanopettaja Raisa Malho 040 187 9306<\/address>\n<\/address>\n<\/address>\n<\/address>\n<address style=\"padding-left: 80px\">\n<address>3-4 erityisluokanopettaja Mirjam Millner-Anttila 040 828 7537<\/address>\n<\/address>\n<address style=\"padding-left: 80px\">5-6 erityisopettaja Saara Kallio 044 907 4433<\/address>\n<address style=\"padding-left: 80px\">resurssiopettaja Pauliina Lahtinen 044 493 2009<\/address>\n<address style=\"padding-left: 80px\">suomi toisena kielen\u00e4 opettaja, lehtori Maija-Riitta Miettinen 040 358 1562<\/address>\n<address style=\"padding-left: 80px\">valmistava opetus (valmo) luokanopettaja Timo V\u00e4lil\u00e4 040 169 5827<\/address>\n<address>\u00a0Kielten opettajat<\/address>\n<address style=\"padding-left: 80px\">englanti\u00a0 Markku Laakso<\/address>\n<address style=\"padding-left: 80px\">ruotsi Henna Jagt<\/address>\n<address style=\"padding-left: 80px\">espanja Judith Ans\u00f3 Ros<\/address>\n<address style=\"padding-left: 80px\">arabia Lena Diab-Roukala<\/address>\n<address style=\"padding-left: 80px\">bosnia Aida Bakalbasic<\/address>\n<address>Katsomusaineiden opettajat<\/address>\n<address style=\"padding-left: 80px\">UI Nusrat Habib<\/address>\n<address style=\"padding-left: 80px\">UK Abla Nkegbe<\/address>\n<address style=\"padding-left: 80px\">UO Paula Rannikko<\/address>\n<address>\u00a0Koulunk\u00e4ynninohjaajat<\/address>\n<address style=\"padding-left: 80px\">Dagmara Abdulgamidova<\/address>\n<address style=\"padding-left: 80px\">Rosa Korte<\/address>\n<address style=\"padding-left: 80px\">Erja Parviainen<\/address>\n<address style=\"padding-left: 80px\">Awat Saleh<\/address>\n<address>\u00a0Oppilashuoltohenkil\u00f6st\u00f6<\/address>\n<address style=\"padding-left: 80px\">kouluterveydenhoitaja Eveliina Halonen 040 358 7231 (tiistaina, torstaina ja perjantaina 8.00-15.30)<\/address>\n<address style=\"padding-left: 80px\">koulupsykologi Antti K\u00e4rn\u00e4 050 432 3177 (parillisten viikkojen keskiviikkona, joka viikko torstaina ja perjantaina)<\/address>\n<address style=\"padding-left: 80px\">koulukuraattori Sarita Turkum\u00e4ki 044 907 4124 (maanantaina ja tiistaina)<\/address>\n<address>\u00a0Muu henkil\u00f6kunta<\/address>\n<address style=\"padding-left: 80px\">koulusihteeri Marja-Liisa Rehula 044 907 4468 (tiistaina ja keskiviikkona)<\/address>\n<address style=\"padding-left: 80px\">Kaarea\/keitti\u00f6henkil\u00f6kunta, ruokapalveluty\u00f6ntekij\u00e4t Heidi Haapala ja Leena Kyr\u00f6 040 173 0592<\/address>\n<address style=\"padding-left: 80px\">Alltime\/siistij\u00e4 Seija Laurila 040 675 5589<\/address>\n<address style=\"padding-left: 80px\">Coor Oy\/kiinteist\u00f6nhoitaja Jukka R\u00e4m\u00f6 050 408 2748<\/address>\n<address>Iltap\u00e4iv\u00e4toiminta<\/address>\n<address style=\"padding-left: 80px\">Jere Wiss 044 907 2982<\/address>\n<address>Esikoulu (H\u00e4rk\u00e4m\u00e4en p\u00e4iv\u00e4koti S\u00e4k\u00e4kujan esikoulu)<\/address>\n<address style=\"padding-left: 80px\">p\u00e4iv\u00e4kodin johtaja Jaana Raitanen 050 396 7035<\/address>\n<address style=\"padding-left: 80px\">Aapelit\/Grazyna Vainio, Kirsti Helminen, Karina Lehtisalo\u00a0 040 596 4918<\/address>\n<address style=\"padding-left: 80px\">Esikot\/Kirsti Gr\u00f6nberg, Heidi Sauranne 040 596 4475<\/address>\n<address>Koulun opetushenkil\u00f6kunnan s\u00e4hk\u00f6postiosoitteet ovat etunimi.sukunimi@edu.turku.fi, paitsi 6. a:n luokanopettajan: minna.a.toivonen@&#8230;<\/address>\n<address>Oppilashuollon henkil\u00f6st\u00f6n s\u00e4hk\u00f6postiosoitteet ovat etunimi.sukunimi@varha.fi.<\/address>\n<address>\u00a0<\/address>\n","protected":false},"excerpt":{"rendered":"<p>\u00a0Koulun johtaja Markku Laakso 050 432 3593 Opettajat 1a luokanopettaja Jutta P\u00f6nni 040 169 5826 2a luokanopettaja Hanna Honkanen 040 169 5823 2b luokanopettaja Jasmina Pusa 044 907 4245 3a luokanopettaja Outi M\u00e4kinen 050 432 3704 3b luokanopettaja Tuija Niemi 044 907 4071 4a luokanopettaja Anna-Maria Kursi 040 169 5832 4b luokanopettaja Heini Etel\u00e4lahti 044 &hellip; <a href=\"https:\/\/blog.edu.turku.fi\/aunela\/opettajat-ja-henkilokunta\/\" class=\"more-link\">Jatka lukemista<span class=\"screen-reader-text\"> &#8221;Opettajat ja henkil\u00f6kunta&#8221;<\/span><\/a><\/p>\n","protected":false},"author":1375,"featured_media":0,"parent":0,"menu_order":2,"comment_status":"closed","ping_status":"closed","template":"","meta":{"footnotes":""},"class_list":["post-31","page","type-page","status-publish","hentry"],"_links":{"self":[{"href":"https:\/\/blog.edu.turku.fi\/aunela\/wp-json\/wp\/v2\/pages\/31","targetHints":{"allow":["GET"]}}],"collection":[{"href":"https:\/\/blog.edu.turku.fi\/aunela\/wp-json\/wp\/v2\/pages"}],"about":[{"href":"https:\/\/blog.edu.turku.fi\/aunela\/wp-json\/wp\/v2\/types\/page"}],"author":[{"embeddable":true,"href":"https:\/\/blog.edu.turku.fi\/aunela\/wp-json\/wp\/v2\/users\/1375"}],"replies":[{"embeddable":true,"href":"https:\/\/blog.edu.turku.fi\/aunela\/wp-json\/wp\/v2\/comments?post=31"}],"version-history":[{"count":93,"href":"https:\/\/blog.edu.turku.fi\/aunela\/wp-json\/wp\/v2\/pages\/31\/revisions"}],"predecessor-version":[{"id":786,"href":"https:\/\/blog.edu.turku.fi\/aunela\/wp-json\/wp\/v2\/pages\/31\/revisions\/786"}],"wp:attachment":[{"href":"https:\/\/blog.edu.turku.fi\/aunela\/wp-json\/wp\/v2\/media?parent=31"}],"curies":[{"name":"wp","href":"https:\/\/api.w.org\/{rel}","templated":true}]}}