{"id":59,"date":"2015-06-25T13:41:38","date_gmt":"2015-06-25T10:41:38","guid":{"rendered":"https:\/\/blog.edu.turku.fi\/arkeologinphy\/?page_id=59"},"modified":"2025-08-21T08:45:21","modified_gmt":"2025-08-21T05:45:21","slug":"yksikkomme","status":"publish","type":"page","link":"https:\/\/blog.edu.turku.fi\/arkeologinphy\/yksikkomme\/","title":{"rendered":"Yhteystiedot"},"content":{"rendered":"<p>P\u00e4iv\u00e4kotimme koostuu kolmesta erillisest\u00e4 p\u00e4iv\u00e4kodista.<br \/>\nAukioloaikamme on klo 6.30 &#8211; 17.00.<\/p>\n<p>P\u00e4iv\u00e4kodinjohtajana toimii Tuija Putkonen,<br \/>\np. 050 396 7134, s-posti: tuija.putkonen@turku.fi.<\/p>\n<table>\n<tbody>\n<tr>\n<td><a href=\"https:\/\/blog.edu.turku.fi\/arkeologinphy\/files\/2015\/06\/Ark1.jpg\"><img loading=\"lazy\" decoding=\"async\" class=\"wp-image-15 size-medium\" src=\"https:\/\/blog.edu.turku.fi\/arkeologinphy\/files\/2015\/06\/Ark1-300x185.jpg\" alt=\"Ark\" width=\"300\" height=\"185\" srcset=\"https:\/\/blog.edu.turku.fi\/arkeologinphy\/files\/2015\/06\/Ark1-300x185.jpg 300w, https:\/\/blog.edu.turku.fi\/arkeologinphy\/files\/2015\/06\/Ark1-487x300.jpg 487w, https:\/\/blog.edu.turku.fi\/arkeologinphy\/files\/2015\/06\/Ark1.jpg 739w\" sizes=\"auto, (max-width: 300px) 85vw, 300px\" \/><\/a><\/td>\n<td style=\"vertical-align: top; padding-top: 50px;\">P\u00e4iv\u00e4koti Arkeologinkatu 9<br \/>\n20460 Turku<br \/>\np. 040 687 8518 (Keltasirkut)<br \/>\np. 040 631 5432 (Punatulkut)<br \/>\np. 040 486 8975 (Sinitiaiset)<\/td>\n<\/tr>\n<tr>\n<td style=\"vertical-align: top; padding-top: 50px;\">P\u00e4iv\u00e4koti Lampolankatu 6<br \/>\n20460 Turku<br \/>\np. (Sinikellot)<br \/>\np. 040 146 0698 (Mets\u00e4t\u00e4hdet)<\/td>\n<td><a href=\"https:\/\/blog.edu.turku.fi\/arkeologinphy\/files\/2015\/06\/Lamp.jpg\"><img loading=\"lazy\" decoding=\"async\" class=\" size-medium wp-image-14\" src=\"https:\/\/blog.edu.turku.fi\/arkeologinphy\/files\/2015\/06\/Lamp-300x225.jpg\" alt=\"Lamp\" width=\"300\" height=\"225\" srcset=\"https:\/\/blog.edu.turku.fi\/arkeologinphy\/files\/2015\/06\/Lamp-300x225.jpg 300w, https:\/\/blog.edu.turku.fi\/arkeologinphy\/files\/2015\/06\/Lamp-400x300.jpg 400w, https:\/\/blog.edu.turku.fi\/arkeologinphy\/files\/2015\/06\/Lamp.jpg 670w\" sizes=\"auto, (max-width: 300px) 85vw, 300px\" \/><\/a><\/td>\n<\/tr>\n<tr>\n<td><a href=\"https:\/\/blog.edu.turku.fi\/arkeologinphy\/files\/2015\/06\/JPK-pieni.jpg\"><img loading=\"lazy\" decoding=\"async\" class=\"alignnone size-medium wp-image-111\" src=\"https:\/\/blog.edu.turku.fi\/arkeologinphy\/files\/2015\/06\/JPK-pieni-300x190.jpg\" alt=\"JPK-pieni\" width=\"300\" height=\"190\" srcset=\"https:\/\/blog.edu.turku.fi\/arkeologinphy\/files\/2015\/06\/JPK-pieni-300x190.jpg 300w, https:\/\/blog.edu.turku.fi\/arkeologinphy\/files\/2015\/06\/JPK-pieni-474x300.jpg 474w, https:\/\/blog.edu.turku.fi\/arkeologinphy\/files\/2015\/06\/JPK-pieni.jpg 648w\" sizes=\"auto, (max-width: 300px) 85vw, 300px\" \/><\/a><\/td>\n<td style=\"vertical-align: top; padding-top: 50px;\">P\u00e4iv\u00e4koti J\u00e4k\u00e4rl\u00e4n Puistokatu 18<br \/>\n20460 Turku<br \/>\np. 040 652 9325 (Vaapukat)<br \/>\np. 040 160 2931 (Vanamot)<\/td>\n<\/tr>\n<\/tbody>\n<\/table>\n","protected":false},"excerpt":{"rendered":"<p>P\u00e4iv\u00e4kotimme koostuu kolmesta erillisest\u00e4 p\u00e4iv\u00e4kodista. Aukioloaikamme on klo 6.30 &#8211; 17.00. P\u00e4iv\u00e4kodinjohtajana toimii Tuija Putkonen, p. 050 396 7134, s-posti: tuija.putkonen@turku.fi. P\u00e4iv\u00e4koti Arkeologinkatu 9 20460 Turku p. 040 687 8518 (Keltasirkut) p. 040 631 5432 (Punatulkut) p. 040 486 8975 (Sinitiaiset) P\u00e4iv\u00e4koti Lampolankatu 6 20460 Turku p. (Sinikellot) p. 040 146 0698 (Mets\u00e4t\u00e4hdet) P\u00e4iv\u00e4koti J\u00e4k\u00e4rl\u00e4n &hellip; <a href=\"https:\/\/blog.edu.turku.fi\/arkeologinphy\/yksikkomme\/\" class=\"more-link\">Jatka lukemista<span class=\"screen-reader-text\"> &#8221;Yhteystiedot&#8221;<\/span><\/a><\/p>\n","protected":false},"author":3026,"featured_media":0,"parent":0,"menu_order":0,"comment_status":"closed","ping_status":"closed","template":"","meta":{"footnotes":""},"class_list":["post-59","page","type-page","status-publish","hentry"],"_links":{"self":[{"href":"https:\/\/blog.edu.turku.fi\/arkeologinphy\/wp-json\/wp\/v2\/pages\/59","targetHints":{"allow":["GET"]}}],"collection":[{"href":"https:\/\/blog.edu.turku.fi\/arkeologinphy\/wp-json\/wp\/v2\/pages"}],"about":[{"href":"https:\/\/blog.edu.turku.fi\/arkeologinphy\/wp-json\/wp\/v2\/types\/page"}],"author":[{"embeddable":true,"href":"https:\/\/blog.edu.turku.fi\/arkeologinphy\/wp-json\/wp\/v2\/users\/3026"}],"replies":[{"embeddable":true,"href":"https:\/\/blog.edu.turku.fi\/arkeologinphy\/wp-json\/wp\/v2\/comments?post=59"}],"version-history":[{"count":27,"href":"https:\/\/blog.edu.turku.fi\/arkeologinphy\/wp-json\/wp\/v2\/pages\/59\/revisions"}],"predecessor-version":[{"id":226,"href":"https:\/\/blog.edu.turku.fi\/arkeologinphy\/wp-json\/wp\/v2\/pages\/59\/revisions\/226"}],"wp:attachment":[{"href":"https:\/\/blog.edu.turku.fi\/arkeologinphy\/wp-json\/wp\/v2\/media?parent=59"}],"curies":[{"name":"wp","href":"https:\/\/api.w.org\/{rel}","templated":true}]}}