{"id":37,"date":"2015-06-25T13:37:39","date_gmt":"2015-06-25T10:37:39","guid":{"rendered":"https:\/\/blog.edu.turku.fi\/arkeologinphy\/?page_id=37"},"modified":"2020-10-13T13:50:15","modified_gmt":"2020-10-13T10:50:15","slug":"paivakoti-jakarlan-puistokatu-18","status":"publish","type":"page","link":"https:\/\/blog.edu.turku.fi\/arkeologinphy\/paivakoti-jakarlan-puistokatu-18\/","title":{"rendered":"P\u00e4iv\u00e4koti J\u00e4k\u00e4rl\u00e4n Puistokatu 18"},"content":{"rendered":"<p><a href=\"https:\/\/blog.edu.turku.fi\/arkeologinphy\/files\/2015\/06\/JPK-pieni.jpg\"><img loading=\"lazy\" decoding=\"async\" class=\"alignnone size-large wp-image-111\" src=\"https:\/\/blog.edu.turku.fi\/arkeologinphy\/files\/2015\/06\/JPK-pieni-648x410.jpg\" alt=\"JPK-pieni\" width=\"648\" height=\"410\" srcset=\"https:\/\/blog.edu.turku.fi\/arkeologinphy\/files\/2015\/06\/JPK-pieni.jpg 648w, https:\/\/blog.edu.turku.fi\/arkeologinphy\/files\/2015\/06\/JPK-pieni-300x190.jpg 300w, https:\/\/blog.edu.turku.fi\/arkeologinphy\/files\/2015\/06\/JPK-pieni-474x300.jpg 474w\" sizes=\"auto, (max-width: 648px) 85vw, 648px\" \/><\/a><\/p>\n<p>P\u00e4iv\u00e4kodissamme on 34 lasta kahdessa ryhm\u00e4ss\u00e4.<\/p>\n<header class=\"entry-header\"><\/header>\n<div class=\"entry-content\">\n<p><a href=\"https:\/\/blog.edu.turku.fi\/arkeologinphy\/category\/vanamot\/\">Vanamot<\/a> (esiopetusryhm\u00e4)<br \/>\nEsiopetusryhm\u00e4<br \/>\nHenkil\u00f6kuntana kaksi varhaiskasvatuksenopettajaa, lastenhoitaja ja puolip\u00e4iv\u00e4inen avustaja<\/p>\n<p><a href=\"https:\/\/blog.edu.turku.fi\/arkeologinphy\/category\/vaapukat\/\">Vaapukat <\/a>(pienennetty ryhm\u00e4)<br \/>\n3-5 -vuotiaden lasten pienennetty ryhm\u00e4<\/p>\n<\/div>\n<p>Henkil\u00f6kuntana varhaiskasvatuksenopettaja, lastenhoitaja ja avustaja<\/p>\n","protected":false},"excerpt":{"rendered":"<p>P\u00e4iv\u00e4kodissamme on 34 lasta kahdessa ryhm\u00e4ss\u00e4. Vanamot (esiopetusryhm\u00e4) Esiopetusryhm\u00e4 Henkil\u00f6kuntana kaksi varhaiskasvatuksenopettajaa, lastenhoitaja ja puolip\u00e4iv\u00e4inen avustaja Vaapukat (pienennetty ryhm\u00e4) 3-5 -vuotiaden lasten pienennetty ryhm\u00e4 Henkil\u00f6kuntana varhaiskasvatuksenopettaja, lastenhoitaja ja avustaja<\/p>\n","protected":false},"author":1130,"featured_media":0,"parent":0,"menu_order":0,"comment_status":"closed","ping_status":"closed","template":"","meta":{"footnotes":""},"class_list":["post-37","page","type-page","status-publish","hentry"],"_links":{"self":[{"href":"https:\/\/blog.edu.turku.fi\/arkeologinphy\/wp-json\/wp\/v2\/pages\/37","targetHints":{"allow":["GET"]}}],"collection":[{"href":"https:\/\/blog.edu.turku.fi\/arkeologinphy\/wp-json\/wp\/v2\/pages"}],"about":[{"href":"https:\/\/blog.edu.turku.fi\/arkeologinphy\/wp-json\/wp\/v2\/types\/page"}],"author":[{"embeddable":true,"href":"https:\/\/blog.edu.turku.fi\/arkeologinphy\/wp-json\/wp\/v2\/users\/1130"}],"replies":[{"embeddable":true,"href":"https:\/\/blog.edu.turku.fi\/arkeologinphy\/wp-json\/wp\/v2\/comments?post=37"}],"version-history":[{"count":11,"href":"https:\/\/blog.edu.turku.fi\/arkeologinphy\/wp-json\/wp\/v2\/pages\/37\/revisions"}],"predecessor-version":[{"id":224,"href":"https:\/\/blog.edu.turku.fi\/arkeologinphy\/wp-json\/wp\/v2\/pages\/37\/revisions\/224"}],"wp:attachment":[{"href":"https:\/\/blog.edu.turku.fi\/arkeologinphy\/wp-json\/wp\/v2\/media?parent=37"}],"curies":[{"name":"wp","href":"https:\/\/api.w.org\/{rel}","templated":true}]}}