{"id":31,"date":"2015-06-25T13:35:11","date_gmt":"2015-06-25T10:35:11","guid":{"rendered":"https:\/\/blog.edu.turku.fi\/arkeologinphy\/?page_id=31"},"modified":"2016-11-07T10:56:20","modified_gmt":"2016-11-07T08:56:20","slug":"paivakoti-lampolankatu-6","status":"publish","type":"page","link":"https:\/\/blog.edu.turku.fi\/arkeologinphy\/paivakoti-lampolankatu-6\/","title":{"rendered":"P\u00e4iv\u00e4koti Lampolankatu 6"},"content":{"rendered":"<p><a href=\"https:\/\/blog.edu.turku.fi\/arkeologinphy\/files\/2015\/06\/Lamp.jpg\"><img loading=\"lazy\" decoding=\"async\" class=\"alignnone size-large wp-image-14\" src=\"https:\/\/blog.edu.turku.fi\/arkeologinphy\/files\/2015\/06\/Lamp-670x502.jpg\" alt=\"Lamp\" width=\"670\" height=\"502\" srcset=\"https:\/\/blog.edu.turku.fi\/arkeologinphy\/files\/2015\/06\/Lamp.jpg 670w, https:\/\/blog.edu.turku.fi\/arkeologinphy\/files\/2015\/06\/Lamp-300x225.jpg 300w, https:\/\/blog.edu.turku.fi\/arkeologinphy\/files\/2015\/06\/Lamp-400x300.jpg 400w\" sizes=\"auto, (max-width: 670px) 85vw, 670px\" \/><\/a><\/p>\n<p>P\u00e4iv\u00e4kodissamme on 33 lasta kahdessa ryhm\u00e4ss\u00e4: <a href=\"https:\/\/blog.edu.turku.fi\/arkeologinphy\/paivakoti-lampolankatu-6\/sinikellot\/\">Sinikellot<\/a> ja <a href=\"https:\/\/blog.edu.turku.fi\/arkeologinphy\/paivakoti-lampolankatu-6\/metsatahdet\/\">Mets\u00e4t\u00e4hdet<\/a>.<\/p>\n","protected":false},"excerpt":{"rendered":"<p>P\u00e4iv\u00e4kodissamme on 33 lasta kahdessa ryhm\u00e4ss\u00e4: Sinikellot ja Mets\u00e4t\u00e4hdet.<\/p>\n","protected":false},"author":1130,"featured_media":0,"parent":0,"menu_order":0,"comment_status":"closed","ping_status":"closed","template":"","meta":{"footnotes":""},"class_list":["post-31","page","type-page","status-publish","hentry"],"_links":{"self":[{"href":"https:\/\/blog.edu.turku.fi\/arkeologinphy\/wp-json\/wp\/v2\/pages\/31","targetHints":{"allow":["GET"]}}],"collection":[{"href":"https:\/\/blog.edu.turku.fi\/arkeologinphy\/wp-json\/wp\/v2\/pages"}],"about":[{"href":"https:\/\/blog.edu.turku.fi\/arkeologinphy\/wp-json\/wp\/v2\/types\/page"}],"author":[{"embeddable":true,"href":"https:\/\/blog.edu.turku.fi\/arkeologinphy\/wp-json\/wp\/v2\/users\/1130"}],"replies":[{"embeddable":true,"href":"https:\/\/blog.edu.turku.fi\/arkeologinphy\/wp-json\/wp\/v2\/comments?post=31"}],"version-history":[{"count":3,"href":"https:\/\/blog.edu.turku.fi\/arkeologinphy\/wp-json\/wp\/v2\/pages\/31\/revisions"}],"predecessor-version":[{"id":153,"href":"https:\/\/blog.edu.turku.fi\/arkeologinphy\/wp-json\/wp\/v2\/pages\/31\/revisions\/153"}],"wp:attachment":[{"href":"https:\/\/blog.edu.turku.fi\/arkeologinphy\/wp-json\/wp\/v2\/media?parent=31"}],"curies":[{"name":"wp","href":"https:\/\/api.w.org\/{rel}","templated":true}]}}