{"id":23,"date":"2015-06-25T13:31:26","date_gmt":"2015-06-25T10:31:26","guid":{"rendered":"https:\/\/blog.edu.turku.fi\/arkeologinphy\/?page_id=23"},"modified":"2016-11-07T10:49:41","modified_gmt":"2016-11-07T08:49:41","slug":"paivakoti-arkeologinkatu-9","status":"publish","type":"page","link":"https:\/\/blog.edu.turku.fi\/arkeologinphy\/paivakoti-arkeologinkatu-9\/","title":{"rendered":"P\u00e4iv\u00e4koti Arkeologinkatu 9"},"content":{"rendered":"<p><a href=\"https:\/\/blog.edu.turku.fi\/arkeologinphy\/files\/2015\/06\/Ark1.jpg\"><img loading=\"lazy\" decoding=\"async\" class=\"alignnone wp-image-15 size-large\" src=\"https:\/\/blog.edu.turku.fi\/arkeologinphy\/files\/2015\/06\/Ark1-739x455.jpg\" alt=\"Ark\" width=\"739\" height=\"455\" srcset=\"https:\/\/blog.edu.turku.fi\/arkeologinphy\/files\/2015\/06\/Ark1.jpg 739w, https:\/\/blog.edu.turku.fi\/arkeologinphy\/files\/2015\/06\/Ark1-300x185.jpg 300w, https:\/\/blog.edu.turku.fi\/arkeologinphy\/files\/2015\/06\/Ark1-487x300.jpg 487w\" sizes=\"auto, (max-width: 739px) 85vw, 739px\" \/><\/a><\/p>\n<p>P\u00e4iv\u00e4kodissamme on 48 lasta kolmessa ryhm\u00e4ss\u00e4. P\u00e4iv\u00e4koti sijaitsee J\u00e4k\u00e4rl\u00e4n koulun ja liikuntasalin vieress\u00e4.<\/p>\n<p>Ryhm\u00e4t: <a href=\"https:\/\/blog.edu.turku.fi\/arkeologinphy\/paivakoti-arkeologinkatu-9\/sinitiaiset\/\">Sinitiaiset<\/a>, <a href=\"https:\/\/blog.edu.turku.fi\/arkeologinphy\/paivakoti-arkeologinkatu-9\/keltasirkut\/\">Keltasirkut <\/a>ja <a href=\"https:\/\/blog.edu.turku.fi\/arkeologinphy\/paivakoti-arkeologinkatu-9\/punatulkut\/\">Punatulkut<\/a><\/p>\n","protected":false},"excerpt":{"rendered":"<p>P\u00e4iv\u00e4kodissamme on 48 lasta kolmessa ryhm\u00e4ss\u00e4. P\u00e4iv\u00e4koti sijaitsee J\u00e4k\u00e4rl\u00e4n koulun ja liikuntasalin vieress\u00e4. Ryhm\u00e4t: Sinitiaiset, Keltasirkut ja Punatulkut<\/p>\n","protected":false},"author":1281,"featured_media":0,"parent":0,"menu_order":0,"comment_status":"closed","ping_status":"closed","template":"","meta":{"footnotes":""},"class_list":["post-23","page","type-page","status-publish","hentry"],"_links":{"self":[{"href":"https:\/\/blog.edu.turku.fi\/arkeologinphy\/wp-json\/wp\/v2\/pages\/23","targetHints":{"allow":["GET"]}}],"collection":[{"href":"https:\/\/blog.edu.turku.fi\/arkeologinphy\/wp-json\/wp\/v2\/pages"}],"about":[{"href":"https:\/\/blog.edu.turku.fi\/arkeologinphy\/wp-json\/wp\/v2\/types\/page"}],"author":[{"embeddable":true,"href":"https:\/\/blog.edu.turku.fi\/arkeologinphy\/wp-json\/wp\/v2\/users\/1281"}],"replies":[{"embeddable":true,"href":"https:\/\/blog.edu.turku.fi\/arkeologinphy\/wp-json\/wp\/v2\/comments?post=23"}],"version-history":[{"count":5,"href":"https:\/\/blog.edu.turku.fi\/arkeologinphy\/wp-json\/wp\/v2\/pages\/23\/revisions"}],"predecessor-version":[{"id":148,"href":"https:\/\/blog.edu.turku.fi\/arkeologinphy\/wp-json\/wp\/v2\/pages\/23\/revisions\/148"}],"wp:attachment":[{"href":"https:\/\/blog.edu.turku.fi\/arkeologinphy\/wp-json\/wp\/v2\/media?parent=23"}],"curies":[{"name":"wp","href":"https:\/\/api.w.org\/{rel}","templated":true}]}}