{"id":136,"date":"2016-11-07T10:12:02","date_gmt":"2016-11-07T08:12:02","guid":{"rendered":"https:\/\/blog.edu.turku.fi\/arkeologinphy\/?page_id=136"},"modified":"2016-11-07T10:13:12","modified_gmt":"2016-11-07T08:13:12","slug":"tervetuloa","status":"publish","type":"page","link":"https:\/\/blog.edu.turku.fi\/arkeologinphy\/","title":{"rendered":"Tervetuloa Arkeologinkadun p\u00e4iv\u00e4hoitoyksikk\u00f6\u00f6n!"},"content":{"rendered":"<h2><a href=\"https:\/\/blog.edu.turku.fi\/arkeologinphy\/files\/2015\/06\/DSCN0018.jpg\"><img loading=\"lazy\" decoding=\"async\" class=\"alignnone wp-image-8 size-large\" src=\"https:\/\/blog.edu.turku.fi\/arkeologinphy\/files\/2015\/06\/DSCN0018-1024x768.jpg\" alt=\"DSCN0018\" width=\"1024\" height=\"768\" srcset=\"https:\/\/blog.edu.turku.fi\/arkeologinphy\/files\/2015\/06\/DSCN0018-1024x768.jpg 1024w, https:\/\/blog.edu.turku.fi\/arkeologinphy\/files\/2015\/06\/DSCN0018-300x225.jpg 300w, https:\/\/blog.edu.turku.fi\/arkeologinphy\/files\/2015\/06\/DSCN0018-400x300.jpg 400w\" sizes=\"auto, (max-width: 709px) 85vw, (max-width: 909px) 67vw, (max-width: 1362px) 62vw, 840px\" \/><\/a><\/h2>\n<p>Arkeologinkadun p\u00e4iv\u00e4hoitoyksikk\u00f6 sijaitsee vehre\u00e4ss\u00e4 J\u00e4k\u00e4rl\u00e4n kaupunginosassa. P\u00e4iv\u00e4hoitoyksikk\u00f6mme koostuu kolmesta pienest\u00e4 kodinomaisesta l\u00e4mminhenkisest\u00e4 p\u00e4iv\u00e4kodista, joiden kaikkien l\u00e4hist\u00f6lt\u00e4 l\u00f6ytyy viel\u00e4 paljon rakentamatonta luontoa. Meill\u00e4 on monipuoliset mahdollisuudet liikuntaan, koska metsien lis\u00e4ksi l\u00e4hist\u00f6lt\u00e4 l\u00f6ytyy puistoja, urheilukentt\u00e4 ja\u00a0koulun liikuntasali.<\/p>\n<p>Teemme kiinte\u00e4\u00e4 yhteisty\u00f6t\u00e4 J\u00e4k\u00e4rl\u00e4n koulun kanssa.<\/p>\n<p>&nbsp;<\/p>\n<p>&nbsp;<\/p>\n","protected":false},"excerpt":{"rendered":"<p>Arkeologinkadun p\u00e4iv\u00e4hoitoyksikk\u00f6 sijaitsee vehre\u00e4ss\u00e4 J\u00e4k\u00e4rl\u00e4n kaupunginosassa. P\u00e4iv\u00e4hoitoyksikk\u00f6mme koostuu kolmesta pienest\u00e4 kodinomaisesta l\u00e4mminhenkisest\u00e4 p\u00e4iv\u00e4kodista, joiden kaikkien l\u00e4hist\u00f6lt\u00e4 l\u00f6ytyy viel\u00e4 paljon rakentamatonta luontoa. Meill\u00e4 on monipuoliset mahdollisuudet liikuntaan, koska metsien lis\u00e4ksi l\u00e4hist\u00f6lt\u00e4 l\u00f6ytyy puistoja, urheilukentt\u00e4 ja\u00a0koulun liikuntasali. Teemme kiinte\u00e4\u00e4 yhteisty\u00f6t\u00e4 J\u00e4k\u00e4rl\u00e4n koulun kanssa. &nbsp; &nbsp;<\/p>\n","protected":false},"author":1281,"featured_media":0,"parent":0,"menu_order":0,"comment_status":"closed","ping_status":"closed","template":"","meta":{"footnotes":""},"class_list":["post-136","page","type-page","status-publish","hentry"],"_links":{"self":[{"href":"https:\/\/blog.edu.turku.fi\/arkeologinphy\/wp-json\/wp\/v2\/pages\/136","targetHints":{"allow":["GET"]}}],"collection":[{"href":"https:\/\/blog.edu.turku.fi\/arkeologinphy\/wp-json\/wp\/v2\/pages"}],"about":[{"href":"https:\/\/blog.edu.turku.fi\/arkeologinphy\/wp-json\/wp\/v2\/types\/page"}],"author":[{"embeddable":true,"href":"https:\/\/blog.edu.turku.fi\/arkeologinphy\/wp-json\/wp\/v2\/users\/1281"}],"replies":[{"embeddable":true,"href":"https:\/\/blog.edu.turku.fi\/arkeologinphy\/wp-json\/wp\/v2\/comments?post=136"}],"version-history":[{"count":2,"href":"https:\/\/blog.edu.turku.fi\/arkeologinphy\/wp-json\/wp\/v2\/pages\/136\/revisions"}],"predecessor-version":[{"id":139,"href":"https:\/\/blog.edu.turku.fi\/arkeologinphy\/wp-json\/wp\/v2\/pages\/136\/revisions\/139"}],"wp:attachment":[{"href":"https:\/\/blog.edu.turku.fi\/arkeologinphy\/wp-json\/wp\/v2\/media?parent=136"}],"curies":[{"name":"wp","href":"https:\/\/api.w.org\/{rel}","templated":true}]}}