{"id":512,"date":"2024-08-16T10:28:42","date_gmt":"2024-08-16T07:28:42","guid":{"rendered":"https:\/\/blog.edu.turku.fi\/arbis\/?page_id=512"},"modified":"2024-08-16T10:33:41","modified_gmt":"2024-08-16T07:33:41","slug":"jobba-hos-oss","status":"publish","type":"page","link":"https:\/\/blog.edu.turku.fi\/arbis\/?page_id=512","title":{"rendered":"Jobba hos oss?"},"content":{"rendered":"\n<p>Har du specialkunnande du g\u00e4rna vill dela med dig av? H\u00f6r g\u00e4rna av dig till oss med f\u00f6rslag p\u00e5 kurser du kunde h\u00e5lla hos oss!<\/p>\n","protected":false},"excerpt":{"rendered":"<p>Har du specialkunnande du g\u00e4rna vill dela med dig av? H\u00f6r g\u00e4rna av dig till oss med f\u00f6rslag p\u00e5 kurser &hellip; <\/p>\n","protected":false},"author":3405,"featured_media":0,"parent":0,"menu_order":0,"comment_status":"closed","ping_status":"closed","template":"","meta":{"footnotes":""},"class_list":["post-512","page","type-page","status-publish","hentry"],"_links":{"self":[{"href":"https:\/\/blog.edu.turku.fi\/arbis\/index.php?rest_route=\/wp\/v2\/pages\/512","targetHints":{"allow":["GET"]}}],"collection":[{"href":"https:\/\/blog.edu.turku.fi\/arbis\/index.php?rest_route=\/wp\/v2\/pages"}],"about":[{"href":"https:\/\/blog.edu.turku.fi\/arbis\/index.php?rest_route=\/wp\/v2\/types\/page"}],"author":[{"embeddable":true,"href":"https:\/\/blog.edu.turku.fi\/arbis\/index.php?rest_route=\/wp\/v2\/users\/3405"}],"replies":[{"embeddable":true,"href":"https:\/\/blog.edu.turku.fi\/arbis\/index.php?rest_route=%2Fwp%2Fv2%2Fcomments&post=512"}],"version-history":[{"count":1,"href":"https:\/\/blog.edu.turku.fi\/arbis\/index.php?rest_route=\/wp\/v2\/pages\/512\/revisions"}],"predecessor-version":[{"id":513,"href":"https:\/\/blog.edu.turku.fi\/arbis\/index.php?rest_route=\/wp\/v2\/pages\/512\/revisions\/513"}],"wp:attachment":[{"href":"https:\/\/blog.edu.turku.fi\/arbis\/index.php?rest_route=%2Fwp%2Fv2%2Fmedia&parent=512"}],"curies":[{"name":"wp","href":"https:\/\/api.w.org\/{rel}","templated":true}]}}