{"id":268,"date":"2024-05-30T12:49:32","date_gmt":"2024-05-30T09:49:32","guid":{"rendered":"https:\/\/blog.edu.turku.fi\/arbistesti\/?page_id=268"},"modified":"2025-06-16T13:54:17","modified_gmt":"2025-06-16T10:54:17","slug":"vara-utrymmen","status":"publish","type":"page","link":"https:\/\/blog.edu.turku.fi\/arbis\/?page_id=268","title":{"rendered":"V\u00e5ra utrymmen"},"content":{"rendered":"\n<p>V\u00e5ra kurser och f\u00f6rel\u00e4sningar h\u00e5lls i huvudsak i Arbis institutshus, Kaskisgatan 5.<\/p>\n\n\n\n<p>\u00d6vriga utrymmen vi anv\u00e4nder \u00e4r:<\/p>\n\n\n\n<p>\u00c5salen i Katedralskolans nedre v\u00e5ning, \u00d6stra strandgatan 2 (keramik, v\u00e4vning)<\/p>\n\n\n\n<p>Agricolasalen, Finnosalen, Stodius i Katedralskolan, Gamla stortorget 1 (k\u00f6rerna, s\u00e5ngundervisning)<\/p>\n\n\n\n<p>St: Olofsskolan, Sirkkalagatan 39 (undervisningsk\u00f6k, sl\u00f6jdsal, textilsal, gym, bildkonstsal)<\/p>\n\n\n\n<p>Cygnaeusskolan, Mariegatan 7 (festsalen f\u00f6r t.ex. karate)<\/p>\n\n\n\n<p>Sirkkala skola, Sirkkalagatan 20 (sl\u00f6jdsalen f\u00f6r t.ex. smyckeskurser) <\/p>\n\n\n\n<p>Vimma, Auragatan 16, 20100 \u00c5bo (keramik f\u00f6r unga vuxna)<\/p>\n\n\n\n<p>Villa Vinden, Observatoriegatan 2, 20700 \u00c5bo (vinkultur i samarbete med Hemmet)<\/p>\n\n\n\n<p><\/p>\n\n\n\n<p><\/p>\n\n\n\n<p><\/p>\n","protected":false},"excerpt":{"rendered":"<p>V\u00e5ra kurser och f\u00f6rel\u00e4sningar h\u00e5lls i huvudsak i Arbis institutshus, Kaskisgatan 5. \u00d6vriga utrymmen vi anv\u00e4nder \u00e4r: \u00c5salen i Katedralskolans &hellip; <\/p>\n","protected":false},"author":3405,"featured_media":0,"parent":0,"menu_order":0,"comment_status":"closed","ping_status":"closed","template":"","meta":{"footnotes":""},"class_list":["post-268","page","type-page","status-publish","hentry"],"_links":{"self":[{"href":"https:\/\/blog.edu.turku.fi\/arbis\/index.php?rest_route=\/wp\/v2\/pages\/268","targetHints":{"allow":["GET"]}}],"collection":[{"href":"https:\/\/blog.edu.turku.fi\/arbis\/index.php?rest_route=\/wp\/v2\/pages"}],"about":[{"href":"https:\/\/blog.edu.turku.fi\/arbis\/index.php?rest_route=\/wp\/v2\/types\/page"}],"author":[{"embeddable":true,"href":"https:\/\/blog.edu.turku.fi\/arbis\/index.php?rest_route=\/wp\/v2\/users\/3405"}],"replies":[{"embeddable":true,"href":"https:\/\/blog.edu.turku.fi\/arbis\/index.php?rest_route=%2Fwp%2Fv2%2Fcomments&post=268"}],"version-history":[{"count":6,"href":"https:\/\/blog.edu.turku.fi\/arbis\/index.php?rest_route=\/wp\/v2\/pages\/268\/revisions"}],"predecessor-version":[{"id":1108,"href":"https:\/\/blog.edu.turku.fi\/arbis\/index.php?rest_route=\/wp\/v2\/pages\/268\/revisions\/1108"}],"wp:attachment":[{"href":"https:\/\/blog.edu.turku.fi\/arbis\/index.php?rest_route=%2Fwp%2Fv2%2Fmedia&parent=268"}],"curies":[{"name":"wp","href":"https:\/\/api.w.org\/{rel}","templated":true}]}}