{"id":144,"date":"2024-05-17T11:14:45","date_gmt":"2024-05-17T08:14:45","guid":{"rendered":"https:\/\/blog.edu.turku.fi\/arbistesti\/?page_id=144"},"modified":"2025-06-17T10:27:43","modified_gmt":"2025-06-17T07:27:43","slug":"om-oss","status":"publish","type":"page","link":"https:\/\/blog.edu.turku.fi\/arbis\/?page_id=144","title":{"rendered":"Om oss"},"content":{"rendered":"\n<p>\u00c5bo svenska arbetarinstitut &#8221;Arbis&#8221; uppr\u00e4tth\u00e5lls av \u00c5bo stad.<\/p>\n\n\n\n<p>Vi erbjuder kurser i bl.a. spr\u00e5k och samh\u00e4lle, s\u00e5ng och musik, motion och r\u00f6relse, konst och keramik, textil- och tr\u00e4sl\u00f6jd, m\u00f6beltapetsering, och matlagning. Dessutom arrangerar vi certifikatkurser i t.ex. hygienpass och navigation.<\/p>\n\n\n\n<p><strong>V\u00e4lkommen att studera hos oss!<\/strong><\/p>\n\n\n\n<p><\/p>\n","protected":false},"excerpt":{"rendered":"<p>\u00c5bo svenska arbetarinstitut &#8221;Arbis&#8221; uppr\u00e4tth\u00e5lls av \u00c5bo stad. Vi erbjuder kurser i bl.a. spr\u00e5k och samh\u00e4lle, s\u00e5ng och musik, motion &hellip; <\/p>\n","protected":false},"author":3405,"featured_media":0,"parent":0,"menu_order":0,"comment_status":"closed","ping_status":"closed","template":"","meta":{"footnotes":""},"class_list":["post-144","page","type-page","status-publish","hentry"],"_links":{"self":[{"href":"https:\/\/blog.edu.turku.fi\/arbis\/index.php?rest_route=\/wp\/v2\/pages\/144","targetHints":{"allow":["GET"]}}],"collection":[{"href":"https:\/\/blog.edu.turku.fi\/arbis\/index.php?rest_route=\/wp\/v2\/pages"}],"about":[{"href":"https:\/\/blog.edu.turku.fi\/arbis\/index.php?rest_route=\/wp\/v2\/types\/page"}],"author":[{"embeddable":true,"href":"https:\/\/blog.edu.turku.fi\/arbis\/index.php?rest_route=\/wp\/v2\/users\/3405"}],"replies":[{"embeddable":true,"href":"https:\/\/blog.edu.turku.fi\/arbis\/index.php?rest_route=%2Fwp%2Fv2%2Fcomments&post=144"}],"version-history":[{"count":5,"href":"https:\/\/blog.edu.turku.fi\/arbis\/index.php?rest_route=\/wp\/v2\/pages\/144\/revisions"}],"predecessor-version":[{"id":1113,"href":"https:\/\/blog.edu.turku.fi\/arbis\/index.php?rest_route=\/wp\/v2\/pages\/144\/revisions\/1113"}],"wp:attachment":[{"href":"https:\/\/blog.edu.turku.fi\/arbis\/index.php?rest_route=%2Fwp%2Fv2%2Fmedia&parent=144"}],"curies":[{"name":"wp","href":"https:\/\/api.w.org\/{rel}","templated":true}]}}