{"id":1252,"date":"2025-11-04T11:45:58","date_gmt":"2025-11-04T09:45:58","guid":{"rendered":"https:\/\/blog.edu.turku.fi\/arbis\/?page_id=1252"},"modified":"2025-11-04T12:05:07","modified_gmt":"2025-11-04T10:05:07","slug":"jamstalldhets-och-likabehandlingsplan","status":"publish","type":"page","link":"https:\/\/blog.edu.turku.fi\/arbis\/?page_id=1252","title":{"rendered":"J\u00e4mst\u00e4lldhets- och likabehandlingsplan"},"content":{"rendered":"\n<p>Arbis J\u00e4mst\u00e4lldhets- och likabehandlingsplan finns <a href=\"https:\/\/blog.edu.turku.fi\/arbis\/files\/2025\/11\/arbis-jamstalldhetsplan-Uppdaterad-4nov25-1.pdf\">h\u00e4r<\/a><\/p>\n\n\n\n<p><\/p>\n","protected":false},"excerpt":{"rendered":"<p>Arbis J\u00e4mst\u00e4lldhets- och likabehandlingsplan finns h\u00e4r<\/p>\n","protected":false},"author":3405,"featured_media":0,"parent":0,"menu_order":0,"comment_status":"closed","ping_status":"closed","template":"","meta":{"footnotes":""},"class_list":["post-1252","page","type-page","status-publish","hentry"],"_links":{"self":[{"href":"https:\/\/blog.edu.turku.fi\/arbis\/index.php?rest_route=\/wp\/v2\/pages\/1252","targetHints":{"allow":["GET"]}}],"collection":[{"href":"https:\/\/blog.edu.turku.fi\/arbis\/index.php?rest_route=\/wp\/v2\/pages"}],"about":[{"href":"https:\/\/blog.edu.turku.fi\/arbis\/index.php?rest_route=\/wp\/v2\/types\/page"}],"author":[{"embeddable":true,"href":"https:\/\/blog.edu.turku.fi\/arbis\/index.php?rest_route=\/wp\/v2\/users\/3405"}],"replies":[{"embeddable":true,"href":"https:\/\/blog.edu.turku.fi\/arbis\/index.php?rest_route=%2Fwp%2Fv2%2Fcomments&post=1252"}],"version-history":[{"count":5,"href":"https:\/\/blog.edu.turku.fi\/arbis\/index.php?rest_route=\/wp\/v2\/pages\/1252\/revisions"}],"predecessor-version":[{"id":1263,"href":"https:\/\/blog.edu.turku.fi\/arbis\/index.php?rest_route=\/wp\/v2\/pages\/1252\/revisions\/1263"}],"wp:attachment":[{"href":"https:\/\/blog.edu.turku.fi\/arbis\/index.php?rest_route=%2Fwp%2Fv2%2Fmedia&parent=1252"}],"curies":[{"name":"wp","href":"https:\/\/api.w.org\/{rel}","templated":true}]}}