{"id":116,"date":"2024-05-17T10:04:00","date_gmt":"2024-05-17T07:04:00","guid":{"rendered":"https:\/\/blog.edu.turku.fi\/arbistesti\/?page_id=116"},"modified":"2024-05-30T12:36:35","modified_gmt":"2024-05-30T09:36:35","slug":"kursforslag","status":"publish","type":"page","link":"https:\/\/blog.edu.turku.fi\/arbis\/?page_id=116","title":{"rendered":"Kursf\u00f6rslag"},"content":{"rendered":"\n<p><strong><a href=\"https:\/\/forms.office.com\/e\/w1gmEFdk5T\">H\u00e4r<\/a> <\/strong>kan du tipsa oss om kurser och f\u00f6rel\u00e4sningar som du \u00f6nskar att skulle ordnas.<\/p>\n","protected":false},"excerpt":{"rendered":"<p>H\u00e4r kan du tipsa oss om kurser och f\u00f6rel\u00e4sningar som du \u00f6nskar att skulle ordnas.<\/p>\n","protected":false},"author":3405,"featured_media":266,"parent":0,"menu_order":0,"comment_status":"closed","ping_status":"closed","template":"","meta":{"footnotes":""},"class_list":["post-116","page","type-page","status-publish","has-post-thumbnail","hentry"],"_links":{"self":[{"href":"https:\/\/blog.edu.turku.fi\/arbis\/index.php?rest_route=\/wp\/v2\/pages\/116","targetHints":{"allow":["GET"]}}],"collection":[{"href":"https:\/\/blog.edu.turku.fi\/arbis\/index.php?rest_route=\/wp\/v2\/pages"}],"about":[{"href":"https:\/\/blog.edu.turku.fi\/arbis\/index.php?rest_route=\/wp\/v2\/types\/page"}],"author":[{"embeddable":true,"href":"https:\/\/blog.edu.turku.fi\/arbis\/index.php?rest_route=\/wp\/v2\/users\/3405"}],"replies":[{"embeddable":true,"href":"https:\/\/blog.edu.turku.fi\/arbis\/index.php?rest_route=%2Fwp%2Fv2%2Fcomments&post=116"}],"version-history":[{"count":1,"href":"https:\/\/blog.edu.turku.fi\/arbis\/index.php?rest_route=\/wp\/v2\/pages\/116\/revisions"}],"predecessor-version":[{"id":117,"href":"https:\/\/blog.edu.turku.fi\/arbis\/index.php?rest_route=\/wp\/v2\/pages\/116\/revisions\/117"}],"wp:featuredmedia":[{"embeddable":true,"href":"https:\/\/blog.edu.turku.fi\/arbis\/index.php?rest_route=\/wp\/v2\/media\/266"}],"wp:attachment":[{"href":"https:\/\/blog.edu.turku.fi\/arbis\/index.php?rest_route=%2Fwp%2Fv2%2Fmedia&parent=116"}],"curies":[{"name":"wp","href":"https:\/\/api.w.org\/{rel}","templated":true}]}}