{"id":9,"date":"2017-07-13T21:08:02","date_gmt":"2017-07-13T18:08:02","guid":{"rendered":"https:\/\/blog.edu.turku.fi\/anninsaksa\/?page_id=9"},"modified":"2020-03-25T09:01:48","modified_gmt":"2020-03-25T07:01:48","slug":"8-luokka","status":"publish","type":"page","link":"https:\/\/blog.edu.turku.fi\/anninsaksa\/8-luokka\/","title":{"rendered":"Magazin.de 1"},"content":{"rendered":"<h1>Alkeet<\/h1>\n<p><a href=\"https:\/\/pollylingu.al\/de\/en\/lessons\/881\">Kuuntele: Tervehdykset<\/a><\/p>\n<p><a href=\"https:\/\/www.youtube.com\/watch?v=5BC0XDLkpLE\" target=\"_blank\" rel=\"noopener noreferrer\">Video: Tervehdykset<\/a><\/p>\n<p><a href=\"http:\/\/tarjavirtanen.fi\/v3\/files\/o83bE226Z5\/1tervehdykset.htm\" target=\"_blank\" rel=\"noopener noreferrer\">Teht\u00e4v\u00e4: tervehdykset<\/a><\/p>\n<p><a href=\"https:\/\/pollylingu.al\/de\/en\/lessons\/1288\">Kuuntele: Numerot 1-10<\/a><\/p>\n<p><a href=\"https:\/\/pollylingu.al\/de\/en\/lessons\/1289\">Kuuntele: Numerot 11-19<\/a><\/p>\n<p><a href=\"http:\/\/tarjavirtanen.fi\/v3\/files\/Ct9jbcYDzp\/4numerot.htm\" target=\"_blank\" rel=\"noopener noreferrer\">Yhdist\u00e4: numerot 0-20<\/a><\/p>\n<p><a href=\"https:\/\/learningapps.org\/display?v=pabwzoo3t17\" target=\"_blank\" rel=\"noopener noreferrer\">Lukusuora 0-20 (teht\u00e4v\u00e4)<\/a><\/p>\n<p><a href=\"https:\/\/pollylingu.al\/de\/en\/lessons\/877\">Kuuntele: Numerot (20-100)<\/a><\/p>\n<p><a href=\"https:\/\/pollylingu.al\/de\/en\/lessons\/1290\">Kuuntele: Numerot (sadat ja tuhannet)<\/a><\/p>\n<h1>Einheit 1<\/h1>\n<p><a href=\"https:\/\/blog.edu.turku.fi\/anninsaksa\/2019\/08\/28\/omatoimikuuntelut-lander-und-sprachen\/\" target=\"_blank\" rel=\"noopener noreferrer\">Omatoimikuuntelut: Henkil\u00f6iden esittelyj\u00e4<\/a><\/p>\n<p><a href=\"https:\/\/blog.edu.turku.fi\/anninsaksa\/2018\/01\/27\/sein-olla\/\" target=\"_blank\" rel=\"noopener noreferrer\">Olla-verbin -taivutus (laulut ja teht\u00e4v\u00e4t)<\/a><\/p>\n<p><a href=\"https:\/\/blog.edu.turku.fi\/anninsaksa\/2019\/09\/26\/haben-verbi-olla-omistaa-jollain-on-jotain\/\" target=\"_blank\" rel=\"noopener noreferrer\">Haben -verbin taivutus<\/a><\/p>\n<p><a href=\"http:\/\/tarjavirtanen.fi\/v3\/files\/224oLz4dt3\/6seinhaben.htm\" target=\"_blank\" rel=\"noopener noreferrer\">Haben vai sein? <\/a><\/p>\n<p><a href=\"https:\/\/quizlet.com\/110901291\/magazinde-1-otava-e1-ratgeber-substantiivien-maarainen-ja-epamaarainen-artikkeli-flash-cards\/\" target=\"_blank\" rel=\"noopener noreferrer\">Substantiivit. M\u00e4\u00e4r\u00e4inen ja ep\u00e4m\u00e4\u00e4r\u00e4inen artikkeli (Quizlet)<\/a><\/p>\n<p><a href=\"https:\/\/quizlet.com\/110901447\/magazinde-1-otava-e1-ratgeber-persoonapronominien-nominatiivi-eli-perusmuoto-mina-sina-han-flash-cards\/\" target=\"_blank\" rel=\"noopener noreferrer\">Persoonapronominit (Quizlet)<\/a><\/p>\n<p><a href=\"https:\/\/blog.edu.turku.fi\/anninsaksa\/2018\/10\/14\/verbin-taivutus-saannolliset-verbit\/\">S\u00e4\u00e4nn\u00f6llisten verbien taivutus (videot ja teht\u00e4v\u00e4t)<\/a><\/p>\n<p>&nbsp;<\/p>\n<h1>Einheit 2<\/h1>\n<p><a href=\"https:\/\/quizlet.com\/110901207\/magazinde-1-otava-e2-text-endlich-freitag-siniset-sanat-flash-cards\/\" target=\"_blank\" rel=\"noopener noreferrer\">Quizlet: siniset sanat<\/a><\/p>\n<p><a href=\"https:\/\/quizlet.com\/110901381\/magazinde-1-otava-e2-thema-was-machst-du-in-deiner-freizeit-ystavat-kulttuuri-ja-musiikki-flash-cards\/\" target=\"_blank\" rel=\"noopener noreferrer\">Quizlet: Freizeit <\/a>(Quizlet toimii vain kirjautuneena)<\/p>\n<p><a href=\"https:\/\/blog.edu.turku.fi\/anninsaksa\/2017\/11\/17\/kellonajat-tehtavia\/\">Kellonajat<\/a><\/p>\n<p><a href=\"https:\/\/quizlet.com\/140869241\/magazinde-1-otava-e2-ratgeber-viikonpaivat-ja-kellonajat-flash-cards\/\" target=\"_blank\" rel=\"noopener noreferrer\">Quizlet (Kellonajat ja viikonp\u00e4iv\u00e4t)<\/a><\/p>\n<p><a href=\"https:\/\/learningapps.org\/watch?v=pybkzvk7t17\" target=\"_blank\" rel=\"noopener noreferrer\">Eri\u00e4v\u00e4t yhdysverbit<\/a><\/p>\n<p><a href=\"https:\/\/wordwall.net\/resource\/574076\/magazinde-1-eri%c3%a4v%c3%a4t-yhdysverbit\" target=\"_blank\" rel=\"noopener noreferrer\">Wordwall: Eri\u00e4v\u00e4t yhdysverbit<\/a> (Oikealla olevasta Interactives -valikosta l\u00f6yd\u00e4t monia eri pelej\u00e4)<\/p>\n<p><a href=\"https:\/\/blog.edu.turku.fi\/anninsaksa\/2017\/11\/17\/freizeit-und-hobbys\/\">Videos: Freizeit und Hobbys<\/a><\/p>\n<p>&nbsp;<\/p>\n<p><a href=\"https:\/\/quizlet.com\/110901261\/magazinde-1-otava-e2-ratgeber-konnen-ja-mussen-flash-cards\/\" target=\"_blank\" rel=\"noopener noreferrer\">Quizlet (k\u00f6nnen ja m\u00fcssen)<\/a><\/p>\n<p><a href=\"https:\/\/learningapps.org\/watch?v=p55cuj4p319\" target=\"_blank\" rel=\"noopener noreferrer\">Apuverbit k\u00f6nnen ja m\u00fcssen<\/a><\/p>\n<p><a href=\"https:\/\/learningapps.org\/watch?v=pzrbm1bm219\" target=\"_blank\" rel=\"noopener noreferrer\">Kertaus Text2<\/a><\/p>\n<p>&nbsp;<\/p>\n<h1>Einheit 3<\/h1>\n<p><a href=\"https:\/\/quizlet.com\/260716002\/magazinde-1-einheit-3-siniset-sanat-flash-cards\/\">Sanasto: Quizlet<\/a><\/p>\n<p><a href=\"https:\/\/blog.edu.turku.fi\/anninsaksa\/2018\/01\/27\/aussehen-ulkonako\/\">Ulkon\u00e4k\u00f6<\/a><\/p>\n<p><a href=\"https:\/\/blog.edu.turku.fi\/anninsaksa\/2018\/01\/27\/starke-verben-vahvat-verbit-muutosverbit\/\">Muutosverbit<\/a><\/p>\n<p><a href=\"https:\/\/blog.edu.turku.fi\/anninsaksa\/2018\/01\/28\/numerot\/\">Numerot<\/a><\/p>\n<p><a href=\"https:\/\/blog.edu.turku.fi\/anninsaksa\/2018\/01\/28\/farben-varit\/\">V\u00e4rit<\/a><\/p>\n<p><a href=\"https:\/\/learningapps.org\/watch?v=pj8jd18st18\">Akkusatiivi 1<\/a><\/p>\n<p><a href=\"https:\/\/learningapps.org\/watch?v=pgujin4m318\">Akkusatiivi 2<\/a><\/p>\n<p><a href=\"https:\/\/blog.edu.turku.fi\/anninsaksa\/2018\/01\/27\/frageworter-kysymyssanat\/\">Kysymyssanat<\/a><\/p>\n<h1>Einheit 4<\/h1>\n<p><a href=\"https:\/\/blog.edu.turku.fi\/anninsaksa\/2020\/03\/25\/magazin-1-einheit-4-kuuntelut\/\" target=\"_blank\" rel=\"noopener noreferrer\">Einheit 4 kuunteluiden \u00e4\u00e4nitteet<\/a><\/p>\n<ul>\n<li><a href=\"https:\/\/quizlet.com\/264883065\/magazinde-1-einheit-4-siniset-sanat-flash-cards\/\" target=\"_blank\" rel=\"noopener noreferrer\">Siniset sanat (Quizlet)<\/a><\/li>\n<li><a href=\"https:\/\/peda.net\/iitti\/lukio\/oppiaineet\/saksa\/magazine-mailis\/magazin-de-1\/l4shp\/dddvmd\" target=\"_blank\" rel=\"noopener noreferrer\">der\/die\/das vai monikko<\/a><\/li>\n<li><a href=\"http:\/\/tarjavirtanen.fi\/v3\/files\/681BtwdQ23\/7sukulaiset.htm\" target=\"_blank\" rel=\"noopener noreferrer\">Perhesanat (ristikko)<\/a><\/li>\n<li><a href=\"https:\/\/quizlet.com\/168760824\/magazinde-1-einheit-4-familie-flash-cards\/\" target=\"_blank\" rel=\"noopener noreferrer\">Perhesanat (Quizlet)<\/a><\/li>\n<li><a href=\"https:\/\/quizlet.com\/140868827\/magazinde-1-otava-e4-ratgeber-monikon-muodostaminen-flash-cards\/\" target=\"_blank\" rel=\"noopener noreferrer\">Monikon muodostaminen (Quizlet)<\/a><\/li>\n<li><a href=\"http:\/\/tarjavirtanen.fi\/v3\/files\/TY47joaLXQ\/17monate.htm\" target=\"_blank\" rel=\"noopener noreferrer\">Kuukaudet (monivalinta)<\/a><\/li>\n<li><a href=\"http:\/\/tarjavirtanen.fi\/v3\/files\/6GxoAYzr4n\/17ristikko.htm\" target=\"_blank\" rel=\"noopener noreferrer\">Kuukaudet (ristikko)<\/a><\/li>\n<li><a href=\"http:\/\/tarjavirtanen.fi\/v3\/files\/KKNEHtKJoD\/8kielto.htm\" target=\"_blank\" rel=\"noopener noreferrer\">Kieltosanat (monivalinta)<\/a><\/li>\n<li><a href=\"https:\/\/quizlet.com\/140868577\/magazinde-1-otava-e4-ratgeber-kieltosanat-flash-cards\/\" target=\"_blank\" rel=\"noopener noreferrer\">Kieltosanat (Quizlet)<\/a><\/li>\n<li><a href=\"http:\/\/tarjavirtanen.fi\/v3\/files\/KpwakVCWoo\/7sein.htm\" target=\"_blank\" rel=\"noopener noreferrer\">Omistussanat: sein\/seine<\/a><\/li>\n<li><a href=\"http:\/\/tarjavirtanen.fi\/v3\/files\/1c44f4uPoP\/7ihr.htm\" target=\"_blank\" rel=\"noopener noreferrer\">Omistussanat: ihr\/ihre<\/a><\/li>\n<li><a href=\"http:\/\/tarjavirtanen.fi\/v3\/files\/ypC6Qz2oc6\/5omistuspron.htm\" target=\"_blank\" rel=\"noopener noreferrer\">Omistuspronominit (yhdist\u00e4)<\/a><\/li>\n<li><a href=\"http:\/\/tarjavirtanen.fi\/v3\/files\/7433yo23z9\/5omistuspron2.htm\" target=\"_blank\" rel=\"noopener noreferrer\">Omistuspronominit (aukkoteht\u00e4v\u00e4)<\/a><\/li>\n<li><a href=\"http:\/\/tarjavirtanen.fi\/v3\/files\/3FCF3oTSMP\/7pron.htm\" target=\"_blank\" rel=\"noopener noreferrer\">Omistuspronomini vai pronominin perusmuoto?<\/a><\/li>\n<li><a href=\"https:\/\/quizlet.com\/127925295\/magazinde-1-otava-e4-ratgeber-omistuspronominit-minun-sinun-meidan-flash-cards\/\" target=\"_blank\" rel=\"noopener noreferrer\">Omistussanat (Quizlet)<\/a><\/li>\n<li><a href=\"https:\/\/blog.edu.turku.fi\/anninsaksa\/2020\/03\/18\/ajan-ilmaukset-8-lkn-etatehtavia\/\" target=\"_blank\" rel=\"noopener noreferrer\">Viime kerran aikasana-teht\u00e4v\u00e4t<\/a><\/li>\n<li><a href=\"https:\/\/www.youtube.com\/watch?time_continue=23&amp;v=6gLI0Vvksd8\" target=\"_blank\" rel=\"noopener noreferrer\">Video, jossa kerrataan perheenj\u00e4seni\u00e4 ja omistussanoja<\/a><\/li>\n<\/ul>\n<p>&nbsp;<\/p>\n<p>&nbsp;<\/p>\n","protected":false},"excerpt":{"rendered":"<p>Alkeet Kuuntele: Tervehdykset Video: Tervehdykset Teht\u00e4v\u00e4: tervehdykset Kuuntele: Numerot 1-10 Kuuntele: Numerot 11-19 Yhdist\u00e4: numerot 0-20 Lukusuora 0-20 (teht\u00e4v\u00e4) Kuuntele: Numerot (20-100) Kuuntele: Numerot (sadat ja tuhannet) Einheit 1 Omatoimikuuntelut: Henkil\u00f6iden esittelyj\u00e4 Olla-verbin -taivutus (laulut ja teht\u00e4v\u00e4t) Haben -verbin taivutus Haben vai sein? Substantiivit. M\u00e4\u00e4r\u00e4inen ja ep\u00e4m\u00e4\u00e4r\u00e4inen artikkeli (Quizlet) Persoonapronominit (Quizlet) S\u00e4\u00e4nn\u00f6llisten verbien taivutus (videot [&hellip;]<\/p>\n","protected":false},"author":204,"featured_media":0,"parent":0,"menu_order":0,"comment_status":"closed","ping_status":"closed","template":"","meta":{"footnotes":""},"class_list":["post-9","page","type-page","status-publish","hentry"],"_links":{"self":[{"href":"https:\/\/blog.edu.turku.fi\/anninsaksa\/wp-json\/wp\/v2\/pages\/9","targetHints":{"allow":["GET"]}}],"collection":[{"href":"https:\/\/blog.edu.turku.fi\/anninsaksa\/wp-json\/wp\/v2\/pages"}],"about":[{"href":"https:\/\/blog.edu.turku.fi\/anninsaksa\/wp-json\/wp\/v2\/types\/page"}],"author":[{"embeddable":true,"href":"https:\/\/blog.edu.turku.fi\/anninsaksa\/wp-json\/wp\/v2\/users\/204"}],"replies":[{"embeddable":true,"href":"https:\/\/blog.edu.turku.fi\/anninsaksa\/wp-json\/wp\/v2\/comments?post=9"}],"version-history":[{"count":37,"href":"https:\/\/blog.edu.turku.fi\/anninsaksa\/wp-json\/wp\/v2\/pages\/9\/revisions"}],"predecessor-version":[{"id":607,"href":"https:\/\/blog.edu.turku.fi\/anninsaksa\/wp-json\/wp\/v2\/pages\/9\/revisions\/607"}],"wp:attachment":[{"href":"https:\/\/blog.edu.turku.fi\/anninsaksa\/wp-json\/wp\/v2\/media?parent=9"}],"curies":[{"name":"wp","href":"https:\/\/api.w.org\/{rel}","templated":true}]}}