{"id":885,"date":"2023-09-01T08:57:47","date_gmt":"2023-09-01T05:57:47","guid":{"rendered":"https:\/\/blog.edu.turku.fi\/anninsaksa\/?page_id=885"},"modified":"2023-09-01T08:57:47","modified_gmt":"2023-09-01T05:57:47","slug":"zusatzaufgaben","status":"publish","type":"page","link":"https:\/\/blog.edu.turku.fi\/anninsaksa\/zusatzaufgaben\/","title":{"rendered":"Zusatzaufgaben"},"content":{"rendered":"<p>Valitse omalle tasollesi sopivia teht\u00e4vi\u00e4.<\/p>\n<ol>\n<li><a href=\"https:\/\/learningapps.org\/view7575968\">Sommer<\/a><\/li>\n<li><a href=\"https:\/\/learningapps.org\/view571473\">Text: Babyelefanten<\/a><\/li>\n<li><a href=\"https:\/\/learningapps.org\/view781148\">Text: Gl\u00fcck gehabt<\/a><\/li>\n<li><a href=\"https:\/\/learningapps.org\/view1199050\">Text: Ein Tag im Tierheim<\/a><\/li>\n<li><a href=\"https:\/\/learningapps.org\/view54362\">Text: Die Tierwelt Australiens<\/a><\/li>\n<li><a href=\"https:\/\/learningapps.org\/view5350266\">Kurze Texte <\/a><\/li>\n<li><a href=\"https:\/\/learningapps.org\/view7866662\">Rezept: Zwetschenfleck 1<\/a><\/li>\n<li><a href=\"https:\/\/learningapps.org\/view7866652\">Rezept: Zwetschenfleck 2<\/a><\/li>\n<li><a href=\"https:\/\/learningapps.org\/view7866445\">Rezept: Zwetschenfleck 3<\/a><\/li>\n<li><a href=\"https:\/\/learningapps.org\/view7426275\">Pl\u00f6tzlich knarrte die T\u00fcr<\/a><\/li>\n<li><a href=\"https:\/\/learningapps.org\/view9971461\">Die Ameisen und der Elefant<\/a><\/li>\n<li><a href=\"https:\/\/learningapps.org\/view7166843\">Der Hahn und der Falke<\/a><\/li>\n<\/ol>\n","protected":false},"excerpt":{"rendered":"<p>Valitse omalle tasollesi sopivia teht\u00e4vi\u00e4. Sommer Text: Babyelefanten Text: Gl\u00fcck gehabt Text: Ein Tag im Tierheim Text: Die Tierwelt Australiens Kurze Texte Rezept: Zwetschenfleck 1 Rezept: Zwetschenfleck 2 Rezept: Zwetschenfleck 3 Pl\u00f6tzlich knarrte die T\u00fcr Die Ameisen und der Elefant Der Hahn und der Falke<\/p>\n","protected":false},"author":204,"featured_media":0,"parent":0,"menu_order":0,"comment_status":"closed","ping_status":"closed","template":"","meta":{"footnotes":""},"class_list":["post-885","page","type-page","status-publish","hentry"],"_links":{"self":[{"href":"https:\/\/blog.edu.turku.fi\/anninsaksa\/wp-json\/wp\/v2\/pages\/885","targetHints":{"allow":["GET"]}}],"collection":[{"href":"https:\/\/blog.edu.turku.fi\/anninsaksa\/wp-json\/wp\/v2\/pages"}],"about":[{"href":"https:\/\/blog.edu.turku.fi\/anninsaksa\/wp-json\/wp\/v2\/types\/page"}],"author":[{"embeddable":true,"href":"https:\/\/blog.edu.turku.fi\/anninsaksa\/wp-json\/wp\/v2\/users\/204"}],"replies":[{"embeddable":true,"href":"https:\/\/blog.edu.turku.fi\/anninsaksa\/wp-json\/wp\/v2\/comments?post=885"}],"version-history":[{"count":1,"href":"https:\/\/blog.edu.turku.fi\/anninsaksa\/wp-json\/wp\/v2\/pages\/885\/revisions"}],"predecessor-version":[{"id":886,"href":"https:\/\/blog.edu.turku.fi\/anninsaksa\/wp-json\/wp\/v2\/pages\/885\/revisions\/886"}],"wp:attachment":[{"href":"https:\/\/blog.edu.turku.fi\/anninsaksa\/wp-json\/wp\/v2\/media?parent=885"}],"curies":[{"name":"wp","href":"https:\/\/api.w.org\/{rel}","templated":true}]}}