{"id":642,"date":"2020-08-26T07:41:35","date_gmt":"2020-08-26T04:41:35","guid":{"rendered":"https:\/\/blog.edu.turku.fi\/anninsaksa\/?page_id=642"},"modified":"2026-03-25T12:47:04","modified_gmt":"2026-03-25T10:47:04","slug":"los-gehts-2","status":"publish","type":"page","link":"https:\/\/blog.edu.turku.fi\/anninsaksa\/los-gehts-2\/","title":{"rendered":"Los geht\u00b4s 2"},"content":{"rendered":"<h2>Lektion 1<\/h2>\n<p>Kuvasanasto (ruokia)<\/p>\n<ul>\n<li><a href=\"https:\/\/wordwall.net\/resource\/7387725\/los-gehts-2-l1-kuvasanasto\">Kuvasanasto<\/a> (Tarja Virtanen)<\/li>\n<li><a href=\"https:\/\/wordwall.net\/fi\/resource\/10508632\/los-gehts-2-kpl1-kuvasanat\">Kuvasanasto<\/a> (Anitta)<\/li>\n<\/ul>\n<p>Wordwall-teht\u00e4v\u00e4t kappaleesta:<\/p>\n<ul>\n<li><a href=\"https:\/\/wordwall.net\/fi\/resource\/1707798\/los-gehts-2-kpl-1-kappalesanasto\">Kappalesanasto<\/a> (Anniope)<\/li>\n<li><a href=\"https:\/\/wordwall.net\/fi\/resource\/10508937\/los-gehts-2-kpl-1-kappalesanasto\">Kappaleen lauseita<\/a> (Anitta)<\/li>\n<li><a href=\"https:\/\/wordwall.net\/fi\/resource\/10509576\/los-gehts-2-kpl-1-teksti\">Kappale, aukkoteht\u00e4v\u00e4<\/a> (Anitta)<\/li>\n<li><a href=\"https:\/\/wordwall.net\/resource\/11433557\/kein-geld-lektion-1\">Kappale, aukkoteht\u00e4v\u00e4<\/a> (Jonnaleena)<\/li>\n<li><a href=\"https:\/\/wordwall.net\/fi\/resource\/11173559\/mik%C3%A4-kappaleen-sana-los-gehts-2-l-1\">Kappaleen sanastoa<\/a> (Jonnaleena)<\/li>\n<li><a href=\"https:\/\/wordwall.net\/resource\/11172116\/kein-geld\">Kappaleen lauseita, j\u00e4rjestele<\/a> (Jonnaleena)<\/li>\n<li><a href=\"https:\/\/wordwall.net\/resource\/4309510\/kein-geld-j%c3%a4rjest%c3%a4-kirjaimet-sanoiksi-ja-lauseiksi\">Kappaleen sanasto ja lauseet, j\u00e4rjestele<\/a> (Jonnaleena)<\/li>\n<li><a href=\"https:\/\/wordwall.net\/fi\/resource\/1707798\/los-gehts-2-kpl-1-kappalesanasto\">Kappaleen sanastoa ja lauseita<\/a> (Anniope)<\/li>\n<\/ul>\n<p>Learningapps-teht\u00e4v\u00e4t kappaleesta:<\/p>\n<ul>\n<li><a href=\"https:\/\/learningapps.org\/watch?v=psskq2ba321\">Ristikko<\/a><\/li>\n<li><a href=\"https:\/\/learningapps.org\/watch?v=pxhhpwuxt23\">Aukkoteksti, substantiiveja<\/a><\/li>\n<li><a href=\"https:\/\/learningapps.org\/watch?v=ppv3odvin23\">Aukkoteksti, verbej\u00e4<\/a><\/li>\n<li><a href=\"https:\/\/learningapps.org\/watch?v=p4jy1j6da23\">Kirjaimet sekaisin<\/a><\/li>\n<li><a href=\"https:\/\/learningapps.org\/watch?v=p55ntw91v23\">Wer wird Million\u00e4r? suomennoksia<\/a><\/li>\n<li><a href=\"https:\/\/learningapps.org\/watch?v=pu5e14o4n23\">Wer wird Million\u00e4r? saksaksi<\/a><\/li>\n<\/ul>\n<p>Kielioppi: kein, keine<\/p>\n<ul>\n<li><a href=\"https:\/\/learningapps.org\/watch?v=pvyv5abra21\">Kielioppi: ein\/einen\/eine, kein\/keinen\/keine<\/a><\/li>\n<\/ul>\n<h2>Lektion 2<\/h2>\n<p>Kuvasanasto (aikasanat):<\/p>\n<ul>\n<li><a href=\"https:\/\/blog.edu.turku.fi\/anninsaksa\/2017\/11\/17\/kellonajat-tehtavia\/\">Kellonajat<\/a><\/li>\n<li><a href=\"https:\/\/wordwall.net\/resource\/9797956\/wochentage\">Viikonp\u00e4iv\u00e4t j\u00e4rjestykseen<\/a> (Anniope)<\/li>\n<li><a href=\"https:\/\/wordwall.net\/resource\/743799\">Viikonp\u00e4iv\u00e4t, kokoa sanat <\/a><\/li>\n<li><a href=\"https:\/\/wordwall.net\/resource\/71026126\">Viikonp\u00e4iv\u00e4t, ristikko<\/a><\/li>\n<li><a href=\"https:\/\/wordwall.net\/fi\/resource\/14491625\/mik%C3%A4-kuuluu-minne-valitse-um-am-in-der-los-gehts-2-l-2\">Aikasanat ja prepositiot<\/a> (Jonnaleena)<\/li>\n<li><a href=\"https:\/\/wordwall.net\/resource\/71030427\">Kuvasanasto<\/a><\/li>\n<li><a href=\"https:\/\/blog.edu.turku.fi\/anninsaksa\/2023\/09\/27\/aikasanojen-kertausta\/\">Aikasanojen kertausta saksanluokkalaisille (5 teht\u00e4v\u00e4\u00e4 ja lis\u00e4teht\u00e4vi\u00e4)<\/a><\/li>\n<\/ul>\n<p>Kappalesanasto ja teksti:<\/p>\n<ul>\n<li><a href=\"https:\/\/learningapps.org\/watch?v=pthm02xra23\">ilmaisuja<\/a><\/li>\n<li><a href=\"https:\/\/learningapps.org\/watch?v=ppk8a456j23\">verbiruudukko<\/a><\/li>\n<li><a href=\"https:\/\/learningapps.org\/watch?v=pcbqi98ea23\">sanastoristikko<\/a><\/li>\n<li><a href=\"https:\/\/wordwall.net\/fi\/resource\/9489754\/los-gehts-2-lektion-2\">Kappaleen lauseita<\/a> (Kirsilehtola)<\/li>\n<li><a href=\"https:\/\/wordwall.net\/fi\/resource\/10508937\/los-gehts-2-kpl-1-kappalesanasto\">Kappalesanasto<\/a> (Anitta)<\/li>\n<li><a href=\"https:\/\/wordwall.net\/resource\/4468930\/katjas-radecke\">Kappaleen sanat, j\u00e4rjestele<\/a> (Jonnaleena)<\/li>\n<li><a href=\"https:\/\/wordwall.net\/fi\/resource\/61887244\">T\u00e4ydenn\u00e4 teksti<\/a> (Wordwall, Anitta)<\/li>\n<\/ul>\n<p>Kielioppi (lauseen sanaj\u00e4rjestys):<\/p>\n<ul>\n<li><a href=\"https:\/\/wordwall.net\/fi\/resource\/29237792\">Wordwall sanaj\u00e4rjestys<\/a> (Reiimala)<\/li>\n<li><a href=\"https:\/\/learningapps.org\/watch?v=pp3a85im323\">Kirjoita virkkeet<\/a><\/li>\n<\/ul>\n<p>&nbsp;<\/p>\n<p>Teht\u00e4vi\u00e4 saksanluokkalaisten lis\u00e4teksteihin:<\/p>\n<ul>\n<li><a href=\"https:\/\/learningapps.org\/watch?v=ptdixs2ic20\">Aikasanoja (saksanluokkalaisille)<\/a><\/li>\n<li><a href=\"https:\/\/blog.edu.turku.fi\/anninsaksa\/2019\/05\/20\/mein-tag\/\">Mein Tag<\/a> (teht\u00e4vi\u00e4 saksanluokkalaisten ylim\u00e4\u00e4r\u00e4isiin teksteihin)<\/li>\n<\/ul>\n<h2>Lektion 3<\/h2>\n<ul>\n<li><a href=\"https:\/\/wordwall.net\/fi\/resource\/10023869\/los-gehts-2-l3-kuvasanasto-muistipeli\">Kuvasanasto, muistipeli<\/a> (Anniope)<\/li>\n<li><a href=\"https:\/\/wordwall.net\/fi\/resource\/6970006\/los-gehts-2-l3-kuvasanasto\">Kuvasanasto, yhdist\u00e4<\/a> (Kieltenopeckrt)<\/li>\n<li><a href=\"https:\/\/wordwall.net\/fi\/resource\/5214060\/paikkoja-los-gehts-2-lektion-3\">Paikkoja, j\u00e4rjestele kirjaimet<\/a> (Jonnaleena)<\/li>\n<li><a href=\"https:\/\/wordwall.net\/fi\/resource\/9489667\/katjas-radecke\">Kappalesanasto<\/a> (Fraumykk\u00e4nen)<\/li>\n<li><a href=\"https:\/\/wordwall.net\/fi\/resource\/10562462\/los-gehts-2-kpl-3-sanasto\">Kappalesanasto, avaruuspeli<\/a> (Anitta)<\/li>\n<li><a href=\"https:\/\/wordwall.net\/fi\/resource\/10316021\/wo\">Miss\u00e4? esim. in der Bibliothek<\/a> (Kirsilehtola)<\/li>\n<li><a href=\"https:\/\/wordwall.net\/fi\/resource\/20839064\/tien-neuvominen-los-gehts-2-l3\">Tien neuvominen<\/a> (Heidihertell)<\/li>\n<li><a href=\"https:\/\/wordwall.net\/fi\/resource\/13153578\/los-gehts-2-l3\">Tien neuvominen, aukkoteht\u00e4v\u00e4<\/a> (Kirsilehtola)<\/li>\n<li><a href=\"https:\/\/wordwall.net\/fi\/resource\/21230227\/los-gehts-2-l3-t%C3%A4ydenn%C3%A4\">Kappaleen lauseita<\/a> (Anitta)<\/li>\n<li><a href=\"https:\/\/wordwall.net\/fi\/resource\/16052861\/los-gehts-2-l3-muistipeli-kysymyssanat\">Kysymyssanat, yhdist\u00e4<\/a> (Tarjavirtanen)<\/li>\n<li><a href=\"https:\/\/wordwall.net\/fi\/resource\/16051788\/los-gehts-2-l3-valitse-kysymyssana\">Kysymyssanat, valitse oikea<\/a> (Tarjavirtanen)<\/li>\n<li><a href=\"https:\/\/wordwall.net\/fi\/resource\/13153961\/los-gehts-2-l3-kysymyslauseita\">Kysymyslauseen sanaj\u00e4rjestys<\/a> (Fraumykkanen)<\/li>\n<li><a href=\"https:\/\/learningapps.org\/watch?v=p9mohihrj23\">Learningapps: Kysymyslauseita<\/a><\/li>\n<li><a href=\"https:\/\/wordwall.net\/fi\/resource\/13592422\/los-gehts-2-lektion-1-3-koekertaus-sanaj%C3%A4rjestys-aloita-isolla\">Sanaj\u00e4rjestyksen kertausta<\/a> (Enkkuelina)<\/li>\n<\/ul>\n<h2>Lektion 4<\/h2>\n<ul>\n<li><a href=\"https:\/\/wordwall.net\/fi\/resource\/6200467\/los-gehts-2-l4-kuvasanasto-s-68\">Kuvasanasto (Wordwall, Tarja Virtanen)<\/a><\/li>\n<li><a href=\"https:\/\/wordwall.net\/fi\/resource\/7387951\/los-gehts-2-l4-kuvasanasto\">Kuvasanasto, hirsipuu (Wordwall, Tarja Virtanen)<\/a><\/li>\n<li><a href=\"https:\/\/wordwall.net\/fi\/resource\/20253644\/los-gehts-2-l4-%C3%BC3-wie-findest-du-x-ich-finde-x-\">Mielipiteen ilmaiseminen<\/a> (Wordwall, Tarja Virtanen)<\/li>\n<li><a href=\"https:\/\/blog.edu.turku.fi\/anninsaksa\/2018\/07\/23\/possessiivipronominit-eli-omistussanat\/\">Omistussanat<\/a><\/li>\n<li><a href=\"https:\/\/learningapps.org\/watch?v=pvdoay6gc21\">Kappaleen sanastoa<\/a><\/li>\n<li><a href=\"https:\/\/wordwall.net\/fi\/resource\/70469902\">Kappaleen lauseita,yhdist\u00e4<\/a> (Wordwall, Heidihertell)<\/li>\n<li><a href=\"https:\/\/learningapps.org\/watch?v=padsj7qh321\">Kappaleen ilmaisuja<\/a><\/li>\n<li><a href=\"https:\/\/learningapps.org\/watch?v=p1qa74j5t21\">Kappaleen ilmaisuja ja rakenteita<\/a><\/li>\n<li><a href=\"https:\/\/learningapps.org\/watch?v=pmqa1iz8t21\">Kappaleen lauseita<\/a><\/li>\n<li><a href=\"https:\/\/wordwall.net\/fi\/resource\/61887244\">Kappaleen lauseita<\/a> (Wordwall, Anitta)<\/li>\n<\/ul>\n<p><a href=\"https:\/\/blog.edu.turku.fi\/anninsaksa\/2026\/02\/27\/koulutarvikkeita-ja-oppiaineita-saksanluokille\/\">Koulutarvikkeita ja oppiaineita (saksanluokille)<\/a><\/p>\n<h2>Lektion 5<\/h2>\n<ul>\n<li><a href=\"https:\/\/wordwall.net\/fi\/resource\/24957474\">Verbien perusmuodot, Wordwall<\/a> (Anitta)<\/li>\n<li><a href=\"https:\/\/quizlet.com\/552789893\/flashcards\">Verbien perfektimuodot (Quizlet, Tarja Virtanen)<\/a><\/li>\n<li><a href=\"https:\/\/wordwall.net\/fi\/resource\/24957673\">Verbien perfektimuodot, Wordwall<\/a> (Anitta)<\/li>\n<li><a href=\"https:\/\/blog.edu.turku.fi\/anninsaksa\/2022\/03\/13\/perfektin-sanajarjestys\/\" target=\"_blank\" rel=\"noopener\">Perfektilauseen sanaj\u00e4rjestys &#8211; mysteeriteht\u00e4v\u00e4<\/a><\/li>\n<li><a href=\"https:\/\/wordwall.net\/fi\/resource\/22156086\/los-gehts-2-l-5-lauseita\">Kappaleen lauseita<\/a> (Sannajaakkola)<\/li>\n<li><a href=\"https:\/\/wordwall.net\/fi\/resource\/24420574\">Kappale 5 aukkoteht\u00e4v\u00e4<\/a> (Anitta)<\/li>\n<\/ul>\n<h2>Lektion 6<\/h2>\n<ul>\n<li><a href=\"https:\/\/wordwall.net\/fi\/resource\/10297179\/los-gehts-2-l-6-verbej%C3%A4\">Verbit, tunnista perusmuoto<\/a> (Jonnaleena)<\/li>\n<li><a href=\"https:\/\/wordwall.net\/fi\/resource\/10292993\/los-gehts-2-l-6-verbej%C3%A4\">Verbit, yhdist\u00e4 perusmuoto ja perfekti<\/a> (Jonnaleena)<\/li>\n<li><a href=\"https:\/\/wordwall.net\/fi\/resource\/10297256\/los-gehts-2-l-6-verbej%C3%A4-kirjoita-perfektimuoto\">Perfektit, j\u00e4rjestele kirjaimet<\/a> (Jonnaleena)<\/li>\n<li><a href=\"https:\/\/wordwall.net\/fi\/resource\/10298046\/los-gehts-2-ep%C3%A4s%C3%A4%C3%A4nn%C3%B6llinen-perfekti-kirjoita-verbin\">Perfektit, ristikko<\/a> (Jonnaleena)<\/li>\n<li><a href=\"https:\/\/wordwall.net\/fi\/resource\/10297436\/los-gehts-2-l-6-sein-haben-mik%C3%A4-sana-xn-paikalle\">Perfektin apuverbit<\/a> (Jonnaleena)<\/li>\n<li><a href=\"https:\/\/learningapps.org\/watch?v=pt39uh4k321\">Perfektin apuverbit<\/a><\/li>\n<li>Kertaa t\u00e4st\u00e4 viel\u00e4 <a href=\"https:\/\/blog.edu.turku.fi\/anninsaksa\/2018\/01\/27\/sein-olla\/\">sein<\/a> ja <a href=\"https:\/\/blog.edu.turku.fi\/anninsaksa\/2019\/09\/26\/haben-verbi-olla-omistaa-jollain-on-jotain\/\">haben<\/a> -verbien taivtus niin, ett\u00e4 osaat varmasti ulkoa!<\/li>\n<li><a href=\"https:\/\/learningapps.org\/watch?v=psuyokibc20\">Mysteerinen sy\u00f6t\u00e4v\u00e4: (Perfektilauseiden sanaj\u00e4rjestyst\u00e4)<\/a><\/li>\n<li><a href=\"https:\/\/learningapps.org\/watch?v=p9jteih3n25\">Haluatko miljon\u00e4\u00e4riksi?<\/a> (perfekti)<\/li>\n<li><a href=\"https:\/\/learningapps.org\/watch?v=p5tyo6rsn25\">Taulukko: Perfektin sanaj\u00e4rjestys<\/a><\/li>\n<li><a href=\"https:\/\/wordwall.net\/fi\/resource\/6299551\/los-gehts-2-lektion-6\">Kappaleen lauseita<\/a> (Idarannikko)<\/li>\n<li><a href=\"https:\/\/learningapps.org\/watch?v=pfqjxphpa25\">Bongaa virheet<\/a> (perfekti)<\/li>\n<li><a href=\"https:\/\/learningapps.org\/watch?v=p50mwhtsa21\">KPL 6: Haluatko miljon\u00e4\u00e4riksi?<\/a><\/li>\n<li><a href=\"https:\/\/blog.edu.turku.fi\/anninsaksa\/2020\/10\/01\/perfekti-6-lk\/\" target=\"_blank\" rel=\"noopener noreferrer\">Lis\u00e4teht\u00e4vi\u00e4 perfektist\u00e4: Ratkaise It\u00e4valtaan liittyv\u00e4 sanaPerfektit (saksanluokkalaisille)<\/a><\/li>\n<\/ul>\n<h2>Lektion\u00a0 7<\/h2>\n<ul>\n<li><a href=\"https:\/\/wordwall.net\/fi\/resource\/15086291\/wie-ist-das-wetter\" target=\"_blank\" rel=\"noopener\">Wetter: yhdist\u00e4<\/a> (Kirsilehtola)<\/li>\n<li><a href=\"https:\/\/wordwall.net\/resource\/25838383\" target=\"_blank\" rel=\"noopener\">Wetter: liukuhihna<\/a> (Tarja Virtanen)<\/li>\n<li><a href=\"https:\/\/wordwall.net\/fi\/resource\/25840362\">Wetter, peli<\/a> (Tarja Virtanen)<\/li>\n<li><a href=\"https:\/\/wordwall.net\/fi\/resource\/15085396\/lektion-7-w%c3%b6rter\" target=\"_blank\" rel=\"noopener\">Kappalesanasto<\/a> (Kirsilehtola)<\/li>\n<li><a href=\"https:\/\/wordwall.net\/fi\/resource\/15085834\/adjektiivit\">Adjektiivin vertailu, yhdist\u00e4<\/a> (Kirsilehtola)<\/li>\n<li><a href=\"https:\/\/wordwall.net\/fi\/resource\/1957464\/adjektiivien-vertailu-saksa-6lk\" target=\"_blank\" rel=\"noopener\">Adjektiivien vertailu<\/a> (Jonnaleena)<\/li>\n<li><a href=\"https:\/\/learningapps.org\/watch?v=p1hekunv321\" target=\"_blank\" rel=\"noopener\">Adjektiivien vertailua aukkotekstin\u00e4<\/a><\/li>\n<li><a href=\"https:\/\/learningapps.org\/watch?v=pkz3zt4ma24\">Bonusecke 7: Sanaj\u00e4rjestys s\u00e4\u00e4lauseissa<\/a><\/li>\n<li><a href=\"https:\/\/learningapps.org\/watch?v=pdp0mprx224\">Bonusecke 7: Sanastoa, aukkoteht\u00e4v\u00e4<\/a><\/li>\n<li><a href=\"https:\/\/learningapps.org\/watch?v=p5ozx4f9324\">Bonusecke 7: Sanastoa, ristikko<\/a><\/li>\n<\/ul>\n<h2>Lektion 8<\/h2>\n<ul>\n<li><a href=\"https:\/\/wordwall.net\/fi\/resource\/15211954\">Kulkuv\u00e4lineit\u00e4 -onnenpy\u00f6r\u00e4 (Jonnaleena)<\/a><\/li>\n<li><a href=\"https:\/\/wordwall.net\/fi\/resource\/15212269\">Kulkuv\u00e4lineit\u00e4: der, das vai die? (Jonnaleena)<\/a><\/li>\n<li><a href=\"https:\/\/wordwall.net\/fi\/resource\/15212119\">Kulkuv\u00e4lineit\u00e4: Kirjaimet sekaisin (Jonnaleena)<\/a><\/li>\n<li><a href=\"https:\/\/quizlet.com\/587137453\/los-gehts-2-l8-sanasto-flash-cards\/\">KPL 8 sanasto &#8211; Quizlet<\/a><\/li>\n<li><a href=\"https:\/\/quizlet.com\/587142210\/los-gehts-2-l8-tekstin-s149-suomennos-flash-cards\/\">KPL 8 suomennos &#8211; Quizlet<\/a><\/li>\n<li><a href=\"https:\/\/wordwall.net\/fi\/resource\/54247950\">KPL 8 sanontoja<\/a><\/li>\n<li><a href=\"https:\/\/wordwall.net\/fi\/resource\/54246607\">KPL 8 sanontoja 2<\/a><\/li>\n<li><a href=\"https:\/\/wordwall.net\/fi\/resource\/38035552\">KPL 8 sanastoa, Wordwall<\/a><\/li>\n<li><a href=\"https:\/\/wordwall.net\/fi\/resource\/52438532\">Worwall -tietovisa<\/a><\/li>\n<li><a href=\"https:\/\/blog.edu.turku.fi\/anninsaksa\/2022\/01\/23\/datiiviprepositiot-6-lk\/\">Datiiviprepositiot<\/a><\/li>\n<li><a href=\"https:\/\/wordwall.net\/fi\/resource\/30363504\">Kulkuneuvot ja prepositiot -kertaus<\/a><\/li>\n<\/ul>\n<h2>Lektion 9<\/h2>\n<ul>\n<li><a href=\"https:\/\/wordwall.net\/resource\/29133244\">Maat ja kielet<\/a> (Tarja Virtanen)<\/li>\n<li><a href=\"https:\/\/wordwall.net\/fi\/resource\/67088538\">Maat ja kielet<\/a> (Sanna86)<\/li>\n<li><a href=\"https:\/\/wordwall.net\/resource\/29134810\">Kielet<\/a> (Tarja Virtanen)<\/li>\n<li><\/li>\n<li><a href=\"https:\/\/wordwall.net\/resource\/30042858\">KPL 9 sanat<\/a> (Anitta)<\/li>\n<li><a href=\"https:\/\/quizlet.com\/593171957\/los-gehts-2-l9-sanasto-s166-flash-cards\/?i=1gabso&amp;x=1jqt\">Kappalesanasto Quizlet<\/a> (Laita harjoitus kokon\u00e4yt\u00f6n tilaan. Voit pelata my\u00f6s Quizletin eri pelej\u00e4)<\/li>\n<li><a href=\"https:\/\/quizlet.com\/673722706\/los-gehts-2-l9-tekstin-lauseet-flash-cards\/?i=1gabso&amp;x=1jqt\">Kappaleen lauseita Quizlet<\/a> (Laita harjoitus kokon\u00e4yt\u00f6n tilaan. Voit pelata my\u00f6s Quizletin eri pelej\u00e4)<\/li>\n<li><a href=\"https:\/\/wordwall.net\/resource\/30187603\">Testaa, muistatko KPL 9 lauseita<\/a> (Anitta)<\/li>\n<li><a href=\"https:\/\/blog.edu.turku.fi\/anninsaksa\/2022\/02\/28\/apuverbit-los-gehts-2-kpl-9\/\">Apuverbit<\/a><\/li>\n<li><a href=\"https:\/\/blog.edu.turku.fi\/anninsaksa\/2017\/11\/17\/modaaliverbit\/\">Apuverbit saksanluokkalaisille (kaikki apuverbit)<\/a><\/li>\n<\/ul>\n<h2>Lektion 10<\/h2>\n<ul>\n<li><a href=\"https:\/\/blog.edu.turku.fi\/anninsaksa\/2021\/03\/04\/hausarbeit-kotityot\/\">Kotity\u00f6t<\/a><\/li>\n<li><a href=\"https:\/\/quizlet.com\/_97wsgw?x=1jqt&amp;i=1gabso\">Kappaleen sanastoa Quizlet<\/a> (Pia Pessi)<\/li>\n<li><a href=\"https:\/\/wordwall.net\/resource\/28736446\">Lektion 10 t\u00e4rkeit\u00e4 lauseita<\/a> (Elinasipila)<\/li>\n<li><a href=\"https:\/\/wordwall.net\/resource\/31382784\">Lauseteht\u00e4v\u00e4t<\/a> (verbin taivutusta) (Jonnaleena)<\/li>\n<li><a href=\"https:\/\/learningapps.org\/watch?v=p3knhzfza21\">Lauseteht\u00e4v\u00e4t<\/a> (sanaj\u00e4rjestys ja kotity\u00f6t)<\/li>\n<li><a href=\"https:\/\/blog.edu.turku.fi\/anninsaksa\/2021\/03\/24\/eriavat-yhdysverbit\/\">Eri\u00e4v\u00e4t yhdysverbit kirjasta<\/a><\/li>\n<li><a href=\"https:\/\/blog.edu.turku.fi\/anninsaksa\/2023\/01\/28\/eriavat-yhdysverbit-saksanluokkalaisille\/\">Muut eri\u00e4v\u00e4t yhdysverbit (saksanluokkalaisille)<\/a><\/li>\n<\/ul>\n<h2>Lektion 11<\/h2>\n<ul>\n<li><a href=\"https:\/\/wordwall.net\/resource\/32619883\">Ammatit <\/a>1 (Elinasipila)<\/li>\n<li><a href=\"https:\/\/wordwall.net\/fi\/resource\/54911442\">Ammatit 2<\/a> (Sariruuska)<\/li>\n<li><a href=\"https:\/\/wordwall.net\/resource\/89629548\">Kappalesanasto<\/a><\/li>\n<li><a href=\"https:\/\/learningapps.org\/watch?v=p6stug60t21\">Kertaa akkusatiivin artikkelit<\/a><\/li>\n<li><a href=\"https:\/\/learningapps.org\/watch?v=pe4evv95c21\">Persoonapronomineja akkusatiivissa<\/a> (kirjan s. 210)<\/li>\n<li><a href=\"https:\/\/learningapps.org\/view736152\">Akkusatiiviprepositiot<\/a><\/li>\n<li><a href=\"https:\/\/learningapps.org\/watch?v=pjhcyy3on21\">Akkusatiiviprepositiot, aukkoteht\u00e4v\u00e4<\/a><\/li>\n<li><a href=\"https:\/\/wordwall.net\/de\/resource\/2526693\">Vaikeampi peli akkusatiiviprepositioista<\/a> (okhovwft)<\/li>\n<li><a href=\"https:\/\/wordwall.net\/de\/resource\/33954530\">Vaikeampi peli akkusatiiviprepositioista<\/a> (Ksenia5)<\/li>\n<\/ul>\n<p>***<\/p>\n<p><a href=\"https:\/\/blog.edu.turku.fi\/anninsaksa\/2023\/04\/11\/prepositiot-saksanluokkalaisille\/\">Prepositioteht\u00e4vi\u00e4 saksanluokkalaisille<\/a><\/p>\n<h2>Lektion 12<\/h2>\n<ul>\n<li><a href=\"https:\/\/quizlet.com\/_8gq16c?x=1jqt&amp;i=1gabso\">Kuvasanasto, Quizlet (SariTo)<\/a><\/li>\n<li><a href=\"https:\/\/blog.edu.turku.fi\/anninsaksa\/2021\/05\/18\/persoonapronominien-datiivi\/\">Persoonapronominien datiivi<\/a><\/li>\n<\/ul>\n<p>&nbsp;<\/p>\n<p>&nbsp;<\/p>\n<p>&nbsp;<\/p>\n","protected":false},"excerpt":{"rendered":"<p>Lektion 1 Kuvasanasto (ruokia) Kuvasanasto (Tarja Virtanen) Kuvasanasto (Anitta) Wordwall-teht\u00e4v\u00e4t kappaleesta: Kappalesanasto (Anniope) Kappaleen lauseita (Anitta) Kappale, aukkoteht\u00e4v\u00e4 (Anitta) Kappale, aukkoteht\u00e4v\u00e4 (Jonnaleena) Kappaleen sanastoa (Jonnaleena) Kappaleen lauseita, j\u00e4rjestele (Jonnaleena) Kappaleen sanasto ja lauseet, j\u00e4rjestele (Jonnaleena) Kappaleen sanastoa ja lauseita (Anniope) Learningapps-teht\u00e4v\u00e4t kappaleesta: Ristikko Aukkoteksti, substantiiveja Aukkoteksti, verbej\u00e4 Kirjaimet sekaisin Wer wird Million\u00e4r? suomennoksia Wer wird [&hellip;]<\/p>\n","protected":false},"author":204,"featured_media":0,"parent":0,"menu_order":0,"comment_status":"closed","ping_status":"closed","template":"","meta":{"footnotes":""},"class_list":["post-642","page","type-page","status-publish","hentry"],"_links":{"self":[{"href":"https:\/\/blog.edu.turku.fi\/anninsaksa\/wp-json\/wp\/v2\/pages\/642","targetHints":{"allow":["GET"]}}],"collection":[{"href":"https:\/\/blog.edu.turku.fi\/anninsaksa\/wp-json\/wp\/v2\/pages"}],"about":[{"href":"https:\/\/blog.edu.turku.fi\/anninsaksa\/wp-json\/wp\/v2\/types\/page"}],"author":[{"embeddable":true,"href":"https:\/\/blog.edu.turku.fi\/anninsaksa\/wp-json\/wp\/v2\/users\/204"}],"replies":[{"embeddable":true,"href":"https:\/\/blog.edu.turku.fi\/anninsaksa\/wp-json\/wp\/v2\/comments?post=642"}],"version-history":[{"count":70,"href":"https:\/\/blog.edu.turku.fi\/anninsaksa\/wp-json\/wp\/v2\/pages\/642\/revisions"}],"predecessor-version":[{"id":975,"href":"https:\/\/blog.edu.turku.fi\/anninsaksa\/wp-json\/wp\/v2\/pages\/642\/revisions\/975"}],"wp:attachment":[{"href":"https:\/\/blog.edu.turku.fi\/anninsaksa\/wp-json\/wp\/v2\/media?parent=642"}],"curies":[{"name":"wp","href":"https:\/\/api.w.org\/{rel}","templated":true}]}}