{"id":505,"date":"2019-06-27T09:42:28","date_gmt":"2019-06-27T06:42:28","guid":{"rendered":"https:\/\/blog.edu.turku.fi\/anninsaksa\/?page_id=505"},"modified":"2020-04-23T11:36:04","modified_gmt":"2020-04-23T08:36:04","slug":"schnitzeljagd-2","status":"publish","type":"page","link":"https:\/\/blog.edu.turku.fi\/anninsaksa\/schnitzeljagd-2\/","title":{"rendered":"Schnitzeljagd 2"},"content":{"rendered":"<h2>Lektion 1<\/h2>\n<ul>\n<li><a href=\"https:\/\/blog.edu.turku.fi\/anninsaksa\/2017\/12\/09\/wohnen-5-klasse\/\">Thema: Haus<\/a><\/li>\n<li><a href=\"https:\/\/blog.edu.turku.fi\/anninsaksa\/2019\/09\/07\/prepositiot\/\" target=\"_blank\" rel=\"noopener noreferrer\">Prepositiot<\/a><\/li>\n<li><a href=\"http:\/\/einstufungstests.klett-sprachen.de\/eks\/dtp\/lern.php?questname=deutschprofis&amp;questclass=A1&amp;questblock=7\">Online-\u00dcbungen<\/a> (Die Deutschprofis &#8211; Lektion 7)<\/li>\n<li><a href=\"https:\/\/blog.edu.turku.fi\/anninsaksa\/2018\/07\/23\/possessiivipronominit-eli-omistussanat\/\">Omistussanat<\/a><\/li>\n<\/ul>\n<h2>Lektion 2<\/h2>\n<ul>\n<li><a href=\"https:\/\/learningapps.org\/watch?v=pss69qba319\" target=\"_blank\" rel=\"noopener noreferrer\">Sanojen opettelu<\/a><\/li>\n<li><a href=\"http:\/\/einstufungstests.klett-sprachen.de\/eks\/dtp\/lern.php?questname=deutschprofis&amp;questclass=A1&amp;questblock=9\" target=\"_blank\" rel=\"noopener noreferrer\">Lektion 6<\/a><\/li>\n<\/ul>\n<h2>Lektion 6<\/h2>\n<ul>\n<li><a href=\"https:\/\/learningapps.org\/watch?v=ptdixs2ic20\" target=\"_blank\" rel=\"noopener noreferrer\">Ajan ilmauksia<\/a><\/li>\n<li><a href=\"https:\/\/learningapps.org\/watch?v=p89hn9xqt20\" target=\"_blank\" rel=\"noopener noreferrer\">Suora sanaj\u00e4rjestys<\/a><\/li>\n<li><a href=\"https:\/\/learningapps.org\/watch?v=pci30vqfc20\" target=\"_blank\" rel=\"noopener noreferrer\">K\u00e4\u00e4nteinen sanaj\u00e4rjestys<\/a><\/li>\n<\/ul>\n<p>&nbsp;<\/p>\n<h2>Lektion 8<\/h2>\n<ul>\n<li><a href=\"https:\/\/quizlet.com\/237128715\/match\" target=\"_blank\" rel=\"noopener noreferrer\">Yhdist\u00e4 persoonapronomien akkusatiivimuodot (Quizlet)<\/a><\/li>\n<li><a href=\"http:\/\/tarjavirtanen.fi\/v3\/files\/oL27jx3X33\/7akkusatiivi3.htm\" target=\"_blank\" rel=\"noopener noreferrer\">Valitse oikea akkusatiivimuoto<\/a> (Tarja Virtanen)<\/li>\n<li><a href=\"http:\/\/tarjavirtanen.fi\/v3\/files\/vnte323aZZ\/7akkusatiivi2.htm\" target=\"_blank\" rel=\"noopener noreferrer\">Kirjoita oikea akkusatiivimuoto<\/a> (Tarja Virtanen)<\/li>\n<li><a href=\"https:\/\/blog.edu.turku.fi\/anninsaksa\/2020\/04\/23\/konnen-osata-voida-tehda-jotain\/\" target=\"_blank\" rel=\"noopener noreferrer\">k\u00f6nnen -verbi (video ja harjoitukset)<\/a><\/li>\n<\/ul>\n<p>&nbsp;<\/p>\n<p>&nbsp;<\/p>\n<p>&nbsp;<\/p>\n<p><!--more--><\/p>\n<p>&nbsp;<\/p>\n<p>&nbsp;<\/p>\n<p>&nbsp;<\/p>\n<p>&nbsp;<\/p>\n","protected":false},"excerpt":{"rendered":"<p>Lektion 1 Thema: Haus Prepositiot Online-\u00dcbungen (Die Deutschprofis &#8211; Lektion 7) Omistussanat Lektion 2 Sanojen opettelu Lektion 6 Lektion 6 Ajan ilmauksia Suora sanaj\u00e4rjestys K\u00e4\u00e4nteinen sanaj\u00e4rjestys &nbsp; Lektion 8 Yhdist\u00e4 persoonapronomien akkusatiivimuodot (Quizlet) Valitse oikea akkusatiivimuoto (Tarja Virtanen) Kirjoita oikea akkusatiivimuoto (Tarja Virtanen) k\u00f6nnen -verbi (video ja harjoitukset) &nbsp; &nbsp; &nbsp;<\/p>\n","protected":false},"author":204,"featured_media":0,"parent":0,"menu_order":0,"comment_status":"closed","ping_status":"closed","template":"","meta":{"footnotes":""},"class_list":["post-505","page","type-page","status-publish","hentry"],"_links":{"self":[{"href":"https:\/\/blog.edu.turku.fi\/anninsaksa\/wp-json\/wp\/v2\/pages\/505","targetHints":{"allow":["GET"]}}],"collection":[{"href":"https:\/\/blog.edu.turku.fi\/anninsaksa\/wp-json\/wp\/v2\/pages"}],"about":[{"href":"https:\/\/blog.edu.turku.fi\/anninsaksa\/wp-json\/wp\/v2\/types\/page"}],"author":[{"embeddable":true,"href":"https:\/\/blog.edu.turku.fi\/anninsaksa\/wp-json\/wp\/v2\/users\/204"}],"replies":[{"embeddable":true,"href":"https:\/\/blog.edu.turku.fi\/anninsaksa\/wp-json\/wp\/v2\/comments?post=505"}],"version-history":[{"count":10,"href":"https:\/\/blog.edu.turku.fi\/anninsaksa\/wp-json\/wp\/v2\/pages\/505\/revisions"}],"predecessor-version":[{"id":621,"href":"https:\/\/blog.edu.turku.fi\/anninsaksa\/wp-json\/wp\/v2\/pages\/505\/revisions\/621"}],"wp:attachment":[{"href":"https:\/\/blog.edu.turku.fi\/anninsaksa\/wp-json\/wp\/v2\/media?parent=505"}],"curies":[{"name":"wp","href":"https:\/\/api.w.org\/{rel}","templated":true}]}}