{"id":498,"date":"2019-08-08T09:05:54","date_gmt":"2019-08-08T06:05:54","guid":{"rendered":"https:\/\/blog.edu.turku.fi\/anninsaksa\/?page_id=498"},"modified":"2020-05-15T07:36:14","modified_gmt":"2020-05-15T04:36:14","slug":"schnitzeljagd-1","status":"publish","type":"page","link":"https:\/\/blog.edu.turku.fi\/anninsaksa\/schnitzeljagd-1\/","title":{"rendered":"Schnitzeljagd 1"},"content":{"rendered":"<h2>Lektion 4<\/h2>\n<p><a href=\"https:\/\/learningapps.org\/watch?v=ph59p342n19\" target=\"_blank\" rel=\"noopener noreferrer\">Sanasto<\/a><\/p>\n<p><a href=\"https:\/\/learningapps.org\/watch?v=ptb6cfxr319\" target=\"_blank\" rel=\"noopener noreferrer\">Verbit<\/a><\/p>\n<p><a href=\"https:\/\/learningapps.org\/watch?v=pctyf58wc19\" target=\"_blank\" rel=\"noopener noreferrer\">Verbin taivutus yksik\u00f6ss\u00e4 A<\/a><\/p>\n<p><a href=\"https:\/\/learningapps.org\/watch?v=pp9d2ehdn19\" target=\"_blank\" rel=\"noopener noreferrer\">Verbin taivutus yksik\u00f6ss\u00e4 B<\/a><\/p>\n<p><a href=\"https:\/\/learningapps.org\/watch?v=p3dn9w4vj19\" target=\"_blank\" rel=\"noopener noreferrer\">Verbin taivutus yksik\u00f6ss\u00e4 C<\/a><\/p>\n<p><a href=\"https:\/\/learningapps.org\/watch?v=p5jiu7a6519\" target=\"_blank\" rel=\"noopener noreferrer\">Kysymyksi\u00e4 ja vastauksia<\/a><\/p>\n<p><a href=\"https:\/\/learningapps.org\/watch?v=pnshbmzwc19\" target=\"_blank\" rel=\"noopener noreferrer\">Lauseita<\/a><\/p>\n<h2>Lektion 5<\/h2>\n<p><a href=\"https:\/\/learningapps.org\/watch?v=pq8m5pnyn19\" target=\"_blank\" rel=\"noopener noreferrer\">Perhesanojen suvut (lajitteluteht\u00e4v\u00e4)<\/a><\/p>\n<p><a href=\"https:\/\/learningapps.org\/watch?v=p5s72azij19\" target=\"_blank\" rel=\"noopener noreferrer\">Lauseita perheest\u00e4<\/a><\/p>\n<p><a href=\"https:\/\/learningapps.org\/watch?v=pya9ejiuk19\" target=\"_blank\" rel=\"noopener noreferrer\">Omistussana mein\/e<\/a><\/p>\n<p><a href=\"https:\/\/learningapps.org\/watch?v=pqqp6rmq519\" target=\"_blank\" rel=\"noopener noreferrer\">Omistussanat mein\/e ja dein\/e<\/a><\/p>\n<h2>Lektion 6<\/h2>\n<p><a href=\"https:\/\/learningapps.org\/watch?v=p7p879ru220\" target=\"_blank\" rel=\"noopener noreferrer\">Artikkeliharjoituksia<\/a><\/p>\n<h2>Lektion 8<\/h2>\n<ul>\n<li><a href=\"https:\/\/learningapps.org\/watch?v=pqrqut04k20\" target=\"_blank\" rel=\"noopener noreferrer\">Fahren<\/a><\/li>\n<li><a href=\"https:\/\/learningapps.org\/watch?v=po1n62o7220\" target=\"_blank\" rel=\"noopener noreferrer\">Lesen<\/a><\/li>\n<li><a href=\"https:\/\/learningapps.org\/watch?v=prz87bu5c20\" target=\"_blank\" rel=\"noopener noreferrer\">Sprechen<\/a><\/li>\n<li><a href=\"https:\/\/learningapps.org\/watch?v=pr73fyjva20\" target=\"_blank\" rel=\"noopener noreferrer\">Kysymyssanat (yhdistely)<\/a><\/li>\n<li><a href=\"https:\/\/learningapps.org\/watch?v=pmhxas6nv20\" target=\"_blank\" rel=\"noopener noreferrer\">Kysymyssanat (Aukkoteht\u00e4v\u00e4)<\/a><\/li>\n<\/ul>\n<h2>Lektion 9<\/h2>\n<ul>\n<li><a href=\"https:\/\/learningapps.org\/watch?v=px042x4ya18\">Sanasto: valitse oikea sana<\/a><\/li>\n<li><a href=\"https:\/\/learningapps.org\/watch?v=pfke6vgwa18\">Sanasto: kirjoita sanat oikein<\/a><\/li>\n<\/ul>\n<h2>Lektion 10<\/h2>\n<p><a href=\"https:\/\/blog.edu.turku.fi\/anninsaksa\/2018\/01\/28\/farben-varit\/\">V\u00e4riteht\u00e4vi\u00e4<\/a><\/p>\n<p>&nbsp;<\/p>\n<p>&nbsp;<\/p>\n<p>&nbsp;<\/p>\n","protected":false},"excerpt":{"rendered":"<p>Lektion 4 Sanasto Verbit Verbin taivutus yksik\u00f6ss\u00e4 A Verbin taivutus yksik\u00f6ss\u00e4 B Verbin taivutus yksik\u00f6ss\u00e4 C Kysymyksi\u00e4 ja vastauksia Lauseita Lektion 5 Perhesanojen suvut (lajitteluteht\u00e4v\u00e4) Lauseita perheest\u00e4 Omistussana mein\/e Omistussanat mein\/e ja dein\/e Lektion 6 Artikkeliharjoituksia Lektion 8 Fahren Lesen Sprechen Kysymyssanat (yhdistely) Kysymyssanat (Aukkoteht\u00e4v\u00e4) Lektion 9 Sanasto: valitse oikea sana Sanasto: kirjoita sanat oikein [&hellip;]<\/p>\n","protected":false},"author":204,"featured_media":0,"parent":0,"menu_order":0,"comment_status":"closed","ping_status":"closed","template":"","meta":{"footnotes":""},"class_list":["post-498","page","type-page","status-publish","hentry"],"_links":{"self":[{"href":"https:\/\/blog.edu.turku.fi\/anninsaksa\/wp-json\/wp\/v2\/pages\/498","targetHints":{"allow":["GET"]}}],"collection":[{"href":"https:\/\/blog.edu.turku.fi\/anninsaksa\/wp-json\/wp\/v2\/pages"}],"about":[{"href":"https:\/\/blog.edu.turku.fi\/anninsaksa\/wp-json\/wp\/v2\/types\/page"}],"author":[{"embeddable":true,"href":"https:\/\/blog.edu.turku.fi\/anninsaksa\/wp-json\/wp\/v2\/users\/204"}],"replies":[{"embeddable":true,"href":"https:\/\/blog.edu.turku.fi\/anninsaksa\/wp-json\/wp\/v2\/comments?post=498"}],"version-history":[{"count":9,"href":"https:\/\/blog.edu.turku.fi\/anninsaksa\/wp-json\/wp\/v2\/pages\/498\/revisions"}],"predecessor-version":[{"id":630,"href":"https:\/\/blog.edu.turku.fi\/anninsaksa\/wp-json\/wp\/v2\/pages\/498\/revisions\/630"}],"wp:attachment":[{"href":"https:\/\/blog.edu.turku.fi\/anninsaksa\/wp-json\/wp\/v2\/media?parent=498"}],"curies":[{"name":"wp","href":"https:\/\/api.w.org\/{rel}","templated":true}]}}