{"id":310,"date":"2018-06-15T09:17:42","date_gmt":"2018-06-15T06:17:42","guid":{"rendered":"https:\/\/blog.edu.turku.fi\/anninsaksa\/?page_id=310"},"modified":"2020-03-20T19:37:52","modified_gmt":"2020-03-20T17:37:52","slug":"6-lk-saksa","status":"publish","type":"page","link":"https:\/\/blog.edu.turku.fi\/anninsaksa\/6-lk-saksa\/","title":{"rendered":"So ein Zufall 2"},"content":{"rendered":"<h2>Uhrzeit &#8211; Kellonajat<\/h2>\n<ul>\n<li><a href=\"https:\/\/blog.edu.turku.fi\/anninsaksa\/2017\/11\/17\/kellonajat-tehtavia\/\" target=\"_blank\" rel=\"noopener noreferrer\">Teht\u00e4vi\u00e4 kellonajoista<\/a><\/li>\n<\/ul>\n<h2>Mein Tag: P\u00e4iv\u00e4n toimet<\/h2>\n<ul>\n<li><a href=\"https:\/\/blog.edu.turku.fi\/anninsaksa\/2019\/05\/20\/mein-tag\/\">Teht\u00e4vi\u00e4 p\u00e4iv\u00e4n toimista kertomiseen<\/a><\/li>\n<\/ul>\n<h1>Lektion 4<\/h1>\n<ul>\n<li><a href=\"http:\/\/users.utu.fi\/katvar\/ubungen_hotpot\/kva_sez2_ekaosa_huudahduksia.htm\" target=\"_blank\" rel=\"noopener noreferrer\">Huudahduksia (kpl 1-4)<\/a><\/li>\n<li><a href=\"https:\/\/learningapps.org\/watch?v=p2njk6cjk17\" target=\"_blank\" rel=\"noopener noreferrer\">J\u00e4rjest\u00e4 ravintolakeskustelun lauseet<\/a><\/li>\n<li><a href=\"https:\/\/www.hueber.de\/shared\/uebungen\/themen-aktuell\/lerner\/uebungen\/fset.php?Volume=1&amp;Lection=3&amp;Exercise=4&amp;SubExercise=1\" target=\"_blank\" rel=\"noopener noreferrer\">Ravintolassa: Aukkoteht\u00e4v\u00e4 1<\/a><\/li>\n<li><a href=\"https:\/\/www.hueber.de\/shared\/uebungen\/themen-aktuell\/lerner\/uebungen\/fset.php?Volume=1&amp;Lection=3&amp;Exercise=3&amp;SubExercise=1\" target=\"_blank\" rel=\"noopener noreferrer\">Ravintolassa: Aukkoteht\u00e4v\u00e4 2<\/a><\/li>\n<li><a href=\"https:\/\/learningapps.org\/watch?v=phcvk3tdk17\" target=\"_blank\" rel=\"noopener noreferrer\">man-passiivi 1<\/a><\/li>\n<li><a href=\"https:\/\/learningapps.org\/watch?v=p85028k9k17\" target=\"_blank\" rel=\"noopener noreferrer\">man-passiivi 2<\/a><\/li>\n<li><a href=\"https:\/\/quizlet.com\/252427733\/so-ein-zufall-2-lektion-4-minidialog-flash-cards\/\" target=\"_blank\" rel=\"noopener noreferrer\">Quizlet: Minidialog<\/a><\/li>\n<li><a href=\"https:\/\/quizlet.com\/238304646\/so-ein-zufall-2-lektion-4-flash-cards\/\" target=\"_blank\" rel=\"noopener noreferrer\">Quizlet: Sanastoa<\/a><\/li>\n<li><a href=\"https:\/\/blog.edu.turku.fi\/anninsaksa\/2017\/11\/30\/ruoka\/\" target=\"_blank\" rel=\"noopener noreferrer\">Ruokalajeja ja juomia<\/a><\/li>\n<li><a href=\"https:\/\/blog.edu.turku.fi\/anninsaksa\/2017\/11\/17\/im-cafe\/\" target=\"_blank\" rel=\"noopener noreferrer\">Videoita: Kahvilassa ja ravintolassa<\/a><\/li>\n<\/ul>\n<h1>Lektion 5<\/h1>\n<ul>\n<li><a href=\"https:\/\/quizlet.com\/306864677\/so-ein-zufall-2-lektion-5-substantive-flash-cards\/\" target=\"_blank\" rel=\"noopener noreferrer\">Quizlet: substantiiveja<\/a><\/li>\n<li><a href=\"http:\/\/users.utu.fi\/katvar\/ubungen_hotpot\/kva_sez2_kpl5.htm\" target=\"_blank\" rel=\"noopener noreferrer\">Sanaristikko<\/a><\/li>\n<li><a href=\"https:\/\/blog.edu.turku.fi\/anninsaksa\/2018\/07\/23\/akkusatiivi\/\" target=\"_blank\" rel=\"noopener noreferrer\">Akkusatiivi<\/a><\/li>\n<\/ul>\n<h1>Lektion 6<\/h1>\n<ul>\n<li><a href=\"https:\/\/learningapps.org\/watch?v=pwcu4se9t18\" target=\"_blank\" rel=\"noopener noreferrer\">Sanasto- ja tekstipelej\u00e4<\/a><\/li>\n<li><a href=\"https:\/\/quizlet.com\/124041826\/magazinde-1-otava-e3-ratgeber-kysymyssanoja-flash-cards\/\" target=\"_blank\" rel=\"noopener noreferrer\">Quizlet kysymyssanoista<\/a><\/li>\n<li><a href=\"https:\/\/learningapps.org\/watch?v=p10tnteq318\" target=\"_blank\" rel=\"noopener noreferrer\">Kysymyssanat (1)<\/a><\/li>\n<li><a href=\"https:\/\/learningapps.org\/watch?v=poj6kfy5318\" target=\"_blank\" rel=\"noopener noreferrer\">Kysymyssanat (2)<\/a><\/li>\n<li><a href=\"https:\/\/www.schubert-verlag.de\/aufgaben\/xg\/xg01_04.htm\" target=\"_blank\" rel=\"noopener noreferrer\">Kysymyssanat (3)<\/a><\/li>\n<li><a href=\"https:\/\/learningapps.org\/watch?v=pgujin4m318\" target=\"_blank\" rel=\"noopener noreferrer\">Akkusatiivipalapeli<\/a><\/li>\n<li><a href=\"https:\/\/learningapps.org\/watch?v=pj8jd18st18\" target=\"_blank\" rel=\"noopener noreferrer\">Akkusatiivi (Haustiere)<\/a><\/li>\n<li><a href=\"http:\/\/tarjavirtanen.fi\/v3\/files\/3FCF3oTSMP\/7pron.htm\" target=\"_blank\" rel=\"noopener noreferrer\">Omistussanat (sein, ihr)<\/a><\/li>\n<li><a href=\"http:\/\/tarjavirtanen.fi\/v3\/files\/7433yo23z9\/5omistuspron2.htm\" target=\"_blank\" rel=\"noopener noreferrer\">Omistussanat (aukkoteht\u00e4v\u00e4)<\/a><\/li>\n<li><a href=\"https:\/\/www.youtube.com\/watch?time_continue=23&amp;v=6gLI0Vvksd8\" target=\"_blank\" rel=\"noopener noreferrer\">Omistussanat (video)<\/a><\/li>\n<\/ul>\n<h1>Lektion 7<\/h1>\n<ul>\n<li><a href=\"https:\/\/quizlet.com\/237128715\/akkusatiivi-persoonapronominit-flash-cards\/\" target=\"_blank\" rel=\"noopener noreferrer\">Persoonapronominien akkusatiivi (Quizlet)<\/a><\/li>\n<li><a href=\"https:\/\/quizlet.com\/265905331\/saksan-persoonapronominit-perusmuoto-akkusatiivi-ja-omistusmuoto-flash-cards\/\" target=\"_blank\" rel=\"noopener noreferrer\">Persoonapronominit ja omistussanat (Quizlet)<\/a><\/li>\n<li><a href=\"http:\/\/tarjavirtanen.fi\/v3\/files\/DY5NF5EUMT\/7akkusatiivi.htm\" target=\"_blank\" rel=\"noopener noreferrer\">Yhdist\u00e4 persoonapronomini ja akkusatiivi (Tarja Virtanen)<\/a><\/li>\n<li><a href=\"http:\/\/tarjavirtanen.fi\/v3\/files\/oL27jx3X33\/7akkusatiivi3.htm\" target=\"_blank\" rel=\"noopener noreferrer\">Valitse persoonapronominin akkusatiivi (Tarja Virtanen)<\/a><\/li>\n<li><a href=\"http:\/\/tarjavirtanen.fi\/v3\/files\/vnte323aZZ\/7akkusatiivi2.htm\" target=\"_blank\" rel=\"noopener noreferrer\">Kirjoita persoonapronominin akkusatiivi (Tarja Virtanen)<\/a><\/li>\n<\/ul>\n<h1>Lektion 9<\/h1>\n<ul>\n<li><a href=\"https:\/\/learningapps.org\/watch?v=p5am45a6n18\" target=\"_blank\" rel=\"noopener noreferrer\">Sanasto (yhdist\u00e4)<\/a><\/li>\n<li><a href=\"https:\/\/learningapps.org\/watch?v=p1p6f4gqj18\" target=\"_blank\" rel=\"noopener noreferrer\">Sanasto (kirjoita)<\/a><\/li>\n<li><a href=\"https:\/\/learningapps.org\/watch?v=psc71pj0a18\" target=\"_blank\" rel=\"noopener noreferrer\">Tapahtumat j\u00e4rjestykseen<\/a><\/li>\n<li><a href=\"https:\/\/learningapps.org\/watch?v=pjuraviqk18\" target=\"_blank\" rel=\"noopener noreferrer\">Lauseet<\/a><\/li>\n<li><a href=\"https:\/\/quizlet.com\/71593058\/so-ein-zufall-2-lektion-9-flash-cards\/original\" target=\"_blank\" rel=\"noopener noreferrer\">Quizlet: Sanastoa<\/a><\/li>\n<li><a href=\"https:\/\/blog.edu.turku.fi\/anninsaksa\/2018\/12\/29\/saannollisten-verbien-perfekti\/\" target=\"_blank\" rel=\"noopener noreferrer\">KPL 9\u00a0 verbien perfekti<\/a><\/li>\n<\/ul>\n<h1>Lektion 10<\/h1>\n<ul>\n<li><a href=\"https:\/\/quizlet.com\/130286694\/so-ein-zufall-2-lektion-10-sanasto-flash-cards\/\" target=\"_blank\" rel=\"noopener noreferrer\">Quizlet: Sanasto<\/a><\/li>\n<li><a href=\"https:\/\/learningapps.org\/watch?v=p2mgcu50319\" target=\"_blank\" rel=\"noopener noreferrer\">Haluatko miljon\u00e4\u00e4riksi (sanasto)<\/a><\/li>\n<li><a href=\"https:\/\/learningapps.org\/watch?v=pdt53o6q519\" target=\"_blank\" rel=\"noopener noreferrer\">Kuvateht\u00e4v\u00e4: Adjektiivien vertailu<\/a><\/li>\n<li><a href=\"https:\/\/learningapps.org\/watch?v=pnu75t7mn19\" target=\"_blank\" rel=\"noopener noreferrer\">Laukkakisat: Adjektiivien vertailu<\/a><\/li>\n<li><a href=\"https:\/\/learningapps.org\/watch?v=pt6r1fquk19\" target=\"_blank\" rel=\"noopener noreferrer\">Aukkoteksti: Adjektiivien vertailu<\/a><\/li>\n<li><a href=\"https:\/\/learningapps.org\/watch?v=ppok5oik319\" target=\"_blank\" rel=\"noopener noreferrer\">Perfekti: ge-etuliitteell\u00e4 vai ilman?<\/a><\/li>\n<li><a href=\"https:\/\/learningapps.org\/watch?v=pt564eqtk19\" target=\"_blank\" rel=\"noopener noreferrer\">Perfekti: Reise nach Kalifornien<\/a><\/li>\n<\/ul>\n<h1>Lektion 11<\/h1>\n<ul>\n<li><a href=\"https:\/\/blog.edu.turku.fi\/anninsaksa\/2019\/03\/11\/epasaannolliset-perfektit-kpl-11\/\" target=\"_blank\" rel=\"noopener noreferrer\">Perfektit<\/a><\/li>\n<li><a href=\"https:\/\/learningapps.org\/watch?v=ppe8rdb5a19\" target=\"_blank\" rel=\"noopener noreferrer\">Yhdistelyteht\u00e4v\u00e4: Tummat sanat<\/a><\/li>\n<li><a href=\"https:\/\/quizlet.com\/78229227\/so-ein-zufall-2-lektion-11-flash-cards\/\" target=\"_blank\" rel=\"noopener noreferrer\">Quizlet: Sanasto<\/a><\/li>\n<li><a href=\"https:\/\/learningapps.org\/watch?v=pef4vp2ec19\" target=\"_blank\" rel=\"noopener noreferrer\">Sanoja ja ilmaisuja -muistipeli<\/a><\/li>\n<li><a href=\"https:\/\/learningapps.org\/watch?v=p0374iuuk19\" target=\"_blank\" rel=\"noopener noreferrer\">Kappaleen ilmaisuja<\/a><\/li>\n<li><a href=\"https:\/\/blog.edu.turku.fi\/anninsaksa\/2018\/01\/30\/korperteile-ruumiinosat\/\" target=\"_blank\" rel=\"noopener noreferrer\">Kertaus 5.-luokalta: Kehonosat<\/a><\/li>\n<li><a href=\"https:\/\/quizlet.com\/372148417\/sa-9-kpl-17-sairaudet-flash-cards\/\" target=\"_blank\" rel=\"noopener noreferrer\">Quizlet: Sairaudet<\/a><\/li>\n<\/ul>\n<h2>Lektion 12<\/h2>\n<ul>\n<li><a href=\"https:\/\/learningapps.org\/watch?v=pwewg7t1519\" target=\"_blank\" rel=\"noopener noreferrer\">Sein ja haben perfektin apuverbin\u00e4 (lajittele)<\/a><\/li>\n<li><a href=\"https:\/\/learningapps.org\/display?v=pbqwveyea19\" target=\"_blank\" rel=\"noopener noreferrer\">Sein ja haben perfektin apuverbin\u00e4 (yhdist\u00e4)<\/a><\/li>\n<li><a href=\"https:\/\/learningapps.org\/watch?v=pxo7b8taa19\" target=\"_blank\" rel=\"noopener noreferrer\">Sein ja haben perfektin apuverbin\u00e4 (lauseita)<\/a><\/li>\n<li><a href=\"https:\/\/learningapps.org\/watch?v=pm6ddobkj19\" target=\"_blank\" rel=\"noopener noreferrer\">Persoonapronominien datiivi (yhdist\u00e4)<\/a><\/li>\n<li><a href=\"https:\/\/learningapps.org\/watch?v=p7jmibjgj19\" target=\"_blank\" rel=\"noopener noreferrer\">Persoonapronominien datiivi (kirjoita)<\/a><\/li>\n<li><a href=\"https:\/\/learningapps.org\/watch?v=pb6ttcvyk19\" target=\"_blank\" rel=\"noopener noreferrer\">Persoonapronominien datiivi (lauseita)<\/a><\/li>\n<\/ul>\n<h2>Lektion 13<\/h2>\n<ul>\n<li><a href=\"https:\/\/learningapps.org\/watch?v=powu7cdj319\" target=\"_blank\" rel=\"noopener noreferrer\">Datiivin artikkelit (taulukko)<\/a><\/li>\n<li><a href=\"https:\/\/learningapps.org\/watch?v=pkkv4wkh519\" target=\"_blank\" rel=\"noopener noreferrer\">Datiivin artikkelit (kirjoita artikkelit)<\/a><\/li>\n<li><a href=\"https:\/\/learningapps.org\/watch?v=poua2ksp519\" target=\"_blank\" rel=\"noopener noreferrer\">Artikkelit akkusatiivissa ja datiivissa<\/a><\/li>\n<li><a href=\"https:\/\/learningapps.org\/watch?v=pa3t87n0n19\" target=\"_blank\" rel=\"noopener noreferrer\">Artikkelit (tavalliset, akkusatiivi, datiivi)<\/a><\/li>\n<\/ul>\n<p>&nbsp;<\/p>\n","protected":false},"excerpt":{"rendered":"<p>Uhrzeit &#8211; Kellonajat Teht\u00e4vi\u00e4 kellonajoista Mein Tag: P\u00e4iv\u00e4n toimet Teht\u00e4vi\u00e4 p\u00e4iv\u00e4n toimista kertomiseen Lektion 4 Huudahduksia (kpl 1-4) J\u00e4rjest\u00e4 ravintolakeskustelun lauseet Ravintolassa: Aukkoteht\u00e4v\u00e4 1 Ravintolassa: Aukkoteht\u00e4v\u00e4 2 man-passiivi 1 man-passiivi 2 Quizlet: Minidialog Quizlet: Sanastoa Ruokalajeja ja juomia Videoita: Kahvilassa ja ravintolassa Lektion 5 Quizlet: substantiiveja Sanaristikko Akkusatiivi Lektion 6 Sanasto- ja tekstipelej\u00e4 Quizlet kysymyssanoista [&hellip;]<\/p>\n","protected":false},"author":204,"featured_media":0,"parent":0,"menu_order":0,"comment_status":"closed","ping_status":"closed","template":"","meta":{"footnotes":""},"class_list":["post-310","page","type-page","status-publish","hentry"],"_links":{"self":[{"href":"https:\/\/blog.edu.turku.fi\/anninsaksa\/wp-json\/wp\/v2\/pages\/310","targetHints":{"allow":["GET"]}}],"collection":[{"href":"https:\/\/blog.edu.turku.fi\/anninsaksa\/wp-json\/wp\/v2\/pages"}],"about":[{"href":"https:\/\/blog.edu.turku.fi\/anninsaksa\/wp-json\/wp\/v2\/types\/page"}],"author":[{"embeddable":true,"href":"https:\/\/blog.edu.turku.fi\/anninsaksa\/wp-json\/wp\/v2\/users\/204"}],"replies":[{"embeddable":true,"href":"https:\/\/blog.edu.turku.fi\/anninsaksa\/wp-json\/wp\/v2\/comments?post=310"}],"version-history":[{"count":30,"href":"https:\/\/blog.edu.turku.fi\/anninsaksa\/wp-json\/wp\/v2\/pages\/310\/revisions"}],"predecessor-version":[{"id":595,"href":"https:\/\/blog.edu.turku.fi\/anninsaksa\/wp-json\/wp\/v2\/pages\/310\/revisions\/595"}],"wp:attachment":[{"href":"https:\/\/blog.edu.turku.fi\/anninsaksa\/wp-json\/wp\/v2\/media?parent=310"}],"curies":[{"name":"wp","href":"https:\/\/api.w.org\/{rel}","templated":true}]}}