{"id":2,"date":"2017-03-25T10:32:35","date_gmt":"2017-03-25T08:32:35","guid":{"rendered":"https:\/\/blog.edu.turku.fi\/anninsaksa\/?page_id=2"},"modified":"2020-03-20T19:37:37","modified_gmt":"2020-03-20T17:37:37","slug":"esimerkkisivu","status":"publish","type":"page","link":"https:\/\/blog.edu.turku.fi\/anninsaksa\/esimerkkisivu\/","title":{"rendered":"So ein Zufall 1"},"content":{"rendered":"<h1>Lektion 1<\/h1>\n<ol>\n<li><a href=\"http:\/\/www.education.vic.gov.au\/languagesonline\/german\/sect01\/no_2\/no_2.htm\">Kuuntelu: Tervehdykset.<\/a><\/li>\n<li><a href=\"http:\/\/www.education.vic.gov.au\/languagesonline\/german\/sect01\/no_4\/no_4.htm\">Osaatko 1:Tervehdykset<\/a><\/li>\n<li><a href=\"http:\/\/tarjavirtanen.fi\/v3\/files\/o83bE226Z5\/1tervehdykset.htm\">Osaatko 2: Tervehdykset<\/a><\/li>\n<li><a href=\"http:\/\/www.education.vic.gov.au\/languagesonline\/german\/sect01\/no_6\/no_6.htm\">Ristikko: Tervehdykset<\/a><\/li>\n<li><a href=\"http:\/\/tarjavirtanen.fi\/v3\/files\/3DT81oonKj\/1paikat.htm\">Osaatko: Rakennukset<\/a><\/li>\n<li><a href=\"http:\/\/tarjavirtanen.fi\/v3\/files\/DoZMeo79z2\/1sanaristikko.htm\">Ristikko 1: Rakennukset<\/a><\/li>\n<li><a href=\"http:\/\/tarjavirtanen.fi\/v3\/files\/AWkcbm17v6\/1sanaristikko2.htm\">Ristikko 2: Rakennukset<\/a><\/li>\n<li><a href=\"http:\/\/tarjavirtanen.fi\/v3\/files\/np8Wo87YUC\/1lause1.htm\">Tee lauseita: (Kappaleen sanat)<\/a><\/li>\n<li><a href=\"http:\/\/tarjavirtanen.fi\/v3\/files\/e3DgEoDid5\/1ristikko3.htm\">Ristikko: (Kappaleen sanat)<\/a><\/li>\n<\/ol>\n<h1>Lektion 2<\/h1>\n<ol>\n<li><a href=\"http:\/\/tarjavirtanen.fi\/v3\/files\/4bDG9q41Nr\/2yhdista1.htm\" target=\"_blank\" rel=\"noopener noreferrer\">Kolme verbiteht\u00e4v\u00e4\u00e4<\/a><\/li>\n<li><a href=\"http:\/\/tarjavirtanen.fi\/v3\/files\/7qkK7V98Ko\/2verbit.htm\" target=\"_blank\" rel=\"noopener noreferrer\">Kaikki kappaleen verbit<\/a><\/li>\n<li><a href=\"http:\/\/tarjavirtanen.fi\/v3\/files\/8J56218w7d\/2sanaristikko.htm\" target=\"_blank\" rel=\"noopener noreferrer\">Ristikko 1<\/a><\/li>\n<li><a href=\"http:\/\/tarjavirtanen.fi\/v3\/files\/5opL4ojTWc\/2sanaristikko2.htm\" target=\"_blank\" rel=\"noopener noreferrer\">Ristikko 2<\/a><\/li>\n<li><a href=\"http:\/\/tarjavirtanen.fi\/v3\/files\/r7FXh4oz3d\/2minateen.htm\" target=\"_blank\" rel=\"noopener noreferrer\">Verbien &#8221;ich&#8221; -muodot<\/a><\/li>\n<li><a href=\"http:\/\/tarjavirtanen.fi\/v3\/files\/vis9hxqdGw\/2sinateet.htm\" target=\"_blank\" rel=\"noopener noreferrer\">Verbien &#8221;du&#8221; -muodot<\/a><\/li>\n<li><a href=\"http:\/\/tarjavirtanen.fi\/v3\/files\/3ybHjeaEQW\/2lause1.htm\" target=\"_blank\" rel=\"noopener noreferrer\">Rakenna kappaleen lauseita.<\/a><\/li>\n<li><a href=\"https:\/\/www.youtube.com\/watch?v=zpiU6VVmiEM\" target=\"_blank\" rel=\"noopener noreferrer\">Video: Ich &#8230; gern<\/a><\/li>\n<li><a href=\"https:\/\/www.youtube.com\/watch?v=nztPPxpkEfQ&amp;t=34s\" target=\"_blank\" rel=\"noopener noreferrer\">Harrastuksia videolla 1<\/a><\/li>\n<li><a href=\"https:\/\/www.youtube.com\/watch?v=T_hc5-ZuA9Y\" target=\"_blank\" rel=\"noopener noreferrer\">Harrastuksia videolla 2<\/a><\/li>\n<li><a href=\"https:\/\/www.youtube.com\/watch?v=rzqMZcqlYKg\" target=\"_blank\" rel=\"noopener noreferrer\">Musavideo urheilulajeista<\/a><\/li>\n<\/ol>\n<h1>Lektion 3<\/h1>\n<ol>\n<li><a href=\"http:\/\/tarjavirtanen.fi\/v3\/files\/5cAj86T9Hg\/3adjektiivit.htm\">Adjektiiveja<\/a><\/li>\n<li><a href=\"http:\/\/tarjavirtanen.fi\/v3\/files\/gG4s93yW6z\/3adjektiivit2.htm\">Adjektiiveja<\/a><\/li>\n<li><a href=\"http:\/\/tarjavirtanen.fi\/v3\/files\/jTZnYHFj6S\/3ristikkoadj.htm\">Adjektiiviristikko<\/a><\/li>\n<li><a href=\"http:\/\/tarjavirtanen.fi\/v3\/files\/p2jDoCoK2Y\/3artikkelit.htm\" target=\"_blank\" rel=\"noopener noreferrer\">der, das vai die<\/a><\/li>\n<li><a href=\"http:\/\/tarjavirtanen.fi\/v3\/files\/jda7yiEiri\/3artikkelit2.htm\" target=\"_blank\" rel=\"noopener noreferrer\">der,das vai die<\/a><\/li>\n<li><a href=\"http:\/\/tarjavirtanen.fi\/v3\/files\/KZwb1PknLt\/3sanakoe.htm\" target=\"_blank\" rel=\"noopener noreferrer\">sanasto<\/a><\/li>\n<li><a href=\"http:\/\/tarjavirtanen.fi\/v3\/files\/koZm9NmpLj\/3aukko.htm\" target=\"_blank\" rel=\"noopener noreferrer\">teksti<\/a><\/li>\n<\/ol>\n<h1>Lektion 4<\/h1>\n<ul>\n<li><a href=\"http:\/\/tarjavirtanen.fi\/v3\/files\/GzoGa33698\/4sanaristikko.htm\" target=\"_blank\" rel=\"noopener noreferrer\">sanasto<\/a><\/li>\n<li><a href=\"http:\/\/tarjavirtanen.fi\/v3\/files\/Vc9Gyq27i3\/4lauseet.htm\">Kysymyksi\u00e4 ja vastauksia<\/a><\/li>\n<li><a href=\"https:\/\/quizlet.com\/110901447\/magazinde-1-otava-e1-ratgeber-persoonapronominien-nominatiivi-eli-perusmuoto-mina-sina-han-flash-cards\/\">Persoonapronominit<\/a> (ylh\u00e4\u00e4lt\u00e4 neli\u00f6ist\u00e4 saat erilaisia pelej\u00e4)<\/li>\n<li><a href=\"https:\/\/blog.edu.turku.fi\/anninsaksa\/2018\/01\/27\/sein-olla\/\">Olla-verbin taivutus<\/a><\/li>\n<\/ul>\n<h1>Lektion 5<\/h1>\n<ul>\n<li><a href=\"http:\/\/tarjavirtanen.fi\/v3\/files\/58jT7Z38UL\/5aukko.htm\" target=\"_blank\" rel=\"noopener noreferrer\">sanat<\/a><\/li>\n<li><a href=\"http:\/\/tarjavirtanen.fi\/v3\/files\/1au3RdKHAW\/5teksti.htm\" target=\"_blank\" rel=\"noopener noreferrer\">sanat<\/a><\/li>\n<li><a href=\"http:\/\/tarjavirtanen.fi\/v3\/files\/Lof5ghGJoR\/5lauseita.htm\" target=\"_blank\" rel=\"noopener noreferrer\">lauseet<\/a><\/li>\n<li><a href=\"https:\/\/quizlet.com\/166682093\/so-ein-zufall-text-5-flash-cards\/\">Sanasto -Quizlet<\/a> (ylh\u00e4\u00e4lt\u00e4 kuvakkeista saat erilaisia pelej\u00e4)<\/li>\n<li><a href=\"https:\/\/blog.edu.turku.fi\/anninsaksa\/2018\/01\/28\/farben-varit\/\">V\u00e4rit<\/a><\/li>\n<li><a href=\"https:\/\/blog.edu.turku.fi\/anninsaksa\/2018\/02\/28\/elaimet\/\">El\u00e4imet<\/a><\/li>\n<li><a href=\"http:\/\/www.ollieloranta.fi\/saksa\/soeinzufall_1_5-9\/haben.htm\">Haben -verbin taivutus 1<\/a><\/li>\n<li><a href=\"http:\/\/tarjavirtanen.fi\/v3\/files\/d77mo9Tqo8\/5haben.htm\">Haben -verbin taivutus 2<\/a><\/li>\n<li><a href=\"http:\/\/tarjavirtanen.fi\/v3\/files\/666wn5K97Z\/5habenyhdista.htm\">Haben (lauseita)<\/a><\/li>\n<li><a href=\"http:\/\/tarjavirtanen.fi\/v3\/files\/L2dU3Doqim\/5haben2.htm\">Haben (t\u00e4ydenn\u00e4)<\/a><\/li>\n<li><a href=\"http:\/\/tarjavirtanen.fi\/v3\/files\/224oLz4dt3\/6seinhaben.htm\">Valitse &#8221;sein&#8221; tai &#8221;haben&#8221;<\/a><\/li>\n<\/ul>\n<h1>Lektion 6<\/h1>\n<ul>\n<li><a href=\"http:\/\/tarjavirtanen.fi\/v3\/files\/tFLc68cf3o\/6teksti.htm\" target=\"_blank\" rel=\"noopener noreferrer\">Kappaleen 6 sanastoa<\/a><\/li>\n<li><a href=\"http:\/\/tarjavirtanen.fi\/v3\/files\/65GdK7dZy1\/6lause1.htm\" target=\"_blank\" rel=\"noopener noreferrer\">Kappaleen 6 lauseita (5 teht\u00e4v\u00e4\u00e4)<\/a><\/li>\n<li><a href=\"http:\/\/tarjavirtanen.fi\/v3\/files\/xQR2DoS477\/6ristikko.htm\" target=\"_blank\" rel=\"noopener noreferrer\">Sanaristikko 1<\/a><\/li>\n<li><a href=\"http:\/\/tarjavirtanen.fi\/v3\/files\/AWkcbm17v6\/1sanaristikko2.htm\" target=\"_blank\" rel=\"noopener noreferrer\">Sanaristikko 2<\/a><\/li>\n<li><a href=\"http:\/\/tarjavirtanen.fi\/v3\/files\/681BtwdQ23\/7sukulaiset.htm\" target=\"_blank\" rel=\"noopener noreferrer\">Perheenj\u00e4senet<\/a><\/li>\n<li><a href=\"https:\/\/learningapps.org\/watch?v=p7i5nxfic18\" target=\"_blank\" rel=\"noopener noreferrer\">Peresanoja: der, das, die vai monikko?<\/a><\/li>\n<li><a href=\"https:\/\/learningapps.org\/watch?v=pgq5bs8k518\" target=\"_blank\" rel=\"noopener noreferrer\">Perhelauseita<\/a><\/li>\n<li><a href=\"http:\/\/www.ollieloranta.fi\/saksa\/soeinzufall_1_5-9\/kysymyssanoja.htm\" target=\"_blank\" rel=\"noopener noreferrer\">Yhdist\u00e4 kysymyssanat<\/a><\/li>\n<li><a href=\"http:\/\/users.utu.fi\/katvar\/ubungen_hotpot\/kne_werwiewas1.htm\" target=\"_blank\" rel=\"noopener noreferrer\">Yhdist\u00e4 kysymys ja vastaus (2 teht\u00e4v\u00e4\u00e4)<\/a><\/li>\n<li><a href=\"https:\/\/learningapps.org\/watch?v=poj6kfy5318\" target=\"_blank\" rel=\"noopener noreferrer\">Lis\u00e4\u00e4 kysymyssanat<\/a><\/li>\n<li><a href=\"https:\/\/learningapps.org\/watch?v=pg4u9yfat18\" target=\"_blank\" rel=\"noopener noreferrer\">Lektion 6 monisteen sanoja: der, das, die vai monikko?<\/a><\/li>\n<li><a href=\"https:\/\/learningapps.org\/watch?v=p8czsafrj18\" target=\"_blank\" rel=\"noopener noreferrer\">Mein\/e ja dein\/e<\/a><\/li>\n<li><a href=\"https:\/\/learningapps.org\/watch?v=pv1j7fsz218\" target=\"_blank\" rel=\"noopener noreferrer\">Loppupeli: Haluatko miljon\u00e4\u00e4riksi?<\/a><\/li>\n<\/ul>\n<h3><a href=\"https:\/\/blog.edu.turku.fi\/anninsaksa\/2018\/08\/10\/wiederholung-3-klasse\/\" target=\"_blank\" rel=\"noopener noreferrer\">Kertausta 3.-luokalta<\/a><\/h3>\n<h3>Freizeit und Hobbys<\/h3>\n<ul>\n<li><a href=\"https:\/\/blog.edu.turku.fi\/anninsaksa\/2017\/11\/17\/freizeit-und-hobbys\/\" target=\"_blank\" rel=\"noopener noreferrer\">Videoita: Harrastukset ja vapaa-aika<\/a><\/li>\n<li><a href=\"https:\/\/learningapps.org\/watch?v=p41dzj1tk17\" target=\"_blank\" rel=\"noopener noreferrer\">Vapaa-aika (yhdistelyteht\u00e4v\u00e4)<\/a><\/li>\n<li><a href=\"https:\/\/learningapps.org\/watch?v=pugzta60c18\" target=\"_blank\" rel=\"noopener noreferrer\">Verbin taivutus yksik\u00f6ss\u00e4 (ich, du ja er\/sie\/es)<\/a><\/li>\n<\/ul>\n<h3>Fragen &#8211; Kysymykset<\/h3>\n<ul>\n<li><a href=\"https:\/\/blog.edu.turku.fi\/anninsaksa\/2018\/01\/27\/frageworter-kysymyssanat\/\" target=\"_blank\" rel=\"noopener noreferrer\">Kysymyssanat<\/a><\/li>\n<li><a href=\"https:\/\/learningapps.org\/watch?v=ppmajw8kt18\" target=\"_blank\" rel=\"noopener noreferrer\">Kysymyslauseet<\/a><\/li>\n<\/ul>\n<h3>Verben &#8211; Verbit<\/h3>\n<ul>\n<li><a href=\"https:\/\/blog.edu.turku.fi\/anninsaksa\/2018\/10\/14\/verbin-taivutus-saannolliset-verbit\/\" target=\"_blank\" rel=\"noopener noreferrer\">Verbien taivutus: Opetusvideot ja teht\u00e4v\u00e4t<\/a><\/li>\n<li><a href=\"https:\/\/blog.edu.turku.fi\/anninsaksa\/2018\/01\/27\/starke-verben-vahvat-verbit-muutosverbit\/\" target=\"_blank\" rel=\"noopener noreferrer\">Muutosverbit<\/a><\/li>\n<\/ul>\n<h3>Berufe<\/h3>\n<ul>\n<li><a href=\"https:\/\/learningapps.org\/watch?v=p34na1dwt19\" target=\"_blank\" rel=\"noopener noreferrer\">Ammatit (6 teht\u00e4v\u00e4\u00e4)<\/a><\/li>\n<\/ul>\n<h2>Kertausta KPL 9-12<\/h2>\n<ul>\n<li><a href=\"https:\/\/learningapps.org\/watch?v=p8ogc6fm519\" target=\"_blank\" rel=\"noopener noreferrer\">Adjektiivit, vastakohtia<\/a><\/li>\n<li><a href=\"https:\/\/learningapps.org\/watch?v=pg9m2xfxj19\" target=\"_blank\" rel=\"noopener noreferrer\">Teksti (aukkoteht\u00e4v\u00e4)<\/a><\/li>\n<li><a href=\"https:\/\/learningapps.org\/watch?v=pto2kzqa519\" target=\"_blank\" rel=\"noopener noreferrer\">Lauseita (kortit)<\/a><\/li>\n<li><a href=\"https:\/\/learningapps.org\/watch?v=pqc09nh4519\" target=\"_blank\" rel=\"noopener noreferrer\">Kertausteksti (aukkoteht\u00e4v\u00e4)<\/a><\/li>\n<\/ul>\n<h2>Uhrzeit &#8211; Kellonajat<\/h2>\n<p><a href=\"https:\/\/blog.edu.turku.fi\/anninsaksa\/2017\/11\/17\/kellonajat-tehtavia\/\" target=\"_blank\" rel=\"noopener noreferrer\">Teht\u00e4vi\u00e4 kellonajoista<\/a><\/p>\n<h2>Mein Tag: P\u00e4iv\u00e4n toimet<\/h2>\n<ul>\n<li><a href=\"https:\/\/blog.edu.turku.fi\/anninsaksa\/2019\/05\/20\/mein-tag\/\">Teht\u00e4vi\u00e4 p\u00e4iv\u00e4n toimista kertomiseen<\/a><\/li>\n<\/ul>\n<h2>Kertausta<\/h2>\n<ul>\n<li><a href=\"https:\/\/pollylingu.al\/de\/en\/lessons\/880#\">Kertaus: Perheenj\u00e4senet<\/a><\/li>\n<li><a href=\"http:\/\/www.ollieloranta.fi\/saksa\/soeinzufall_1_5-9\/haben.htm\">Kertaus: &#8221;haben&#8221; <\/a><\/li>\n<li><a href=\"http:\/\/www.ollieloranta.fi\/saksa\/soeinzufall_1_5-9\/verbiristikko.htm\">Kertaus: verbej\u00e4<\/a><\/li>\n<li><a href=\"http:\/\/www.ollieloranta.fi\/saksa\/soeinzufall_1_5-9\/singen.htm\">Kertaus: verbin taivutus<\/a><\/li>\n<li><\/li>\n<li><a href=\"http:\/\/www.ollieloranta.fi\/saksa\/soeinzufall_1_5-9\/huoneet.htm\">Osaatko? (huoneet)<\/a><\/li>\n<li><a href=\"http:\/\/www.ollieloranta.fi\/saksa\/soeinzufall_1_5-9\/kysymyssanoja.htm\">Osaatko? (kysymyssanat)<\/a><\/li>\n<li><a href=\"http:\/\/www.ollieloranta.fi\/saksa\/soeinzufall_1_5-9\/kysymys_1.htm\">Osaatko? (kysymyslauseet)<\/a> TEE KAIKKI TEHT\u00c4V\u00c4T 1-7<\/li>\n<li><a href=\"http:\/\/www.ollieloranta.fi\/saksa\/soeinzufall_1_5-9\/aukkotehtava_1.htm\">Osaatko? (kappaleen sis\u00e4lt\u00f6)<\/a><\/li>\n<\/ul>\n<h1>Lektion 10<\/h1>\n<ul>\n<li><a href=\"http:\/\/tarjavirtanen.fi\/v3\/files\/Wz423DC73k\/10teksti.htm\" target=\"_blank\" rel=\"noopener noreferrer\">Kappaleen sanastoa<\/a><\/li>\n<li><a href=\"http:\/\/tarjavirtanen.fi\/v3\/files\/C5u7ot1iQu\/10sanonnat.htm\" target=\"_blank\" rel=\"noopener noreferrer\">Sanontoja<\/a><\/li>\n<li><a href=\"http:\/\/tarjavirtanen.fi\/v3\/files\/L3aiS6q6aF\/10werdenyhdista.htm\" target=\"_blank\" rel=\"noopener noreferrer\">Werden -harjoitus 1<\/a><\/li>\n<li><a href=\"http:\/\/tarjavirtanen.fi\/v3\/files\/2uro2LF7ef\/10werden.htm\" target=\"_blank\" rel=\"noopener noreferrer\">Werden -harjoitus 2<\/a><\/li>\n<li><a href=\"https:\/\/quizlet.com\/88505308\/so-ein-zufall-1-lektion-10-flash-cards\/\" target=\"_blank\" rel=\"noopener noreferrer\">Quizlet kappaleen sanoista<\/a><\/li>\n<\/ul>\n<h2>Lektion 11<\/h2>\n<ul>\n<li><a href=\"https:\/\/blog.edu.turku.fi\/anninsaksa\/2017\/10\/09\/wollen-verbin-taivutus\/\" target=\"_blank\" rel=\"noopener noreferrer\">Wollen -verbin taivutus<\/a><\/li>\n<li><a href=\"https:\/\/blog.edu.turku.fi\/anninsaksa\/2017\/10\/09\/essen-verbin-taivutus\/\" target=\"_blank\" rel=\"noopener noreferrer\">Essen -verbin taivutus<\/a><\/li>\n<li><a href=\"http:\/\/LearningApps.org\/watch?v=psthy5art17\" target=\"_blank\" rel=\"noopener noreferrer\">Lektion 11 &#8211; \u00dcbung 1<\/a><\/li>\n<li><a href=\"http:\/\/LearningApps.org\/watch?v=p3ii8igac17\" target=\"_blank\" rel=\"noopener noreferrer\">Lektion 11 &#8211; \u00dcbung 2<\/a><\/li>\n<\/ul>\n<h2>Lektion 12<\/h2>\n<ul>\n<li><a href=\"http:\/\/tarjavirtanen.fi\/v3\/files\/8545EHFHTK\/12teksti.htm\" target=\"_blank\" rel=\"noopener noreferrer\">Sanasto <\/a><\/li>\n<li><a href=\"http:\/\/tarjavirtanen.fi\/v3\/files\/oQ85nuXE7q\/12adjektiivit.htm\" target=\"_blank\" rel=\"noopener noreferrer\">Adjektiivit 1\u00a0<\/a><\/li>\n<li><a href=\"http:\/\/tarjavirtanen.fi\/v3\/files\/2DLjr4uqob\/12adjektiivit2.htm\" target=\"_blank\" rel=\"noopener noreferrer\">Adjektiivit 2<\/a><\/li>\n<li><a href=\"http:\/\/tarjavirtanen.fi\/v3\/files\/8zN48wegDJ\/12prep.htm\">Prepositiot 1<\/a><\/li>\n<li><a href=\"http:\/\/tarjavirtanen.fi\/v3\/files\/6TPdi1C51s\/12prep2.htm\" target=\"_blank\" rel=\"noopener noreferrer\">Prepositiot 2<\/a><\/li>\n<li><a href=\"http:\/\/tarjavirtanen.fi\/v3\/files\/8tsx34Wf65\/12prep3.htm\" target=\"_blank\" rel=\"noopener noreferrer\">Prepositiot 3<\/a><\/li>\n<li><a href=\"http:\/\/tarjavirtanen.fi\/v3\/files\/23APHdYTS7\/12teksti2.htm\" target=\"_blank\" rel=\"noopener noreferrer\">Prepositiot 4<\/a><\/li>\n<li><a href=\"https:\/\/blog.edu.turku.fi\/anninsaksa\/2017\/12\/09\/wohnen-5-klasse\/\" target=\"_blank\" rel=\"noopener noreferrer\">Huonekalut<\/a><\/li>\n<\/ul>\n<h2>Lektion 13<\/h2>\n<ul>\n<li><a href=\"http:\/\/tarjavirtanen.fi\/v3\/files\/8545EHFHTK\/12teksti.htm\" target=\"_blank\" rel=\"noopener noreferrer\">Sanasto 1<\/a><\/li>\n<li><a href=\"http:\/\/tarjavirtanen.fi\/v3\/files\/8S9T39MLHu\/13teksti2.htm\" target=\"_blank\" rel=\"noopener noreferrer\">Sanasto 2<\/a><\/li>\n<li><a href=\"http:\/\/tarjavirtanen.fi\/v3\/files\/4N927i5fiK\/13ostospaikat.htm\" target=\"_blank\" rel=\"noopener noreferrer\">Ostospaikat<\/a><\/li>\n<li><a href=\"http:\/\/tarjavirtanen.fi\/v3\/files\/8o6Cf96zkJ\/13kaupat.htm\" target=\"_blank\" rel=\"noopener noreferrer\">Mist\u00e4 ostetaan mit\u00e4kin?<\/a><\/li>\n<li><a href=\"https:\/\/blog.edu.turku.fi\/anninsaksa\/2017\/12\/09\/einkaufen-5-klasse\/\" target=\"_blank\" rel=\"noopener noreferrer\">Ostoksilla<\/a><\/li>\n<\/ul>\n<h2>Lektion 14<\/h2>\n<ul>\n<li><a href=\"https:\/\/blog.edu.turku.fi\/anninsaksa\/2018\/01\/30\/schulfacher-kouluaineet\/\">Schulf\u00e4cher<\/a><\/li>\n<li><a href=\"https:\/\/blog.edu.turku.fi\/anninsaksa\/2017\/07\/29\/franziska-erzahlt-uber-die-schule\/\">Schulsachen<\/a><\/li>\n<\/ul>\n<h2>Lektion 15<\/h2>\n<p><a href=\"https:\/\/blog.edu.turku.fi\/anninsaksa\/2018\/01\/30\/korperteile-ruumiinosat\/\">K\u00f6rperteile<\/a><\/p>\n","protected":false},"excerpt":{"rendered":"<p>Lektion 1 Kuuntelu: Tervehdykset. Osaatko 1:Tervehdykset Osaatko 2: Tervehdykset Ristikko: Tervehdykset Osaatko: Rakennukset Ristikko 1: Rakennukset Ristikko 2: Rakennukset Tee lauseita: (Kappaleen sanat) Ristikko: (Kappaleen sanat) Lektion 2 Kolme verbiteht\u00e4v\u00e4\u00e4 Kaikki kappaleen verbit Ristikko 1 Ristikko 2 Verbien &#8221;ich&#8221; -muodot Verbien &#8221;du&#8221; -muodot Rakenna kappaleen lauseita. Video: Ich &#8230; gern Harrastuksia videolla 1 Harrastuksia videolla [&hellip;]<\/p>\n","protected":false},"author":204,"featured_media":0,"parent":0,"menu_order":0,"comment_status":"closed","ping_status":"open","template":"","meta":{"footnotes":""},"class_list":["post-2","page","type-page","status-publish","hentry"],"_links":{"self":[{"href":"https:\/\/blog.edu.turku.fi\/anninsaksa\/wp-json\/wp\/v2\/pages\/2","targetHints":{"allow":["GET"]}}],"collection":[{"href":"https:\/\/blog.edu.turku.fi\/anninsaksa\/wp-json\/wp\/v2\/pages"}],"about":[{"href":"https:\/\/blog.edu.turku.fi\/anninsaksa\/wp-json\/wp\/v2\/types\/page"}],"author":[{"embeddable":true,"href":"https:\/\/blog.edu.turku.fi\/anninsaksa\/wp-json\/wp\/v2\/users\/204"}],"replies":[{"embeddable":true,"href":"https:\/\/blog.edu.turku.fi\/anninsaksa\/wp-json\/wp\/v2\/comments?post=2"}],"version-history":[{"count":23,"href":"https:\/\/blog.edu.turku.fi\/anninsaksa\/wp-json\/wp\/v2\/pages\/2\/revisions"}],"predecessor-version":[{"id":596,"href":"https:\/\/blog.edu.turku.fi\/anninsaksa\/wp-json\/wp\/v2\/pages\/2\/revisions\/596"}],"wp:attachment":[{"href":"https:\/\/blog.edu.turku.fi\/anninsaksa\/wp-json\/wp\/v2\/media?parent=2"}],"curies":[{"name":"wp","href":"https:\/\/api.w.org\/{rel}","templated":true}]}}