{"id":95,"date":"2026-02-18T10:23:42","date_gmt":"2026-02-18T08:23:42","guid":{"rendered":"https:\/\/blog.edu.turku.fi\/allu\/?page_id=95"},"modified":"2026-03-26T07:09:10","modified_gmt":"2026-03-26T05:09:10","slug":"lukuteoria","status":"publish","type":"page","link":"https:\/\/blog.edu.turku.fi\/allu\/sivu-1\/lukuteoria\/","title":{"rendered":"Lukuteoria"},"content":{"rendered":"\n<div class=\"wp-block-buttons is-layout-flex wp-block-buttons-is-layout-flex\">\n<div class=\"wp-block-button\"><a class=\"wp-block-button__link has-black-color has-text-color has-background has-link-color wp-element-button\" href=\"https:\/\/blog.edu.turku.fi\/allu\/sivu-1\/\" style=\"background-color:#d6d6ff\">Palaa takaisin<\/a><\/div>\n<\/div>\n\n\n\n<div style=\"height:43px\" aria-hidden=\"true\" class=\"wp-block-spacer\"><\/div>\n\n\n\n<h2 class=\"wp-block-heading has-text-color has-link-color wp-elements-50edb1e1bbe4eef20a8a47d45b5b2cc0\" style=\"color:#4e56b1\"><strong>Lukuteoria<\/strong><\/h2>\n\n\n\n<div style=\"height:43px\" aria-hidden=\"true\" class=\"wp-block-spacer\"><\/div>\n\n\n\n<p class=\"has-text-color has-link-color wp-elements-5add9764166dbb1ee7b391e507364a07\" style=\"color:#4e56b1\"><strong>Alla olevasta valikosta voit valita, mit\u00e4 lukuteorian teht\u00e4vi\u00e4 haluat tehd\u00e4:<\/strong><\/p>\n\n\n\n<div class=\"wp-block-buttons is-layout-flex wp-block-buttons-is-layout-flex\">\n<div class=\"wp-block-button has-custom-width wp-block-button__width-100\"><a class=\"wp-block-button__link has-black-color has-text-color has-background has-link-color has-medium-font-size has-custom-font-size wp-element-button\" href=\"https:\/\/blog.edu.turku.fi\/allu\/sivu-1\/lukuteoria\/alkuluvut\/\" style=\"background-color:#d6d6ff\">Alkuluvut<\/a><\/div>\n\n\n\n<div class=\"wp-block-button has-custom-width wp-block-button__width-100\"><a class=\"wp-block-button__link has-black-color has-text-color has-background has-link-color has-medium-font-size has-custom-font-size wp-element-button\" href=\"https:\/\/blog.edu.turku.fi\/allu\/sivu-1\/lukuteoria\/jaollisuus-ja-jakoyhtalo\/\" style=\"background-color:#d6d6ff\">Jaollisuus ja jakoyht\u00e4l\u00f6t<\/a><\/div>\n\n\n\n<div class=\"wp-block-button has-custom-width wp-block-button__width-100\"><a class=\"wp-block-button__link has-black-color has-text-color has-background has-link-color has-medium-font-size has-custom-font-size wp-element-button\" href=\"https:\/\/blog.edu.turku.fi\/allu\/sivu-1\/lukuteoria\/syt\/\" style=\"background-color:#d6d6ff\">Eukleideen algoritmi<\/a><\/div>\n\n\n\n<div class=\"wp-block-button has-custom-width wp-block-button__width-100\"><a class=\"wp-block-button__link has-black-color has-text-color has-background has-link-color has-medium-font-size has-custom-font-size wp-element-button\" href=\"https:\/\/blog.edu.turku.fi\/allu\/sivu-1\/lukuteoria\/kongruenssi\/\" style=\"background-color:#d6d6ff\">Kongruenssi<\/a><\/div>\n<\/div>\n\n\n\n<p><\/p>\n","protected":false},"excerpt":{"rendered":"<p>Lukuteoria Alla olevasta valikosta voit valita, mit\u00e4 lukuteorian teht\u00e4vi\u00e4 haluat tehd\u00e4:<\/p>\n","protected":false},"author":3745,"featured_media":0,"parent":4,"menu_order":0,"comment_status":"closed","ping_status":"closed","template":"","meta":{"footnotes":""},"class_list":["post-95","page","type-page","status-publish","hentry"],"_links":{"self":[{"href":"https:\/\/blog.edu.turku.fi\/allu\/wp-json\/wp\/v2\/pages\/95","targetHints":{"allow":["GET"]}}],"collection":[{"href":"https:\/\/blog.edu.turku.fi\/allu\/wp-json\/wp\/v2\/pages"}],"about":[{"href":"https:\/\/blog.edu.turku.fi\/allu\/wp-json\/wp\/v2\/types\/page"}],"author":[{"embeddable":true,"href":"https:\/\/blog.edu.turku.fi\/allu\/wp-json\/wp\/v2\/users\/3745"}],"replies":[{"embeddable":true,"href":"https:\/\/blog.edu.turku.fi\/allu\/wp-json\/wp\/v2\/comments?post=95"}],"version-history":[{"count":10,"href":"https:\/\/blog.edu.turku.fi\/allu\/wp-json\/wp\/v2\/pages\/95\/revisions"}],"predecessor-version":[{"id":2524,"href":"https:\/\/blog.edu.turku.fi\/allu\/wp-json\/wp\/v2\/pages\/95\/revisions\/2524"}],"up":[{"embeddable":true,"href":"https:\/\/blog.edu.turku.fi\/allu\/wp-json\/wp\/v2\/pages\/4"}],"wp:attachment":[{"href":"https:\/\/blog.edu.turku.fi\/allu\/wp-json\/wp\/v2\/media?parent=95"}],"curies":[{"name":"wp","href":"https:\/\/api.w.org\/{rel}","templated":true}]}}