{"id":60,"date":"2026-02-18T10:02:47","date_gmt":"2026-02-18T08:02:47","guid":{"rendered":"https:\/\/blog.edu.turku.fi\/allu\/?page_id=60"},"modified":"2026-02-18T10:02:48","modified_gmt":"2026-02-18T08:02:48","slug":"tekoalyn-kaytto","status":"publish","type":"page","link":"https:\/\/blog.edu.turku.fi\/allu\/tekoalyn-kaytto\/","title":{"rendered":"Teko\u00e4lyn k\u00e4ytt\u00f6"},"content":{"rendered":"","protected":false},"excerpt":{"rendered":"","protected":false},"author":3429,"featured_media":0,"parent":0,"menu_order":0,"comment_status":"closed","ping_status":"closed","template":"","meta":{"footnotes":""},"class_list":["post-60","page","type-page","status-publish","hentry"],"_links":{"self":[{"href":"https:\/\/blog.edu.turku.fi\/allu\/wp-json\/wp\/v2\/pages\/60","targetHints":{"allow":["GET"]}}],"collection":[{"href":"https:\/\/blog.edu.turku.fi\/allu\/wp-json\/wp\/v2\/pages"}],"about":[{"href":"https:\/\/blog.edu.turku.fi\/allu\/wp-json\/wp\/v2\/types\/page"}],"author":[{"embeddable":true,"href":"https:\/\/blog.edu.turku.fi\/allu\/wp-json\/wp\/v2\/users\/3429"}],"replies":[{"embeddable":true,"href":"https:\/\/blog.edu.turku.fi\/allu\/wp-json\/wp\/v2\/comments?post=60"}],"version-history":[{"count":2,"href":"https:\/\/blog.edu.turku.fi\/allu\/wp-json\/wp\/v2\/pages\/60\/revisions"}],"predecessor-version":[{"id":88,"href":"https:\/\/blog.edu.turku.fi\/allu\/wp-json\/wp\/v2\/pages\/60\/revisions\/88"}],"wp:attachment":[{"href":"https:\/\/blog.edu.turku.fi\/allu\/wp-json\/wp\/v2\/media?parent=60"}],"curies":[{"name":"wp","href":"https:\/\/api.w.org\/{rel}","templated":true}]}}