{"id":384,"date":"2026-02-24T14:48:15","date_gmt":"2026-02-24T12:48:15","guid":{"rendered":"https:\/\/blog.edu.turku.fi\/allu\/?page_id=384"},"modified":"2026-04-10T10:58:41","modified_gmt":"2026-04-10T07:58:41","slug":"vuokaaviot_helpot","status":"publish","type":"page","link":"https:\/\/blog.edu.turku.fi\/allu\/sivu-1\/algoritmit\/vuokaaviot\/vuokaaviot_helpot\/","title":{"rendered":"Vuokaaviot_helpot"},"content":{"rendered":"\n<div class=\"wp-block-buttons is-layout-flex wp-block-buttons-is-layout-flex\">\n<div class=\"wp-block-button\"><a class=\"wp-block-button__link has-black-color has-text-color has-background has-link-color wp-element-button\" href=\"https:\/\/blog.edu.turku.fi\/allu\/sivu-1\/algoritmit\/vuokaaviot\/\" style=\"background-color:#e6f3b7\">Palaa takaisin<\/a><\/div>\n<\/div>\n\n\n\n<div style=\"height:43px\" aria-hidden=\"true\" class=\"wp-block-spacer\"><\/div>\n\n\n\n<h2 class=\"wp-block-heading\">Vuokaaviot \u2013 helpot teht\u00e4v\u00e4t<\/h2>\n\n\n\n<div style=\"height:40px\" aria-hidden=\"true\" class=\"wp-block-spacer\"><\/div>\n\n\n\n<p class=\"has-black-color has-text-color has-link-color has-medium-font-size wp-elements-2f7eb9ad207412bdf76f0949d2fa1302\"><strong>Teht\u00e4v\u00e4 1<\/strong><\/p>\n\n\n\n<h3 class=\"wp-block-heading\" style=\"font-size:18px\"><strong>a)<\/strong> Tee vuokaavio triathlonista. Kuvaa prosessia j\u00e4rjestyksess\u00e4: ui, py\u00f6r\u00e4ile ja juokse.<\/h3>\n\n\n\n<div data-wp-context=\"{ &quot;autoclose&quot;: false, &quot;accordionItems&quot;: [] }\" data-wp-interactive=\"core\/accordion\" role=\"group\" class=\"wp-block-accordion is-layout-flow wp-block-accordion-is-layout-flow\">\n<div data-wp-class--is-open=\"state.isOpen\" data-wp-context=\"{ &quot;id&quot;: &quot;accordion-item-1&quot;, &quot;openByDefault&quot;: false }\" data-wp-init=\"callbacks.initAccordionItems\" data-wp-on-window--hashchange=\"callbacks.hashChange\" class=\"wp-block-accordion-item is-layout-flow wp-block-accordion-item-is-layout-flow\">\n<h3 class=\"wp-block-accordion-heading has-background has-medium-font-size\" style=\"background-color:#e6f3b7\"><button aria-expanded=\"false\" aria-controls=\"accordion-item-1-panel\" data-wp-bind--aria-expanded=\"state.isOpen\" data-wp-on--click=\"actions.toggle\" data-wp-on--keydown=\"actions.handleKeyDown\" id=\"accordion-item-1\" type=\"button\" class=\"wp-block-accordion-heading__toggle\"><span class=\"wp-block-accordion-heading__toggle-title\">Vastaus<\/span><span class=\"wp-block-accordion-heading__toggle-icon\" aria-hidden=\"true\">+<\/span><\/button><\/h3>\n\n\n\n<div inert aria-labelledby=\"accordion-item-1\" data-wp-bind--inert=\"!state.isOpen\" id=\"accordion-item-1-panel\" role=\"region\" class=\"wp-block-accordion-panel is-layout-flow wp-block-accordion-panel-is-layout-flow\">\n<figure class=\"wp-block-image alignleft size-full is-resized\"><img loading=\"lazy\" decoding=\"async\" width=\"359\" height=\"616\" src=\"https:\/\/blog.edu.turku.fi\/allu\/files\/2026\/03\/image-9.png\" alt=\"Aloitus (Aloitus)\n\u2192 Prosessi (Ui)\n\u2192 Prosessi (Py\u00f6r\u00e4ile)\n\u2192 Prosessi (Juokse)\n\u2192 Lopetus (Lopetus)\" class=\"wp-image-1144\" style=\"aspect-ratio:0.5827816249397559;width:300px;height:auto\" srcset=\"https:\/\/blog.edu.turku.fi\/allu\/files\/2026\/03\/image-9.png 359w, https:\/\/blog.edu.turku.fi\/allu\/files\/2026\/03\/image-9-175x300.png 175w\" sizes=\"auto, (max-width: 359px) 100vw, 359px\" \/><\/figure>\n<\/div>\n<\/div>\n<\/div>\n\n\n\n<div style=\"height:40px\" aria-hidden=\"true\" class=\"wp-block-spacer\"><\/div>\n\n\n\n<h3 class=\"wp-block-heading\" style=\"font-size:18px\"><strong>b)<\/strong> Uinnin j\u00e4lkeen kilpailijaa py\u00f6rrytt\u00e4\u00e4 ja haluaa lopettaa. Lis\u00e4\u00e4 t\u00e4m\u00e4 mahdollisuus vuokaavioon.<\/h3>\n\n\n\n<div data-wp-context=\"{ &quot;autoclose&quot;: false, &quot;accordionItems&quot;: [] }\" data-wp-interactive=\"core\/accordion\" role=\"group\" class=\"wp-block-accordion is-layout-flow wp-block-accordion-is-layout-flow\">\n<div data-wp-class--is-open=\"state.isOpen\" data-wp-context=\"{ &quot;id&quot;: &quot;accordion-item-2&quot;, &quot;openByDefault&quot;: false }\" data-wp-init=\"callbacks.initAccordionItems\" data-wp-on-window--hashchange=\"callbacks.hashChange\" class=\"wp-block-accordion-item is-layout-flow wp-block-accordion-item-is-layout-flow\">\n<h3 class=\"wp-block-accordion-heading has-background has-medium-font-size\" style=\"background-color:#e6f3b7\"><button aria-expanded=\"false\" aria-controls=\"accordion-item-2-panel\" data-wp-bind--aria-expanded=\"state.isOpen\" data-wp-on--click=\"actions.toggle\" data-wp-on--keydown=\"actions.handleKeyDown\" id=\"accordion-item-2\" type=\"button\" class=\"wp-block-accordion-heading__toggle\"><span class=\"wp-block-accordion-heading__toggle-title\">Vastaus<\/span><span class=\"wp-block-accordion-heading__toggle-icon\" aria-hidden=\"true\">+<\/span><\/button><\/h3>\n\n\n\n<div inert aria-labelledby=\"accordion-item-2\" data-wp-bind--inert=\"!state.isOpen\" id=\"accordion-item-2-panel\" role=\"region\" class=\"wp-block-accordion-panel is-layout-flow wp-block-accordion-panel-is-layout-flow\">\n<figure class=\"wp-block-image alignleft size-full is-resized\"><img loading=\"lazy\" decoding=\"async\" width=\"384\" height=\"732\" src=\"https:\/\/blog.edu.turku.fi\/allu\/files\/2026\/03\/image-10.png\" alt=\"Aloitus (Aloitus)\n\u2192 Prosessi (Ui)\n\u2192 Valinta (Py\u00f6rrytt\u00e4\u00e4k\u00f6?)\n\u2022 Kyll\u00e4 \u2192 Palaa prosessiin (Ui)\n\u2022 Ei \u2192 Prosessi (Py\u00f6r\u00e4ile)\n\u2192 Prosessi (Juokse)\n\u2192 Lopetus (Lopetus)\" class=\"wp-image-1145\" style=\"aspect-ratio:0.5245800157961023;width:310px;height:auto\" srcset=\"https:\/\/blog.edu.turku.fi\/allu\/files\/2026\/03\/image-10.png 384w, https:\/\/blog.edu.turku.fi\/allu\/files\/2026\/03\/image-10-157x300.png 157w\" sizes=\"auto, (max-width: 384px) 100vw, 384px\" \/><\/figure>\n<\/div>\n<\/div>\n<\/div>\n\n\n\n<div style=\"height:40px\" aria-hidden=\"true\" class=\"wp-block-spacer\"><\/div>\n\n\n\n<h3 class=\"wp-block-heading\" style=\"font-size:18px;line-height:1.5\"><strong>c)<\/strong> Vaihdetaan vuokaavion kuvastamaan ohjelmaa, joka kuvastaa kilpailijan suoritusta. Ennen kilpailua sy\u00f6tet\u00e4\u00e4n kilpailijan nimi. Kun kilpailija on saapunut maaliin, tulostetaan kilpailijan nimi.<\/h3>\n\n\n\n<p>Voit k\u00e4ytt\u00e4\u00e4 pohjana teht\u00e4v\u00e4sarjan ensimm\u00e4ist\u00e4 teht\u00e4v\u00e4\u00e4. Hy\u00f6dynn\u00e4 Drawiossa kumoa\u2011toimintoa (Ctrl+Z), jos olet rakentanut edellisen teht\u00e4v\u00e4n p\u00e4\u00e4lle.<\/p>\n\n\n\n<div data-wp-context=\"{ &quot;autoclose&quot;: false, &quot;accordionItems&quot;: [] }\" data-wp-interactive=\"core\/accordion\" role=\"group\" class=\"wp-block-accordion is-layout-flow wp-block-accordion-is-layout-flow\">\n<div data-wp-class--is-open=\"state.isOpen\" data-wp-context=\"{ &quot;id&quot;: &quot;accordion-item-3&quot;, &quot;openByDefault&quot;: false }\" data-wp-init=\"callbacks.initAccordionItems\" data-wp-on-window--hashchange=\"callbacks.hashChange\" class=\"wp-block-accordion-item is-layout-flow wp-block-accordion-item-is-layout-flow\">\n<h3 class=\"wp-block-accordion-heading has-background has-medium-font-size\" style=\"background-color:#e6f3b7\"><button aria-expanded=\"false\" aria-controls=\"accordion-item-3-panel\" data-wp-bind--aria-expanded=\"state.isOpen\" data-wp-on--click=\"actions.toggle\" data-wp-on--keydown=\"actions.handleKeyDown\" id=\"accordion-item-3\" type=\"button\" class=\"wp-block-accordion-heading__toggle\"><span class=\"wp-block-accordion-heading__toggle-title\">Vastaus<\/span><span class=\"wp-block-accordion-heading__toggle-icon\" aria-hidden=\"true\">+<\/span><\/button><\/h3>\n\n\n\n<div inert aria-labelledby=\"accordion-item-3\" data-wp-bind--inert=\"!state.isOpen\" id=\"accordion-item-3-panel\" role=\"region\" class=\"wp-block-accordion-panel is-layout-flow wp-block-accordion-panel-is-layout-flow\">\n<p class=\"has-black-color has-text-color has-link-color wp-elements-998eb7290ceaa15db608effcd73de171\" style=\"font-size:16px\"><\/p>\n\n\n\n<div class=\"wp-block-group is-layout-constrained wp-block-group-is-layout-constrained\">\n<div class=\"wp-block-group is-vertical is-layout-flex wp-container-core-group-is-layout-fe9cc265 wp-block-group-is-layout-flex\">\n<figure class=\"wp-block-image size-full is-resized\"><img loading=\"lazy\" decoding=\"async\" width=\"256\" height=\"619\" src=\"https:\/\/blog.edu.turku.fi\/allu\/files\/2026\/03\/B4C6D037-A278-4975-A608-B263E0E1514E-1.png\" alt=\"Aloitus (Aloitus)\n\u2192 Sy\u00f6te  (Sy\u00f6t\u00e4 nimesi)\n\u2192 Prosessi (Ui)\n\u2192 Prosessi (Py\u00f6r\u00e4ile)\n\u2192 Prosessi (Juokse)\n\u2192 Tuloste (Tulosta nimi)\n\u2192 Lopetus (Lopetus)\" class=\"wp-image-1153\" style=\"aspect-ratio:0.41356392153255295;width:243px;height:auto\" srcset=\"https:\/\/blog.edu.turku.fi\/allu\/files\/2026\/03\/B4C6D037-A278-4975-A608-B263E0E1514E-1.png 256w, https:\/\/blog.edu.turku.fi\/allu\/files\/2026\/03\/B4C6D037-A278-4975-A608-B263E0E1514E-1-124x300.png 124w\" sizes=\"auto, (max-width: 256px) 100vw, 256px\" \/><\/figure>\n\n\n\n<p class=\"has-black-color has-text-color has-link-color wp-elements-2b0438d932513be67ab20974f9815bf4\" style=\"font-size:16px\">K\u00e4yt\u00e4th\u00e4n sy\u00f6te\u2011\/tulostesymbolia, etk\u00e4 tavallista prosessisymbolia. Jos  kirjasarjassasi sy\u00f6te\u2011\/tulostesymbolia ei ole esitelty, voit k\u00e4ytt\u00e4\u00e4 prosessisymbolia.<\/p>\n\n\n\n<figure class=\"wp-block-image size-full\"><img loading=\"lazy\" decoding=\"async\" width=\"342\" height=\"146\" src=\"https:\/\/blog.edu.turku.fi\/allu\/files\/2026\/03\/B2D70E71-106F-4C30-B32C-2A0F71C044EE.png\" alt=\"\" class=\"wp-image-1150\" srcset=\"https:\/\/blog.edu.turku.fi\/allu\/files\/2026\/03\/B2D70E71-106F-4C30-B32C-2A0F71C044EE.png 342w, https:\/\/blog.edu.turku.fi\/allu\/files\/2026\/03\/B2D70E71-106F-4C30-B32C-2A0F71C044EE-300x128.png 300w\" sizes=\"auto, (max-width: 342px) 100vw, 342px\" \/><\/figure>\n\n\n\n<p><\/p>\n<\/div>\n<\/div>\n<\/div>\n<\/div>\n<\/div>\n\n\n\n<p><\/p>\n","protected":false},"excerpt":{"rendered":"<p>Vuokaaviot \u2013 helpot teht\u00e4v\u00e4t Teht\u00e4v\u00e4 1 a) Tee vuokaavio triathlonista. Kuvaa prosessia j\u00e4rjestyksess\u00e4: ui, py\u00f6r\u00e4ile ja juokse. b) Uinnin j\u00e4lkeen kilpailijaa py\u00f6rrytt\u00e4\u00e4 ja haluaa lopettaa. Lis\u00e4\u00e4 t\u00e4m\u00e4 mahdollisuus vuokaavioon. c) Vaihdetaan vuokaavion kuvastamaan ohjelmaa, joka kuvastaa kilpailijan suoritusta. Ennen kilpailua<\/p>\n","protected":false},"author":3744,"featured_media":0,"parent":358,"menu_order":0,"comment_status":"closed","ping_status":"closed","template":"","meta":{"footnotes":""},"class_list":["post-384","page","type-page","status-publish","hentry"],"_links":{"self":[{"href":"https:\/\/blog.edu.turku.fi\/allu\/wp-json\/wp\/v2\/pages\/384","targetHints":{"allow":["GET"]}}],"collection":[{"href":"https:\/\/blog.edu.turku.fi\/allu\/wp-json\/wp\/v2\/pages"}],"about":[{"href":"https:\/\/blog.edu.turku.fi\/allu\/wp-json\/wp\/v2\/types\/page"}],"author":[{"embeddable":true,"href":"https:\/\/blog.edu.turku.fi\/allu\/wp-json\/wp\/v2\/users\/3744"}],"replies":[{"embeddable":true,"href":"https:\/\/blog.edu.turku.fi\/allu\/wp-json\/wp\/v2\/comments?post=384"}],"version-history":[{"count":25,"href":"https:\/\/blog.edu.turku.fi\/allu\/wp-json\/wp\/v2\/pages\/384\/revisions"}],"predecessor-version":[{"id":3161,"href":"https:\/\/blog.edu.turku.fi\/allu\/wp-json\/wp\/v2\/pages\/384\/revisions\/3161"}],"up":[{"embeddable":true,"href":"https:\/\/blog.edu.turku.fi\/allu\/wp-json\/wp\/v2\/pages\/358"}],"wp:attachment":[{"href":"https:\/\/blog.edu.turku.fi\/allu\/wp-json\/wp\/v2\/media?parent=384"}],"curies":[{"name":"wp","href":"https:\/\/api.w.org\/{rel}","templated":true}]}}