{"id":374,"date":"2026-02-24T14:43:31","date_gmt":"2026-02-24T12:43:31","guid":{"rendered":"https:\/\/blog.edu.turku.fi\/allu\/?page_id=374"},"modified":"2026-03-24T15:21:15","modified_gmt":"2026-03-24T13:21:15","slug":"pseudokoodit_helpot","status":"publish","type":"page","link":"https:\/\/blog.edu.turku.fi\/allu\/sivu-1\/algoritmit\/pseudokoodit\/pseudokoodit_helpot\/","title":{"rendered":"Pseudokoodit_helpot"},"content":{"rendered":"\n<div style=\"height:20px\" aria-hidden=\"true\" class=\"wp-block-spacer\"><\/div>\n\n\n\n<div class=\"wp-block-buttons is-layout-flex wp-block-buttons-is-layout-flex\">\n<div class=\"wp-block-button\"><a class=\"wp-block-button__link has-black-color has-text-color has-background has-link-color wp-element-button\" href=\"https:\/\/blog.edu.turku.fi\/allu\/sivu-1\/algoritmit\/pseudokoodit\/\" style=\"background-color:#e6f3b7\">Palaa takaisin<\/a><\/div>\n<\/div>\n\n\n\n<div style=\"height:43px\" aria-hidden=\"true\" class=\"wp-block-spacer\"><\/div>\n\n\n\n<h2 class=\"wp-block-heading\">Pseudokoodi \u2013&nbsp;helpot teht\u00e4v\u00e4t<\/h2>\n\n\n\n<div style=\"height:20px\" aria-hidden=\"true\" class=\"wp-block-spacer\"><\/div>\n\n\n\n<p class=\"has-text-align-left\" style=\"font-size:16px\">Koodin vasemmalla puolella olevat numerot kuvastavat rivej\u00e4.<\/p>\n\n\n\n<div style=\"height:20px\" aria-hidden=\"true\" class=\"wp-block-spacer\"><\/div>\n\n\n\n<h3 class=\"wp-block-heading\" style=\"font-size:18px\"><strong>Teht\u00e4v\u00e41.<\/strong> Mit\u00e4 tapahtuu pseudokoodissa? Selit\u00e4 vastaus riveitt\u00e4in.<\/h3>\n\n\n\n<div class=\"wp-block-media-text is-stacked-on-mobile\" style=\"grid-template-columns:25% auto\"><figure class=\"wp-block-media-text__media\"><img loading=\"lazy\" decoding=\"async\" width=\"264\" height=\"99\" src=\"https:\/\/blog.edu.turku.fi\/allu\/files\/2026\/02\/image-5.png\" alt=\"\" class=\"wp-image-891 size-full\" \/><\/figure><div class=\"wp-block-media-text__content\">\n<p class=\"has-black-color has-text-color has-link-color wp-elements-674f7befe181ee5390a2039bc9e77a39\" style=\"font-size:16px;line-height:1.3\">1. Jakolasku(a, b)<br>2.<code>    <\/code>c = a \/ b<br>3.<code>    <\/code>palauta c<\/p>\n<\/div><\/div>\n\n\n\n<div data-wp-context=\"{ &quot;autoclose&quot;: false, &quot;accordionItems&quot;: [] }\" data-wp-interactive=\"core\/accordion\" role=\"group\" class=\"wp-block-accordion is-layout-flow wp-block-accordion-is-layout-flow\">\n<div data-wp-class--is-open=\"state.isOpen\" data-wp-context=\"{ &quot;id&quot;: &quot;accordion-item-1&quot;, &quot;openByDefault&quot;: false }\" data-wp-init=\"callbacks.initAccordionItems\" data-wp-on-window--hashchange=\"callbacks.hashChange\" class=\"wp-block-accordion-item is-layout-flow wp-block-accordion-item-is-layout-flow\">\n<h3 class=\"wp-block-accordion-heading has-background has-medium-font-size\" style=\"background-color:#e6f3b7\"><button aria-expanded=\"false\" aria-controls=\"accordion-item-1-panel\" data-wp-bind--aria-expanded=\"state.isOpen\" data-wp-on--click=\"actions.toggle\" data-wp-on--keydown=\"actions.handleKeyDown\" id=\"accordion-item-1\" type=\"button\" class=\"wp-block-accordion-heading__toggle\"><span class=\"wp-block-accordion-heading__toggle-title\">Vastaus<\/span><span class=\"wp-block-accordion-heading__toggle-icon\" aria-hidden=\"true\">+<\/span><\/button><\/h3>\n\n\n\n<div inert aria-labelledby=\"accordion-item-1\" data-wp-bind--inert=\"!state.isOpen\" id=\"accordion-item-1-panel\" role=\"region\" class=\"wp-block-accordion-panel is-layout-flow wp-block-accordion-panel-is-layout-flow\">\n<ol class=\"wp-block-list\">\n<li class=\"has-black-color has-text-color has-link-color wp-elements-8247137cf63fcb88ba8669366fb71f62\" style=\"font-size:16px;line-height:1.5\">M\u00e4\u00e4ritell\u00e4\u00e4n funktio Jakolasku, joka saa parametreiksi muuttujat a ja b. T\u00e4m\u00e4 rivi kertoo vain, ett\u00e4 funktiolle annetaan kaksi arvoa. Funktio ei viel\u00e4 tee laskutoimituksia.<\/li>\n\n\n\n<li class=\"has-black-color has-text-color has-link-color wp-elements-6761b074d8de58eeae1c678ef13d6c16\" style=\"font-size:16px;line-height:1.5\">T\u00e4ss\u00e4 suoritetaan varsinainen lasku. Muuttuja c saa arvon, joka saadaan jakamalla a muuttujalla b.<\/li>\n\n\n\n<li class=\"has-black-color has-text-color has-link-color wp-elements-974005e4ebe14ecd4f38ab6b28edf0cd\" style=\"font-size:16px;line-height:1.5\">Funktio palauttaa muuttujan c.<\/li>\n<\/ol>\n<\/div>\n<\/div>\n<\/div>\n\n\n\n<div style=\"height:43px\" aria-hidden=\"true\" class=\"wp-block-spacer\"><\/div>\n\n\n\n<h3 class=\"wp-block-heading has-black-color has-text-color has-link-color wp-elements-49c80d503d1012ba7faaf65c3b097e0c\" style=\"font-size:18px\"><strong>Teht\u00e4v\u00e4 2.<\/strong>&nbsp;&nbsp;Mit\u00e4 tapahtuu pseudokoodissa? Selit\u00e4 vastaus riveitt\u00e4in.<\/h3>\n\n\n\n<div class=\"wp-block-media-text is-stacked-on-mobile\" style=\"grid-template-columns:45% auto\"><figure class=\"wp-block-media-text__media\"><img loading=\"lazy\" decoding=\"async\" width=\"494\" height=\"194\" src=\"https:\/\/blog.edu.turku.fi\/allu\/files\/2026\/02\/image-6.png\" alt=\"\" class=\"wp-image-892 size-full\" srcset=\"https:\/\/blog.edu.turku.fi\/allu\/files\/2026\/02\/image-6.png 494w, https:\/\/blog.edu.turku.fi\/allu\/files\/2026\/02\/image-6-300x118.png 300w\" sizes=\"auto, (max-width: 494px) 100vw, 494px\" \/><\/figure><div class=\"wp-block-media-text__content\">\n<p class=\"has-black-color has-text-color has-link-color wp-elements-ef0f67a44a65254cd06fb115c32bd2a6\" style=\"font-size:16px;line-height:1.3\">1. Kasteluohjeet(kasvi):<br>2.<br>3. &nbsp; &nbsp; jos kasvi on kaktus:<br>4. &nbsp; &nbsp; &nbsp; &nbsp; &#8221;\u00c4l\u00e4 kastele usein&#8221;<br>5. &nbsp; &nbsp; muuten:<br>6. &nbsp; &nbsp; &nbsp; &nbsp; &#8221;Muista kastella kasveja&#8221;<\/p>\n<\/div><\/div>\n\n\n\n<div data-wp-context=\"{ &quot;autoclose&quot;: false, &quot;accordionItems&quot;: [] }\" data-wp-interactive=\"core\/accordion\" role=\"group\" class=\"wp-block-accordion is-layout-flow wp-block-accordion-is-layout-flow\">\n<div data-wp-class--is-open=\"state.isOpen\" data-wp-context=\"{ &quot;id&quot;: &quot;accordion-item-2&quot;, &quot;openByDefault&quot;: false }\" data-wp-init=\"callbacks.initAccordionItems\" data-wp-on-window--hashchange=\"callbacks.hashChange\" class=\"wp-block-accordion-item is-layout-flow wp-block-accordion-item-is-layout-flow\">\n<h3 class=\"wp-block-accordion-heading has-background has-medium-font-size\" style=\"background-color:#e6f3b7\"><button aria-expanded=\"false\" aria-controls=\"accordion-item-2-panel\" data-wp-bind--aria-expanded=\"state.isOpen\" data-wp-on--click=\"actions.toggle\" data-wp-on--keydown=\"actions.handleKeyDown\" id=\"accordion-item-2\" type=\"button\" class=\"wp-block-accordion-heading__toggle\"><span class=\"wp-block-accordion-heading__toggle-title\">Vastaus<\/span><span class=\"wp-block-accordion-heading__toggle-icon\" aria-hidden=\"true\">+<\/span><\/button><\/h3>\n\n\n\n<div inert aria-labelledby=\"accordion-item-2\" data-wp-bind--inert=\"!state.isOpen\" id=\"accordion-item-2-panel\" role=\"region\" class=\"wp-block-accordion-panel is-layout-flow wp-block-accordion-panel-is-layout-flow\">\n<ol class=\"wp-block-list\">\n<li class=\"has-black-color has-text-color has-link-color wp-elements-97b8d1b6d5074ef292aba339741fb380\" style=\"font-size:16px;line-height:1.5\">M\u00e4\u00e4ritell\u00e4\u00e4n funktio Kasteluohjeet, joka ottaa parametriksi muuttujan kasvi.<\/li>\n\n\n\n<li class=\"has-black-color has-text-color has-link-color wp-elements-106c5e39c9a0f58ca3a006aef1365e81\" style=\"font-size:16px;line-height:1.5\"><em>Tyhj\u00e4 rivi<\/em><\/li>\n\n\n\n<li class=\"has-black-color has-text-color has-link-color wp-elements-a182f6c40d48a283c2ddccb123f45377\" style=\"font-size:16px;line-height:1.5\">Ehtolause, jos kasvi on kaktus (eli kasvi=kaktus)<\/li>\n\n\n\n<li class=\"has-black-color has-text-color has-link-color wp-elements-f3a04d74d86243052487dece9a47c6d0\" style=\"font-size:16px;line-height:1.5\">Jos ehto toteutuu, tulostetaan merkkijonon &#8221;\u00c4l\u00e4 kastele usein&#8221;<\/li>\n\n\n\n<li class=\"has-black-color has-text-color has-link-color wp-elements-847921b338154dac201b02b115730c81\" style=\"font-size:16px;line-height:1.5\">Muuten jos ei pid\u00e4 paikkansa (eli kasvi ei ole kaktus)<\/li>\n\n\n\n<li class=\"has-black-color has-text-color has-link-color wp-elements-e57f4bcd68580437c51a2560b695cabb\" style=\"font-size:16px;line-height:1.5\">Tulostetaan merkkijono &#8221;Muista kastella kasveja&#8221;<\/li>\n<\/ol>\n<\/div>\n<\/div>\n<\/div>\n\n\n\n<div style=\"height:43px\" aria-hidden=\"true\" class=\"wp-block-spacer\"><\/div>\n\n\n\n<p><\/p>\n","protected":false},"excerpt":{"rendered":"<p>Pseudokoodi \u2013&nbsp;helpot teht\u00e4v\u00e4t Koodin vasemmalla puolella olevat numerot kuvastavat rivej\u00e4. Teht\u00e4v\u00e41. Mit\u00e4 tapahtuu pseudokoodissa? Selit\u00e4 vastaus riveitt\u00e4in. 1. Jakolasku(a, b)2. c = a \/ b3. palauta c Teht\u00e4v\u00e4 2.&nbsp;&nbsp;Mit\u00e4 tapahtuu pseudokoodissa? Selit\u00e4 vastaus riveitt\u00e4in. 1. Kasteluohjeet(kasvi):2.3. &nbsp; &nbsp; jos kasvi<\/p>\n","protected":false},"author":3744,"featured_media":0,"parent":249,"menu_order":0,"comment_status":"closed","ping_status":"closed","template":"","meta":{"footnotes":""},"class_list":["post-374","page","type-page","status-publish","hentry"],"_links":{"self":[{"href":"https:\/\/blog.edu.turku.fi\/allu\/wp-json\/wp\/v2\/pages\/374","targetHints":{"allow":["GET"]}}],"collection":[{"href":"https:\/\/blog.edu.turku.fi\/allu\/wp-json\/wp\/v2\/pages"}],"about":[{"href":"https:\/\/blog.edu.turku.fi\/allu\/wp-json\/wp\/v2\/types\/page"}],"author":[{"embeddable":true,"href":"https:\/\/blog.edu.turku.fi\/allu\/wp-json\/wp\/v2\/users\/3744"}],"replies":[{"embeddable":true,"href":"https:\/\/blog.edu.turku.fi\/allu\/wp-json\/wp\/v2\/comments?post=374"}],"version-history":[{"count":29,"href":"https:\/\/blog.edu.turku.fi\/allu\/wp-json\/wp\/v2\/pages\/374\/revisions"}],"predecessor-version":[{"id":2403,"href":"https:\/\/blog.edu.turku.fi\/allu\/wp-json\/wp\/v2\/pages\/374\/revisions\/2403"}],"up":[{"embeddable":true,"href":"https:\/\/blog.edu.turku.fi\/allu\/wp-json\/wp\/v2\/pages\/249"}],"wp:attachment":[{"href":"https:\/\/blog.edu.turku.fi\/allu\/wp-json\/wp\/v2\/media?parent=374"}],"curies":[{"name":"wp","href":"https:\/\/api.w.org\/{rel}","templated":true}]}}