{"id":368,"date":"2026-02-24T14:41:46","date_gmt":"2026-02-24T12:41:46","guid":{"rendered":"https:\/\/blog.edu.turku.fi\/allu\/?page_id=368"},"modified":"2026-04-10T12:26:57","modified_gmt":"2026-04-10T09:26:57","slug":"yhtalon-numeerinen-ratkaiseminen","status":"publish","type":"page","link":"https:\/\/blog.edu.turku.fi\/allu\/sivu-1\/algoritmit\/yhtalon-numeerinen-ratkaiseminen\/","title":{"rendered":"Yht\u00e4l\u00f6n numeerinen ratkaiseminen"},"content":{"rendered":"\n<div class=\"wp-block-buttons is-layout-flex wp-block-buttons-is-layout-flex\">\n<div class=\"wp-block-button\"><a class=\"wp-block-button__link has-black-color has-text-color has-background has-link-color wp-element-button\" href=\"https:\/\/blog.edu.turku.fi\/allu\/sivu-1\/algoritmit\" style=\"background-color:#d6d6ff\">Palaa takaisin<\/a><\/div>\n<\/div>\n\n\n\n<div style=\"height:43px\" aria-hidden=\"true\" class=\"wp-block-spacer\"><\/div>\n\n\n<h2 class=\"wp-block-post-title\">Yht\u00e4l\u00f6n numeerinen ratkaiseminen<\/h2>\n\n\n<div style=\"height:20px\" aria-hidden=\"true\" class=\"wp-block-spacer\"><\/div>\n\n\n\n<p style=\"font-size:16px\">MAA6 kurssilla k\u00e4yd\u00e4\u00e4n puolitusmenetelm\u00e4 ja Newtonin menetelm\u00e4. T\u00e4ll\u00e4 kurssilla esitell\u00e4\u00e4n my\u00f6s kiintopistemenetelm\u00e4.<\/p>\n\n\n\n<div data-wp-interactive=\"core\/file\" class=\"wp-block-file has-link-color wp-elements-03b4ccd3702e1929e1d511cc8a1b3b05\"><object data-wp-bind--hidden=\"!state.hasPdfPreview\" hidden class=\"wp-block-file__embed\" data=\"https:\/\/blog.edu.turku.fi\/allu\/files\/2026\/04\/Yhtalon_numeerinen_ratkaiseminen.pdf\" type=\"application\/pdf\" style=\"width:100%;height:600px\" aria-label=\"Tiedoston Yht\u00e4l\u00f6n_numeerinen_ratkaiseminen upotus.\"><\/object><a id=\"wp-block-file--media-b72f99e6-11af-4964-a67b-e2e6b0f2f918\" href=\"https:\/\/blog.edu.turku.fi\/allu\/files\/2026\/04\/Yhtalon_numeerinen_ratkaiseminen.pdf\">Yht\u00e4l\u00f6n_numeerinen_ratkaiseminen<\/a><a href=\"https:\/\/blog.edu.turku.fi\/allu\/files\/2026\/04\/Yhtalon_numeerinen_ratkaiseminen.pdf\" class=\"wp-block-file__button wp-element-button\" download aria-describedby=\"wp-block-file--media-b72f99e6-11af-4964-a67b-e2e6b0f2f918\">Lataa<\/a><\/div>\n\n\n\n<div style=\"height:43px\" aria-hidden=\"true\" class=\"wp-block-spacer\"><\/div>\n\n\n\n<div data-wp-context=\"{ &quot;autoclose&quot;: false, &quot;accordionItems&quot;: [] }\" data-wp-interactive=\"core\/accordion\" role=\"group\" class=\"wp-block-accordion is-layout-flow wp-block-accordion-is-layout-flow\">\n<div data-wp-class--is-open=\"state.isOpen\" data-wp-context=\"{ &quot;id&quot;: &quot;accordion-item-1&quot;, &quot;openByDefault&quot;: false }\" data-wp-init=\"callbacks.initAccordionItems\" data-wp-on-window--hashchange=\"callbacks.hashChange\" class=\"wp-block-accordion-item is-layout-flow wp-block-accordion-item-is-layout-flow\">\n<h3 class=\"wp-block-accordion-heading has-background has-medium-font-size\" style=\"background-color:#d6d6ff\"><button aria-expanded=\"false\" aria-controls=\"accordion-item-1-panel\" data-wp-bind--aria-expanded=\"state.isOpen\" data-wp-on--click=\"actions.toggle\" data-wp-on--keydown=\"actions.handleKeyDown\" id=\"accordion-item-1\" type=\"button\" class=\"wp-block-accordion-heading__toggle\"><span class=\"wp-block-accordion-heading__toggle-title\">Taulukot<\/span><span class=\"wp-block-accordion-heading__toggle-icon\" aria-hidden=\"true\">+<\/span><\/button><\/h3>\n\n\n\n<div inert aria-labelledby=\"accordion-item-1\" data-wp-bind--inert=\"!state.isOpen\" id=\"accordion-item-1-panel\" role=\"region\" class=\"wp-block-accordion-panel is-layout-flow wp-block-accordion-panel-is-layout-flow\">\n<div class=\"wp-block-file has-link-color wp-elements-18dcb31b71835534e55031faf7c58187\"><a id=\"wp-block-file--media-0cd32ca4-7a26-4497-a03e-aaf8c2a18929\" href=\"https:\/\/blog.edu.turku.fi\/allu\/files\/2026\/04\/puolitusmenetelma_taulukko.ods\">puolitus_taulukko<\/a><a href=\"https:\/\/blog.edu.turku.fi\/allu\/files\/2026\/04\/puolitusmenetelma_taulukko.ods\" class=\"wp-block-file__button wp-element-button\" download aria-describedby=\"wp-block-file--media-0cd32ca4-7a26-4497-a03e-aaf8c2a18929\">Lataa<\/a><\/div>\n\n\n\n<div class=\"wp-block-file has-link-color wp-elements-fd6e10161a68a653036d1c1aec7352bc\"><a id=\"wp-block-file--media-f2a79312-ffaf-441b-ac47-9cb1224039ed\" href=\"https:\/\/blog.edu.turku.fi\/allu\/files\/2026\/04\/newton_taulukko.ods\">newtonin_taulukko<\/a><a href=\"https:\/\/blog.edu.turku.fi\/allu\/files\/2026\/04\/newton_taulukko.ods\" class=\"wp-block-file__button wp-element-button\" download aria-describedby=\"wp-block-file--media-f2a79312-ffaf-441b-ac47-9cb1224039ed\">Lataa<\/a><\/div>\n\n\n\n<div class=\"wp-block-file has-link-color wp-elements-a07e53402960f2611db787aebd1c2d73\"><a id=\"wp-block-file--media-38dc003c-0054-4e89-bee2-2d52c4a5e502\" href=\"https:\/\/blog.edu.turku.fi\/allu\/files\/2026\/04\/Kiintopiste_taulukko-4.ods\">kiintopiste_taulukko<\/a><a href=\"https:\/\/blog.edu.turku.fi\/allu\/files\/2026\/04\/Kiintopiste_taulukko-4.ods\" class=\"wp-block-file__button wp-element-button\" download aria-describedby=\"wp-block-file--media-38dc003c-0054-4e89-bee2-2d52c4a5e502\">Lataa<\/a><\/div>\n<\/div>\n<\/div>\n<\/div>\n\n\n\n<p><\/p>\n","protected":false},"excerpt":{"rendered":"<p>MAA6 kurssilla k\u00e4yd\u00e4\u00e4n puolitusmenetelm\u00e4 ja Newtonin menetelm\u00e4. T\u00e4ll\u00e4 kurssilla esitell\u00e4\u00e4n my\u00f6s kiintopistemenetelm\u00e4.<\/p>\n","protected":false},"author":3744,"featured_media":0,"parent":105,"menu_order":0,"comment_status":"closed","ping_status":"closed","template":"","meta":{"footnotes":""},"class_list":["post-368","page","type-page","status-publish","hentry"],"_links":{"self":[{"href":"https:\/\/blog.edu.turku.fi\/allu\/wp-json\/wp\/v2\/pages\/368","targetHints":{"allow":["GET"]}}],"collection":[{"href":"https:\/\/blog.edu.turku.fi\/allu\/wp-json\/wp\/v2\/pages"}],"about":[{"href":"https:\/\/blog.edu.turku.fi\/allu\/wp-json\/wp\/v2\/types\/page"}],"author":[{"embeddable":true,"href":"https:\/\/blog.edu.turku.fi\/allu\/wp-json\/wp\/v2\/users\/3744"}],"replies":[{"embeddable":true,"href":"https:\/\/blog.edu.turku.fi\/allu\/wp-json\/wp\/v2\/comments?post=368"}],"version-history":[{"count":32,"href":"https:\/\/blog.edu.turku.fi\/allu\/wp-json\/wp\/v2\/pages\/368\/revisions"}],"predecessor-version":[{"id":3193,"href":"https:\/\/blog.edu.turku.fi\/allu\/wp-json\/wp\/v2\/pages\/368\/revisions\/3193"}],"up":[{"embeddable":true,"href":"https:\/\/blog.edu.turku.fi\/allu\/wp-json\/wp\/v2\/pages\/105"}],"wp:attachment":[{"href":"https:\/\/blog.edu.turku.fi\/allu\/wp-json\/wp\/v2\/media?parent=368"}],"curies":[{"name":"wp","href":"https:\/\/api.w.org\/{rel}","templated":true}]}}