{"id":95,"date":"2015-01-08T08:33:15","date_gmt":"2015-01-08T06:33:15","guid":{"rendered":"https:\/\/blog.edu.turku.fi\/alkuopetus\/?page_id=95"},"modified":"2017-08-14T17:49:44","modified_gmt":"2017-08-14T14:49:44","slug":"95-2","status":"publish","type":"page","link":"https:\/\/blog.edu.turku.fi\/alkuopetus\/alkuopetuksen-yhteysopettajat-2\/95-2\/","title":{"rendered":"Alkuopetuksen yhdysopettajan teht\u00e4v\u00e4t"},"content":{"rendered":"<p><strong>Alkuopetuksen yhdysopettajan ty\u00f6nkuva<\/strong><br \/>\n\u2022 esiopetuksen kanssa teht\u00e4v\u00e4n yhteisty\u00f6n koordinointi:<br \/>\nKutsua koolle yhteisty\u00f6alueen esiopetusryhmien opettajat sek\u00e4 koulun alkuopettajat\u00a0\u00a0\u00a0\u00a0\u00a0\u00a0\u00a0\u00a0 lukuvuoden suunnittelupalaveriin syyskuun alussa<br \/>\n-tilaisuudessa suunnitellaan vuosikellon tapahtumat tulevalle lukuvuodelle<br \/>\n\u2022 osallistuminen alkuopetuksen koulutuksiin sek\u00e4 tapaamisiin<br \/>\n\u2022 aamu- ja iltap\u00e4iv\u00e4toiminnan kanssa teht\u00e4v\u00e4n yhteisty\u00f6n koordinointi<br \/>\nmm. lukuj\u00e4rjestysmuutoksista tiedottaminen<br \/>\n\u2022 alkuopettajien informointi ajankohtaisista asioista ja koulutuksista<br \/>\n\u2022 kouluun tutustumisp\u00e4iv\u00e4n koordinointi yhteisty\u00f6ss\u00e4 rehtorin kanssa<\/p>\n","protected":false},"excerpt":{"rendered":"<p>Alkuopetuksen yhdysopettajan ty\u00f6nkuva \u2022 esiopetuksen kanssa teht\u00e4v\u00e4n yhteisty\u00f6n koordinointi: Kutsua koolle yhteisty\u00f6alueen esiopetusryhmien opettajat sek\u00e4 koulun alkuopettajat\u00a0\u00a0\u00a0\u00a0\u00a0\u00a0\u00a0\u00a0 lukuvuoden suunnittelupalaveriin syyskuun alussa -tilaisuudessa suunnitellaan vuosikellon tapahtumat tulevalle lukuvuodelle \u2022 osallistuminen alkuopetuksen koulutuksiin sek\u00e4 tapaamisiin \u2022 aamu- ja iltap\u00e4iv\u00e4toiminnan kanssa teht\u00e4v\u00e4n yhteisty\u00f6n koordinointi mm. lukuj\u00e4rjestysmuutoksista tiedottaminen \u2022 alkuopettajien informointi ajankohtaisista asioista ja koulutuksista \u2022 kouluun tutustumisp\u00e4iv\u00e4n koordinointi &hellip; <a href=\"https:\/\/blog.edu.turku.fi\/alkuopetus\/alkuopetuksen-yhteysopettajat-2\/95-2\/\" class=\"more-link\">Jatka lukemista<span class=\"screen-reader-text\"> &#8221;Alkuopetuksen yhdysopettajan teht\u00e4v\u00e4t&#8221;<\/span><\/a><\/p>\n","protected":false},"author":904,"featured_media":0,"parent":10,"menu_order":0,"comment_status":"closed","ping_status":"closed","template":"","meta":{"footnotes":""},"class_list":["post-95","page","type-page","status-publish","hentry"],"_links":{"self":[{"href":"https:\/\/blog.edu.turku.fi\/alkuopetus\/wp-json\/wp\/v2\/pages\/95","targetHints":{"allow":["GET"]}}],"collection":[{"href":"https:\/\/blog.edu.turku.fi\/alkuopetus\/wp-json\/wp\/v2\/pages"}],"about":[{"href":"https:\/\/blog.edu.turku.fi\/alkuopetus\/wp-json\/wp\/v2\/types\/page"}],"author":[{"embeddable":true,"href":"https:\/\/blog.edu.turku.fi\/alkuopetus\/wp-json\/wp\/v2\/users\/904"}],"replies":[{"embeddable":true,"href":"https:\/\/blog.edu.turku.fi\/alkuopetus\/wp-json\/wp\/v2\/comments?post=95"}],"version-history":[{"count":8,"href":"https:\/\/blog.edu.turku.fi\/alkuopetus\/wp-json\/wp\/v2\/pages\/95\/revisions"}],"predecessor-version":[{"id":502,"href":"https:\/\/blog.edu.turku.fi\/alkuopetus\/wp-json\/wp\/v2\/pages\/95\/revisions\/502"}],"up":[{"embeddable":true,"href":"https:\/\/blog.edu.turku.fi\/alkuopetus\/wp-json\/wp\/v2\/pages\/10"}],"wp:attachment":[{"href":"https:\/\/blog.edu.turku.fi\/alkuopetus\/wp-json\/wp\/v2\/media?parent=95"}],"curies":[{"name":"wp","href":"https:\/\/api.w.org\/{rel}","templated":true}]}}