{"id":875,"date":"2024-08-20T16:25:11","date_gmt":"2024-08-20T13:25:11","guid":{"rendered":"https:\/\/blog.edu.turku.fi\/alkuopetus\/?page_id=875"},"modified":"2025-09-15T15:46:05","modified_gmt":"2025-09-15T12:46:05","slug":"alkuopetuksen-yhteysopettajat","status":"publish","type":"page","link":"https:\/\/blog.edu.turku.fi\/alkuopetus\/alkuopetuksen-yhteysopettajat\/","title":{"rendered":"ALKUOPETUKSEN YHDYSOPETTAJAT"},"content":{"rendered":"<p>Alkuopetuksen yhdysopettajan ty\u00f6nkuvaa:<br \/>\nOsallistuu koulunsa alkuopetuksen opettajien kanssa esi- ja alkuopetuksen suunnitteluiltap\u00e4iv\u00e4\u00e4n.<br \/>\nV\u00e4litt\u00e4\u00e4 alkuopetuksen s\u00e4hk\u00f6postia koulunsa alkuopetuksesta vastaaville opettajille.<br \/>\nHuolehtii yhteisty\u00f6esikoulujen kanssa teht\u00e4v\u00e4st\u00e4 nivelvaihety\u00f6st\u00e4.<br \/>\nSuunnittelee yhteisty\u00f6ss\u00e4 alkuopetuksen opettajien ja rehtorin kanssa kouluun tutustumisp\u00e4iv\u00e4n.<br \/>\nOsallistuu koulutulokkaiden luokkajakoihin.<\/p>\n<p>S\u00e4hk\u00f6postit muotoa: etunimi.sukunimi@edu.turku.fi<\/p>\n<p><strong>Etel\u00e4inen alue<\/strong><br \/>\nBraheskolan ja Cygnaeus skola, Monica Sandberg<br \/>\nHaarlan koulu, Rita Lappalainen<br \/>\nIlpoisten koulu, Kirsi Vaskelainen<br \/>\nLuolavuoren koulu, Anna Jakonen<br \/>\nLausteen koulu, Henna Sundell<br \/>\nSirkkala skola,Charlotte Liljestr\u00f6m<br \/>\nSyv\u00e4lahden koulu, Elli Mansikkaniemi<br \/>\nVasaram\u00e4en koulu, Emmiriina L\u00e4ht\u00f6l\u00e4<br \/>\nW\u00e4in\u00f6 Aaltosen koulu, Katariina Suomala<\/p>\n<p><strong>It\u00e4inen alue<\/strong><br \/>\nHannunnitun koulu, Tea Asanti<br \/>\nKatariinan koulu, Sari Joutsa<br \/>\nKiinanmyllyn koulu, Alexa Salminen<br \/>\nNummenpakan koulu (Halisten yksikk\u00f6\/Nummen yksikk\u00f6), Pauliina Aho<br \/>\nP\u00e4\u00e4skyvuoren koulu, Hanna Anttila<br \/>\nTurun kansainv\u00e4linen koulu, Adele Harju-P\u00f6ntinen<br \/>\nTurun Normaalikoulu, Katri Parviainen (@utu.fi)<\/p>\n<p><strong>Pohjoinen alue<\/strong><br \/>\nHepokullan koulu, Jutta Rimmi<br \/>\nJ\u00e4k\u00e4rl\u00e4n koulu, Erika Salmela<br \/>\nPaattisten koulu, Tiina Tammi<br \/>\nRaunistulan koulu, Petra M\u00f6yr\u00e4, K\u00e4h\u00e4rin yksikk\u00f6, Kaisa Silander<br \/>\nTer\u00e4srautelan koulu, Jutta Manner<br \/>\nTurun Lyseon koulu,<br \/>\nRunosm\u00e4en yksikk\u00f6, Daria Korkka, K\u00e4rs\u00e4m\u00e4en yksikk\u00f6, Henna Tissari<br \/>\nYli-Maarian koulu, Melina Piispanen<\/p>\n<p><strong>L\u00e4ntinen alue<\/strong><br \/>\nAunelan koulu, Jasmina Pusa<br \/>\nMikaelin koulu, Marikki Salminen<br \/>\nPansion koulu, Mikaela Rauhala<br \/>\nPuolalan koulu, Jaana Enholm<br \/>\nTopeliuksen koulu, Iina H\u00e4m\u00e4l\u00e4inen<br \/>\nLuostarivuoren koulu (Martti\/Kerttuli), Milla Viikari &amp; Heidi Perho<br \/>\nV\u00e4h\u00e4-Heikkil\u00e4n koulu + Uittamon yksikk\u00f6, Helka Elo<\/p>\n","protected":false},"excerpt":{"rendered":"<p>Alkuopetuksen yhdysopettajan ty\u00f6nkuvaa: Osallistuu koulunsa alkuopetuksen opettajien kanssa esi- ja alkuopetuksen suunnitteluiltap\u00e4iv\u00e4\u00e4n. V\u00e4litt\u00e4\u00e4 alkuopetuksen s\u00e4hk\u00f6postia koulunsa alkuopetuksesta vastaaville opettajille. Huolehtii yhteisty\u00f6esikoulujen kanssa teht\u00e4v\u00e4st\u00e4 nivelvaihety\u00f6st\u00e4. Suunnittelee yhteisty\u00f6ss\u00e4 alkuopetuksen opettajien ja rehtorin kanssa kouluun tutustumisp\u00e4iv\u00e4n. Osallistuu koulutulokkaiden luokkajakoihin. S\u00e4hk\u00f6postit muotoa: etunimi.sukunimi@edu.turku.fi Etel\u00e4inen alue Braheskolan ja Cygnaeus skola, Monica Sandberg Haarlan koulu, Rita Lappalainen Ilpoisten koulu, Kirsi Vaskelainen &hellip; <a href=\"https:\/\/blog.edu.turku.fi\/alkuopetus\/alkuopetuksen-yhteysopettajat\/\" class=\"more-link\">Jatka lukemista<span class=\"screen-reader-text\"> &#8221;ALKUOPETUKSEN YHDYSOPETTAJAT&#8221;<\/span><\/a><\/p>\n","protected":false},"author":2699,"featured_media":0,"parent":0,"menu_order":0,"comment_status":"closed","ping_status":"closed","template":"","meta":{"footnotes":""},"class_list":["post-875","page","type-page","status-publish","hentry"],"_links":{"self":[{"href":"https:\/\/blog.edu.turku.fi\/alkuopetus\/wp-json\/wp\/v2\/pages\/875","targetHints":{"allow":["GET"]}}],"collection":[{"href":"https:\/\/blog.edu.turku.fi\/alkuopetus\/wp-json\/wp\/v2\/pages"}],"about":[{"href":"https:\/\/blog.edu.turku.fi\/alkuopetus\/wp-json\/wp\/v2\/types\/page"}],"author":[{"embeddable":true,"href":"https:\/\/blog.edu.turku.fi\/alkuopetus\/wp-json\/wp\/v2\/users\/2699"}],"replies":[{"embeddable":true,"href":"https:\/\/blog.edu.turku.fi\/alkuopetus\/wp-json\/wp\/v2\/comments?post=875"}],"version-history":[{"count":18,"href":"https:\/\/blog.edu.turku.fi\/alkuopetus\/wp-json\/wp\/v2\/pages\/875\/revisions"}],"predecessor-version":[{"id":952,"href":"https:\/\/blog.edu.turku.fi\/alkuopetus\/wp-json\/wp\/v2\/pages\/875\/revisions\/952"}],"wp:attachment":[{"href":"https:\/\/blog.edu.turku.fi\/alkuopetus\/wp-json\/wp\/v2\/media?parent=875"}],"curies":[{"name":"wp","href":"https:\/\/api.w.org\/{rel}","templated":true}]}}