{"id":816,"date":"2021-04-23T12:44:27","date_gmt":"2021-04-23T09:44:27","guid":{"rendered":"https:\/\/blog.edu.turku.fi\/alkuopetus\/?page_id=816"},"modified":"2021-08-31T13:51:34","modified_gmt":"2021-08-31T10:51:34","slug":"esi-ja-alkuopetuksen-pilotti-hepokullan-koulu","status":"publish","type":"page","link":"https:\/\/blog.edu.turku.fi\/alkuopetus\/esi-ja-alkuopetuksen-pilotti-hepokullan-koulu\/","title":{"rendered":"Esi- ja alkuopetuksen pilotti (Hepokullan koulu)"},"content":{"rendered":"<div class=\"_1dwg _1w_m _q7o\" data-visualcompletion=\"ignore-dynamic\">\n<div>\n<div id=\"js_4\" class=\"_5pbx userContent _3576\" data-testid=\"post_message\" data-ft=\"{&quot;tn&quot;:&quot;K&quot;}\">\n<p>Hepokullan koulu l\u00e4hti syksyll\u00e4 2019 mukaan Turun kaupungin pilottihankkeeseen, jossa kehitettiin yhteisty\u00f6t\u00e4 esi- ja alkuopetuksen v\u00e4lille.<\/p>\n<p>Katso, mit\u00e4 hy\u00f6ty\u00e4 esi- ja alkuopetuksen tiiviist\u00e4 yhteisty\u00f6st\u00e4 on koulutaivaltaan aloittavalle lapselle.<\/p>\n<\/div>\n<\/div>\n<\/div>\n<div><\/div>\n<p>Video pilottiyhteisty\u00f6st\u00e4:<\/p>\n<p><iframe loading=\"lazy\" title=\"Esi- ja alkuopetuksen pilottihanke Turussa\" width=\"840\" height=\"473\" src=\"https:\/\/www.youtube.com\/embed\/0XxBu6GFfEE?feature=oembed\" frameborder=\"0\" allow=\"accelerometer; autoplay; clipboard-write; encrypted-media; gyroscope; picture-in-picture\" allowfullscreen><\/iframe><\/p>\n","protected":false},"excerpt":{"rendered":"<p>Hepokullan koulu l\u00e4hti syksyll\u00e4 2019 mukaan Turun kaupungin pilottihankkeeseen, jossa kehitettiin yhteisty\u00f6t\u00e4 esi- ja alkuopetuksen v\u00e4lille. Katso, mit\u00e4 hy\u00f6ty\u00e4 esi- ja alkuopetuksen tiiviist\u00e4 yhteisty\u00f6st\u00e4 on koulutaivaltaan aloittavalle lapselle. Video pilottiyhteisty\u00f6st\u00e4:<\/p>\n","protected":false},"author":2699,"featured_media":0,"parent":0,"menu_order":0,"comment_status":"closed","ping_status":"closed","template":"","meta":{"footnotes":""},"class_list":["post-816","page","type-page","status-publish","hentry"],"_links":{"self":[{"href":"https:\/\/blog.edu.turku.fi\/alkuopetus\/wp-json\/wp\/v2\/pages\/816","targetHints":{"allow":["GET"]}}],"collection":[{"href":"https:\/\/blog.edu.turku.fi\/alkuopetus\/wp-json\/wp\/v2\/pages"}],"about":[{"href":"https:\/\/blog.edu.turku.fi\/alkuopetus\/wp-json\/wp\/v2\/types\/page"}],"author":[{"embeddable":true,"href":"https:\/\/blog.edu.turku.fi\/alkuopetus\/wp-json\/wp\/v2\/users\/2699"}],"replies":[{"embeddable":true,"href":"https:\/\/blog.edu.turku.fi\/alkuopetus\/wp-json\/wp\/v2\/comments?post=816"}],"version-history":[{"count":4,"href":"https:\/\/blog.edu.turku.fi\/alkuopetus\/wp-json\/wp\/v2\/pages\/816\/revisions"}],"predecessor-version":[{"id":845,"href":"https:\/\/blog.edu.turku.fi\/alkuopetus\/wp-json\/wp\/v2\/pages\/816\/revisions\/845"}],"wp:attachment":[{"href":"https:\/\/blog.edu.turku.fi\/alkuopetus\/wp-json\/wp\/v2\/media?parent=816"}],"curies":[{"name":"wp","href":"https:\/\/api.w.org\/{rel}","templated":true}]}}