{"id":78,"date":"2014-10-03T13:50:24","date_gmt":"2014-10-03T10:50:24","guid":{"rendered":"https:\/\/blog.edu.turku.fi\/alkuopetus\/?page_id=78"},"modified":"2016-09-21T16:42:34","modified_gmt":"2016-09-21T13:42:34","slug":"hyodyllisia-linkkeja-ymparisto-ja-luonnontiedon-opetukseen","status":"publish","type":"page","link":"https:\/\/blog.edu.turku.fi\/alkuopetus\/oppiainelinkit\/ymparisto-ja-luonnontieto\/hyodyllisia-linkkeja-ymparisto-ja-luonnontiedon-opetukseen\/","title":{"rendered":"Hy\u00f6dyllisi\u00e4 linkkej\u00e4 ymp\u00e4rist\u00f6opin opetukseen"},"content":{"rendered":"<p>Verkkojulkaisu esi- ja alkuopetukseen ymp\u00e4rist\u00f6-\u00a0 ja luonnontiedon tutkimuksia varten:<\/p>\n<p><a href=\"http:\/\/www.oph.fi\/download\/49141_iloa_tutkimuksesta.pdf\">Iloa tutkimuksesta<\/a><\/p>\n<p>L\u00e4himets\u00e4t oppimisymp\u00e4rist\u00f6n\u00e4, tutkimuksen kohteena ja leikkipaikkoina:<\/p>\n<p><a href=\"http:\/\/www.sll.fi\/mita-me-teemme\/ymparistokasvatus\/koulumetsat\/liitetiedostot\/Koulumetsaopas2014.pdf\">Koulumets\u00e4opas<\/a><\/p>\n<p>Vanhojen kasvitaulujen pohjalle perustuva sivusto eri eli\u00f6lajeista sek\u00e4 \u00e4\u00e4nin\u00e4ytteit\u00e4 lintulajeilta.<\/p>\n<p><a href=\"http:\/\/www.soivakasvio.edu.hel.fi\/kasvio.htm\">Soiva kasvio<\/a><\/p>\n<p>Tunnista el\u00e4inlajeja (my\u00f6s iPhone ja Android-sovellukset)<\/p>\n<p><a href=\"http:\/\/www.luontoportti.com\/suomi\/fi\/\">Luontoportti<\/a><\/p>\n<p>Runsaasti retkeily- ja mets\u00e4opetukseen soveltuvia linkkej\u00e4:<\/p>\n<p><a href=\"http:\/\/www.smy.fi\/koulut\/polku\/metsalinkit\/index.html\">Mets\u00e4linkit<\/a><\/p>\n<p>Mets\u00e4opetukseen teoriataustaa ja leikkej\u00e4 sek\u00e4 teht\u00e4vi\u00e4:<\/p>\n<p><a href=\"http:\/\/www.oppimispolku.fi\/metsa_suomi\/polku.nsf\/liitteetbyid\/002ECBCB8D878C2CC2256B7D004C98A2\/$file\/Oppimispolku.pdf\">Mets\u00e4n oppimispolku<\/a><\/p>\n<p>Ymp\u00e4rist\u00f6kasvatus, j\u00e4tteiden v\u00e4hent\u00e4minen<\/p>\n<p><a href=\"http:\/\/www.hsy.fi\/fiksu\/Sivut\/default.aspx\">Fiksu v\u00e4hent\u00e4\u00e4 j\u00e4tett\u00e4<\/a><\/p>\n<p>Mist\u00e4 ruoka tulee? Varhaiskasvatukseen ja perusopetukseen teht\u00e4vi\u00e4 ja pelej\u00e4:<\/p>\n<p><a href=\"http:\/\/www.ruokatieto.fi\/ruokakasvatus\/opettajien-materiaali\/varhaiskasvatus\/mista-ruoka-tulee\">Mist\u00e4 ruoka tulee?<\/a><\/p>\n<p>&nbsp;<\/p>\n<p>&nbsp;<\/p>\n","protected":false},"excerpt":{"rendered":"<p>Verkkojulkaisu esi- ja alkuopetukseen ymp\u00e4rist\u00f6-\u00a0 ja luonnontiedon tutkimuksia varten: Iloa tutkimuksesta L\u00e4himets\u00e4t oppimisymp\u00e4rist\u00f6n\u00e4, tutkimuksen kohteena ja leikkipaikkoina: Koulumets\u00e4opas Vanhojen kasvitaulujen pohjalle perustuva sivusto eri eli\u00f6lajeista sek\u00e4 \u00e4\u00e4nin\u00e4ytteit\u00e4 lintulajeilta. Soiva kasvio Tunnista el\u00e4inlajeja (my\u00f6s iPhone ja Android-sovellukset) Luontoportti Runsaasti retkeily- ja mets\u00e4opetukseen soveltuvia linkkej\u00e4: Mets\u00e4linkit Mets\u00e4opetukseen teoriataustaa ja leikkej\u00e4 sek\u00e4 teht\u00e4vi\u00e4: Mets\u00e4n oppimispolku Ymp\u00e4rist\u00f6kasvatus, j\u00e4tteiden v\u00e4hent\u00e4minen &hellip; <a href=\"https:\/\/blog.edu.turku.fi\/alkuopetus\/oppiainelinkit\/ymparisto-ja-luonnontieto\/hyodyllisia-linkkeja-ymparisto-ja-luonnontiedon-opetukseen\/\" class=\"more-link\">Jatka lukemista<span class=\"screen-reader-text\"> &#8221;Hy\u00f6dyllisi\u00e4 linkkej\u00e4 ymp\u00e4rist\u00f6opin opetukseen&#8221;<\/span><\/a><\/p>\n","protected":false},"author":904,"featured_media":0,"parent":48,"menu_order":0,"comment_status":"closed","ping_status":"closed","template":"","meta":{"footnotes":""},"class_list":["post-78","page","type-page","status-publish","hentry"],"_links":{"self":[{"href":"https:\/\/blog.edu.turku.fi\/alkuopetus\/wp-json\/wp\/v2\/pages\/78","targetHints":{"allow":["GET"]}}],"collection":[{"href":"https:\/\/blog.edu.turku.fi\/alkuopetus\/wp-json\/wp\/v2\/pages"}],"about":[{"href":"https:\/\/blog.edu.turku.fi\/alkuopetus\/wp-json\/wp\/v2\/types\/page"}],"author":[{"embeddable":true,"href":"https:\/\/blog.edu.turku.fi\/alkuopetus\/wp-json\/wp\/v2\/users\/904"}],"replies":[{"embeddable":true,"href":"https:\/\/blog.edu.turku.fi\/alkuopetus\/wp-json\/wp\/v2\/comments?post=78"}],"version-history":[{"count":2,"href":"https:\/\/blog.edu.turku.fi\/alkuopetus\/wp-json\/wp\/v2\/pages\/78\/revisions"}],"predecessor-version":[{"id":394,"href":"https:\/\/blog.edu.turku.fi\/alkuopetus\/wp-json\/wp\/v2\/pages\/78\/revisions\/394"}],"up":[{"embeddable":true,"href":"https:\/\/blog.edu.turku.fi\/alkuopetus\/wp-json\/wp\/v2\/pages\/48"}],"wp:attachment":[{"href":"https:\/\/blog.edu.turku.fi\/alkuopetus\/wp-json\/wp\/v2\/media?parent=78"}],"curies":[{"name":"wp","href":"https:\/\/api.w.org\/{rel}","templated":true}]}}