{"id":68,"date":"2014-09-29T15:00:35","date_gmt":"2014-09-29T12:00:35","guid":{"rendered":"https:\/\/blog.edu.turku.fi\/alkuopetus\/?page_id=68"},"modified":"2014-09-29T15:00:35","modified_gmt":"2014-09-29T12:00:35","slug":"hyodyllisia-linkkeja-aidinkielen-opetukseen","status":"publish","type":"page","link":"https:\/\/blog.edu.turku.fi\/alkuopetus\/oppiainelinkit\/aidinkieli\/hyodyllisia-linkkeja-aidinkielen-opetukseen\/","title":{"rendered":"Hy\u00f6dyllisi\u00e4 linkkej\u00e4 \u00e4idinkielen opetukseen"},"content":{"rendered":"<p>Verkkoteht\u00e4vi\u00e4:<\/p>\n<p><a title=\"Sisun sivut\" href=\"http:\/\/www.kolumbus.fi\/mm.salo\/LinkitAidinkieli.htm\">Sisun sivut<\/a><\/p>\n<p><a title=\"Kirjakuja\" href=\"http:\/\/www.kirjakuja.fi\/\">Kirjakuja<\/a><\/p>\n<p><a title=\"Pelej\u00e4 ym.\" href=\"http:\/\/papunet.net\/pelit\/kirjaimet-ja-aanteet\">Papunet<\/a><\/p>\n<p><a href=\"http:\/\/www03.edu.fi\/oppimateriaalit\/lukiluukas\/\">Luki-Luukas<\/a><\/p>\n<p><a href=\"http:\/\/www.lukimat.fi\/lukeminen\/materiaalit\/ekapeli\">Ekapeli<\/a><\/p>\n<p><a href=\"http:\/\/www.koulut.nilsia.fi\/ukko-paavonkoulu\/reppu\/%C3%A4ikk%C3%A4.htm\">Repputeht\u00e4v\u00e4t<\/a><\/p>\n<p>Kuuntele satuja:<\/p>\n<p><a href=\"http:\/\/www.satunetti.fi\/\">Satunetti<\/a><\/p>\n<p>S2-materiaalia verkossa:<\/p>\n<p><a href=\"http:\/\/www.s2opettajat.fi\/linkit\/verkkomateriaalit\/\">S2-opettajat<\/a><\/p>\n<p>Teht\u00e4v\u00e4\u00e4 oppitunnille:<\/p>\n<p><a href=\"http:\/\/lukujaliikkuen.fi\/alkuopetus-tavuja-aikka\/\">Lukuja liikkuen &#8211; \u00e4idinkielen harjoitteet<\/a><\/p>\n<p>Blogikuvaus:<\/p>\n<p><a href=\"http:\/\/openideat.blogspot.fi\/search\/label\/%C3%A4idinkieli\">Open ideat<\/a><\/p>\n<p>Ajatuksia arvioinnin pohjaksi (my\u00f6s suuri m\u00e4\u00e4r\u00e4 yksil\u00f6- ja ryhm\u00e4testej\u00e4)<\/p>\n<p><a href=\"http:\/\/www.lukimat.fi\/lukeminen\">Lukimat<\/a><\/p>\n<p>Puheopetusta:<\/p>\n<p><a href=\"http:\/\/www.teuva.fi\/koulut\/sepan_ahjo_old\/puheope.html\">Harjoitteita kotiin ja kouluun<\/a><\/p>\n<p><a href=\"http:\/\/peda.net\/veraja\/lohja\/koulu\/eo\">Opetuspaketti<\/a><\/p>\n<p>&nbsp;<\/p>\n<p>&nbsp;<\/p>\n","protected":false},"excerpt":{"rendered":"<p>Verkkoteht\u00e4vi\u00e4: Sisun sivut Kirjakuja Papunet Luki-Luukas Ekapeli Repputeht\u00e4v\u00e4t Kuuntele satuja: Satunetti S2-materiaalia verkossa: S2-opettajat Teht\u00e4v\u00e4\u00e4 oppitunnille: Lukuja liikkuen &#8211; \u00e4idinkielen harjoitteet Blogikuvaus: Open ideat Ajatuksia arvioinnin pohjaksi (my\u00f6s suuri m\u00e4\u00e4r\u00e4 yksil\u00f6- ja ryhm\u00e4testej\u00e4) Lukimat Puheopetusta: Harjoitteita kotiin ja kouluun Opetuspaketti &nbsp; &nbsp;<\/p>\n","protected":false},"author":904,"featured_media":0,"parent":46,"menu_order":0,"comment_status":"closed","ping_status":"closed","template":"","meta":{"footnotes":""},"class_list":["post-68","page","type-page","status-publish","hentry"],"_links":{"self":[{"href":"https:\/\/blog.edu.turku.fi\/alkuopetus\/wp-json\/wp\/v2\/pages\/68","targetHints":{"allow":["GET"]}}],"collection":[{"href":"https:\/\/blog.edu.turku.fi\/alkuopetus\/wp-json\/wp\/v2\/pages"}],"about":[{"href":"https:\/\/blog.edu.turku.fi\/alkuopetus\/wp-json\/wp\/v2\/types\/page"}],"author":[{"embeddable":true,"href":"https:\/\/blog.edu.turku.fi\/alkuopetus\/wp-json\/wp\/v2\/users\/904"}],"replies":[{"embeddable":true,"href":"https:\/\/blog.edu.turku.fi\/alkuopetus\/wp-json\/wp\/v2\/comments?post=68"}],"version-history":[{"count":1,"href":"https:\/\/blog.edu.turku.fi\/alkuopetus\/wp-json\/wp\/v2\/pages\/68\/revisions"}],"predecessor-version":[{"id":69,"href":"https:\/\/blog.edu.turku.fi\/alkuopetus\/wp-json\/wp\/v2\/pages\/68\/revisions\/69"}],"up":[{"embeddable":true,"href":"https:\/\/blog.edu.turku.fi\/alkuopetus\/wp-json\/wp\/v2\/pages\/46"}],"wp:attachment":[{"href":"https:\/\/blog.edu.turku.fi\/alkuopetus\/wp-json\/wp\/v2\/media?parent=68"}],"curies":[{"name":"wp","href":"https:\/\/api.w.org\/{rel}","templated":true}]}}