{"id":370,"date":"2016-09-20T20:02:06","date_gmt":"2016-09-20T17:02:06","guid":{"rendered":"https:\/\/blog.edu.turku.fi\/alkuopetus\/?page_id=370"},"modified":"2016-09-20T20:02:06","modified_gmt":"2016-09-20T17:02:06","slug":"lomake-arviointikeskustelun-tueksi-1-2-luokille","status":"publish","type":"page","link":"https:\/\/blog.edu.turku.fi\/alkuopetus\/arviointi\/lomake-arviointikeskustelun-tueksi-1-2-luokille\/","title":{"rendered":"Lomake arviointikeskustelun tueksi 1-2-luokille"},"content":{"rendered":"<p>Turku on linjannut opetussuunnitelmassaan, ett\u00e4 oppilaan 2. luokan opettaja k\u00e4y kev\u00e4\u00e4n aikana arviointi- ja kehityskeskustelun yhdess\u00e4 oppilaan ja huoltajan kanssa.<br \/>\nTavoitteena on tuoda esille oppilaan vahvuuksia oppijana ja vahvistaa itsetuntoa ja oppimismotivaatiota. Usein on tarpeen arvioida ja suunnitella yhdess\u00e4 my\u00f6s oppilaan tarvitsemaa ohjausta ja tukea. Nivelvaihetta l\u00e4hestytt\u00e4ess\u00e4 korostuu opettajan, oppilaan ja huoltajan v\u00e4linen 67 Perusopetusasetus 11 \u00a7 68 Perusopetusasetus 11 \u00a7 3 mom. 68 vuorovaikutus. On t\u00e4rke\u00e4\u00e4, ett\u00e4 oppilaan omat arviot ja toiveet sek\u00e4 huoltajan n\u00e4kemykset tulevat kuulluiksi.<\/p>\n<p>Linkist\u00e4 l\u00f6yd\u00e4t lomakkeen arviointikeskustelun tueksi. Lomakkeen voi ottaa k\u00e4ytt\u00f6\u00f6n jo ensimm\u00e4isell\u00e4 luokalla, jonka j\u00e4lkeen sit\u00e4 t\u00e4ydennet\u00e4\u00e4n joka tapaamisessa. Luvan kanssa lomakkeen voi v\u00e4litt\u00e4\u00e4 my\u00f6s tulevalle 3.luokan opettajalle.<\/p>\n<p><a href=\"https:\/\/blog.edu.turku.fi\/alkuopetus\/files\/2016\/09\/Arviointikeskustelu-2016.docx\">arviointikeskustelu-2016<\/a><\/p>\n<p>&nbsp;<\/p>\n","protected":false},"excerpt":{"rendered":"<p>Turku on linjannut opetussuunnitelmassaan, ett\u00e4 oppilaan 2. luokan opettaja k\u00e4y kev\u00e4\u00e4n aikana arviointi- ja kehityskeskustelun yhdess\u00e4 oppilaan ja huoltajan kanssa. Tavoitteena on tuoda esille oppilaan vahvuuksia oppijana ja vahvistaa itsetuntoa ja oppimismotivaatiota. Usein on tarpeen arvioida ja suunnitella yhdess\u00e4 my\u00f6s oppilaan tarvitsemaa ohjausta ja tukea. Nivelvaihetta l\u00e4hestytt\u00e4ess\u00e4 korostuu opettajan, oppilaan ja huoltajan v\u00e4linen 67 Perusopetusasetus &hellip; <a href=\"https:\/\/blog.edu.turku.fi\/alkuopetus\/arviointi\/lomake-arviointikeskustelun-tueksi-1-2-luokille\/\" class=\"more-link\">Jatka lukemista<span class=\"screen-reader-text\"> &#8221;Lomake arviointikeskustelun tueksi 1-2-luokille&#8221;<\/span><\/a><\/p>\n","protected":false},"author":313,"featured_media":0,"parent":368,"menu_order":0,"comment_status":"closed","ping_status":"closed","template":"","meta":{"footnotes":""},"class_list":["post-370","page","type-page","status-publish","hentry"],"_links":{"self":[{"href":"https:\/\/blog.edu.turku.fi\/alkuopetus\/wp-json\/wp\/v2\/pages\/370","targetHints":{"allow":["GET"]}}],"collection":[{"href":"https:\/\/blog.edu.turku.fi\/alkuopetus\/wp-json\/wp\/v2\/pages"}],"about":[{"href":"https:\/\/blog.edu.turku.fi\/alkuopetus\/wp-json\/wp\/v2\/types\/page"}],"author":[{"embeddable":true,"href":"https:\/\/blog.edu.turku.fi\/alkuopetus\/wp-json\/wp\/v2\/users\/313"}],"replies":[{"embeddable":true,"href":"https:\/\/blog.edu.turku.fi\/alkuopetus\/wp-json\/wp\/v2\/comments?post=370"}],"version-history":[{"count":1,"href":"https:\/\/blog.edu.turku.fi\/alkuopetus\/wp-json\/wp\/v2\/pages\/370\/revisions"}],"predecessor-version":[{"id":373,"href":"https:\/\/blog.edu.turku.fi\/alkuopetus\/wp-json\/wp\/v2\/pages\/370\/revisions\/373"}],"up":[{"embeddable":true,"href":"https:\/\/blog.edu.turku.fi\/alkuopetus\/wp-json\/wp\/v2\/pages\/368"}],"wp:attachment":[{"href":"https:\/\/blog.edu.turku.fi\/alkuopetus\/wp-json\/wp\/v2\/media?parent=370"}],"curies":[{"name":"wp","href":"https:\/\/api.w.org\/{rel}","templated":true}]}}