{"id":322,"date":"2016-09-14T17:45:37","date_gmt":"2016-09-14T14:45:37","guid":{"rendered":"https:\/\/blog.edu.turku.fi\/alkuopetus\/?page_id=322"},"modified":"2017-12-18T13:05:17","modified_gmt":"2017-12-18T11:05:17","slug":"ideoita-toiminnalliseen-matikkahetkeen","status":"publish","type":"page","link":"https:\/\/blog.edu.turku.fi\/alkuopetus\/materiaaleja\/ideoita-toiminnalliseen-matikkahetkeen\/","title":{"rendered":"Ideoita toiminnalliseen matikkahetkeen"},"content":{"rendered":"<p>Ker\u00e4sin kuvaan hyv\u00e4ksi todettuja matikkapuuhia esi- ja alkuopetuksen yhteisty\u00f6t\u00e4 ajatellen.<\/p>\n<p>Pistety\u00f6skentely helpottaa opettajien ty\u00f6t\u00e4 materiaalien valmistuksen suhteen, kun tietty\u00e4 v\u00e4linett\u00e4 ei tarvita kuin kahdelle-kolmelle parille. Kun materiaalit valmistetaan ja s\u00e4ilytet\u00e4\u00e4n huolella, on niist\u00e4 iloa vuosiksi eteenp\u00e4in. Materiaaleja voi valmistaa vaikkapa samalla kun suunnitellaan seuraavan kerran puuhia!<\/p>\n<p>N\u00e4iden pisteiden my\u00f6t\u00e4 eskarilainen saa konkreettisia kokemuksia matemaattisista k\u00e4sitteist\u00e4, s\u00e4\u00e4nn\u00f6nmukaisuuksien l\u00f6yt\u00e4misest\u00e4, ty\u00f6skentelyst\u00e4 muistin varassa sek\u00e4 lukuk\u00e4sitteest\u00e4. Koululainen taasen saa syvent\u00e4\u00e4 osaamistaan, kun p\u00e4\u00e4see ohjaamaan eskarilaisen toimintaa, auttaa ja opastaa etenemisess\u00e4, keksii s\u00e4\u00e4nt\u00f6j\u00e4 ja auttaa mieleen palauttamisessa ja ohjeen lukemisessa. Samalla vahvistuu tietysti yhteisty\u00f6taidot, keskustelutaidot, oman vuoron odottaminen ja toiminnallinen ty\u00f6skentelytapa<\/p>\n<p>N\u00e4ist\u00e4 seitsem\u00e4st\u00e4 pisteest\u00e4 riitt\u00e4\u00e4 tekemist\u00e4 kahdeksi kerraksi jos ty\u00f6skentelyaikaa per kerta on 1-1.5h.<\/p>\n<p><a href=\"https:\/\/blog.edu.turku.fi\/alkuopetus\/files\/2016\/09\/esi-alku.png\"><img loading=\"lazy\" decoding=\"async\" class=\"aligncenter wp-image-321 size-large\" src=\"https:\/\/blog.edu.turku.fi\/alkuopetus\/files\/2016\/09\/esi-alku-1024x576.png\" alt=\"esi-alku\" width=\"1024\" height=\"576\" srcset=\"https:\/\/blog.edu.turku.fi\/alkuopetus\/files\/2016\/09\/esi-alku-1024x576.png 1024w, https:\/\/blog.edu.turku.fi\/alkuopetus\/files\/2016\/09\/esi-alku-300x169.png 300w, https:\/\/blog.edu.turku.fi\/alkuopetus\/files\/2016\/09\/esi-alku.png 2000w\" sizes=\"auto, (max-width: 709px) 85vw, (max-width: 909px) 67vw, (max-width: 1362px) 62vw, 840px\" \/><\/a><\/p>\n<p>&nbsp;<\/p>\n","protected":false},"excerpt":{"rendered":"<p>Ker\u00e4sin kuvaan hyv\u00e4ksi todettuja matikkapuuhia esi- ja alkuopetuksen yhteisty\u00f6t\u00e4 ajatellen. Pistety\u00f6skentely helpottaa opettajien ty\u00f6t\u00e4 materiaalien valmistuksen suhteen, kun tietty\u00e4 v\u00e4linett\u00e4 ei tarvita kuin kahdelle-kolmelle parille. Kun materiaalit valmistetaan ja s\u00e4ilytet\u00e4\u00e4n huolella, on niist\u00e4 iloa vuosiksi eteenp\u00e4in. Materiaaleja voi valmistaa vaikkapa samalla kun suunnitellaan seuraavan kerran puuhia! N\u00e4iden pisteiden my\u00f6t\u00e4 eskarilainen saa konkreettisia kokemuksia matemaattisista k\u00e4sitteist\u00e4, &hellip; <a href=\"https:\/\/blog.edu.turku.fi\/alkuopetus\/materiaaleja\/ideoita-toiminnalliseen-matikkahetkeen\/\" class=\"more-link\">Jatka lukemista<span class=\"screen-reader-text\"> &#8221;Ideoita toiminnalliseen matikkahetkeen&#8221;<\/span><\/a><\/p>\n","protected":false},"author":313,"featured_media":0,"parent":549,"menu_order":0,"comment_status":"closed","ping_status":"closed","template":"","meta":{"footnotes":""},"class_list":["post-322","page","type-page","status-publish","hentry"],"_links":{"self":[{"href":"https:\/\/blog.edu.turku.fi\/alkuopetus\/wp-json\/wp\/v2\/pages\/322","targetHints":{"allow":["GET"]}}],"collection":[{"href":"https:\/\/blog.edu.turku.fi\/alkuopetus\/wp-json\/wp\/v2\/pages"}],"about":[{"href":"https:\/\/blog.edu.turku.fi\/alkuopetus\/wp-json\/wp\/v2\/types\/page"}],"author":[{"embeddable":true,"href":"https:\/\/blog.edu.turku.fi\/alkuopetus\/wp-json\/wp\/v2\/users\/313"}],"replies":[{"embeddable":true,"href":"https:\/\/blog.edu.turku.fi\/alkuopetus\/wp-json\/wp\/v2\/comments?post=322"}],"version-history":[{"count":4,"href":"https:\/\/blog.edu.turku.fi\/alkuopetus\/wp-json\/wp\/v2\/pages\/322\/revisions"}],"predecessor-version":[{"id":327,"href":"https:\/\/blog.edu.turku.fi\/alkuopetus\/wp-json\/wp\/v2\/pages\/322\/revisions\/327"}],"up":[{"embeddable":true,"href":"https:\/\/blog.edu.turku.fi\/alkuopetus\/wp-json\/wp\/v2\/pages\/549"}],"wp:attachment":[{"href":"https:\/\/blog.edu.turku.fi\/alkuopetus\/wp-json\/wp\/v2\/media?parent=322"}],"curies":[{"name":"wp","href":"https:\/\/api.w.org\/{rel}","templated":true}]}}